{"id":4483,"date":"2024-05-22T13:40:40","date_gmt":"2024-05-22T10:40:40","guid":{"rendered":"https:\/\/sonetica.md\/?page_id=4483"},"modified":"2026-01-08T22:43:33","modified_gmt":"2026-01-08T20:43:33","slug":"contacts","status":"publish","type":"page","link":"https:\/\/sonetica.md\/ro\/contacts\/","title":{"rendered":"contacts"},"content":{"rendered":"\n<div style=\"height:100px\" aria-hidden=\"true\" class=\"wp-block-spacer\"><\/div>\n\n\n\n<div class=\"wp-block-greenshift-blocks-row gspb_row gspb_row-id-gsbp-e73c66d gspb_row--gutter-custom-0\" id=\"gspb_row-id-gsbp-e73c66d\"><div class=\"gspb_row__content\"> \n<div class=\"wp-block-greenshift-blocks-row-column gspb_row__col--6 gspb_row__col--md-12 gspb_col-id-gsbp-e809f15\" id=\"gspb_col-id-gsbp-e809f15\">\n<h3 id=\"gspb_heading-id-gsbp-7970b2e\" class=\"gspb_heading gspb_heading-id-gsbp-7970b2e \">Contacta\u021bi-ne<\/h3>\n\n\n\n<div id=\"gspb_text-id-gsbp-59bc894\" class=\"gspb_text gspb_text-id-gsbp-59bc894 \">V\u0103 rug\u0103m s\u0103 completa\u021bi formularul de mai jos pentru a ne contacta.<\/div>\n\n\n<div class='fluentform ff-inherit-theme-style fluentform_wrapper_1  ff_guten_block ff_guten_block-1'><form data-form_id=\"1\" id=\"fluentform_1\" class=\"frm-fluent-form fluent_form_1 ff-el-form-top ff_form_instance_1_1 ff-form-loading ffs_inherit_theme\" data-form_instance=\"ff_form_instance_1_1\" method=\"POST\" ><fieldset  style=\"border: none!important;margin: 0!important;padding: 0!important;background-color: transparent!important;box-shadow: none!important;outline: none!important; min-inline-size: 100%;\">\n                    <legend class=\"ff_screen_reader_title\" style=\"display: block; margin: 0!important;padding: 0!important;height: 0!important;text-indent: -999999px;width: 0!important;overflow:hidden;\">Contact Form<\/legend><input type='hidden' name='__fluent_form_embded_post_id' value='4483' \/><input type=\"hidden\" id=\"_fluentform_1_fluentformnonce\" name=\"_fluentform_1_fluentformnonce\" value=\"956f5fda7b\" \/><input type=\"hidden\" name=\"_wp_http_referer\" value=\"\/ro\/wp-json\/wp\/v2\/pages\/4483\" \/><div data-name=\"ff_cn_id_1\"  class='ff-t-container ff-column-container ff_columns_total_2 '><div class='ff-t-cell ff-t-column-1' style='flex-basis: 50%;'><div data-type=\"name-element\" data-name=\"names\" class=\" ff-field_container ff-name-field-wrapper\" ><div class='ff-t-container'><div class='ff-t-cell '><div class='ff-el-group'><div class=\"ff-el-input--label ff-el-is-required asterisk-right\"><label for='ff_1_names_first_name_' id='label_ff_1_names_first_name_' >Numele dumneavoastr\u0103<\/label><\/div><div class='ff-el-input--content'><input type=\"text\" name=\"names[first_name]\" id=\"ff_1_names_first_name_\" class=\"ff-el-form-control\" aria-invalid=\"false\" aria-required=true><\/div><\/div><\/div><\/div><\/div><div class='ff-el-group'><div class=\"ff-el-input--label asterisk-right\"><label for='ff_1_input_text' id='label_ff_1_input_text' aria-label=\"Organiza\u021bie\">Organiza\u021bie<\/label><\/div><div class='ff-el-input--content'><input type=\"text\" name=\"input_text\" class=\"ff-el-form-control\" data-name=\"input_text\" id=\"ff_1_input_text\"  aria-invalid=\"false\" aria-required=false><\/div><\/div><\/div><div class='ff-t-cell ff-t-column-2' style='flex-basis: 50%;'><div class='ff-el-group'><div class=\"ff-el-input--label ff-el-is-required asterisk-right\"><label for='ff_1_email' id='label_ff_1_email' aria-label=\"Adresa electronic\u0103\">Adresa electronic\u0103<\/label><\/div><div class='ff-el-input--content'><input type=\"email\" name=\"email\" id=\"ff_1_email\" class=\"ff-el-form-control\" data-name=\"email\"  aria-invalid=\"false\" aria-required=true><\/div><\/div><div class='ff-el-group'><div class=\"ff-el-input--label asterisk-right\"><label for='ff_1_phone' id='label_ff_1_phone' aria-label=\"Telefon\/Mobil\">Telefon\/Mobil<\/label><\/div><div class='ff-el-input--content'><input name=\"phone\" class=\"ff-el-form-control ff-el-phone\" type=\"tel\" placeholder=\"Telefon Mobil\" data-name=\"phone\" id=\"ff_1_phone\" inputmode=\"tel\"  aria-invalid='false' aria-required=false><\/div><\/div><\/div><\/div><div class='ff-el-group'><div class=\"ff-el-input--label ff-el-is-required asterisk-right\"><label for='ff_1_message' id='label_ff_1_message' aria-label=\"Mesajul dumneavoastr\u0103\">Mesajul dumneavoastr\u0103<\/label><\/div><div class='ff-el-input--content'><textarea aria-required=\"true\" aria-labelledby=\"label_ff_1_message\" name=\"message\" id=\"ff_1_message\" class=\"ff-el-form-control\" rows=\"4\" cols=\"2\" data-name=\"message\" ><\/textarea><\/div><\/div><div class='ff-el-group ' ><div class='ff-el-input--content'><div data-fluent_id='1' name='g-recaptcha-response'><div\n\t\tdata-sitekey='6LcNYSssAAAAAKblRNMidgO_G5ht4AiGi-k2Ubdu'\n\t\tid='fluentform-recaptcha-1-1'\n\t\tclass='ff-el-recaptcha g-recaptcha'\n\t\tdata-callback='fluentFormrecaptchaSuccessCallback'><\/div><\/div><\/div><\/div><div class='ff-el-group ff-text-left ff_submit_btn_wrapper'><button type=\"submit\" class=\"ff-btn ff-btn-submit ff-btn-md ff_btn_no_style\"  aria-label=\"Trimite Mesajul\">Trimite Mesajul<\/button><\/div><\/fieldset><\/form><div id='fluentform_1_errors' class='ff-errors-in-stack ff_form_instance_1_1 ff-form-loading_errors ff_form_instance_1_1_errors'><\/div><\/div>            <script type=\"text\/javascript\">\n                window.fluent_form_ff_form_instance_1_1 = {\"id\":\"1\",\"settings\":{\"layout\":{\"labelPlacement\":\"top\",\"helpMessagePlacement\":\"with_label\",\"errorMessagePlacement\":\"inline\",\"cssClassName\":\"\",\"asteriskPlacement\":\"asterisk-right\"},\"restrictions\":{\"denyEmptySubmission\":{\"enabled\":false}}},\"form_instance\":\"ff_form_instance_1_1\",\"form_id_selector\":\"fluentform_1\",\"rules\":{\"names[first_name]\":{\"required\":{\"value\":true,\"message\":\"Acest c\\u00e2mp este obligatoriu\",\"global\":false,\"global_message\":\"This field is required\"}},\"names[middle_name]\":{\"required\":{\"value\":false,\"message\":\"Acest c\\u00e2mp este obligatoriu\",\"global\":false,\"global_message\":\"This field is required\"}},\"names[last_name]\":{\"required\":{\"value\":false,\"message\":\"Acest c\\u00e2mp este obligatoriu\",\"global\":false,\"global_message\":\"This field is required\"}},\"input_text\":{\"required\":{\"value\":false,\"message\":\"This field is required\",\"global_message\":\"This field is required\",\"global\":true}},\"email\":{\"required\":{\"value\":true,\"message\":\"Acest c\\u00e2mp este obligatoriu\",\"global\":false,\"global_message\":\"This field is required\"},\"email\":{\"value\":true,\"message\":\"Acest c\\u00e2mp trebuie s\\u0103 con\\u021bin\\u0103 o adres\\u0103 de po\\u0219t\\u0103 electronic\\u0103 valid\\u0103\",\"global\":false,\"global_message\":\"This field must contain a valid email\"}},\"phone\":{\"required\":{\"value\":false,\"global\":true,\"message\":\"This field is required\",\"global_message\":\"This field is required\"},\"valid_phone_number\":{\"value\":false,\"global\":true,\"message\":\"Phone number is not valid\",\"global_message\":\"Phone number is not valid\"}},\"message\":{\"required\":{\"value\":true,\"message\":\"Acest c\\u00e2mp este obligatoriu\",\"global\":false,\"global_message\":\"This field is required\"}},\"g-recaptcha-response\":[]},\"debounce_time\":300};\n                            <\/script>\n            <\/div>\n\n\n\n<div class=\"wp-block-greenshift-blocks-row-column gspb_row__col--6 gspb_row__col--md-12 gspb_col-id-gsbp-88ec4bb\" id=\"gspb_col-id-gsbp-88ec4bb\">\n<h3 id=\"gspb_heading-id-gsbp-6d14781\" class=\"gspb_heading gspb_heading-id-gsbp-6d14781 \">Magazin de echipamente audio \u0219i muzicale<\/h3>\n\n\n\n<div id=\"gspb_text-id-gsbp-a762f09\" class=\"gspb_text gspb_text-id-gsbp-a762f09 \">Vizita\u021bi-ne! Program de lucru:<br>Luni \u2013 Vineri: 10:00 \u2013 17:00<br>Pauza de masa: 13:00 \u2013 14:00<\/div>\n\n\n\n<iframe src=\"https:\/\/www.google.com\/maps\/embed?pb=!1m18!1m12!1m3!1d2720.2669999765394!2d28.827904177628874!3d47.015363871141915!2m3!1f0!2f0!3f0!3m2!1i1024!2i768!4f13.1!3m3!1m2!1s0x40c97c2f23dd8cf3%3A0xf55c6c06cb1d5b37!2sSonetica%20SRL!5e0!3m2!1sen!2sus!4v1760099227313!5m2!1sen!2sus\" width=\"600\" height=\"450\" style=\"border:0;\" allowfullscreen=\"\" loading=\"lazy\" referrerpolicy=\"no-referrer-when-downgrade\"><\/iframe>\n\n\n\n<div class=\"wp-block-greenshift-blocks-row gspb_row gspb_row-id-gsbp-78acb94 gspb_row--gutter-custom-0\" id=\"gspb_row-id-gsbp-78acb94\"><div class=\"gspb_row__content\"> \n<div class=\"wp-block-greenshift-blocks-row-column gspb_row__col--4 gspb_col-id-gsbp-0695d1b\" id=\"gspb_col-id-gsbp-0695d1b\">\n<h5 id=\"gspb_heading-id-gsbp-7afaa9e\" class=\"gspb_heading gspb_heading-id-gsbp-7afaa9e \">Adres\u0103<\/h5>\n\n\n\n<div id=\"gspb_text-id-gsbp-5a55f64\" class=\"gspb_text gspb_text-id-gsbp-5a55f64 \">Vasile Alecsandri, 30<br>MD-2009, Chisinau<\/div>\n<\/div>\n\n\n\n<div class=\"wp-block-greenshift-blocks-row-column gspb_row__col--4 gspb_col-id-gsbp-c80cda2\" id=\"gspb_col-id-gsbp-c80cda2\">\n<h5 id=\"gspb_heading-id-gsbp-793eb4b\" class=\"gspb_heading gspb_heading-id-gsbp-793eb4b \">Telefon<\/h5>\n\n\n\n<div id=\"gspb_text-id-gsbp-86e0318\" class=\"gspb_text gspb_text-id-gsbp-86e0318 \">(022) 27-48-66<\/div>\n<\/div>\n\n\n\n<div class=\"wp-block-greenshift-blocks-row-column gspb_row__col--4 gspb_col-id-gsbp-358945c\" id=\"gspb_col-id-gsbp-358945c\">\n<h5 id=\"gspb_heading-id-gsbp-99e6854\" class=\"gspb_heading gspb_heading-id-gsbp-99e6854 \"><\/h5>\n\n\n\n<div id=\"gspb_text-id-gsbp-74233b0\" class=\"gspb_text gspb_text-id-gsbp-74233b0 \"><\/div>\n<\/div>\n <\/div><\/div>\n<\/div>\n <\/div><\/div>\n\n\n\n\n\n<p><\/p>\n","protected":false},"excerpt":{"rendered":"","protected":false},"author":1,"featured_media":0,"parent":0,"menu_order":0,"comment_status":"closed","ping_status":"closed","template":"","meta":{"_acf_changed":false,"_gspb_post_css":"#gspb_row-id-gsbp-e73c66d{justify-content:space-between;margin-top:0;display:flex;flex-wrap:wrap;margin-bottom:60px}#gspb_row-id-gsbp-e73c66d>.gspb_row__content{display:flex;justify-content:space-between;margin:0 auto;width:100%;flex-wrap:wrap}div[id^=gspb_col-id]{box-sizing:border-box;position:relative;padding:var(--gs-row-column-padding, 15px min(3vw, 20px))}@media (max-width:991.98px){#gspb_row-id-gsbp-e73c66d>.gspb_row__content{row-gap:50px}}body.gspb-bodyfront #gspb_row-id-gsbp-e73c66d>.gspb_row__content{width:var(--theme-container-width, 1200px);max-width:var(--theme-normal-container-max-width, 1200px)}#gspb_col-id-gsbp-e809f15.gspb_row__col--6{width:calc(50% - 25px)}@media (max-width:991.98px){#gspb_col-id-gsbp-e809f15.gspb_row__col--6{width:100%}}@media (max-width:767.98px){#gspb_col-id-gsbp-e809f15.gspb_row__col--6{width:calc(100% - 25px)}}@media (max-width:575.98px){#gspb_col-id-gsbp-e809f15.gspb_row__col--6{width:100%}}.fluentform fieldset>.ff-el-group:last-child{margin-bottom:0}.gspb_row #gspb_col-id-gsbp-e809f15.gspb_row__col--6{padding:40px}@media (max-width:991.98px){.gspb_row #gspb_col-id-gsbp-e809f15.gspb_row__col--6{padding:30px}}#gspb_col-id-gsbp-e809f15.gspb_row__col--6{background-color:#fff;flex-direction:column}body #gspb_col-id-gsbp-e809f15.gspb_row__col--6{display:flex}#gspb_col-id-gsbp-e809f15.gspb_row__col--6,#gspb_col-id-gsbp-e809f15.gspb_row__col--6>.gspb_backgroundOverlay{border-top-left-radius:20px;border-top-right-radius:20px;border-bottom-right-radius:20px;border-bottom-left-radius:20px}#gspb_heading-id-gsbp-7970b2e{font-size:25px;margin-top:0}.gspb_text-id-gsbp-59bc894{margin-bottom:40px!important}#gspb_col-id-gsbp-88ec4bb.gspb_row__col--6{width:calc(50% - 25px)}@media (max-width:991.98px){#gspb_col-id-gsbp-88ec4bb.gspb_row__col--6{width:100%}}@media (max-width:767.98px){#gspb_col-id-gsbp-88ec4bb.gspb_row__col--6{width:calc(100% - 25px)}}@media (max-width:575.98px){#gspb_col-id-gsbp-88ec4bb.gspb_row__col--6{width:100%}}.gspb_row #gspb_col-id-gsbp-0695d1b.gspb_row__col--4,.gspb_row #gspb_col-id-gsbp-358945c.gspb_row__col--4,.gspb_row #gspb_col-id-gsbp-88ec4bb.gspb_row__col--6,.gspb_row #gspb_col-id-gsbp-c80cda2.gspb_row__col--4{padding:0}#gspb_heading-id-gsbp-6d14781{font-size:25px;text-align:center!important}#gspb_heading-id-gsbp-6d14781 .gsap-g-line,.gspb_text-id-gsbp-a762f09,.gspb_text-id-gsbp-a762f09 .gsap-g-line{text-align:center!important}@media (max-width:991.98px){#gspb_heading-id-gsbp-6d14781,#gspb_heading-id-gsbp-6d14781 .gsap-g-line{text-align:center!important}}#gspb_heading-id-gsbp-6d14781{margin-top:0}@media (max-width:991.98px){.gspb_text-id-gsbp-a762f09,.gspb_text-id-gsbp-a762f09 .gsap-g-line{text-align:center!important}}.gspb_text-id-gsbp-a762f09{margin-bottom:40px!important}#gspb_row-id-gsbp-78acb94{justify-content:space-between;margin-bottom:0;display:flex;flex-wrap:wrap;margin-top:10px}#gspb_row-id-gsbp-78acb94>.gspb_row__content{display:flex;justify-content:space-between;margin:0 auto;width:100%;flex-wrap:wrap}.gspb_row{position:relative}body.gspb-bodyfront #gspb_row-id-gsbp-78acb94>.gspb_row__content{width:var(--theme-container-width, 1200px);max-width:var(--theme-normal-container-max-width, 1200px)}#gspb_col-id-gsbp-0695d1b.gspb_row__col--4{width:calc(33.333333333333336% - 15px)}@media (max-width:991.98px){#gspb_col-id-gsbp-0695d1b.gspb_row__col--4{width:calc(33.333333333333336% - 15px)}}@media (max-width:767.98px){#gspb_col-id-gsbp-0695d1b.gspb_row__col--4{width:calc(33.333333333333336% - 15px)}}@media (max-width:575.98px){#gspb_col-id-gsbp-0695d1b.gspb_row__col--4{width:100%}}#gspb_heading-id-gsbp-7afaa9e{font-size:17px}@media (max-width:991.98px){#gspb_heading-id-gsbp-7afaa9e,#gspb_heading-id-gsbp-7afaa9e .gsap-g-line{text-align:center!important}}#gspb_heading-id-gsbp-7afaa9e{margin-top:0;margin-bottom:5px}.gspb_text-id-gsbp-5a55f64{font-size:15px}@media (max-width:991.98px){.gspb_text-id-gsbp-5a55f64,.gspb_text-id-gsbp-5a55f64 .gsap-g-line{text-align:center!important}}#gspb_col-id-gsbp-c80cda2.gspb_row__col--4{width:calc(33.333333333333336% - 15px)}@media (max-width:991.98px){#gspb_col-id-gsbp-c80cda2.gspb_row__col--4{width:calc(33.333333333333336% - 15px)}}@media (max-width:767.98px){#gspb_col-id-gsbp-c80cda2.gspb_row__col--4{width:calc(33.333333333333336% - 15px)}}@media (max-width:575.98px){#gspb_col-id-gsbp-c80cda2.gspb_row__col--4{width:100%}}#gspb_heading-id-gsbp-793eb4b{font-size:17px}@media (max-width:991.98px){#gspb_heading-id-gsbp-793eb4b,#gspb_heading-id-gsbp-793eb4b .gsap-g-line{text-align:center!important}}#gspb_heading-id-gsbp-793eb4b{margin-top:0;margin-bottom:5px}.gspb_text-id-gsbp-86e0318{font-size:15px}@media (max-width:991.98px){.gspb_text-id-gsbp-86e0318,.gspb_text-id-gsbp-86e0318 .gsap-g-line{text-align:center!important}}#gspb_col-id-gsbp-358945c.gspb_row__col--4{width:calc(33.333333333333336% - 15px)}@media (max-width:991.98px){#gspb_col-id-gsbp-358945c.gspb_row__col--4{width:calc(33.333333333333336% - 15px)}}@media (max-width:767.98px){#gspb_col-id-gsbp-358945c.gspb_row__col--4{width:calc(33.333333333333336% - 15px)}}@media (max-width:575.98px){#gspb_col-id-gsbp-358945c.gspb_row__col--4{width:100%}}#gspb_heading-id-gsbp-99e6854{font-size:17px}@media (max-width:991.98px){#gspb_heading-id-gsbp-99e6854,#gspb_heading-id-gsbp-99e6854 .gsap-g-line{text-align:center!important}}#gspb_heading-id-gsbp-99e6854{margin-top:0;margin-bottom:5px}.gspb_text-id-gsbp-74233b0{font-size:15px}@media (max-width:991.98px){.gspb_text-id-gsbp-74233b0,.gspb_text-id-gsbp-74233b0 .gsap-g-line{text-align:center!important}}","footnotes":""},"class_list":["post-4483","page","type-page","status-publish","hentry"],"blocksy_meta":{"has_hero_section":"disabled","vertical_spacing_source":"custom","content_area_spacing":"none","styles_descriptor":{"styles":{"desktop":"","tablet":"","mobile":""},"google_fonts":[],"version":6}},"acf":[],"yoast_head":"<!-- This site is optimized with the Yoast SEO Premium plugin v27.2 (Yoast SEO v27.2) - https:\/\/yoast.com\/product\/yoast-seo-premium-wordpress\/ -->\n<title>contacts - Sonetica<\/title>\n<meta name=\"robots\" content=\"index, follow, max-snippet:-1, max-image-preview:large, max-video-preview:-1\" \/>\n<link rel=\"canonical\" href=\"https:\/\/sonetica.md\/ro\/contacts\/\" \/>\n<meta property=\"og:locale\" content=\"ro_RO\" \/>\n<meta property=\"og:type\" content=\"article\" \/>\n<meta property=\"og:title\" content=\"contacts\" \/>\n<meta property=\"og:url\" content=\"https:\/\/sonetica.md\/ro\/contacts\/\" \/>\n<meta property=\"og:site_name\" content=\"Sonetica\" \/>\n<meta property=\"article:publisher\" content=\"https:\/\/www.facebook.com\/sonetica.md\" \/>\n<meta property=\"article:modified_time\" content=\"2026-01-08T20:43:33+00:00\" \/>\n<meta property=\"og:image\" content=\"https:\/\/sonetica.md\/wp-content\/uploads\/2024\/05\/contact-us-faq-image.webp\" \/>\n<meta name=\"twitter:card\" content=\"summary_large_image\" \/>\n<meta name=\"twitter:label1\" content=\"Timp estimat pentru citire\" \/>\n\t<meta name=\"twitter:data1\" content=\"2 minute\" \/>\n<script type=\"application\/ld+json\" class=\"yoast-schema-graph\">{\"@context\":\"https:\/\/schema.org\",\"@graph\":[{\"@type\":\"WebPage\",\"@id\":\"https:\/\/sonetica.md\/ro\/contacts\/\",\"url\":\"https:\/\/sonetica.md\/ro\/contacts\/\",\"name\":\"contacts - Sonetica\",\"isPartOf\":{\"@id\":\"https:\/\/sonetica.md\/ro\/#website\"},\"primaryImageOfPage\":{\"@id\":\"https:\/\/sonetica.md\/ro\/contacts\/#primaryimage\"},\"image\":{\"@id\":\"https:\/\/sonetica.md\/ro\/contacts\/#primaryimage\"},\"thumbnailUrl\":\"https:\/\/sonetica.md\/wp-content\/uploads\/2024\/05\/contact-us-faq-image.webp\",\"datePublished\":\"2024-05-22T10:40:40+00:00\",\"dateModified\":\"2026-01-08T20:43:33+00:00\",\"breadcrumb\":{\"@id\":\"https:\/\/sonetica.md\/ro\/contacts\/#breadcrumb\"},\"inLanguage\":\"ro-RO\",\"potentialAction\":[{\"@type\":\"ReadAction\",\"target\":[\"https:\/\/sonetica.md\/ro\/contacts\/\"]}]},{\"@type\":\"ImageObject\",\"inLanguage\":\"ro-RO\",\"@id\":\"https:\/\/sonetica.md\/ro\/contacts\/#primaryimage\",\"url\":\"https:\/\/sonetica.md\/wp-content\/uploads\/2024\/05\/contact-us-faq-image.webp\",\"contentUrl\":\"https:\/\/sonetica.md\/wp-content\/uploads\/2024\/05\/contact-us-faq-image.webp\"},{\"@type\":\"BreadcrumbList\",\"@id\":\"https:\/\/sonetica.md\/ro\/contacts\/#breadcrumb\",\"itemListElement\":[{\"@type\":\"ListItem\",\"position\":1,\"name\":\"Acas\u0103\",\"item\":\"https:\/\/sonetica.md\/ro\/\"},{\"@type\":\"ListItem\",\"position\":2,\"name\":\"contacts\"}]},{\"@type\":\"WebSite\",\"@id\":\"https:\/\/sonetica.md\/ro\/#website\",\"url\":\"https:\/\/sonetica.md\/ro\/\",\"name\":\"Sonetica\",\"description\":\"Audio Equipment and Accessories\",\"publisher\":{\"@id\":\"https:\/\/sonetica.md\/ro\/#organization\"},\"potentialAction\":[{\"@type\":\"SearchAction\",\"target\":{\"@type\":\"EntryPoint\",\"urlTemplate\":\"https:\/\/sonetica.md\/ro\/?s={search_term_string}\"},\"query-input\":{\"@type\":\"PropertyValueSpecification\",\"valueRequired\":true,\"valueName\":\"search_term_string\"}}],\"inLanguage\":\"ro-RO\"},{\"@type\":[\"Organization\",\"Place\",\"ElectronicsStore\"],\"@id\":\"https:\/\/sonetica.md\/ro\/#organization\",\"name\":\"Sonetica\",\"url\":\"https:\/\/sonetica.md\/ro\/\",\"logo\":{\"@id\":\"https:\/\/sonetica.md\/ro\/contacts\/#local-main-organization-logo\"},\"image\":{\"@id\":\"https:\/\/sonetica.md\/ro\/contacts\/#local-main-organization-logo\"},\"sameAs\":[\"https:\/\/www.facebook.com\/sonetica.md\"],\"legalName\":\"Sonetica SRL\",\"address\":{\"@id\":\"https:\/\/sonetica.md\/ro\/contacts\/#local-main-place-address\"},\"telephone\":[\"+373 22 274866\"],\"contactPoint\":{\"@type\":\"ContactPoint\",\"telephone\":\"(022) 27-48-66\"},\"openingHoursSpecification\":[{\"@type\":\"OpeningHoursSpecification\",\"dayOfWeek\":[\"Monday\",\"Tuesday\",\"Wednesday\",\"Thursday\",\"Friday\"],\"opens\":\"10:00\",\"closes\":\"17:00\"},{\"@type\":\"OpeningHoursSpecification\",\"dayOfWeek\":[\"Saturday\",\"Sunday\"],\"opens\":\"00:00\",\"closes\":\"00:00\"}],\"vatID\":\"0203112\",\"taxID\":\"1003600083647\",\"currenciesAccepted\":\"MDL\",\"paymentAccepted\":\"Cash, Card\"},{\"@type\":\"PostalAddress\",\"@id\":\"https:\/\/sonetica.md\/ro\/contacts\/#local-main-place-address\",\"streetAddress\":\"V. Alecsandri 30\",\"addressLocality\":\"Chisinau\",\"postalCode\":\"MD-2009\",\"addressCountry\":\"MD\"},{\"@type\":\"ImageObject\",\"inLanguage\":\"ro-RO\",\"@id\":\"https:\/\/sonetica.md\/ro\/contacts\/#local-main-organization-logo\",\"url\":\"https:\/\/sonetica.md\/wp-content\/uploads\/2025\/11\/sonetica_logo.png\",\"contentUrl\":\"https:\/\/sonetica.md\/wp-content\/uploads\/2025\/11\/sonetica_logo.png\",\"width\":453,\"height\":453,\"caption\":\"Sonetica\"}]}<\/script>\n<meta name=\"geo.placename\" content=\"Chisinau\" \/>\n<meta name=\"geo.region\" content=\"Republica Moldova\" \/>\n<!-- \/ Yoast SEO Premium plugin. -->","yoast_head_json":{"title":"contacts - Sonetica","robots":{"index":"index","follow":"follow","max-snippet":"max-snippet:-1","max-image-preview":"max-image-preview:large","max-video-preview":"max-video-preview:-1"},"canonical":"https:\/\/sonetica.md\/ro\/contacts\/","og_locale":"ro_RO","og_type":"article","og_title":"contacts","og_url":"https:\/\/sonetica.md\/ro\/contacts\/","og_site_name":"Sonetica","article_publisher":"https:\/\/www.facebook.com\/sonetica.md","article_modified_time":"2026-01-08T20:43:33+00:00","og_image":[{"url":"https:\/\/sonetica.md\/wp-content\/uploads\/2024\/05\/contact-us-faq-image.webp","type":"","width":"","height":""}],"twitter_card":"summary_large_image","twitter_misc":{"Timp estimat pentru citire":"2 minute"},"schema":{"@context":"https:\/\/schema.org","@graph":[{"@type":"WebPage","@id":"https:\/\/sonetica.md\/ro\/contacts\/","url":"https:\/\/sonetica.md\/ro\/contacts\/","name":"contacts - Sonetica","isPartOf":{"@id":"https:\/\/sonetica.md\/ro\/#website"},"primaryImageOfPage":{"@id":"https:\/\/sonetica.md\/ro\/contacts\/#primaryimage"},"image":{"@id":"https:\/\/sonetica.md\/ro\/contacts\/#primaryimage"},"thumbnailUrl":"https:\/\/sonetica.md\/wp-content\/uploads\/2024\/05\/contact-us-faq-image.webp","datePublished":"2024-05-22T10:40:40+00:00","dateModified":"2026-01-08T20:43:33+00:00","breadcrumb":{"@id":"https:\/\/sonetica.md\/ro\/contacts\/#breadcrumb"},"inLanguage":"ro-RO","potentialAction":[{"@type":"ReadAction","target":["https:\/\/sonetica.md\/ro\/contacts\/"]}]},{"@type":"ImageObject","inLanguage":"ro-RO","@id":"https:\/\/sonetica.md\/ro\/contacts\/#primaryimage","url":"https:\/\/sonetica.md\/wp-content\/uploads\/2024\/05\/contact-us-faq-image.webp","contentUrl":"https:\/\/sonetica.md\/wp-content\/uploads\/2024\/05\/contact-us-faq-image.webp"},{"@type":"BreadcrumbList","@id":"https:\/\/sonetica.md\/ro\/contacts\/#breadcrumb","itemListElement":[{"@type":"ListItem","position":1,"name":"Acas\u0103","item":"https:\/\/sonetica.md\/ro\/"},{"@type":"ListItem","position":2,"name":"contacts"}]},{"@type":"WebSite","@id":"https:\/\/sonetica.md\/ro\/#website","url":"https:\/\/sonetica.md\/ro\/","name":"Sonetica","description":"Audio Equipment and Accessories","publisher":{"@id":"https:\/\/sonetica.md\/ro\/#organization"},"potentialAction":[{"@type":"SearchAction","target":{"@type":"EntryPoint","urlTemplate":"https:\/\/sonetica.md\/ro\/?s={search_term_string}"},"query-input":{"@type":"PropertyValueSpecification","valueRequired":true,"valueName":"search_term_string"}}],"inLanguage":"ro-RO"},{"@type":["Organization","Place","ElectronicsStore"],"@id":"https:\/\/sonetica.md\/ro\/#organization","name":"Sonetica","url":"https:\/\/sonetica.md\/ro\/","logo":{"@id":"https:\/\/sonetica.md\/ro\/contacts\/#local-main-organization-logo"},"image":{"@id":"https:\/\/sonetica.md\/ro\/contacts\/#local-main-organization-logo"},"sameAs":["https:\/\/www.facebook.com\/sonetica.md"],"legalName":"Sonetica SRL","address":{"@id":"https:\/\/sonetica.md\/ro\/contacts\/#local-main-place-address"},"telephone":["+373 22 274866"],"contactPoint":{"@type":"ContactPoint","telephone":"(022) 27-48-66"},"openingHoursSpecification":[{"@type":"OpeningHoursSpecification","dayOfWeek":["Monday","Tuesday","Wednesday","Thursday","Friday"],"opens":"10:00","closes":"17:00"},{"@type":"OpeningHoursSpecification","dayOfWeek":["Saturday","Sunday"],"opens":"00:00","closes":"00:00"}],"vatID":"0203112","taxID":"1003600083647","currenciesAccepted":"MDL","paymentAccepted":"Cash, Card"},{"@type":"PostalAddress","@id":"https:\/\/sonetica.md\/ro\/contacts\/#local-main-place-address","streetAddress":"V. Alecsandri 30","addressLocality":"Chisinau","postalCode":"MD-2009","addressCountry":"MD"},{"@type":"ImageObject","inLanguage":"ro-RO","@id":"https:\/\/sonetica.md\/ro\/contacts\/#local-main-organization-logo","url":"https:\/\/sonetica.md\/wp-content\/uploads\/2025\/11\/sonetica_logo.png","contentUrl":"https:\/\/sonetica.md\/wp-content\/uploads\/2025\/11\/sonetica_logo.png","width":453,"height":453,"caption":"Sonetica"}]},"geo.placename":"Chisinau","geo.region":"Republica Moldova"},"_links":{"self":[{"href":"https:\/\/sonetica.md\/ro\/wp-json\/wp\/v2\/pages\/4483","targetHints":{"allow":["GET"]}}],"collection":[{"href":"https:\/\/sonetica.md\/ro\/wp-json\/wp\/v2\/pages"}],"about":[{"href":"https:\/\/sonetica.md\/ro\/wp-json\/wp\/v2\/types\/page"}],"author":[{"embeddable":true,"href":"https:\/\/sonetica.md\/ro\/wp-json\/wp\/v2\/users\/1"}],"replies":[{"embeddable":true,"href":"https:\/\/sonetica.md\/ro\/wp-json\/wp\/v2\/comments?post=4483"}],"version-history":[{"count":4,"href":"https:\/\/sonetica.md\/ro\/wp-json\/wp\/v2\/pages\/4483\/revisions"}],"predecessor-version":[{"id":4511,"href":"https:\/\/sonetica.md\/ro\/wp-json\/wp\/v2\/pages\/4483\/revisions\/4511"}],"wp:attachment":[{"href":"https:\/\/sonetica.md\/ro\/wp-json\/wp\/v2\/media?parent=4483"}],"curies":[{"name":"wp","href":"https:\/\/api.w.org\/{rel}","templated":true}]}}