{"id":4576,"date":"2026-01-15T00:57:06","date_gmt":"2026-01-14T22:57:06","guid":{"rendered":"https:\/\/sonetica.md\/?page_id=4576"},"modified":"2026-03-10T21:04:25","modified_gmt":"2026-03-10T19:04:25","slug":"termeni-si-conditii","status":"publish","type":"page","link":"https:\/\/sonetica.md\/ro\/termeni-si-conditii\/","title":{"rendered":"Termeni \u0219i condi\u021bii"},"content":{"rendered":"\n<p>Ace\u0219ti Termeni \u0219i condi\u021bii de utilizare a magazinului online www.sonetica.md se aplic\u0103 comenzilor pentru achizi\u021bionarea de bunuri\/servicii oferite de Sonetica SRL prin intermediul site-ului web www.sonetica.md.<\/p>\n\n\n\n<p>\u00cenainte de a utiliza site-ul, v\u0103 recomand\u0103m s\u0103 citi\u021bi cu aten\u021bie Termenii \u0219i condi\u021biile. Ne rezerv\u0103m dreptul de a modifica aceste prevederi f\u0103r\u0103 o notificare prealabil\u0103.<\/p>\n\n\n\n<h2>1. Dispozi\u021bii generale<\/h2>\n\n\n\n<p>Acest site web este proprietatea Sonetica SRL. Prin plasarea unei comenzi \u00een magazinul online, Cump\u0103r\u0103torul accept\u0103 Termenii \u0219i condi\u021biile pentru v\u00e2nzarea de bunuri\/produse \u0219i\/sau prestarea de servicii \u00een baza legisla\u021biei Republicii Moldova (denumite \u00een continuare Termeni \u0219i condi\u021bii) prezentate mai jos.<\/p>\n\n\n\n<p>Utilizarea site-ului web www.sonetica.md implic\u0103 acceptarea Termenilor \u0219i condi\u021biilor propuse de Sonetica SRL, \u00een conformitate cu Legea nr. 284\/2004 privind comer\u021bul electronic. Rela\u021bia dintre cump\u0103r\u0103tor \u0219i v\u00e2nz\u0103tor se stabile\u0219te pe baza Legii nr. 105\/2003 privind protec\u021bia consumatorilor \u0219i a altor reglement\u0103ri adoptate \u00een conformitate cu aceasta.<\/p>\n\n\n\n<p>V\u00e2nz\u0103torul \u00ee\u0219i rezerv\u0103 dreptul de a modifica ace\u0219ti Termeni \u0219i condi\u021bii, iar cump\u0103r\u0103torul are obliga\u021bia de a monitoriza modific\u0103rile.<\/p>\n\n\n\n<h2>2. Protec\u021bia datelor cu caracter personal<\/h2>\n\n\n\n<p>Prin utilizarea site-ului web www.sonetica.md, sunte\u021bi de acord \u00een mod automat cu colectarea \u0219i prelucrarea datelor cu caracter personal necesare pentru procesarea\/confirmarea\/\u00eendeplinirea comenzilor.<\/p>\n\n\n\n<p>Datele cu caracter personal sunt prelucrate numai \u00een scopuri legitime, cum ar fi furnizarea produselor pe care le-a\u021bi comandat, promo\u021bii publicitare, Google Analytics, cookie-uri \u0219i notific\u0103ri\/newsletter.<\/p>\n\n\n\n<p>Toate informa\u021biile care con\u021bin date cu caracter personal sunt stocate \u0219i utilizate numai pentru perioada necesar\u0103 \u00eendeplinirii scopurilor pentru care au fost colectate \u0219i \u00een conformitate cu prevederile Legii nr. 133\/2011 privind protec\u021bia datelor cu caracter personal.<\/p>\n\n\n\n<p>Utiliz\u0103m m\u0103suri de securitate comerciale pentru a preveni accesul neautorizat, pentru a men\u021bine acurate\u021bea datelor \u0219i pentru a asigura utilizarea corect\u0103 a informa\u021biilor de pe site-ul web. Transmiterea datelor prin Internet sau re\u021bea wireless nu poate fi complet sigur\u0103. Prin urmare, la fel ca alte companii, nu putem garanta securitatea informa\u021biilor furnizate de Cump\u0103r\u0103tor, astfel \u00eenc\u00e2t Cump\u0103r\u0103torul va face acest lucru pe propriul risc.<\/p>\n\n\n\n<h2>3. Plasarea comenzii \u0219i plata<\/h2>\n\n\n\n<p>Comenzile pot fi pl\u0103tite cu cardul de credit. La primirea comenzii, ve\u021bi primi o chitan\u021b\u0103 fiscal\u0103 care confirm\u0103 plata.<\/p>\n\n\n\n<p>Pl\u0103\u021bile online se efectueaz\u0103 \u00een condi\u021bii de maxim\u0103 siguran\u021b\u0103, utiliz\u00e2nd un card de credit ca instrument de plat\u0103, care permite efectuarea tranzac\u021biilor online. Dup\u0103 efectuarea pl\u0103\u021bii, ve\u021bi primi o confirmare a pl\u0103\u021bii la adresa dvs. de e-mail.<\/p>\n\n\n\n<p>Procesatorul de pl\u0103\u021bi utilizeaz\u0103 un sistem securizat bazat pe cea mai recent\u0103 versiune a standardului de securitate 3D-Secure, ceea ce \u00eenseamn\u0103 o nou\u0103 abordare global\u0103 a autentific\u0103rii cump\u0103r\u0103torului \u00een tranzac\u021biile online securizate. Aceast\u0103 m\u0103sur\u0103 de securitate include redirec\u021bionarea utilizatorului atunci c\u00e2nd efectueaz\u0103 o plat\u0103 c\u0103tre o pagin\u0103 maib securizat\u0103, unde fiecare de\u021bin\u0103tor de card este autentificat prin atribuirea unui cod unic pentru fiecare tranzac\u021bie online.<\/p>\n\n\n\n<p>Ramburs\u0103rile se efectueaz\u0103 numai c\u0103tre cardul de plat\u0103 utilizat pentru achizi\u021bie.<\/p>\n\n\n\n<p>Pentru a pl\u0103ti, va trebui s\u0103 introduce\u021bi detaliile cardului dvs. bancar. Aceste informa\u021bii sunt transmise \u00een conformitate cu toate m\u0103surile de securitate necesare. Informa\u021biile sunt transmise \u00een form\u0103 criptat\u0103 \u0219i stocate numai pe un server specializat al sistemului de pl\u0103\u021bi.<\/p>\n\n\n\n<p>Pentru a finaliza plata, vi se vor solicita urm\u0103toarele detalii:<\/p>\n\n\n\n<p>Num\u0103rul cardului (16 cifre)<br>Data expir\u0103rii (luna \u0219i anul)<br>Numele \u0219i prenumele de pe cardul de plat\u0103<br>Codul CVC sau CVV (3 cifre)<br>Toate pl\u0103\u021bile sunt procesate \u00een moneda na\u021bional\u0103 \u2013 MDL (lei moldovene\u0219ti). Dac\u0103 moneda tranzac\u021biei difer\u0103 de moneda de plat\u0103, suma tranzac\u021biei va fi convertit\u0103 la cursul de tranzac\u021bie al cardului la data decont\u0103rii b\u0103ncii emitente.<\/p>\n\n\n\n<h2>4. Livrarea produselor \/ m\u0103rfurilor \/ serviciilor<\/h2>\n\n\n\n<p>Dup\u0103 plasarea unei comenzi, cump\u0103r\u0103torul prime\u0219te informa\u021bii despre data estimat\u0103 de livrare de c\u0103tre curieri\/serviciul de livrare.<\/p>\n\n\n\n<p>Livrarea \u00een regiunea Chi\u0219in\u0103u se efectueaz\u0103 \u00een termen de 24 de ore de la confirmarea comenzii de c\u0103tre operatorii no\u0219tri. Livrarea se efectueaz\u0103 \u00eentre orele 10:00 \u0219i 17:00 \u0219i este gratuit\u0103 pentru comenzi de cel pu\u021bin 700 MDL; pentru comenzi cu o valoare mai mic\u0103, livrarea se taxeaz\u0103 cu 50 MDL (care vor fi inclu\u0219i \u00een suma total\u0103 a tranzac\u021biei\/comenzii).<\/p>\n\n\n\n<p>Livrarea \u00een Republica Moldova se efectueaz\u0103 \u00een termen de 3 zile de la confirmarea comenzii de c\u0103tre operatorii no\u0219tri. Livrarea se efectueaz\u0103 \u00eentre orele 10:00 \u0219i 17:00 \u0219i este gratuit\u0103 pentru comenzi de cel pu\u021bin 700 MDL; pentru comenzi cu o valoare mai mic\u0103, livrarea cost\u0103 70 MDL (care vor fi incluse \u00een suma total\u0103 a tranzac\u021biei\/comenzii).<\/p>\n\n\n\n<p>Nu se efectueaz\u0103 livr\u0103ri s\u00e2mb\u0103t\u0103 si duminica sau de s\u0103rb\u0103torile na\u021bionale.<\/p>\n\n\n\n<p>Termenele de livrare pot fi prelungite \u00een anumite cazuri (de exemplu, condi\u021bii meteorologice nefavorabile, s\u0103rb\u0103tori legale, probleme tehnice neprev\u0103zute etc.). V\u0103 vom informa dac\u0103 ne confrunt\u0103m cu oricare dintre situa\u021biile de mai sus.<\/p>\n\n\n\n<p>Pute\u021bi alege orice adres\u0103 de livrare \u2013 acas\u0103, la birou sau orice alt\u0103 adres\u0103 \u2013 f\u0103r\u0103 costuri suplimentare. Accept\u0103m o singur\u0103 adres\u0103 de livrare per comand\u0103. Dac\u0103 ave\u021bi nevoie s\u0103 livra\u021bi comanda la adrese diferite, v\u0103 rug\u0103m s\u0103 plasa\u021bi comenzi separate pentru fiecare adres\u0103.<\/p>\n\n\n\n<p>La primirea produsului, verifica\u021bi integritatea ambalajului \u0219i prezen\u021ba chitan\u021bei fiscale \u00een prezen\u021ba curierului. Orice reclama\u021bii ulterioare cu privire la aceste aspecte nu vor fi acceptate.<\/p>\n\n\n\n<h2>5. Return\u0103ri <\/h2>\n\n\n\n<p>Conform Legii nr. 105-XV din 13 martie 2013 privind protec\u021bia consumatorilor, cump\u0103r\u0103torul are dreptul s\u0103 returneze bunurile achizi\u021bionate din anumite motive \u00een termen de 14 zile de la data pl\u0103\u021bii. Fondurile sunt returnate pe cardul utilizat pentru efectuarea achizi\u021biei.<\/p>\n\n\n\n<p>Bunurile complexe din punct de vedere tehnic \u2013 electronice, electrocasnice dup\u0103 utilizare, bunuri fabricate la comand\u0103 \u2013 nu pot fi schimbate sau returnate, \u00een conformitate cu Anexa nr. 2 la Decretul Guvernului nr. 1465 din 8 decembrie 2003 (MO248-253\/ 19.12.2003), modificat prin Decretul Guvernului nr. 1188 din 11.02.2007 (MO175\/ 11.09.2007).<\/p>\n\n\n\n<p>Datele de contact ale companiei pentru return\u0103ri: +373 22 274866<br>Termenul de procesare a cererii de returnare: 5 zile<br>Condi\u021bii de returnare: produsele trebuie s\u0103 fie \u00een stare vandabil\u0103, cu ambalajul \u0219i chitan\u021ba intacte; cump\u0103r\u0103torul pl\u0103te\u0219te costurile de returnare.<\/p>\n\n\n\n<h2>6. Politica de confiden\u021bialitate <\/h2>\n\n\n\n<p>\u00cen conformitate cu prevederile Legii nr. 133\/2011 privind protec\u021bia datelor cu caracter personal, furnizorul de servicii prelucreaz\u0103 date cu caracter personal. Datele cu caracter personal sunt prelucrate cu bun\u0103-credin\u021b\u0103, pe baza \u0219i \u00een conformitate cu reglement\u0103rile legale. Datele cu caracter personal sunt prelucrate prin mijloace mixte (automate \u0219i manuale), \u00een conformitate cu cerin\u021bele legii \u0219i \u00een condi\u021bii care asigur\u0103 securitatea, confiden\u021bialitatea \u0219i respectarea drepturilor persoanelor vizate.<\/p>\n\n\n\n<p>Furnizorul colecteaz\u0103 \u0219i prelucreaz\u0103 numai datele cu caracter personal furnizate de consumatori la plasarea unei comenzi: prenume, nume, num\u0103r de telefon, adres\u0103, adres\u0103 po\u0219tal\u0103.<\/p>\n\n\n\n<p>Datele cu caracter personal sunt utilizate exclusiv \u00een scopul administr\u0103rii site-ului web, pentru a oferi acces la informa\u021bii, \u00een special pentru a livra comenzi sau pentru a contacta consumatorul \u00een scopul livr\u0103rii. Datorit\u0103 acestor informa\u021bii, utilizatorii \u0219i consumatorii sunt con\u0219tien\u021bi c\u0103 datele lor personale (prenume, nume, num\u0103r de telefon, adres\u0103, adres\u0103 po\u0219tal\u0103) vor fi prelucrate \u0219i utilizate. Furnizorul de servicii prelucreaz\u0103 datele personale ale utilizatorilor \u0219i consumatorilor furnizate atunci c\u00e2nd vizualizeaz\u0103, utilizeaz\u0103 \u0219i se \u00eenregistreaz\u0103 pe site-ul web www.sonetica.md.<\/p>\n\n\n\n<p>Furnizorul nu va divulga niciun fel de date disponibile c\u0103tre ter\u021bi f\u0103r\u0103 consim\u021b\u0103m\u00e2ntul persoanelor vizate \u0219i nu va comercializa, schimba sau divulga aceste date c\u0103tre alte persoane, cu excep\u021bia cazurilor prev\u0103zute de legisla\u021bia aplicabil\u0103 (la cererea autorit\u0103\u021bilor de stat, a persoanelor juridice, a instan\u021belor judec\u0103tore\u0219ti \u0219i a altor entit\u0103\u021bi autorizate s\u0103 prelucreze date cu caracter personal).<\/p>\n\n\n\n<p>Datele cu caracter personal pot fi prelucrate \u0219i utilizate de Furnizor \u00een scopuri statistice \u0219i de promovare ulterioar\u0103.<\/p>\n\n\n\n<p>Furnizorul de servicii respect\u0103 cerin\u021bele de securitate a datelor cu caracter personal \u0219i asigur\u0103 protec\u021bia datelor consumatorilor, protej\u00e2ndu-le \u00eempotriva pierderii, distrugerii, denatur\u0103rii\/falsific\u0103rii sau divulg\u0103rii c\u0103tre ter\u021bi.<\/p>\n\n\n\n<p>Angaja\u021bii furnizorului de servicii sunt obliga\u021bi s\u0103 p\u0103streze confiden\u021bialitatea datelor cu caracter personal ale consumatorilor. Prelucrarea datelor cu caracter personal va fi efectuat\u0103 de un reprezentant autorizat al Furnizorului.<\/p>\n\n\n\n<p>Furnizorul utilizeaz\u0103 metode \u0219i tehnologii de securitate \u00een conformitate cu legisla\u021bia aplicabil\u0103.<\/p>\n\n\n\n<p>Furnizorul nu colecteaz\u0103 informa\u021bii legate de tranzac\u021bii, cum ar fi num\u0103rul cardului, data expir\u0103rii sau \u021bara de origine.<\/p>\n\n\n\n<p>Pentru informa\u021bii mai detaliate, orice parte interesat\u0103 ne poate contacta prin e-mail la contact@sonetica.md sau prin telefon la +373 22 274866.<\/p>\n\n\n\n<h2>7. Erori, inexactit\u0103\u021bi \u0219i verificarea informa\u021biilor<\/h2>\n\n\n\n<p>De\u0219i depunem toate eforturile pentru a furniza informa\u021bii corecte \u0219i actualizate despre produse, pot exista erori, inexactit\u0103\u021bi sau date incomplete \u00een descrieri, caracteristici, imagini sau disponibilitate. Informa\u021biile pot fi modificate de c\u0103tre produc\u0103tor f\u0103r\u0103 notificare prealabil\u0103.<\/p>\n\n\n\n<p>Clientul este responsabil s\u0103 verifice \u00een mod independent caracteristicile esen\u021biale ale produsului \u00eenainte de achizi\u021bie, inclusiv compatibilitatea, parametrii tehnici \u0219i alte detalii importante. Magazinul nu este responsabil pentru consecin\u021bele rezultate din utilizarea informa\u021biilor dep\u0103\u0219ite sau incorecte publicate pe site.<\/p>\n\n\n\n<h2>8. Informa\u021bii de contact<\/h2>\n\n\n\n<p>Denumirea legal\u0103 a companiei: Sonetica SRL<br>IDNO: 1003600083647<br>Adresa: V. Alecsandri 30 of. 2, Chi\u0219in\u0103u, MD-2009<br>Num\u0103r de telefon de contact: +373 22 274866<br>Adres\u0103 de e-mail: contact@sonetica.md<\/p>\n","protected":false},"excerpt":{"rendered":"<p>Ace\u0219ti Termeni \u0219i condi\u021bii de utilizare a magazinului online www.sonetica.md se aplic\u0103 comenzilor pentru achizi\u021bionarea de bunuri\/servicii oferite de Sonetica SRL prin intermediul site-ului web www.sonetica.md. \u00cenainte de a utiliza site-ul, v\u0103 recomand\u0103m s\u0103 citi\u021bi cu aten\u021bie Termenii \u0219i condi\u021biile. Ne rezerv\u0103m dreptul de a modifica aceste prevederi f\u0103r\u0103 o notificare prealabil\u0103. Acest site web [&hellip;]<\/p>\n","protected":false},"author":1,"featured_media":0,"parent":0,"menu_order":0,"comment_status":"closed","ping_status":"closed","template":"","meta":{"_acf_changed":false,"_gspb_post_css":"","footnotes":""},"class_list":["post-4576","page","type-page","status-publish","hentry"],"blocksy_meta":[],"acf":[],"yoast_head":"<!-- This site is optimized with the Yoast SEO Premium plugin v27.4 (Yoast SEO v27.4) - https:\/\/yoast.com\/product\/yoast-seo-premium-wordpress\/ -->\n<title>Termeni \u0219i condi\u021bii - Sonetica<\/title>\n<meta name=\"robots\" content=\"noindex, nofollow\" \/>\n<meta property=\"og:locale\" content=\"ro_RO\" \/>\n<meta property=\"og:type\" content=\"article\" \/>\n<meta property=\"og:title\" content=\"Termeni \u0219i condi\u021bii\" \/>\n<meta property=\"og:description\" content=\"Ace\u0219ti Termeni \u0219i condi\u021bii de utilizare a magazinului online www.sonetica.md se aplic\u0103 comenzilor pentru achizi\u021bionarea de bunuri\/servicii oferite de Sonetica SRL prin intermediul site-ului web www.sonetica.md. \u00cenainte de a utiliza site-ul, v\u0103 recomand\u0103m s\u0103 citi\u021bi cu aten\u021bie Termenii \u0219i condi\u021biile. Ne rezerv\u0103m dreptul de a modifica aceste prevederi f\u0103r\u0103 o notificare prealabil\u0103. Acest site web [&hellip;]\" \/>\n<meta property=\"og:url\" content=\"https:\/\/sonetica.md\/ro\/termeni-si-conditii\/\" \/>\n<meta property=\"og:site_name\" content=\"Sonetica\" \/>\n<meta property=\"article:publisher\" content=\"https:\/\/www.facebook.com\/sonetica.md\" \/>\n<meta property=\"article:modified_time\" content=\"2026-03-10T19:04:25+00:00\" \/>\n<meta name=\"twitter:card\" content=\"summary_large_image\" \/>\n<meta name=\"twitter:label1\" content=\"Timp estimat pentru citire\" \/>\n\t<meta name=\"twitter:data1\" content=\"7 minute\" \/>\n<script type=\"application\/ld+json\" class=\"yoast-schema-graph\">{\"@context\":\"https:\\\/\\\/schema.org\",\"@graph\":[{\"@type\":\"WebPage\",\"@id\":\"https:\\\/\\\/sonetica.md\\\/ro\\\/termeni-si-conditii\\\/\",\"url\":\"https:\\\/\\\/sonetica.md\\\/ro\\\/termeni-si-conditii\\\/\",\"name\":\"Termeni \u0219i condi\u021bii - Sonetica\",\"isPartOf\":{\"@id\":\"https:\\\/\\\/sonetica.md\\\/ro\\\/#website\"},\"datePublished\":\"2026-01-14T22:57:06+00:00\",\"dateModified\":\"2026-03-10T19:04:25+00:00\",\"breadcrumb\":{\"@id\":\"https:\\\/\\\/sonetica.md\\\/ro\\\/termeni-si-conditii\\\/#breadcrumb\"},\"inLanguage\":\"ro-RO\",\"potentialAction\":[{\"@type\":\"ReadAction\",\"target\":[\"https:\\\/\\\/sonetica.md\\\/ro\\\/termeni-si-conditii\\\/\"]}]},{\"@type\":\"BreadcrumbList\",\"@id\":\"https:\\\/\\\/sonetica.md\\\/ro\\\/termeni-si-conditii\\\/#breadcrumb\",\"itemListElement\":[{\"@type\":\"ListItem\",\"position\":1,\"name\":\"Acas\u0103\",\"item\":\"https:\\\/\\\/sonetica.md\\\/ro\\\/\"},{\"@type\":\"ListItem\",\"position\":2,\"name\":\"Termeni \u0219i condi\u021bii\"}]},{\"@type\":\"WebSite\",\"@id\":\"https:\\\/\\\/sonetica.md\\\/ro\\\/#website\",\"url\":\"https:\\\/\\\/sonetica.md\\\/ro\\\/\",\"name\":\"Sonetica\",\"description\":\"Audio Equipment and Accessories\",\"publisher\":{\"@id\":\"https:\\\/\\\/sonetica.md\\\/ro\\\/#organization\"},\"potentialAction\":[{\"@type\":\"SearchAction\",\"target\":{\"@type\":\"EntryPoint\",\"urlTemplate\":\"https:\\\/\\\/sonetica.md\\\/ro\\\/?s={search_term_string}\"},\"query-input\":{\"@type\":\"PropertyValueSpecification\",\"valueRequired\":true,\"valueName\":\"search_term_string\"}}],\"inLanguage\":\"ro-RO\"},{\"@type\":[\"Organization\",\"Place\",\"ElectronicsStore\"],\"@id\":\"https:\\\/\\\/sonetica.md\\\/ro\\\/#organization\",\"name\":\"Sonetica\",\"url\":\"https:\\\/\\\/sonetica.md\\\/ro\\\/\",\"logo\":{\"@id\":\"https:\\\/\\\/sonetica.md\\\/ro\\\/termeni-si-conditii\\\/#local-main-organization-logo\"},\"image\":{\"@id\":\"https:\\\/\\\/sonetica.md\\\/ro\\\/termeni-si-conditii\\\/#local-main-organization-logo\"},\"sameAs\":[\"https:\\\/\\\/www.facebook.com\\\/sonetica.md\"],\"legalName\":\"Sonetica SRL\",\"address\":{\"@id\":\"https:\\\/\\\/sonetica.md\\\/ro\\\/termeni-si-conditii\\\/#local-main-place-address\"},\"telephone\":[\"+373 22 274866\"],\"contactPoint\":{\"@type\":\"ContactPoint\",\"telephone\":\"(022) 27-48-66\"},\"openingHoursSpecification\":[{\"@type\":\"OpeningHoursSpecification\",\"dayOfWeek\":[\"Monday\",\"Tuesday\",\"Wednesday\",\"Thursday\",\"Friday\"],\"opens\":\"10:00\",\"closes\":\"17:00\"},{\"@type\":\"OpeningHoursSpecification\",\"dayOfWeek\":[\"Saturday\",\"Sunday\"],\"opens\":\"00:00\",\"closes\":\"00:00\"}],\"vatID\":\"0203112\",\"taxID\":\"1003600083647\",\"currenciesAccepted\":\"MDL\",\"paymentAccepted\":\"Cash, Card\"},{\"@type\":\"PostalAddress\",\"@id\":\"https:\\\/\\\/sonetica.md\\\/ro\\\/termeni-si-conditii\\\/#local-main-place-address\",\"streetAddress\":\"V. Alecsandri 30\",\"addressLocality\":\"Chisinau\",\"postalCode\":\"MD-2009\",\"addressCountry\":\"MD\"},{\"@type\":\"ImageObject\",\"inLanguage\":\"ro-RO\",\"@id\":\"https:\\\/\\\/sonetica.md\\\/ro\\\/termeni-si-conditii\\\/#local-main-organization-logo\",\"url\":\"https:\\\/\\\/sonetica.md\\\/wp-content\\\/uploads\\\/2025\\\/11\\\/sonetica_logo.png\",\"contentUrl\":\"https:\\\/\\\/sonetica.md\\\/wp-content\\\/uploads\\\/2025\\\/11\\\/sonetica_logo.png\",\"width\":453,\"height\":453,\"caption\":\"Sonetica\"}]}<\/script>\n<meta name=\"geo.placename\" content=\"Chisinau\" \/>\n<meta name=\"geo.region\" content=\"Republica Moldova\" \/>\n<!-- \/ Yoast SEO Premium plugin. -->","yoast_head_json":{"title":"Termeni \u0219i condi\u021bii - Sonetica","robots":{"index":"noindex","follow":"nofollow"},"og_locale":"ro_RO","og_type":"article","og_title":"Termeni \u0219i condi\u021bii","og_description":"Ace\u0219ti Termeni \u0219i condi\u021bii de utilizare a magazinului online www.sonetica.md se aplic\u0103 comenzilor pentru achizi\u021bionarea de bunuri\/servicii oferite de Sonetica SRL prin intermediul site-ului web www.sonetica.md. \u00cenainte de a utiliza site-ul, v\u0103 recomand\u0103m s\u0103 citi\u021bi cu aten\u021bie Termenii \u0219i condi\u021biile. Ne rezerv\u0103m dreptul de a modifica aceste prevederi f\u0103r\u0103 o notificare prealabil\u0103. Acest site web [&hellip;]","og_url":"https:\/\/sonetica.md\/ro\/termeni-si-conditii\/","og_site_name":"Sonetica","article_publisher":"https:\/\/www.facebook.com\/sonetica.md","article_modified_time":"2026-03-10T19:04:25+00:00","twitter_card":"summary_large_image","twitter_misc":{"Timp estimat pentru citire":"7 minute"},"schema":{"@context":"https:\/\/schema.org","@graph":[{"@type":"WebPage","@id":"https:\/\/sonetica.md\/ro\/termeni-si-conditii\/","url":"https:\/\/sonetica.md\/ro\/termeni-si-conditii\/","name":"Termeni \u0219i condi\u021bii - Sonetica","isPartOf":{"@id":"https:\/\/sonetica.md\/ro\/#website"},"datePublished":"2026-01-14T22:57:06+00:00","dateModified":"2026-03-10T19:04:25+00:00","breadcrumb":{"@id":"https:\/\/sonetica.md\/ro\/termeni-si-conditii\/#breadcrumb"},"inLanguage":"ro-RO","potentialAction":[{"@type":"ReadAction","target":["https:\/\/sonetica.md\/ro\/termeni-si-conditii\/"]}]},{"@type":"BreadcrumbList","@id":"https:\/\/sonetica.md\/ro\/termeni-si-conditii\/#breadcrumb","itemListElement":[{"@type":"ListItem","position":1,"name":"Acas\u0103","item":"https:\/\/sonetica.md\/ro\/"},{"@type":"ListItem","position":2,"name":"Termeni \u0219i condi\u021bii"}]},{"@type":"WebSite","@id":"https:\/\/sonetica.md\/ro\/#website","url":"https:\/\/sonetica.md\/ro\/","name":"Sonetica","description":"Audio Equipment and Accessories","publisher":{"@id":"https:\/\/sonetica.md\/ro\/#organization"},"potentialAction":[{"@type":"SearchAction","target":{"@type":"EntryPoint","urlTemplate":"https:\/\/sonetica.md\/ro\/?s={search_term_string}"},"query-input":{"@type":"PropertyValueSpecification","valueRequired":true,"valueName":"search_term_string"}}],"inLanguage":"ro-RO"},{"@type":["Organization","Place","ElectronicsStore"],"@id":"https:\/\/sonetica.md\/ro\/#organization","name":"Sonetica","url":"https:\/\/sonetica.md\/ro\/","logo":{"@id":"https:\/\/sonetica.md\/ro\/termeni-si-conditii\/#local-main-organization-logo"},"image":{"@id":"https:\/\/sonetica.md\/ro\/termeni-si-conditii\/#local-main-organization-logo"},"sameAs":["https:\/\/www.facebook.com\/sonetica.md"],"legalName":"Sonetica SRL","address":{"@id":"https:\/\/sonetica.md\/ro\/termeni-si-conditii\/#local-main-place-address"},"telephone":["+373 22 274866"],"contactPoint":{"@type":"ContactPoint","telephone":"(022) 27-48-66"},"openingHoursSpecification":[{"@type":"OpeningHoursSpecification","dayOfWeek":["Monday","Tuesday","Wednesday","Thursday","Friday"],"opens":"10:00","closes":"17:00"},{"@type":"OpeningHoursSpecification","dayOfWeek":["Saturday","Sunday"],"opens":"00:00","closes":"00:00"}],"vatID":"0203112","taxID":"1003600083647","currenciesAccepted":"MDL","paymentAccepted":"Cash, Card"},{"@type":"PostalAddress","@id":"https:\/\/sonetica.md\/ro\/termeni-si-conditii\/#local-main-place-address","streetAddress":"V. Alecsandri 30","addressLocality":"Chisinau","postalCode":"MD-2009","addressCountry":"MD"},{"@type":"ImageObject","inLanguage":"ro-RO","@id":"https:\/\/sonetica.md\/ro\/termeni-si-conditii\/#local-main-organization-logo","url":"https:\/\/sonetica.md\/wp-content\/uploads\/2025\/11\/sonetica_logo.png","contentUrl":"https:\/\/sonetica.md\/wp-content\/uploads\/2025\/11\/sonetica_logo.png","width":453,"height":453,"caption":"Sonetica"}]},"geo.placename":"Chisinau","geo.region":"Republica Moldova"},"_links":{"self":[{"href":"https:\/\/sonetica.md\/ro\/wp-json\/wp\/v2\/pages\/4576","targetHints":{"allow":["GET"]}}],"collection":[{"href":"https:\/\/sonetica.md\/ro\/wp-json\/wp\/v2\/pages"}],"about":[{"href":"https:\/\/sonetica.md\/ro\/wp-json\/wp\/v2\/types\/page"}],"author":[{"embeddable":true,"href":"https:\/\/sonetica.md\/ro\/wp-json\/wp\/v2\/users\/1"}],"replies":[{"embeddable":true,"href":"https:\/\/sonetica.md\/ro\/wp-json\/wp\/v2\/comments?post=4576"}],"version-history":[{"count":3,"href":"https:\/\/sonetica.md\/ro\/wp-json\/wp\/v2\/pages\/4576\/revisions"}],"predecessor-version":[{"id":5072,"href":"https:\/\/sonetica.md\/ro\/wp-json\/wp\/v2\/pages\/4576\/revisions\/5072"}],"wp:attachment":[{"href":"https:\/\/sonetica.md\/ro\/wp-json\/wp\/v2\/media?parent=4576"}],"curies":[{"name":"wp","href":"https:\/\/api.w.org\/{rel}","templated":true}]}}