{"id":2581,"date":"2025-11-07T21:49:24","date_gmt":"2025-11-07T19:49:24","guid":{"rendered":"https:\/\/sonetica.md\/?post_type=product&#038;p=2581"},"modified":"2025-11-07T21:49:24","modified_gmt":"2025-11-07T19:49:24","slug":"fbt-j-maxx-112a","status":"publish","type":"product","link":"https:\/\/sonetica.md\/ro\/produs\/fbt-j-maxx-112a\/","title":{"rendered":"FBT J MAXX 112A"},"content":{"rendered":"<p>FBT JMaxX 112A este o box\u0103 activ\u0103 procesat\u0103 pe 2 c\u0103i, av\u00e2nd un woofer LF de 12&#8243; cu bobin\u0103 vocal\u0103 de 2&#8243; \u0219i un driver de compresie HF cu g\u00e2t de ie\u0219ire de 1&#8243; \u0219i bobin\u0103 vocal\u0103 de 1&#8243;. Este bi-amplificat\u0103 cu amplificatoare de putere de clas\u0103 D, 700W RMS LF \u0219i 200W RMS HF, cu o surs\u0103 de alimentare cu comuta\u021bie, oferind un SPL maxim cont\/peak de 131 dB. Boxa include un DSP cu 4 preset\u0103ri EQ \u0219i este g\u0103zduit\u0103 \u00eentr-o incint\u0103 din polipropilen\u0103 turnat\u0103 prin injec\u021bie de gaz incredibil de u\u0219oar\u0103 (greutate net\u0103 13,8 Kg).<\/p>\n<p>Specifica\u021bii:<br \/>\nConfigura\u021bie: 2 c\u0103i<br \/>\nR\u0103spuns \u00een frecven\u021b\u0103: 48Hz &#8211; 20kHz<br \/>\nWoofer de frecven\u021b\u0103 joas\u0103: 12&#8243; (VC 2&#8243;)<br \/>\nDriver de frecven\u021b\u0103 \u00eenalt\u0103: 1&#8243; (VC 1&#8243;)<br \/>\nSPL maxim cont\/peak: 131 dB<br \/>\nDispersie: 90\u00b0 Orizontal x 60\u00b0 Vertical<br \/>\nAmplificator \u00eencorporat LF\/HF: 700W\/200W<br \/>\nDimensiuni: 402 x 644 x 345 mm<br \/>\nGreutate net\u0103: 13,8 kg<br \/>\nConector de intrare: XLR + Jack 6,3mm<br \/>\nPanou de control cu: XLR IN \u0219i XLR LINK, Volum, preset\u0103ri EQ, filtru HP, comutator GND LFT.<br \/>\nDispune de 2 puncte de suspensie M10, soclu de suport pentru difuzor tip &#8222;top-hat&#8221; de 35mm (1.3\/8&#8243;) \u0219i plac\u0103 de flan\u0219\u0103 pentru montarea pe perete.<\/p>\n","protected":false},"excerpt":{"rendered":"<p>Box\u0103 activ\u0103 full-range, difuzoare de 12&#8243; \u0219i 1&#8243;, 900W, 131dB.<\/p>\n","protected":false},"featured_media":4040,"template":"","meta":{"_acf_changed":false,"_gspb_post_css":""},"product_brand":[413],"product_cat":[323],"product_tag":[],"class_list":{"0":"post-2581","1":"product","2":"type-product","3":"status-publish","4":"has-post-thumbnail","6":"product_brand-fbt","7":"product_cat-active-loudspeakers","9":"first","10":"instock","11":"taxable","12":"shipping-taxable","13":"purchasable","14":"product-type-simple"},"acf":[],"yoast_head":"<!-- This site is optimized with the Yoast SEO Premium plugin v27.2 (Yoast SEO v27.2) - https:\/\/yoast.com\/product\/yoast-seo-premium-wordpress\/ -->\n<title>FBT J MAXX 112A cump\u0103r\u0103 \u00een Moldova | Sonetica<\/title>\n<meta name=\"description\" content=\"Cump\u0103ra\u021bi FBT J MAXX 112A \u00een magazinul Sonetica. Livrare \u00een Moldova. Garan\u021bie oficial\u0103.\" \/>\n<meta name=\"robots\" content=\"index, follow, max-snippet:-1, max-image-preview:large, max-video-preview:-1\" \/>\n<link rel=\"canonical\" href=\"https:\/\/sonetica.md\/ro\/produs\/fbt-j-maxx-112a\/\" \/>\n<meta property=\"og:locale\" content=\"ro_RO\" \/>\n<meta property=\"og:type\" content=\"article\" \/>\n<meta property=\"og:title\" content=\"FBT J MAXX 112A cump\u0103r\u0103 \u00een Moldova | Sonetica\" \/>\n<meta property=\"og:description\" content=\"Cump\u0103r\u0103 FBT J MAXX 112A din magazinul Sonetica. Livrare \u00een Moldova. Garan\u021bie oficial\u0103.\" \/>\n<meta property=\"og:url\" content=\"https:\/\/sonetica.md\/ro\/produs\/fbt-j-maxx-112a\/\" \/>\n<meta property=\"og:site_name\" content=\"Sonetica\" \/>\n<meta property=\"article:publisher\" content=\"https:\/\/www.facebook.com\/sonetica.md\" \/>\n<meta property=\"og:image\" content=\"https:\/\/sonetica.md\/wp-content\/uploads\/2025\/10\/fbt-jmaxx-112a.jpg\" \/>\n\t<meta property=\"og:image:width\" content=\"1000\" \/>\n\t<meta property=\"og:image:height\" content=\"751\" \/>\n\t<meta property=\"og:image:type\" content=\"image\/jpeg\" \/>\n<meta name=\"twitter:card\" content=\"summary_large_image\" \/>\n<meta name=\"twitter:label1\" content=\"Pre\u021b\" \/>\n\t<meta name=\"twitter:data1\" content=\"11.000,00&nbsp;MDL\" \/>\n\t<meta name=\"twitter:label2\" content=\"Disponibilitate\" \/>\n\t<meta name=\"twitter:data2\" content=\"\u00cen stoc\" \/>\n<script type=\"application\/ld+json\" class=\"yoast-schema-graph\">{\"@context\":\"https:\/\/schema.org\",\"@graph\":[{\"@type\":\"WebPage\",\"@id\":\"https:\/\/sonetica.md\/ro\/produs\/fbt-j-maxx-112a\/\",\"url\":\"https:\/\/sonetica.md\/ro\/produs\/fbt-j-maxx-112a\/\",\"name\":\"FBT J MAXX 112A cump\u0103r\u0103 \u00een Moldova | Sonetica\",\"isPartOf\":{\"@id\":\"https:\/\/sonetica.md\/ro\/#website\"},\"primaryImageOfPage\":{\"@id\":\"https:\/\/sonetica.md\/ro\/produs\/fbt-j-maxx-112a\/#primaryimage\"},\"image\":{\"@id\":\"https:\/\/sonetica.md\/ro\/produs\/fbt-j-maxx-112a\/#primaryimage\"},\"thumbnailUrl\":\"https:\/\/sonetica.md\/wp-content\/uploads\/2025\/10\/fbt-jmaxx-112a.jpg\",\"datePublished\":\"2025-11-07T19:49:24+00:00\",\"description\":\"Cump\u0103ra\u021bi FBT J MAXX 112A \u00een magazinul Sonetica. Livrare \u00een Moldova. Garan\u021bie oficial\u0103.\",\"breadcrumb\":{\"@id\":\"https:\/\/sonetica.md\/ro\/produs\/fbt-j-maxx-112a\/#breadcrumb\"},\"inLanguage\":\"ro-RO\",\"potentialAction\":[{\"@type\":\"ReadAction\",\"target\":[\"https:\/\/sonetica.md\/ro\/produs\/fbt-j-maxx-112a\/\"]}]},{\"@type\":\"ImageObject\",\"inLanguage\":\"ro-RO\",\"@id\":\"https:\/\/sonetica.md\/ro\/produs\/fbt-j-maxx-112a\/#primaryimage\",\"url\":\"https:\/\/sonetica.md\/wp-content\/uploads\/2025\/10\/fbt-jmaxx-112a.jpg\",\"contentUrl\":\"https:\/\/sonetica.md\/wp-content\/uploads\/2025\/10\/fbt-jmaxx-112a.jpg\",\"width\":1000,\"height\":751},{\"@type\":\"BreadcrumbList\",\"@id\":\"https:\/\/sonetica.md\/ro\/produs\/fbt-j-maxx-112a\/#breadcrumb\",\"itemListElement\":[{\"@type\":\"ListItem\",\"position\":1,\"name\":\"Acas\u0103\",\"item\":\"https:\/\/sonetica.md\/ro\/\"},{\"@type\":\"ListItem\",\"position\":2,\"name\":\"Produse\",\"item\":\"https:\/\/sonetica.md\/ro\/shop\/\"},{\"@type\":\"ListItem\",\"position\":3,\"name\":\"Boxe\",\"item\":\"https:\/\/sonetica.md\/ro\/product-category\/pa-loudspeakers\/\"},{\"@type\":\"ListItem\",\"position\":4,\"name\":\"Boxe Active\",\"item\":\"https:\/\/sonetica.md\/ro\/product-category\/pa-loudspeakers\/active-loudspeakers\/\"},{\"@type\":\"ListItem\",\"position\":5,\"name\":\"FBT J MAXX 112A\"}]},{\"@type\":\"WebSite\",\"@id\":\"https:\/\/sonetica.md\/ro\/#website\",\"url\":\"https:\/\/sonetica.md\/ro\/\",\"name\":\"Sonetica\",\"description\":\"Audio Equipment and Accessories\",\"publisher\":{\"@id\":\"https:\/\/sonetica.md\/ro\/#organization\"},\"potentialAction\":[{\"@type\":\"SearchAction\",\"target\":{\"@type\":\"EntryPoint\",\"urlTemplate\":\"https:\/\/sonetica.md\/ro\/?s={search_term_string}\"},\"query-input\":{\"@type\":\"PropertyValueSpecification\",\"valueRequired\":true,\"valueName\":\"search_term_string\"}}],\"inLanguage\":\"ro-RO\"},{\"@type\":[\"Organization\",\"Place\",\"ElectronicsStore\"],\"@id\":\"https:\/\/sonetica.md\/ro\/#organization\",\"name\":\"Sonetica\",\"url\":\"https:\/\/sonetica.md\/ro\/\",\"logo\":{\"@id\":\"https:\/\/sonetica.md\/ro\/produs\/fbt-j-maxx-112a\/#local-main-organization-logo\"},\"image\":{\"@id\":\"https:\/\/sonetica.md\/ro\/produs\/fbt-j-maxx-112a\/#local-main-organization-logo\"},\"sameAs\":[\"https:\/\/www.facebook.com\/sonetica.md\"],\"legalName\":\"Sonetica SRL\",\"address\":{\"@id\":\"https:\/\/sonetica.md\/ro\/produs\/fbt-j-maxx-112a\/#local-main-place-address\"},\"telephone\":[\"+373 22 274866\"],\"contactPoint\":{\"@type\":\"ContactPoint\",\"telephone\":\"(022) 27-48-66\"},\"openingHoursSpecification\":[{\"@type\":\"OpeningHoursSpecification\",\"dayOfWeek\":[\"Monday\",\"Tuesday\",\"Wednesday\",\"Thursday\",\"Friday\"],\"opens\":\"10:00\",\"closes\":\"17:00\"},{\"@type\":\"OpeningHoursSpecification\",\"dayOfWeek\":[\"Saturday\",\"Sunday\"],\"opens\":\"00:00\",\"closes\":\"00:00\"}],\"vatID\":\"0203112\",\"taxID\":\"1003600083647\",\"currenciesAccepted\":\"MDL\",\"paymentAccepted\":\"Cash, Card\"},{\"@type\":\"PostalAddress\",\"@id\":\"https:\/\/sonetica.md\/ro\/produs\/fbt-j-maxx-112a\/#local-main-place-address\",\"streetAddress\":\"V. Alecsandri 30\",\"addressLocality\":\"Chisinau\",\"postalCode\":\"MD-2009\",\"addressCountry\":\"MD\"},{\"@type\":\"ImageObject\",\"inLanguage\":\"ro-RO\",\"@id\":\"https:\/\/sonetica.md\/ro\/produs\/fbt-j-maxx-112a\/#local-main-organization-logo\",\"url\":\"https:\/\/sonetica.md\/wp-content\/uploads\/2025\/11\/sonetica_logo.png\",\"contentUrl\":\"https:\/\/sonetica.md\/wp-content\/uploads\/2025\/11\/sonetica_logo.png\",\"width\":453,\"height\":453,\"caption\":\"Sonetica\"}]}<\/script>\n<meta property=\"product:brand\" content=\"FBT\" \/>\n<meta property=\"product:price:amount\" content=\"11000.00\" \/>\n<meta property=\"product:price:currency\" content=\"MDL\" \/>\n<meta property=\"og:availability\" content=\"instock\" \/>\n<meta property=\"product:availability\" content=\"instock\" \/>\n<meta property=\"product:retailer_item_id\" content=\"FBT-JMAXX112A\" \/>\n<meta property=\"product:condition\" content=\"new\" \/>\n<meta name=\"geo.placename\" content=\"Chisinau\" \/>\n<meta name=\"geo.region\" content=\"Republica Moldova\" \/>\n<!-- \/ Yoast SEO Premium plugin. -->","yoast_head_json":{"title":"FBT J MAXX 112A cump\u0103r\u0103 \u00een Moldova | Sonetica","description":"Cump\u0103ra\u021bi FBT J MAXX 112A \u00een magazinul Sonetica. Livrare \u00een Moldova. Garan\u021bie oficial\u0103.","robots":{"index":"index","follow":"follow","max-snippet":"max-snippet:-1","max-image-preview":"max-image-preview:large","max-video-preview":"max-video-preview:-1"},"canonical":"https:\/\/sonetica.md\/ro\/produs\/fbt-j-maxx-112a\/","og_locale":"ro_RO","og_type":"article","og_title":"FBT J MAXX 112A cump\u0103r\u0103 \u00een Moldova | Sonetica","og_description":"Cump\u0103r\u0103 FBT J MAXX 112A din magazinul Sonetica. Livrare \u00een Moldova. Garan\u021bie oficial\u0103.","og_url":"https:\/\/sonetica.md\/ro\/produs\/fbt-j-maxx-112a\/","og_site_name":"Sonetica","article_publisher":"https:\/\/www.facebook.com\/sonetica.md","og_image":[{"width":1000,"height":751,"url":"https:\/\/sonetica.md\/wp-content\/uploads\/2025\/10\/fbt-jmaxx-112a.jpg","type":"image\/jpeg"}],"twitter_card":"summary_large_image","twitter_misc":{"Pre\u021b":"11.000,00&nbsp;MDL","Disponibilitate":"\u00cen stoc"},"schema":{"@context":"https:\/\/schema.org","@graph":[{"@type":"WebPage","@id":"https:\/\/sonetica.md\/ro\/produs\/fbt-j-maxx-112a\/","url":"https:\/\/sonetica.md\/ro\/produs\/fbt-j-maxx-112a\/","name":"FBT J MAXX 112A cump\u0103r\u0103 \u00een Moldova | Sonetica","isPartOf":{"@id":"https:\/\/sonetica.md\/ro\/#website"},"primaryImageOfPage":{"@id":"https:\/\/sonetica.md\/ro\/produs\/fbt-j-maxx-112a\/#primaryimage"},"image":{"@id":"https:\/\/sonetica.md\/ro\/produs\/fbt-j-maxx-112a\/#primaryimage"},"thumbnailUrl":"https:\/\/sonetica.md\/wp-content\/uploads\/2025\/10\/fbt-jmaxx-112a.jpg","datePublished":"2025-11-07T19:49:24+00:00","description":"Cump\u0103ra\u021bi FBT J MAXX 112A \u00een magazinul Sonetica. Livrare \u00een Moldova. Garan\u021bie oficial\u0103.","breadcrumb":{"@id":"https:\/\/sonetica.md\/ro\/produs\/fbt-j-maxx-112a\/#breadcrumb"},"inLanguage":"ro-RO","potentialAction":[{"@type":"ReadAction","target":["https:\/\/sonetica.md\/ro\/produs\/fbt-j-maxx-112a\/"]}]},{"@type":"ImageObject","inLanguage":"ro-RO","@id":"https:\/\/sonetica.md\/ro\/produs\/fbt-j-maxx-112a\/#primaryimage","url":"https:\/\/sonetica.md\/wp-content\/uploads\/2025\/10\/fbt-jmaxx-112a.jpg","contentUrl":"https:\/\/sonetica.md\/wp-content\/uploads\/2025\/10\/fbt-jmaxx-112a.jpg","width":1000,"height":751},{"@type":"BreadcrumbList","@id":"https:\/\/sonetica.md\/ro\/produs\/fbt-j-maxx-112a\/#breadcrumb","itemListElement":[{"@type":"ListItem","position":1,"name":"Acas\u0103","item":"https:\/\/sonetica.md\/ro\/"},{"@type":"ListItem","position":2,"name":"Produse","item":"https:\/\/sonetica.md\/ro\/shop\/"},{"@type":"ListItem","position":3,"name":"Boxe","item":"https:\/\/sonetica.md\/ro\/product-category\/pa-loudspeakers\/"},{"@type":"ListItem","position":4,"name":"Boxe Active","item":"https:\/\/sonetica.md\/ro\/product-category\/pa-loudspeakers\/active-loudspeakers\/"},{"@type":"ListItem","position":5,"name":"FBT J MAXX 112A"}]},{"@type":"WebSite","@id":"https:\/\/sonetica.md\/ro\/#website","url":"https:\/\/sonetica.md\/ro\/","name":"Sonetica","description":"Audio Equipment and Accessories","publisher":{"@id":"https:\/\/sonetica.md\/ro\/#organization"},"potentialAction":[{"@type":"SearchAction","target":{"@type":"EntryPoint","urlTemplate":"https:\/\/sonetica.md\/ro\/?s={search_term_string}"},"query-input":{"@type":"PropertyValueSpecification","valueRequired":true,"valueName":"search_term_string"}}],"inLanguage":"ro-RO"},{"@type":["Organization","Place","ElectronicsStore"],"@id":"https:\/\/sonetica.md\/ro\/#organization","name":"Sonetica","url":"https:\/\/sonetica.md\/ro\/","logo":{"@id":"https:\/\/sonetica.md\/ro\/produs\/fbt-j-maxx-112a\/#local-main-organization-logo"},"image":{"@id":"https:\/\/sonetica.md\/ro\/produs\/fbt-j-maxx-112a\/#local-main-organization-logo"},"sameAs":["https:\/\/www.facebook.com\/sonetica.md"],"legalName":"Sonetica SRL","address":{"@id":"https:\/\/sonetica.md\/ro\/produs\/fbt-j-maxx-112a\/#local-main-place-address"},"telephone":["+373 22 274866"],"contactPoint":{"@type":"ContactPoint","telephone":"(022) 27-48-66"},"openingHoursSpecification":[{"@type":"OpeningHoursSpecification","dayOfWeek":["Monday","Tuesday","Wednesday","Thursday","Friday"],"opens":"10:00","closes":"17:00"},{"@type":"OpeningHoursSpecification","dayOfWeek":["Saturday","Sunday"],"opens":"00:00","closes":"00:00"}],"vatID":"0203112","taxID":"1003600083647","currenciesAccepted":"MDL","paymentAccepted":"Cash, Card"},{"@type":"PostalAddress","@id":"https:\/\/sonetica.md\/ro\/produs\/fbt-j-maxx-112a\/#local-main-place-address","streetAddress":"V. Alecsandri 30","addressLocality":"Chisinau","postalCode":"MD-2009","addressCountry":"MD"},{"@type":"ImageObject","inLanguage":"ro-RO","@id":"https:\/\/sonetica.md\/ro\/produs\/fbt-j-maxx-112a\/#local-main-organization-logo","url":"https:\/\/sonetica.md\/wp-content\/uploads\/2025\/11\/sonetica_logo.png","contentUrl":"https:\/\/sonetica.md\/wp-content\/uploads\/2025\/11\/sonetica_logo.png","width":453,"height":453,"caption":"Sonetica"}]},"product_brand":"FBT","product_price_amount":"11000.00","product_price_currency":"MDL","og_availability":"instock","product_availability":"instock","product_retailer_item_id":"FBT-JMAXX112A","product_condition":"new","geo.placename":"Chisinau","geo.region":"Republica Moldova"},"_links":{"self":[{"href":"https:\/\/sonetica.md\/ro\/wp-json\/wp\/v2\/product\/2581","targetHints":{"allow":["GET"]}}],"collection":[{"href":"https:\/\/sonetica.md\/ro\/wp-json\/wp\/v2\/product"}],"about":[{"href":"https:\/\/sonetica.md\/ro\/wp-json\/wp\/v2\/types\/product"}],"wp:featuredmedia":[{"embeddable":true,"href":"https:\/\/sonetica.md\/ro\/wp-json\/wp\/v2\/media\/4040"}],"wp:attachment":[{"href":"https:\/\/sonetica.md\/ro\/wp-json\/wp\/v2\/media?parent=2581"}],"wp:term":[{"taxonomy":"product_brand","embeddable":true,"href":"https:\/\/sonetica.md\/ro\/wp-json\/wp\/v2\/product_brand?post=2581"},{"taxonomy":"product_cat","embeddable":true,"href":"https:\/\/sonetica.md\/ro\/wp-json\/wp\/v2\/product_cat?post=2581"},{"taxonomy":"product_tag","embeddable":true,"href":"https:\/\/sonetica.md\/ro\/wp-json\/wp\/v2\/product_tag?post=2581"}],"curies":[{"name":"wp","href":"https:\/\/api.w.org\/{rel}","templated":true}]}}