{"id":2590,"date":"2025-11-07T21:49:17","date_gmt":"2025-11-07T19:49:17","guid":{"rendered":"https:\/\/sonetica.md\/?post_type=product&#038;p=2590"},"modified":"2025-11-07T21:49:17","modified_gmt":"2025-11-07T19:49:17","slug":"proel-v12free","status":"publish","type":"product","link":"https:\/\/sonetica.md\/ro\/produs\/proel-v12free\/","title":{"rendered":"Proel V12FREE"},"content":{"rendered":"<p>Proel V12 FREE este o box\u0103 portabil\u0103 combo, all-in-one, alimentat\u0103 cu baterie. Dispune de o incint\u0103 ventilat\u0103 pe 2 c\u0103i cu un woofer de 12\u201d (cu bobin\u0103 vocal\u0103 de 2\u201d) \u0219i un driver de compresie din neodim de 1\u201d cu \u00eenc\u0103rcare tip corn. Este alimentat\u0103 de un amplificator Clasa D de 400W (200 W putere continu\u0103\/RMS) cu SMPS. Sec\u021biunea integrat\u0103 a mixerului cu 3 canale include: * 2 x intr\u0103ri MIC\/LINE (XLR-F + JACK 1.4&#8243;) * 1 x intrare STEREO LINE (2xRCA + MINI-JACK) * 2 x intr\u0103ri USB Tip-A pentru microfoane wireless 2.4GHZ U24H \u0219i U24B * Player MP3 cu port USB, slot SD, conexiune BLUETOOTH \u0219i afi\u0219aj LCD * Efect ECHO \u00eencorporat * IE\u0218IRE MONO LINE (JACK 1.4&#8243;) * Controale EQ pe 2 benzi (\u00ceNALTE + JOASE)Specifica\u021bii: * R\u0103spuns \u00een frecven\u021b\u0103: 50 Hz &#8211; 20 kHz * SPL maxim: 123 dB * Acoperire unghiular\u0103: 90\u00b0 H x 60\u00b0 V * Baterie re\u00eenc\u0103rcabil\u0103: 11.1 V \/ 8000 mAh Li-ion * Timp de re\u00eenc\u0103rcare a bateriei: 4-5 ore * Timp de func\u021bionare a bateriei: P\u00e2n\u0103 la 10-12 ore * Alimentare: 100 V-240 V~ 50\/60 Hz * Consum nominal: 300 W * Dimensiuni (L x \u00ce x A): 380 x 603 x 359 mm * Greutate: 14.5 kg (32 lb.) * Cabinet: Cabinet PP compact \u0219i u\u0219or cu m\u00e2ner retractabil \u0219i dou\u0103 ro\u021bi spate (func\u021bie de c\u0103rucior) * Montare: 1 x montare pe st\u00e2lp jos<\/p>\n","protected":false},"excerpt":{"rendered":"<p>Box\u0103 portabil\u0103, putere de v\u00e2rf 400W, baterie de 10 ore, difuzor de joase de 12&#8243;.<\/p>\n","protected":false},"featured_media":1403,"template":"","meta":{"_acf_changed":false,"_gspb_post_css":""},"product_brand":[419],"product_cat":[329],"product_tag":[],"class_list":{"0":"post-2590","1":"product","2":"type-product","3":"status-publish","4":"has-post-thumbnail","6":"product_brand-proel","7":"product_cat-portable-audio-systems","9":"first","10":"instock","11":"taxable","12":"shipping-taxable","13":"purchasable","14":"product-type-simple"},"acf":[],"yoast_head":"<!-- This site is optimized with the Yoast SEO Premium plugin v27.2 (Yoast SEO v27.2) - https:\/\/yoast.com\/product\/yoast-seo-premium-wordpress\/ -->\n<title>Proel V12FREE cump\u0103r\u0103 \u00een Moldova | Sonetica<\/title>\n<meta name=\"description\" content=\"Cump\u0103ra\u021bi Proel V12FREE \u00een magazinul Sonetica. Livrare \u00een Moldova. Garan\u021bie oficial\u0103.\" \/>\n<meta name=\"robots\" content=\"index, follow, max-snippet:-1, max-image-preview:large, max-video-preview:-1\" \/>\n<link rel=\"canonical\" href=\"https:\/\/sonetica.md\/ro\/produs\/proel-v12free\/\" \/>\n<meta property=\"og:locale\" content=\"ro_RO\" \/>\n<meta property=\"og:type\" content=\"article\" \/>\n<meta property=\"og:title\" content=\"Proel V12FREE cump\u0103r\u0103 \u00een Moldova | Sonetica\" \/>\n<meta property=\"og:description\" content=\"Cump\u0103r\u0103 Proel V12FREE din magazinul Sonetica. Livrare \u00een Moldova. Garan\u021bie oficial\u0103.\" \/>\n<meta property=\"og:url\" content=\"https:\/\/sonetica.md\/ro\/produs\/proel-v12free\/\" \/>\n<meta property=\"og:site_name\" content=\"Sonetica\" \/>\n<meta property=\"article:publisher\" content=\"https:\/\/www.facebook.com\/sonetica.md\" \/>\n<meta property=\"og:image\" content=\"https:\/\/sonetica.md\/wp-content\/uploads\/2025\/10\/v12free.jpg\" \/>\n\t<meta property=\"og:image:width\" content=\"1000\" \/>\n\t<meta property=\"og:image:height\" content=\"1000\" \/>\n\t<meta property=\"og:image:type\" content=\"image\/jpeg\" \/>\n<meta name=\"twitter:card\" content=\"summary_large_image\" \/>\n<meta name=\"twitter:label1\" content=\"Pre\u021b\" \/>\n\t<meta name=\"twitter:data1\" content=\"9.500,00&nbsp;MDL\" \/>\n\t<meta name=\"twitter:label2\" content=\"Disponibilitate\" \/>\n\t<meta name=\"twitter:data2\" content=\"\u00cen stoc\" \/>\n<script type=\"application\/ld+json\" class=\"yoast-schema-graph\">{\"@context\":\"https:\/\/schema.org\",\"@graph\":[{\"@type\":\"WebPage\",\"@id\":\"https:\/\/sonetica.md\/ro\/produs\/proel-v12free\/\",\"url\":\"https:\/\/sonetica.md\/ro\/produs\/proel-v12free\/\",\"name\":\"Proel V12FREE cump\u0103r\u0103 \u00een Moldova | Sonetica\",\"isPartOf\":{\"@id\":\"https:\/\/sonetica.md\/ro\/#website\"},\"primaryImageOfPage\":{\"@id\":\"https:\/\/sonetica.md\/ro\/produs\/proel-v12free\/#primaryimage\"},\"image\":{\"@id\":\"https:\/\/sonetica.md\/ro\/produs\/proel-v12free\/#primaryimage\"},\"thumbnailUrl\":\"https:\/\/sonetica.md\/wp-content\/uploads\/2025\/10\/v12free.jpg\",\"datePublished\":\"2025-11-07T19:49:17+00:00\",\"description\":\"Cump\u0103ra\u021bi Proel V12FREE \u00een magazinul Sonetica. Livrare \u00een Moldova. Garan\u021bie oficial\u0103.\",\"breadcrumb\":{\"@id\":\"https:\/\/sonetica.md\/ro\/produs\/proel-v12free\/#breadcrumb\"},\"inLanguage\":\"ro-RO\",\"potentialAction\":[{\"@type\":\"ReadAction\",\"target\":[\"https:\/\/sonetica.md\/ro\/produs\/proel-v12free\/\"]}]},{\"@type\":\"ImageObject\",\"inLanguage\":\"ro-RO\",\"@id\":\"https:\/\/sonetica.md\/ro\/produs\/proel-v12free\/#primaryimage\",\"url\":\"https:\/\/sonetica.md\/wp-content\/uploads\/2025\/10\/v12free.jpg\",\"contentUrl\":\"https:\/\/sonetica.md\/wp-content\/uploads\/2025\/10\/v12free.jpg\",\"width\":1000,\"height\":1000},{\"@type\":\"BreadcrumbList\",\"@id\":\"https:\/\/sonetica.md\/ro\/produs\/proel-v12free\/#breadcrumb\",\"itemListElement\":[{\"@type\":\"ListItem\",\"position\":1,\"name\":\"Acas\u0103\",\"item\":\"https:\/\/sonetica.md\/ro\/\"},{\"@type\":\"ListItem\",\"position\":2,\"name\":\"Produse\",\"item\":\"https:\/\/sonetica.md\/ro\/shop\/\"},{\"@type\":\"ListItem\",\"position\":3,\"name\":\"Boxe\",\"item\":\"https:\/\/sonetica.md\/ro\/product-category\/pa-loudspeakers\/\"},{\"@type\":\"ListItem\",\"position\":4,\"name\":\"Sisteme Audio portabile\",\"item\":\"https:\/\/sonetica.md\/ro\/product-category\/pa-loudspeakers\/portable-audio-systems\/\"},{\"@type\":\"ListItem\",\"position\":5,\"name\":\"Proel V12FREE\"}]},{\"@type\":\"WebSite\",\"@id\":\"https:\/\/sonetica.md\/ro\/#website\",\"url\":\"https:\/\/sonetica.md\/ro\/\",\"name\":\"Sonetica\",\"description\":\"Audio Equipment and Accessories\",\"publisher\":{\"@id\":\"https:\/\/sonetica.md\/ro\/#organization\"},\"potentialAction\":[{\"@type\":\"SearchAction\",\"target\":{\"@type\":\"EntryPoint\",\"urlTemplate\":\"https:\/\/sonetica.md\/ro\/?s={search_term_string}\"},\"query-input\":{\"@type\":\"PropertyValueSpecification\",\"valueRequired\":true,\"valueName\":\"search_term_string\"}}],\"inLanguage\":\"ro-RO\"},{\"@type\":[\"Organization\",\"Place\",\"ElectronicsStore\"],\"@id\":\"https:\/\/sonetica.md\/ro\/#organization\",\"name\":\"Sonetica\",\"url\":\"https:\/\/sonetica.md\/ro\/\",\"logo\":{\"@id\":\"https:\/\/sonetica.md\/ro\/produs\/proel-v12free\/#local-main-organization-logo\"},\"image\":{\"@id\":\"https:\/\/sonetica.md\/ro\/produs\/proel-v12free\/#local-main-organization-logo\"},\"sameAs\":[\"https:\/\/www.facebook.com\/sonetica.md\"],\"legalName\":\"Sonetica SRL\",\"address\":{\"@id\":\"https:\/\/sonetica.md\/ro\/produs\/proel-v12free\/#local-main-place-address\"},\"telephone\":[\"+373 22 274866\"],\"contactPoint\":{\"@type\":\"ContactPoint\",\"telephone\":\"(022) 27-48-66\"},\"openingHoursSpecification\":[{\"@type\":\"OpeningHoursSpecification\",\"dayOfWeek\":[\"Monday\",\"Tuesday\",\"Wednesday\",\"Thursday\",\"Friday\"],\"opens\":\"10:00\",\"closes\":\"17:00\"},{\"@type\":\"OpeningHoursSpecification\",\"dayOfWeek\":[\"Saturday\",\"Sunday\"],\"opens\":\"00:00\",\"closes\":\"00:00\"}],\"vatID\":\"0203112\",\"taxID\":\"1003600083647\",\"currenciesAccepted\":\"MDL\",\"paymentAccepted\":\"Cash, Card\"},{\"@type\":\"PostalAddress\",\"@id\":\"https:\/\/sonetica.md\/ro\/produs\/proel-v12free\/#local-main-place-address\",\"streetAddress\":\"V. Alecsandri 30\",\"addressLocality\":\"Chisinau\",\"postalCode\":\"MD-2009\",\"addressCountry\":\"MD\"},{\"@type\":\"ImageObject\",\"inLanguage\":\"ro-RO\",\"@id\":\"https:\/\/sonetica.md\/ro\/produs\/proel-v12free\/#local-main-organization-logo\",\"url\":\"https:\/\/sonetica.md\/wp-content\/uploads\/2025\/11\/sonetica_logo.png\",\"contentUrl\":\"https:\/\/sonetica.md\/wp-content\/uploads\/2025\/11\/sonetica_logo.png\",\"width\":453,\"height\":453,\"caption\":\"Sonetica\"}]}<\/script>\n<meta property=\"product:brand\" content=\"Proel\" \/>\n<meta property=\"product:price:amount\" content=\"9500.00\" \/>\n<meta property=\"product:price:currency\" content=\"MDL\" \/>\n<meta property=\"og:availability\" content=\"instock\" \/>\n<meta property=\"product:availability\" content=\"instock\" \/>\n<meta property=\"product:retailer_item_id\" content=\"PROEL-V12FREE\" \/>\n<meta property=\"product:condition\" content=\"new\" \/>\n<meta name=\"geo.placename\" content=\"Chisinau\" \/>\n<meta name=\"geo.region\" content=\"Republica Moldova\" \/>\n<!-- \/ Yoast SEO Premium plugin. -->","yoast_head_json":{"title":"Proel V12FREE cump\u0103r\u0103 \u00een Moldova | Sonetica","description":"Cump\u0103ra\u021bi Proel V12FREE \u00een magazinul Sonetica. Livrare \u00een Moldova. Garan\u021bie oficial\u0103.","robots":{"index":"index","follow":"follow","max-snippet":"max-snippet:-1","max-image-preview":"max-image-preview:large","max-video-preview":"max-video-preview:-1"},"canonical":"https:\/\/sonetica.md\/ro\/produs\/proel-v12free\/","og_locale":"ro_RO","og_type":"article","og_title":"Proel V12FREE cump\u0103r\u0103 \u00een Moldova | Sonetica","og_description":"Cump\u0103r\u0103 Proel V12FREE din magazinul Sonetica. Livrare \u00een Moldova. Garan\u021bie oficial\u0103.","og_url":"https:\/\/sonetica.md\/ro\/produs\/proel-v12free\/","og_site_name":"Sonetica","article_publisher":"https:\/\/www.facebook.com\/sonetica.md","og_image":[{"width":1000,"height":1000,"url":"https:\/\/sonetica.md\/wp-content\/uploads\/2025\/10\/v12free.jpg","type":"image\/jpeg"}],"twitter_card":"summary_large_image","twitter_misc":{"Pre\u021b":"9.500,00&nbsp;MDL","Disponibilitate":"\u00cen stoc"},"schema":{"@context":"https:\/\/schema.org","@graph":[{"@type":"WebPage","@id":"https:\/\/sonetica.md\/ro\/produs\/proel-v12free\/","url":"https:\/\/sonetica.md\/ro\/produs\/proel-v12free\/","name":"Proel V12FREE cump\u0103r\u0103 \u00een Moldova | Sonetica","isPartOf":{"@id":"https:\/\/sonetica.md\/ro\/#website"},"primaryImageOfPage":{"@id":"https:\/\/sonetica.md\/ro\/produs\/proel-v12free\/#primaryimage"},"image":{"@id":"https:\/\/sonetica.md\/ro\/produs\/proel-v12free\/#primaryimage"},"thumbnailUrl":"https:\/\/sonetica.md\/wp-content\/uploads\/2025\/10\/v12free.jpg","datePublished":"2025-11-07T19:49:17+00:00","description":"Cump\u0103ra\u021bi Proel V12FREE \u00een magazinul Sonetica. Livrare \u00een Moldova. Garan\u021bie oficial\u0103.","breadcrumb":{"@id":"https:\/\/sonetica.md\/ro\/produs\/proel-v12free\/#breadcrumb"},"inLanguage":"ro-RO","potentialAction":[{"@type":"ReadAction","target":["https:\/\/sonetica.md\/ro\/produs\/proel-v12free\/"]}]},{"@type":"ImageObject","inLanguage":"ro-RO","@id":"https:\/\/sonetica.md\/ro\/produs\/proel-v12free\/#primaryimage","url":"https:\/\/sonetica.md\/wp-content\/uploads\/2025\/10\/v12free.jpg","contentUrl":"https:\/\/sonetica.md\/wp-content\/uploads\/2025\/10\/v12free.jpg","width":1000,"height":1000},{"@type":"BreadcrumbList","@id":"https:\/\/sonetica.md\/ro\/produs\/proel-v12free\/#breadcrumb","itemListElement":[{"@type":"ListItem","position":1,"name":"Acas\u0103","item":"https:\/\/sonetica.md\/ro\/"},{"@type":"ListItem","position":2,"name":"Produse","item":"https:\/\/sonetica.md\/ro\/shop\/"},{"@type":"ListItem","position":3,"name":"Boxe","item":"https:\/\/sonetica.md\/ro\/product-category\/pa-loudspeakers\/"},{"@type":"ListItem","position":4,"name":"Sisteme Audio portabile","item":"https:\/\/sonetica.md\/ro\/product-category\/pa-loudspeakers\/portable-audio-systems\/"},{"@type":"ListItem","position":5,"name":"Proel V12FREE"}]},{"@type":"WebSite","@id":"https:\/\/sonetica.md\/ro\/#website","url":"https:\/\/sonetica.md\/ro\/","name":"Sonetica","description":"Audio Equipment and Accessories","publisher":{"@id":"https:\/\/sonetica.md\/ro\/#organization"},"potentialAction":[{"@type":"SearchAction","target":{"@type":"EntryPoint","urlTemplate":"https:\/\/sonetica.md\/ro\/?s={search_term_string}"},"query-input":{"@type":"PropertyValueSpecification","valueRequired":true,"valueName":"search_term_string"}}],"inLanguage":"ro-RO"},{"@type":["Organization","Place","ElectronicsStore"],"@id":"https:\/\/sonetica.md\/ro\/#organization","name":"Sonetica","url":"https:\/\/sonetica.md\/ro\/","logo":{"@id":"https:\/\/sonetica.md\/ro\/produs\/proel-v12free\/#local-main-organization-logo"},"image":{"@id":"https:\/\/sonetica.md\/ro\/produs\/proel-v12free\/#local-main-organization-logo"},"sameAs":["https:\/\/www.facebook.com\/sonetica.md"],"legalName":"Sonetica SRL","address":{"@id":"https:\/\/sonetica.md\/ro\/produs\/proel-v12free\/#local-main-place-address"},"telephone":["+373 22 274866"],"contactPoint":{"@type":"ContactPoint","telephone":"(022) 27-48-66"},"openingHoursSpecification":[{"@type":"OpeningHoursSpecification","dayOfWeek":["Monday","Tuesday","Wednesday","Thursday","Friday"],"opens":"10:00","closes":"17:00"},{"@type":"OpeningHoursSpecification","dayOfWeek":["Saturday","Sunday"],"opens":"00:00","closes":"00:00"}],"vatID":"0203112","taxID":"1003600083647","currenciesAccepted":"MDL","paymentAccepted":"Cash, Card"},{"@type":"PostalAddress","@id":"https:\/\/sonetica.md\/ro\/produs\/proel-v12free\/#local-main-place-address","streetAddress":"V. Alecsandri 30","addressLocality":"Chisinau","postalCode":"MD-2009","addressCountry":"MD"},{"@type":"ImageObject","inLanguage":"ro-RO","@id":"https:\/\/sonetica.md\/ro\/produs\/proel-v12free\/#local-main-organization-logo","url":"https:\/\/sonetica.md\/wp-content\/uploads\/2025\/11\/sonetica_logo.png","contentUrl":"https:\/\/sonetica.md\/wp-content\/uploads\/2025\/11\/sonetica_logo.png","width":453,"height":453,"caption":"Sonetica"}]},"product_brand":"Proel","product_price_amount":"9500.00","product_price_currency":"MDL","og_availability":"instock","product_availability":"instock","product_retailer_item_id":"PROEL-V12FREE","product_condition":"new","geo.placename":"Chisinau","geo.region":"Republica Moldova"},"_links":{"self":[{"href":"https:\/\/sonetica.md\/ro\/wp-json\/wp\/v2\/product\/2590","targetHints":{"allow":["GET"]}}],"collection":[{"href":"https:\/\/sonetica.md\/ro\/wp-json\/wp\/v2\/product"}],"about":[{"href":"https:\/\/sonetica.md\/ro\/wp-json\/wp\/v2\/types\/product"}],"wp:featuredmedia":[{"embeddable":true,"href":"https:\/\/sonetica.md\/ro\/wp-json\/wp\/v2\/media\/1403"}],"wp:attachment":[{"href":"https:\/\/sonetica.md\/ro\/wp-json\/wp\/v2\/media?parent=2590"}],"wp:term":[{"taxonomy":"product_brand","embeddable":true,"href":"https:\/\/sonetica.md\/ro\/wp-json\/wp\/v2\/product_brand?post=2590"},{"taxonomy":"product_cat","embeddable":true,"href":"https:\/\/sonetica.md\/ro\/wp-json\/wp\/v2\/product_cat?post=2590"},{"taxonomy":"product_tag","embeddable":true,"href":"https:\/\/sonetica.md\/ro\/wp-json\/wp\/v2\/product_tag?post=2590"}],"curies":[{"name":"wp","href":"https:\/\/api.w.org\/{rel}","templated":true}]}}