{"id":2594,"date":"2025-11-07T21:49:19","date_gmt":"2025-11-07T19:49:19","guid":{"rendered":"https:\/\/sonetica.md\/?post_type=product&#038;p=2594"},"modified":"2025-11-07T21:49:19","modified_gmt":"2025-11-07T19:49:19","slug":"fbt-c-csl630tic","status":"publish","type":"product","link":"https:\/\/sonetica.md\/ro\/produs\/fbt-c-csl630tic\/","title":{"rendered":"FBT-C CSL630TIC"},"content":{"rendered":"<p>FBT CSL 630 TIC este o box\u0103 de tavan coaxial\u0103 pasiv\u0103 de \u00eenalt\u0103 performan\u021b\u0103, proiectat\u0103 pentru sisteme de 70V \u0219i 100V, potrivit\u0103 pentru instala\u021bii audio comerciale \u0219i reziden\u021biale care necesit\u0103 o inteligibilitate ridicat\u0103 at\u00e2t a muzicii, c\u00e2t \u0219i a vorbirii. Dispune de un woofer de 6 inch \u0219i un tweeter de 1\/2 inch \u00eentr-un corp ABS \u0219i o gril\u0103 frontal\u0103 metalic\u0103 (plas\u0103 din fier vopsit\u0103 \u00een c\u00e2mp electrostatic \u00een alb RAL 9016). Sistemul inovator de fixare este proiectat pentru a reduce timpul de instalare.<\/p>\n<p>Specifica\u021bii:  * Putere Nominal\u0103: 30W<br \/>\n  * Prize de Putere (Power Taps): 30W\/15W\/7.5W\/3.8W &#038; 8\u03a9<br \/>\n  * Intrare Linie: 100V\/70V<br \/>\n  * R\u0103spuns \u00een Frecven\u021b\u0103: 90-20KHz (-6dB)<br \/>\n  * Sensibilitate (@1W\/1m): 88dB (+\/- 3dB)<br \/>\n  * SPL Maxim: 102dB la 100V 15W<br \/>\n  * Component\u0103 (Difuzor Frecven\u021be Joase): Woofer PP de 6&#8243; (margine din spum\u0103)<br \/>\n  * Component\u0103 (Difuzor Frecven\u021be \u00cenalte): Mylar de 1\/2&#8243;<br \/>\n  * Culoare Finisaj: Alb RAL 9016<br \/>\n  * Greutate Unitate (Greutate Net\u0103): 2.3 kg (5.07 lbs)<br \/>\n  * Dimensiuni (L x l x \u00ce): 9.06 x 5.91 x 5.91 inchi (230 x 150mm)<br \/>\n  * Decupaj pentru Montare (Diametru Decupaj): 7.87 inchi (200mm)<\/p>\n","protected":false},"excerpt":{"rendered":"<p>Difuzor pasiv de tavan de 6 inchi, 30W, 90-20KHz, 88dB, cu prize de 30W\/15W.<\/p>\n","protected":false},"featured_media":1536,"template":"","meta":{"_acf_changed":false,"_gspb_post_css":""},"product_brand":[413],"product_cat":[327],"product_tag":[],"class_list":{"0":"post-2594","1":"product","2":"type-product","3":"status-publish","4":"has-post-thumbnail","6":"product_brand-fbt","7":"product_cat-installation-loudspeakers","9":"first","10":"instock","11":"sale","12":"taxable","13":"shipping-taxable","14":"purchasable","15":"product-type-simple"},"acf":[],"yoast_head":"<!-- This site is optimized with the Yoast SEO Premium plugin v27.2 (Yoast SEO v27.2) - https:\/\/yoast.com\/product\/yoast-seo-premium-wordpress\/ -->\n<title>FBT-C CSL630TIC cump\u0103r\u0103 \u00een Moldova | Sonetica<\/title>\n<meta name=\"description\" content=\"Cump\u0103ra\u021bi FBT-C CSL630TIC \u00een magazinul Sonetica. Livrare \u00een Moldova. Garan\u021bie oficial\u0103.\" \/>\n<meta name=\"robots\" content=\"index, follow, max-snippet:-1, max-image-preview:large, max-video-preview:-1\" \/>\n<link rel=\"canonical\" href=\"https:\/\/sonetica.md\/ro\/produs\/fbt-c-csl630tic\/\" \/>\n<meta property=\"og:locale\" content=\"ro_RO\" \/>\n<meta property=\"og:type\" content=\"article\" \/>\n<meta property=\"og:title\" content=\"FBT-C CSL630TIC cump\u0103r\u0103 \u00een Moldova | Sonetica\" \/>\n<meta property=\"og:description\" content=\"Cump\u0103r\u0103 FBT-C CSL630TIC din magazinul Sonetica. Livrare \u00een Moldova. Garan\u021bie oficial\u0103.\" \/>\n<meta property=\"og:url\" content=\"https:\/\/sonetica.md\/ro\/produs\/fbt-c-csl630tic\/\" \/>\n<meta property=\"og:site_name\" content=\"Sonetica\" \/>\n<meta property=\"article:publisher\" content=\"https:\/\/www.facebook.com\/sonetica.md\" \/>\n<meta property=\"og:image\" content=\"https:\/\/sonetica.md\/wp-content\/uploads\/2025\/10\/fbt-c-csl630tic.jpg\" \/>\n\t<meta property=\"og:image:width\" content=\"550\" \/>\n\t<meta property=\"og:image:height\" content=\"550\" \/>\n\t<meta property=\"og:image:type\" content=\"image\/jpeg\" \/>\n<meta name=\"twitter:card\" content=\"summary_large_image\" \/>\n<meta name=\"twitter:label1\" content=\"Pre\u021b\" \/>\n\t<meta name=\"twitter:data1\" content=\"750,00&nbsp;MDL\" \/>\n\t<meta name=\"twitter:label2\" content=\"Disponibilitate\" \/>\n\t<meta name=\"twitter:data2\" content=\"\u00cen stoc\" \/>\n<script type=\"application\/ld+json\" class=\"yoast-schema-graph\">{\"@context\":\"https:\/\/schema.org\",\"@graph\":[{\"@type\":\"WebPage\",\"@id\":\"https:\/\/sonetica.md\/ro\/produs\/fbt-c-csl630tic\/\",\"url\":\"https:\/\/sonetica.md\/ro\/produs\/fbt-c-csl630tic\/\",\"name\":\"FBT-C CSL630TIC cump\u0103r\u0103 \u00een Moldova | Sonetica\",\"isPartOf\":{\"@id\":\"https:\/\/sonetica.md\/ro\/#website\"},\"primaryImageOfPage\":{\"@id\":\"https:\/\/sonetica.md\/ro\/produs\/fbt-c-csl630tic\/#primaryimage\"},\"image\":{\"@id\":\"https:\/\/sonetica.md\/ro\/produs\/fbt-c-csl630tic\/#primaryimage\"},\"thumbnailUrl\":\"https:\/\/sonetica.md\/wp-content\/uploads\/2025\/10\/fbt-c-csl630tic.jpg\",\"datePublished\":\"2025-11-07T19:49:19+00:00\",\"description\":\"Cump\u0103ra\u021bi FBT-C CSL630TIC \u00een magazinul Sonetica. Livrare \u00een Moldova. Garan\u021bie oficial\u0103.\",\"breadcrumb\":{\"@id\":\"https:\/\/sonetica.md\/ro\/produs\/fbt-c-csl630tic\/#breadcrumb\"},\"inLanguage\":\"ro-RO\",\"potentialAction\":[{\"@type\":\"ReadAction\",\"target\":[\"https:\/\/sonetica.md\/ro\/produs\/fbt-c-csl630tic\/\"]}]},{\"@type\":\"ImageObject\",\"inLanguage\":\"ro-RO\",\"@id\":\"https:\/\/sonetica.md\/ro\/produs\/fbt-c-csl630tic\/#primaryimage\",\"url\":\"https:\/\/sonetica.md\/wp-content\/uploads\/2025\/10\/fbt-c-csl630tic.jpg\",\"contentUrl\":\"https:\/\/sonetica.md\/wp-content\/uploads\/2025\/10\/fbt-c-csl630tic.jpg\",\"width\":550,\"height\":550},{\"@type\":\"BreadcrumbList\",\"@id\":\"https:\/\/sonetica.md\/ro\/produs\/fbt-c-csl630tic\/#breadcrumb\",\"itemListElement\":[{\"@type\":\"ListItem\",\"position\":1,\"name\":\"Acas\u0103\",\"item\":\"https:\/\/sonetica.md\/ro\/\"},{\"@type\":\"ListItem\",\"position\":2,\"name\":\"Produse\",\"item\":\"https:\/\/sonetica.md\/ro\/shop\/\"},{\"@type\":\"ListItem\",\"position\":3,\"name\":\"Boxe\",\"item\":\"https:\/\/sonetica.md\/ro\/product-category\/pa-loudspeakers\/\"},{\"@type\":\"ListItem\",\"position\":4,\"name\":\"Boxe pentru instala\u021bii\",\"item\":\"https:\/\/sonetica.md\/ro\/product-category\/pa-loudspeakers\/installation-loudspeakers\/\"},{\"@type\":\"ListItem\",\"position\":5,\"name\":\"FBT-C CSL630TIC\"}]},{\"@type\":\"WebSite\",\"@id\":\"https:\/\/sonetica.md\/ro\/#website\",\"url\":\"https:\/\/sonetica.md\/ro\/\",\"name\":\"Sonetica\",\"description\":\"Audio Equipment and Accessories\",\"publisher\":{\"@id\":\"https:\/\/sonetica.md\/ro\/#organization\"},\"potentialAction\":[{\"@type\":\"SearchAction\",\"target\":{\"@type\":\"EntryPoint\",\"urlTemplate\":\"https:\/\/sonetica.md\/ro\/?s={search_term_string}\"},\"query-input\":{\"@type\":\"PropertyValueSpecification\",\"valueRequired\":true,\"valueName\":\"search_term_string\"}}],\"inLanguage\":\"ro-RO\"},{\"@type\":[\"Organization\",\"Place\",\"ElectronicsStore\"],\"@id\":\"https:\/\/sonetica.md\/ro\/#organization\",\"name\":\"Sonetica\",\"url\":\"https:\/\/sonetica.md\/ro\/\",\"logo\":{\"@id\":\"https:\/\/sonetica.md\/ro\/produs\/fbt-c-csl630tic\/#local-main-organization-logo\"},\"image\":{\"@id\":\"https:\/\/sonetica.md\/ro\/produs\/fbt-c-csl630tic\/#local-main-organization-logo\"},\"sameAs\":[\"https:\/\/www.facebook.com\/sonetica.md\"],\"legalName\":\"Sonetica SRL\",\"address\":{\"@id\":\"https:\/\/sonetica.md\/ro\/produs\/fbt-c-csl630tic\/#local-main-place-address\"},\"telephone\":[\"+373 22 274866\"],\"contactPoint\":{\"@type\":\"ContactPoint\",\"telephone\":\"(022) 27-48-66\"},\"openingHoursSpecification\":[{\"@type\":\"OpeningHoursSpecification\",\"dayOfWeek\":[\"Monday\",\"Tuesday\",\"Wednesday\",\"Thursday\",\"Friday\"],\"opens\":\"10:00\",\"closes\":\"17:00\"},{\"@type\":\"OpeningHoursSpecification\",\"dayOfWeek\":[\"Saturday\",\"Sunday\"],\"opens\":\"00:00\",\"closes\":\"00:00\"}],\"vatID\":\"0203112\",\"taxID\":\"1003600083647\",\"currenciesAccepted\":\"MDL\",\"paymentAccepted\":\"Cash, Card\"},{\"@type\":\"PostalAddress\",\"@id\":\"https:\/\/sonetica.md\/ro\/produs\/fbt-c-csl630tic\/#local-main-place-address\",\"streetAddress\":\"V. Alecsandri 30\",\"addressLocality\":\"Chisinau\",\"postalCode\":\"MD-2009\",\"addressCountry\":\"MD\"},{\"@type\":\"ImageObject\",\"inLanguage\":\"ro-RO\",\"@id\":\"https:\/\/sonetica.md\/ro\/produs\/fbt-c-csl630tic\/#local-main-organization-logo\",\"url\":\"https:\/\/sonetica.md\/wp-content\/uploads\/2025\/11\/sonetica_logo.png\",\"contentUrl\":\"https:\/\/sonetica.md\/wp-content\/uploads\/2025\/11\/sonetica_logo.png\",\"width\":453,\"height\":453,\"caption\":\"Sonetica\"}]}<\/script>\n<meta property=\"product:brand\" content=\"FBT\" \/>\n<meta property=\"product:price:amount\" content=\"750.00\" \/>\n<meta property=\"product:price:currency\" content=\"MDL\" \/>\n<meta property=\"og:availability\" content=\"instock\" \/>\n<meta property=\"product:availability\" content=\"instock\" \/>\n<meta property=\"product:retailer_item_id\" content=\"FBT-C-CSL630TIC\" \/>\n<meta property=\"product:condition\" content=\"new\" \/>\n<meta name=\"geo.placename\" content=\"Chisinau\" \/>\n<meta name=\"geo.region\" content=\"Republica Moldova\" \/>\n<!-- \/ Yoast SEO Premium plugin. -->","yoast_head_json":{"title":"FBT-C CSL630TIC cump\u0103r\u0103 \u00een Moldova | Sonetica","description":"Cump\u0103ra\u021bi FBT-C CSL630TIC \u00een magazinul Sonetica. Livrare \u00een Moldova. Garan\u021bie oficial\u0103.","robots":{"index":"index","follow":"follow","max-snippet":"max-snippet:-1","max-image-preview":"max-image-preview:large","max-video-preview":"max-video-preview:-1"},"canonical":"https:\/\/sonetica.md\/ro\/produs\/fbt-c-csl630tic\/","og_locale":"ro_RO","og_type":"article","og_title":"FBT-C CSL630TIC cump\u0103r\u0103 \u00een Moldova | Sonetica","og_description":"Cump\u0103r\u0103 FBT-C CSL630TIC din magazinul Sonetica. Livrare \u00een Moldova. Garan\u021bie oficial\u0103.","og_url":"https:\/\/sonetica.md\/ro\/produs\/fbt-c-csl630tic\/","og_site_name":"Sonetica","article_publisher":"https:\/\/www.facebook.com\/sonetica.md","og_image":[{"width":550,"height":550,"url":"https:\/\/sonetica.md\/wp-content\/uploads\/2025\/10\/fbt-c-csl630tic.jpg","type":"image\/jpeg"}],"twitter_card":"summary_large_image","twitter_misc":{"Pre\u021b":"750,00&nbsp;MDL","Disponibilitate":"\u00cen stoc"},"schema":{"@context":"https:\/\/schema.org","@graph":[{"@type":"WebPage","@id":"https:\/\/sonetica.md\/ro\/produs\/fbt-c-csl630tic\/","url":"https:\/\/sonetica.md\/ro\/produs\/fbt-c-csl630tic\/","name":"FBT-C CSL630TIC cump\u0103r\u0103 \u00een Moldova | Sonetica","isPartOf":{"@id":"https:\/\/sonetica.md\/ro\/#website"},"primaryImageOfPage":{"@id":"https:\/\/sonetica.md\/ro\/produs\/fbt-c-csl630tic\/#primaryimage"},"image":{"@id":"https:\/\/sonetica.md\/ro\/produs\/fbt-c-csl630tic\/#primaryimage"},"thumbnailUrl":"https:\/\/sonetica.md\/wp-content\/uploads\/2025\/10\/fbt-c-csl630tic.jpg","datePublished":"2025-11-07T19:49:19+00:00","description":"Cump\u0103ra\u021bi FBT-C CSL630TIC \u00een magazinul Sonetica. Livrare \u00een Moldova. Garan\u021bie oficial\u0103.","breadcrumb":{"@id":"https:\/\/sonetica.md\/ro\/produs\/fbt-c-csl630tic\/#breadcrumb"},"inLanguage":"ro-RO","potentialAction":[{"@type":"ReadAction","target":["https:\/\/sonetica.md\/ro\/produs\/fbt-c-csl630tic\/"]}]},{"@type":"ImageObject","inLanguage":"ro-RO","@id":"https:\/\/sonetica.md\/ro\/produs\/fbt-c-csl630tic\/#primaryimage","url":"https:\/\/sonetica.md\/wp-content\/uploads\/2025\/10\/fbt-c-csl630tic.jpg","contentUrl":"https:\/\/sonetica.md\/wp-content\/uploads\/2025\/10\/fbt-c-csl630tic.jpg","width":550,"height":550},{"@type":"BreadcrumbList","@id":"https:\/\/sonetica.md\/ro\/produs\/fbt-c-csl630tic\/#breadcrumb","itemListElement":[{"@type":"ListItem","position":1,"name":"Acas\u0103","item":"https:\/\/sonetica.md\/ro\/"},{"@type":"ListItem","position":2,"name":"Produse","item":"https:\/\/sonetica.md\/ro\/shop\/"},{"@type":"ListItem","position":3,"name":"Boxe","item":"https:\/\/sonetica.md\/ro\/product-category\/pa-loudspeakers\/"},{"@type":"ListItem","position":4,"name":"Boxe pentru instala\u021bii","item":"https:\/\/sonetica.md\/ro\/product-category\/pa-loudspeakers\/installation-loudspeakers\/"},{"@type":"ListItem","position":5,"name":"FBT-C CSL630TIC"}]},{"@type":"WebSite","@id":"https:\/\/sonetica.md\/ro\/#website","url":"https:\/\/sonetica.md\/ro\/","name":"Sonetica","description":"Audio Equipment and Accessories","publisher":{"@id":"https:\/\/sonetica.md\/ro\/#organization"},"potentialAction":[{"@type":"SearchAction","target":{"@type":"EntryPoint","urlTemplate":"https:\/\/sonetica.md\/ro\/?s={search_term_string}"},"query-input":{"@type":"PropertyValueSpecification","valueRequired":true,"valueName":"search_term_string"}}],"inLanguage":"ro-RO"},{"@type":["Organization","Place","ElectronicsStore"],"@id":"https:\/\/sonetica.md\/ro\/#organization","name":"Sonetica","url":"https:\/\/sonetica.md\/ro\/","logo":{"@id":"https:\/\/sonetica.md\/ro\/produs\/fbt-c-csl630tic\/#local-main-organization-logo"},"image":{"@id":"https:\/\/sonetica.md\/ro\/produs\/fbt-c-csl630tic\/#local-main-organization-logo"},"sameAs":["https:\/\/www.facebook.com\/sonetica.md"],"legalName":"Sonetica SRL","address":{"@id":"https:\/\/sonetica.md\/ro\/produs\/fbt-c-csl630tic\/#local-main-place-address"},"telephone":["+373 22 274866"],"contactPoint":{"@type":"ContactPoint","telephone":"(022) 27-48-66"},"openingHoursSpecification":[{"@type":"OpeningHoursSpecification","dayOfWeek":["Monday","Tuesday","Wednesday","Thursday","Friday"],"opens":"10:00","closes":"17:00"},{"@type":"OpeningHoursSpecification","dayOfWeek":["Saturday","Sunday"],"opens":"00:00","closes":"00:00"}],"vatID":"0203112","taxID":"1003600083647","currenciesAccepted":"MDL","paymentAccepted":"Cash, Card"},{"@type":"PostalAddress","@id":"https:\/\/sonetica.md\/ro\/produs\/fbt-c-csl630tic\/#local-main-place-address","streetAddress":"V. Alecsandri 30","addressLocality":"Chisinau","postalCode":"MD-2009","addressCountry":"MD"},{"@type":"ImageObject","inLanguage":"ro-RO","@id":"https:\/\/sonetica.md\/ro\/produs\/fbt-c-csl630tic\/#local-main-organization-logo","url":"https:\/\/sonetica.md\/wp-content\/uploads\/2025\/11\/sonetica_logo.png","contentUrl":"https:\/\/sonetica.md\/wp-content\/uploads\/2025\/11\/sonetica_logo.png","width":453,"height":453,"caption":"Sonetica"}]},"product_brand":"FBT","product_price_amount":"750.00","product_price_currency":"MDL","og_availability":"instock","product_availability":"instock","product_retailer_item_id":"FBT-C-CSL630TIC","product_condition":"new","geo.placename":"Chisinau","geo.region":"Republica Moldova"},"_links":{"self":[{"href":"https:\/\/sonetica.md\/ro\/wp-json\/wp\/v2\/product\/2594","targetHints":{"allow":["GET"]}}],"collection":[{"href":"https:\/\/sonetica.md\/ro\/wp-json\/wp\/v2\/product"}],"about":[{"href":"https:\/\/sonetica.md\/ro\/wp-json\/wp\/v2\/types\/product"}],"wp:featuredmedia":[{"embeddable":true,"href":"https:\/\/sonetica.md\/ro\/wp-json\/wp\/v2\/media\/1536"}],"wp:attachment":[{"href":"https:\/\/sonetica.md\/ro\/wp-json\/wp\/v2\/media?parent=2594"}],"wp:term":[{"taxonomy":"product_brand","embeddable":true,"href":"https:\/\/sonetica.md\/ro\/wp-json\/wp\/v2\/product_brand?post=2594"},{"taxonomy":"product_cat","embeddable":true,"href":"https:\/\/sonetica.md\/ro\/wp-json\/wp\/v2\/product_cat?post=2594"},{"taxonomy":"product_tag","embeddable":true,"href":"https:\/\/sonetica.md\/ro\/wp-json\/wp\/v2\/product_tag?post=2594"}],"curies":[{"name":"wp","href":"https:\/\/api.w.org\/{rel}","templated":true}]}}