{"id":2610,"date":"2025-11-07T21:49:08","date_gmt":"2025-11-07T19:49:08","guid":{"rendered":"https:\/\/sonetica.md\/?post_type=product&#038;p=2610"},"modified":"2025-11-07T21:49:08","modified_gmt":"2025-11-07T19:49:08","slug":"neutrik-nj3fc6","status":"publish","type":"product","link":"https:\/\/sonetica.md\/ro\/produs\/neutrik-nj3fc6\/","title":{"rendered":"Neutrik NJ3FC6"},"content":{"rendered":"<p>Neutrik NJ3FC6 este un jack de cablu profesional cu blocare de 1\/4&#8243; pentru conexiuni sigure \u00een linie. Dispune de o carcas\u0103 de nichel \u0219i contacte de argint, oferind o protec\u021bie excelent\u0103 a cablului. Versiunea in-line a jack-ului de cablu telefonic cu 3 poli asigur\u0103 conexiuni stabile \u0219i sigure, \u00een special acolo unde pot ap\u0103rea deconect\u0103ri accidentale sau \u0219ocuri \u0219i vibra\u021bii. Se \u00eemperecheaz\u0103 cu toate mufele mono \u0219i stereo specificate conform EIA RS-453 (A-gauge). Are o carcas\u0103 metalic\u0103 pentru robuste\u021be \u0219i fiabilitate, sistem de re\u021binere a cablului Neutrik \u0219i man\u0219on (similar conectorilor XLR) \u0219i terminale de lipit. Man\u0219oane colorate sunt disponibile pentru codificare \u0219i marcare color.<\/p>\n<p>Specifica\u021bii:  * Electric:<br \/>\n      * Rezisten\u021b\u0103 la contact: < 6 m\u03a9 (ini\u021bial)\n      * Rigiditate dielectric\u0103: 1 kVcc\n      * Rezisten\u021b\u0103 la izola\u021bie: \u2265 1 G\u03a9 @ 500 V cc\n      * Curent nominal per contact: 10 A\n  * Mecanic:\n      * Durat\u0103 de via\u021b\u0103: > 10000 cicluri de \u00eemperechere<br \/>\n      * For\u021b\u0103 de blocare: > 80 N<br \/>\n      * Dimensiunea firului: 1 mm\u00b2 (18 AWG)<br \/>\n      * Cablare: Contacte de lipit<br \/>\n      * Dispozitiv de blocare: Blocare cu z\u0103vor<br \/>\n      * Diametru exterior cablu: 3,5 &#8211; 8,0 mm<br \/>\n      * For\u021b\u0103 de inser\u021bie: < 30 N\n      * For\u021b\u0103 de retragere: < 20 N\n  * Material:\n      * Placarea contactelor: 2 \u00b5m Ag\n      * Contacte: Alam\u0103 (CuZn37) (\u00cemp\u0103m\u00e2ntare)\n      * Inser\u021bie: Poliamid\u0103 (PA 6.6 30 % GR)\n      * Carcas\u0103: Zinc turnat sub presiune (ZnAl4Cu1)\n      * Placarea carcasei: Nichel\n      * Man\u0219on: Poliuretan\n      * Amortizare tensiune: Poliacetal (POM)\n  * De mediu:\n      * Conformitate standard: EIA RS 453, IEC 60603-11\n      * Lipibilitate: Conform IEC 68-2-20\n      * Interval de temperatur\u0103: -25 \u00b0C p\u00e2n\u0103 la +70 \u00b0C\n<\/p>\n","protected":false},"excerpt":{"rendered":"<p>Muf\u0103 cablu profesional\u0103 cu blocare de 1\/4&#8243;, carcas\u0103 din nichel, blocare cu z\u0103vor, putere nominal\u0103 de 10A.<\/p>\n","protected":false},"featured_media":1516,"template":"","meta":{"_acf_changed":false,"_gspb_post_css":""},"product_brand":[427],"product_cat":[265],"product_tag":[],"class_list":{"0":"post-2610","1":"product","2":"type-product","3":"status-publish","4":"has-post-thumbnail","6":"product_brand-neutrik","7":"product_cat-jack-connectors","9":"first","10":"instock","11":"taxable","12":"shipping-taxable","13":"purchasable","14":"product-type-simple"},"acf":[],"yoast_head":"<!-- This site is optimized with the Yoast SEO Premium plugin v27.2 (Yoast SEO v27.2) - https:\/\/yoast.com\/product\/yoast-seo-premium-wordpress\/ -->\n<title>Neutrik NJ3FC6 cump\u0103r\u0103 \u00een Moldova | Sonetica<\/title>\n<meta name=\"description\" content=\"Cump\u0103ra\u021bi Neutrik NJ3FC6 \u00een magazinul Sonetica. Livrare \u00een Moldova. Garan\u021bie oficial\u0103.\" \/>\n<meta name=\"robots\" content=\"index, follow, max-snippet:-1, max-image-preview:large, max-video-preview:-1\" \/>\n<link rel=\"canonical\" href=\"https:\/\/sonetica.md\/ro\/produs\/neutrik-nj3fc6\/\" \/>\n<meta property=\"og:locale\" content=\"ro_RO\" \/>\n<meta property=\"og:type\" content=\"article\" \/>\n<meta property=\"og:title\" content=\"Neutrik NJ3FC6 cump\u0103r\u0103 \u00een Moldova | Sonetica\" \/>\n<meta property=\"og:description\" content=\"Cump\u0103r\u0103 Neutrik NJ3FC6 din magazinul Sonetica. Livrare \u00een Moldova. Garan\u021bie oficial\u0103.\" \/>\n<meta property=\"og:url\" content=\"https:\/\/sonetica.md\/ro\/produs\/neutrik-nj3fc6\/\" \/>\n<meta property=\"og:site_name\" content=\"Sonetica\" \/>\n<meta property=\"article:publisher\" content=\"https:\/\/www.facebook.com\/sonetica.md\" \/>\n<meta property=\"og:image\" content=\"https:\/\/sonetica.md\/wp-content\/uploads\/2025\/10\/neutrik-nj3fc6.jpg\" \/>\n\t<meta property=\"og:image:width\" content=\"500\" \/>\n\t<meta property=\"og:image:height\" content=\"420\" \/>\n\t<meta property=\"og:image:type\" content=\"image\/jpeg\" \/>\n<meta name=\"twitter:card\" content=\"summary_large_image\" \/>\n<meta name=\"twitter:label1\" content=\"Pre\u021b\" \/>\n\t<meta name=\"twitter:data1\" content=\"145,00&nbsp;MDL\" \/>\n\t<meta name=\"twitter:label2\" content=\"Disponibilitate\" \/>\n\t<meta name=\"twitter:data2\" content=\"\u00cen stoc\" \/>\n<script type=\"application\/ld+json\" class=\"yoast-schema-graph\">{\"@context\":\"https:\/\/schema.org\",\"@graph\":[{\"@type\":\"WebPage\",\"@id\":\"https:\/\/sonetica.md\/ro\/produs\/neutrik-nj3fc6\/\",\"url\":\"https:\/\/sonetica.md\/ro\/produs\/neutrik-nj3fc6\/\",\"name\":\"Neutrik NJ3FC6 cump\u0103r\u0103 \u00een Moldova | Sonetica\",\"isPartOf\":{\"@id\":\"https:\/\/sonetica.md\/ro\/#website\"},\"primaryImageOfPage\":{\"@id\":\"https:\/\/sonetica.md\/ro\/produs\/neutrik-nj3fc6\/#primaryimage\"},\"image\":{\"@id\":\"https:\/\/sonetica.md\/ro\/produs\/neutrik-nj3fc6\/#primaryimage\"},\"thumbnailUrl\":\"https:\/\/sonetica.md\/wp-content\/uploads\/2025\/10\/neutrik-nj3fc6.jpg\",\"datePublished\":\"2025-11-07T19:49:08+00:00\",\"description\":\"Cump\u0103ra\u021bi Neutrik NJ3FC6 \u00een magazinul Sonetica. Livrare \u00een Moldova. Garan\u021bie oficial\u0103.\",\"breadcrumb\":{\"@id\":\"https:\/\/sonetica.md\/ro\/produs\/neutrik-nj3fc6\/#breadcrumb\"},\"inLanguage\":\"ro-RO\",\"potentialAction\":[{\"@type\":\"ReadAction\",\"target\":[\"https:\/\/sonetica.md\/ro\/produs\/neutrik-nj3fc6\/\"]}]},{\"@type\":\"ImageObject\",\"inLanguage\":\"ro-RO\",\"@id\":\"https:\/\/sonetica.md\/ro\/produs\/neutrik-nj3fc6\/#primaryimage\",\"url\":\"https:\/\/sonetica.md\/wp-content\/uploads\/2025\/10\/neutrik-nj3fc6.jpg\",\"contentUrl\":\"https:\/\/sonetica.md\/wp-content\/uploads\/2025\/10\/neutrik-nj3fc6.jpg\",\"width\":500,\"height\":420},{\"@type\":\"BreadcrumbList\",\"@id\":\"https:\/\/sonetica.md\/ro\/produs\/neutrik-nj3fc6\/#breadcrumb\",\"itemListElement\":[{\"@type\":\"ListItem\",\"position\":1,\"name\":\"Acas\u0103\",\"item\":\"https:\/\/sonetica.md\/ro\/\"},{\"@type\":\"ListItem\",\"position\":2,\"name\":\"Produse\",\"item\":\"https:\/\/sonetica.md\/ro\/shop\/\"},{\"@type\":\"ListItem\",\"position\":3,\"name\":\"Conectori\",\"item\":\"https:\/\/sonetica.md\/ro\/product-category\/connectors\/\"},{\"@type\":\"ListItem\",\"position\":4,\"name\":\"Conectori Jack\",\"item\":\"https:\/\/sonetica.md\/ro\/product-category\/connectors\/jack-connectors\/\"},{\"@type\":\"ListItem\",\"position\":5,\"name\":\"Neutrik NJ3FC6\"}]},{\"@type\":\"WebSite\",\"@id\":\"https:\/\/sonetica.md\/ro\/#website\",\"url\":\"https:\/\/sonetica.md\/ro\/\",\"name\":\"Sonetica\",\"description\":\"Audio Equipment and Accessories\",\"publisher\":{\"@id\":\"https:\/\/sonetica.md\/ro\/#organization\"},\"potentialAction\":[{\"@type\":\"SearchAction\",\"target\":{\"@type\":\"EntryPoint\",\"urlTemplate\":\"https:\/\/sonetica.md\/ro\/?s={search_term_string}\"},\"query-input\":{\"@type\":\"PropertyValueSpecification\",\"valueRequired\":true,\"valueName\":\"search_term_string\"}}],\"inLanguage\":\"ro-RO\"},{\"@type\":[\"Organization\",\"Place\",\"ElectronicsStore\"],\"@id\":\"https:\/\/sonetica.md\/ro\/#organization\",\"name\":\"Sonetica\",\"url\":\"https:\/\/sonetica.md\/ro\/\",\"logo\":{\"@id\":\"https:\/\/sonetica.md\/ro\/produs\/neutrik-nj3fc6\/#local-main-organization-logo\"},\"image\":{\"@id\":\"https:\/\/sonetica.md\/ro\/produs\/neutrik-nj3fc6\/#local-main-organization-logo\"},\"sameAs\":[\"https:\/\/www.facebook.com\/sonetica.md\"],\"legalName\":\"Sonetica SRL\",\"address\":{\"@id\":\"https:\/\/sonetica.md\/ro\/produs\/neutrik-nj3fc6\/#local-main-place-address\"},\"telephone\":[\"+373 22 274866\"],\"contactPoint\":{\"@type\":\"ContactPoint\",\"telephone\":\"(022) 27-48-66\"},\"openingHoursSpecification\":[{\"@type\":\"OpeningHoursSpecification\",\"dayOfWeek\":[\"Monday\",\"Tuesday\",\"Wednesday\",\"Thursday\",\"Friday\"],\"opens\":\"10:00\",\"closes\":\"17:00\"},{\"@type\":\"OpeningHoursSpecification\",\"dayOfWeek\":[\"Saturday\",\"Sunday\"],\"opens\":\"00:00\",\"closes\":\"00:00\"}],\"vatID\":\"0203112\",\"taxID\":\"1003600083647\",\"currenciesAccepted\":\"MDL\",\"paymentAccepted\":\"Cash, Card\"},{\"@type\":\"PostalAddress\",\"@id\":\"https:\/\/sonetica.md\/ro\/produs\/neutrik-nj3fc6\/#local-main-place-address\",\"streetAddress\":\"V. Alecsandri 30\",\"addressLocality\":\"Chisinau\",\"postalCode\":\"MD-2009\",\"addressCountry\":\"MD\"},{\"@type\":\"ImageObject\",\"inLanguage\":\"ro-RO\",\"@id\":\"https:\/\/sonetica.md\/ro\/produs\/neutrik-nj3fc6\/#local-main-organization-logo\",\"url\":\"https:\/\/sonetica.md\/wp-content\/uploads\/2025\/11\/sonetica_logo.png\",\"contentUrl\":\"https:\/\/sonetica.md\/wp-content\/uploads\/2025\/11\/sonetica_logo.png\",\"width\":453,\"height\":453,\"caption\":\"Sonetica\"}]}<\/script>\n<meta property=\"product:brand\" content=\"Neutrik\" \/>\n<meta property=\"product:price:amount\" content=\"145.00\" \/>\n<meta property=\"product:price:currency\" content=\"MDL\" \/>\n<meta property=\"og:availability\" content=\"instock\" \/>\n<meta property=\"product:availability\" content=\"instock\" \/>\n<meta property=\"product:retailer_item_id\" content=\"NEUTRIK-NJ3FC6\" \/>\n<meta property=\"product:condition\" content=\"new\" \/>\n<meta name=\"geo.placename\" content=\"Chisinau\" \/>\n<meta name=\"geo.region\" content=\"Republica Moldova\" \/>\n<!-- \/ Yoast SEO Premium plugin. -->","yoast_head_json":{"title":"Neutrik NJ3FC6 cump\u0103r\u0103 \u00een Moldova | Sonetica","description":"Cump\u0103ra\u021bi Neutrik NJ3FC6 \u00een magazinul Sonetica. Livrare \u00een Moldova. Garan\u021bie oficial\u0103.","robots":{"index":"index","follow":"follow","max-snippet":"max-snippet:-1","max-image-preview":"max-image-preview:large","max-video-preview":"max-video-preview:-1"},"canonical":"https:\/\/sonetica.md\/ro\/produs\/neutrik-nj3fc6\/","og_locale":"ro_RO","og_type":"article","og_title":"Neutrik NJ3FC6 cump\u0103r\u0103 \u00een Moldova | Sonetica","og_description":"Cump\u0103r\u0103 Neutrik NJ3FC6 din magazinul Sonetica. Livrare \u00een Moldova. Garan\u021bie oficial\u0103.","og_url":"https:\/\/sonetica.md\/ro\/produs\/neutrik-nj3fc6\/","og_site_name":"Sonetica","article_publisher":"https:\/\/www.facebook.com\/sonetica.md","og_image":[{"width":500,"height":420,"url":"https:\/\/sonetica.md\/wp-content\/uploads\/2025\/10\/neutrik-nj3fc6.jpg","type":"image\/jpeg"}],"twitter_card":"summary_large_image","twitter_misc":{"Pre\u021b":"145,00&nbsp;MDL","Disponibilitate":"\u00cen stoc"},"schema":{"@context":"https:\/\/schema.org","@graph":[{"@type":"WebPage","@id":"https:\/\/sonetica.md\/ro\/produs\/neutrik-nj3fc6\/","url":"https:\/\/sonetica.md\/ro\/produs\/neutrik-nj3fc6\/","name":"Neutrik NJ3FC6 cump\u0103r\u0103 \u00een Moldova | Sonetica","isPartOf":{"@id":"https:\/\/sonetica.md\/ro\/#website"},"primaryImageOfPage":{"@id":"https:\/\/sonetica.md\/ro\/produs\/neutrik-nj3fc6\/#primaryimage"},"image":{"@id":"https:\/\/sonetica.md\/ro\/produs\/neutrik-nj3fc6\/#primaryimage"},"thumbnailUrl":"https:\/\/sonetica.md\/wp-content\/uploads\/2025\/10\/neutrik-nj3fc6.jpg","datePublished":"2025-11-07T19:49:08+00:00","description":"Cump\u0103ra\u021bi Neutrik NJ3FC6 \u00een magazinul Sonetica. Livrare \u00een Moldova. Garan\u021bie oficial\u0103.","breadcrumb":{"@id":"https:\/\/sonetica.md\/ro\/produs\/neutrik-nj3fc6\/#breadcrumb"},"inLanguage":"ro-RO","potentialAction":[{"@type":"ReadAction","target":["https:\/\/sonetica.md\/ro\/produs\/neutrik-nj3fc6\/"]}]},{"@type":"ImageObject","inLanguage":"ro-RO","@id":"https:\/\/sonetica.md\/ro\/produs\/neutrik-nj3fc6\/#primaryimage","url":"https:\/\/sonetica.md\/wp-content\/uploads\/2025\/10\/neutrik-nj3fc6.jpg","contentUrl":"https:\/\/sonetica.md\/wp-content\/uploads\/2025\/10\/neutrik-nj3fc6.jpg","width":500,"height":420},{"@type":"BreadcrumbList","@id":"https:\/\/sonetica.md\/ro\/produs\/neutrik-nj3fc6\/#breadcrumb","itemListElement":[{"@type":"ListItem","position":1,"name":"Acas\u0103","item":"https:\/\/sonetica.md\/ro\/"},{"@type":"ListItem","position":2,"name":"Produse","item":"https:\/\/sonetica.md\/ro\/shop\/"},{"@type":"ListItem","position":3,"name":"Conectori","item":"https:\/\/sonetica.md\/ro\/product-category\/connectors\/"},{"@type":"ListItem","position":4,"name":"Conectori Jack","item":"https:\/\/sonetica.md\/ro\/product-category\/connectors\/jack-connectors\/"},{"@type":"ListItem","position":5,"name":"Neutrik NJ3FC6"}]},{"@type":"WebSite","@id":"https:\/\/sonetica.md\/ro\/#website","url":"https:\/\/sonetica.md\/ro\/","name":"Sonetica","description":"Audio Equipment and Accessories","publisher":{"@id":"https:\/\/sonetica.md\/ro\/#organization"},"potentialAction":[{"@type":"SearchAction","target":{"@type":"EntryPoint","urlTemplate":"https:\/\/sonetica.md\/ro\/?s={search_term_string}"},"query-input":{"@type":"PropertyValueSpecification","valueRequired":true,"valueName":"search_term_string"}}],"inLanguage":"ro-RO"},{"@type":["Organization","Place","ElectronicsStore"],"@id":"https:\/\/sonetica.md\/ro\/#organization","name":"Sonetica","url":"https:\/\/sonetica.md\/ro\/","logo":{"@id":"https:\/\/sonetica.md\/ro\/produs\/neutrik-nj3fc6\/#local-main-organization-logo"},"image":{"@id":"https:\/\/sonetica.md\/ro\/produs\/neutrik-nj3fc6\/#local-main-organization-logo"},"sameAs":["https:\/\/www.facebook.com\/sonetica.md"],"legalName":"Sonetica SRL","address":{"@id":"https:\/\/sonetica.md\/ro\/produs\/neutrik-nj3fc6\/#local-main-place-address"},"telephone":["+373 22 274866"],"contactPoint":{"@type":"ContactPoint","telephone":"(022) 27-48-66"},"openingHoursSpecification":[{"@type":"OpeningHoursSpecification","dayOfWeek":["Monday","Tuesday","Wednesday","Thursday","Friday"],"opens":"10:00","closes":"17:00"},{"@type":"OpeningHoursSpecification","dayOfWeek":["Saturday","Sunday"],"opens":"00:00","closes":"00:00"}],"vatID":"0203112","taxID":"1003600083647","currenciesAccepted":"MDL","paymentAccepted":"Cash, Card"},{"@type":"PostalAddress","@id":"https:\/\/sonetica.md\/ro\/produs\/neutrik-nj3fc6\/#local-main-place-address","streetAddress":"V. Alecsandri 30","addressLocality":"Chisinau","postalCode":"MD-2009","addressCountry":"MD"},{"@type":"ImageObject","inLanguage":"ro-RO","@id":"https:\/\/sonetica.md\/ro\/produs\/neutrik-nj3fc6\/#local-main-organization-logo","url":"https:\/\/sonetica.md\/wp-content\/uploads\/2025\/11\/sonetica_logo.png","contentUrl":"https:\/\/sonetica.md\/wp-content\/uploads\/2025\/11\/sonetica_logo.png","width":453,"height":453,"caption":"Sonetica"}]},"product_brand":"Neutrik","product_price_amount":"145.00","product_price_currency":"MDL","og_availability":"instock","product_availability":"instock","product_retailer_item_id":"NEUTRIK-NJ3FC6","product_condition":"new","geo.placename":"Chisinau","geo.region":"Republica Moldova"},"_links":{"self":[{"href":"https:\/\/sonetica.md\/ro\/wp-json\/wp\/v2\/product\/2610","targetHints":{"allow":["GET"]}}],"collection":[{"href":"https:\/\/sonetica.md\/ro\/wp-json\/wp\/v2\/product"}],"about":[{"href":"https:\/\/sonetica.md\/ro\/wp-json\/wp\/v2\/types\/product"}],"wp:featuredmedia":[{"embeddable":true,"href":"https:\/\/sonetica.md\/ro\/wp-json\/wp\/v2\/media\/1516"}],"wp:attachment":[{"href":"https:\/\/sonetica.md\/ro\/wp-json\/wp\/v2\/media?parent=2610"}],"wp:term":[{"taxonomy":"product_brand","embeddable":true,"href":"https:\/\/sonetica.md\/ro\/wp-json\/wp\/v2\/product_brand?post=2610"},{"taxonomy":"product_cat","embeddable":true,"href":"https:\/\/sonetica.md\/ro\/wp-json\/wp\/v2\/product_cat?post=2610"},{"taxonomy":"product_tag","embeddable":true,"href":"https:\/\/sonetica.md\/ro\/wp-json\/wp\/v2\/product_tag?post=2610"}],"curies":[{"name":"wp","href":"https:\/\/api.w.org\/{rel}","templated":true}]}}