{"id":2639,"date":"2025-11-07T21:48:59","date_gmt":"2025-11-07T19:48:59","guid":{"rendered":"https:\/\/sonetica.md\/?post_type=product&#038;p=2639"},"modified":"2025-11-07T21:48:59","modified_gmt":"2025-11-07T19:48:59","slug":"rean-rp2rcf-b","status":"publish","type":"product","link":"https:\/\/sonetica.md\/ro\/produs\/rean-rp2rcf-b\/","title":{"rendered":"Rean RP2RCF-B"},"content":{"rendered":"<p>Mufa panou &#8222;Pancake&#8221; Mono Unghi Drept de 1\/4&#8243; REAN RP2RCF, descris\u0103 \u0219i ca Muf\u0103 Unghi Drept &#8222;Pancake&#8221; cu Profil Redus. Este disponibil\u0103 cu carcas\u0103 nichelat\u0103 sau neagr\u0103 \u0219i dispune de o clem\u0103 de cablu rezistent\u0103 pentru detensionare. Modelul RP2RCF-B indic\u0103 probabil carcasa placat\u0103 cu negru (similar cu RP2RCF-BAG).<\/p>\n<p>Specifica\u021bii:<\/p>\n<p>Mecanice:  * Durat\u0103 de via\u021b\u0103: > 1000 cicluri de \u00eemperechere<br \/>\n  * For\u021b\u0103 de inser\u021bie \u0219i extragere: \u2264 60N<br \/>\n  * Diametru exterior cablu (O.D.): 4 &#8211; 7 mm (unele surse indic\u0103 6-7mm)<br \/>\n  * Sec\u021biune cablu: 0.22 mm\u00b2 \/ 24 AWGDe Mediu:  * Interval de temperatur\u0103: -20 \u00b0C la +70 \u00b0C<br \/>\n  * Inflamabilitate: UL 94 HB<br \/>\n  * Sudabilitate: \u00een conformitate cu IEC68-2-20Electrice:  * Rezisten\u021b\u0103 de contact: depinde de conectorul de \u00eemperechere<br \/>\n  * Rigiditate dielectric\u0103: 0.5 kV cc (unele surse indic\u0103 > 1.0 kV cc)<br \/>\n  * Rezisten\u021b\u0103 de izola\u021bie: > 1 G\u03a9Material:  * Man\u0219on \u0219i Interior: Alam\u0103<br \/>\n  * Placare man\u0219on: Nichel<br \/>\n  * Placare interior: Nichel \/ Aur<br \/>\n  * Carcas\u0103 (Shell): O\u021bel<br \/>\n  * Placare carcas\u0103: Nichel \/ Negru (pentru versiunea -B)<\/p>\n","protected":false},"excerpt":{"rendered":"<p>Muf\u0103 tip &#8222;pancake&#8221; mono unghiular\u0103 de 1\/4&#8243; cu clem\u0103 de cablu rezistent\u0103.<\/p>\n","protected":false},"featured_media":1717,"template":"","meta":{"_acf_changed":false,"_gspb_post_css":""},"product_brand":[429],"product_cat":[265],"product_tag":[],"class_list":{"0":"post-2639","1":"product","2":"type-product","3":"status-publish","4":"has-post-thumbnail","6":"product_brand-rean","7":"product_cat-jack-connectors","9":"first","10":"instock","11":"taxable","12":"shipping-taxable","13":"purchasable","14":"product-type-simple"},"acf":[],"yoast_head":"<!-- This site is optimized with the Yoast SEO Premium plugin v27.2 (Yoast SEO v27.2) - https:\/\/yoast.com\/product\/yoast-seo-premium-wordpress\/ -->\n<title>Rean RP2RCF-B cump\u0103r\u0103 \u00een Moldova | Sonetica<\/title>\n<meta name=\"description\" content=\"Cump\u0103ra\u021bi Rean RP2RCF-B \u00een magazinul Sonetica. Livrare \u00een Moldova. Garan\u021bie oficial\u0103.\" \/>\n<meta name=\"robots\" content=\"index, follow, max-snippet:-1, max-image-preview:large, max-video-preview:-1\" \/>\n<link rel=\"canonical\" href=\"https:\/\/sonetica.md\/ro\/produs\/rean-rp2rcf-b\/\" \/>\n<meta property=\"og:locale\" content=\"ro_RO\" \/>\n<meta property=\"og:type\" content=\"article\" \/>\n<meta property=\"og:title\" content=\"Rean RP2RCF-B cump\u0103r\u0103 \u00een Moldova | Sonetica\" \/>\n<meta property=\"og:description\" content=\"Cump\u0103r\u0103 Rean RP2RCF-B din magazinul Sonetica. Livrare \u00een Moldova. Garan\u021bie oficial\u0103.\" \/>\n<meta property=\"og:url\" content=\"https:\/\/sonetica.md\/ro\/produs\/rean-rp2rcf-b\/\" \/>\n<meta property=\"og:site_name\" content=\"Sonetica\" \/>\n<meta property=\"article:publisher\" content=\"https:\/\/www.facebook.com\/sonetica.md\" \/>\n<meta property=\"og:image\" content=\"https:\/\/sonetica.md\/wp-content\/uploads\/2025\/10\/rp2rcf-b.jpg\" \/>\n\t<meta property=\"og:image:width\" content=\"760\" \/>\n\t<meta property=\"og:image:height\" content=\"551\" \/>\n\t<meta property=\"og:image:type\" content=\"image\/jpeg\" \/>\n<meta name=\"twitter:card\" content=\"summary_large_image\" \/>\n<meta name=\"twitter:label1\" content=\"Pre\u021b\" \/>\n\t<meta name=\"twitter:data1\" content=\"40,00&nbsp;MDL\" \/>\n\t<meta name=\"twitter:label2\" content=\"Disponibilitate\" \/>\n\t<meta name=\"twitter:data2\" content=\"\u00cen stoc\" \/>\n<script type=\"application\/ld+json\" class=\"yoast-schema-graph\">{\"@context\":\"https:\/\/schema.org\",\"@graph\":[{\"@type\":\"WebPage\",\"@id\":\"https:\/\/sonetica.md\/ro\/produs\/rean-rp2rcf-b\/\",\"url\":\"https:\/\/sonetica.md\/ro\/produs\/rean-rp2rcf-b\/\",\"name\":\"Rean RP2RCF-B cump\u0103r\u0103 \u00een Moldova | Sonetica\",\"isPartOf\":{\"@id\":\"https:\/\/sonetica.md\/ro\/#website\"},\"primaryImageOfPage\":{\"@id\":\"https:\/\/sonetica.md\/ro\/produs\/rean-rp2rcf-b\/#primaryimage\"},\"image\":{\"@id\":\"https:\/\/sonetica.md\/ro\/produs\/rean-rp2rcf-b\/#primaryimage\"},\"thumbnailUrl\":\"https:\/\/sonetica.md\/wp-content\/uploads\/2025\/10\/rp2rcf-b.jpg\",\"datePublished\":\"2025-11-07T19:48:59+00:00\",\"description\":\"Cump\u0103ra\u021bi Rean RP2RCF-B \u00een magazinul Sonetica. Livrare \u00een Moldova. Garan\u021bie oficial\u0103.\",\"breadcrumb\":{\"@id\":\"https:\/\/sonetica.md\/ro\/produs\/rean-rp2rcf-b\/#breadcrumb\"},\"inLanguage\":\"ro-RO\",\"potentialAction\":[{\"@type\":\"ReadAction\",\"target\":[\"https:\/\/sonetica.md\/ro\/produs\/rean-rp2rcf-b\/\"]}]},{\"@type\":\"ImageObject\",\"inLanguage\":\"ro-RO\",\"@id\":\"https:\/\/sonetica.md\/ro\/produs\/rean-rp2rcf-b\/#primaryimage\",\"url\":\"https:\/\/sonetica.md\/wp-content\/uploads\/2025\/10\/rp2rcf-b.jpg\",\"contentUrl\":\"https:\/\/sonetica.md\/wp-content\/uploads\/2025\/10\/rp2rcf-b.jpg\",\"width\":760,\"height\":551},{\"@type\":\"BreadcrumbList\",\"@id\":\"https:\/\/sonetica.md\/ro\/produs\/rean-rp2rcf-b\/#breadcrumb\",\"itemListElement\":[{\"@type\":\"ListItem\",\"position\":1,\"name\":\"Acas\u0103\",\"item\":\"https:\/\/sonetica.md\/ro\/\"},{\"@type\":\"ListItem\",\"position\":2,\"name\":\"Produse\",\"item\":\"https:\/\/sonetica.md\/ro\/shop\/\"},{\"@type\":\"ListItem\",\"position\":3,\"name\":\"Conectori\",\"item\":\"https:\/\/sonetica.md\/ro\/product-category\/connectors\/\"},{\"@type\":\"ListItem\",\"position\":4,\"name\":\"Conectori Jack\",\"item\":\"https:\/\/sonetica.md\/ro\/product-category\/connectors\/jack-connectors\/\"},{\"@type\":\"ListItem\",\"position\":5,\"name\":\"Rean RP2RCF-B\"}]},{\"@type\":\"WebSite\",\"@id\":\"https:\/\/sonetica.md\/ro\/#website\",\"url\":\"https:\/\/sonetica.md\/ro\/\",\"name\":\"Sonetica\",\"description\":\"Audio Equipment and Accessories\",\"publisher\":{\"@id\":\"https:\/\/sonetica.md\/ro\/#organization\"},\"potentialAction\":[{\"@type\":\"SearchAction\",\"target\":{\"@type\":\"EntryPoint\",\"urlTemplate\":\"https:\/\/sonetica.md\/ro\/?s={search_term_string}\"},\"query-input\":{\"@type\":\"PropertyValueSpecification\",\"valueRequired\":true,\"valueName\":\"search_term_string\"}}],\"inLanguage\":\"ro-RO\"},{\"@type\":[\"Organization\",\"Place\",\"ElectronicsStore\"],\"@id\":\"https:\/\/sonetica.md\/ro\/#organization\",\"name\":\"Sonetica\",\"url\":\"https:\/\/sonetica.md\/ro\/\",\"logo\":{\"@id\":\"https:\/\/sonetica.md\/ro\/produs\/rean-rp2rcf-b\/#local-main-organization-logo\"},\"image\":{\"@id\":\"https:\/\/sonetica.md\/ro\/produs\/rean-rp2rcf-b\/#local-main-organization-logo\"},\"sameAs\":[\"https:\/\/www.facebook.com\/sonetica.md\"],\"legalName\":\"Sonetica SRL\",\"address\":{\"@id\":\"https:\/\/sonetica.md\/ro\/produs\/rean-rp2rcf-b\/#local-main-place-address\"},\"telephone\":[\"+373 22 274866\"],\"contactPoint\":{\"@type\":\"ContactPoint\",\"telephone\":\"(022) 27-48-66\"},\"openingHoursSpecification\":[{\"@type\":\"OpeningHoursSpecification\",\"dayOfWeek\":[\"Monday\",\"Tuesday\",\"Wednesday\",\"Thursday\",\"Friday\"],\"opens\":\"10:00\",\"closes\":\"17:00\"},{\"@type\":\"OpeningHoursSpecification\",\"dayOfWeek\":[\"Saturday\",\"Sunday\"],\"opens\":\"00:00\",\"closes\":\"00:00\"}],\"vatID\":\"0203112\",\"taxID\":\"1003600083647\",\"currenciesAccepted\":\"MDL\",\"paymentAccepted\":\"Cash, Card\"},{\"@type\":\"PostalAddress\",\"@id\":\"https:\/\/sonetica.md\/ro\/produs\/rean-rp2rcf-b\/#local-main-place-address\",\"streetAddress\":\"V. Alecsandri 30\",\"addressLocality\":\"Chisinau\",\"postalCode\":\"MD-2009\",\"addressCountry\":\"MD\"},{\"@type\":\"ImageObject\",\"inLanguage\":\"ro-RO\",\"@id\":\"https:\/\/sonetica.md\/ro\/produs\/rean-rp2rcf-b\/#local-main-organization-logo\",\"url\":\"https:\/\/sonetica.md\/wp-content\/uploads\/2025\/11\/sonetica_logo.png\",\"contentUrl\":\"https:\/\/sonetica.md\/wp-content\/uploads\/2025\/11\/sonetica_logo.png\",\"width\":453,\"height\":453,\"caption\":\"Sonetica\"}]}<\/script>\n<meta property=\"product:brand\" content=\"Rean\" \/>\n<meta property=\"product:price:amount\" content=\"40.00\" \/>\n<meta property=\"product:price:currency\" content=\"MDL\" \/>\n<meta property=\"og:availability\" content=\"instock\" \/>\n<meta property=\"product:availability\" content=\"instock\" \/>\n<meta property=\"product:retailer_item_id\" content=\"REAN-RP2RCFB\" \/>\n<meta property=\"product:condition\" content=\"new\" \/>\n<meta name=\"geo.placename\" content=\"Chisinau\" \/>\n<meta name=\"geo.region\" content=\"Republica Moldova\" \/>\n<!-- \/ Yoast SEO Premium plugin. -->","yoast_head_json":{"title":"Rean RP2RCF-B cump\u0103r\u0103 \u00een Moldova | Sonetica","description":"Cump\u0103ra\u021bi Rean RP2RCF-B \u00een magazinul Sonetica. Livrare \u00een Moldova. Garan\u021bie oficial\u0103.","robots":{"index":"index","follow":"follow","max-snippet":"max-snippet:-1","max-image-preview":"max-image-preview:large","max-video-preview":"max-video-preview:-1"},"canonical":"https:\/\/sonetica.md\/ro\/produs\/rean-rp2rcf-b\/","og_locale":"ro_RO","og_type":"article","og_title":"Rean RP2RCF-B cump\u0103r\u0103 \u00een Moldova | Sonetica","og_description":"Cump\u0103r\u0103 Rean RP2RCF-B din magazinul Sonetica. Livrare \u00een Moldova. Garan\u021bie oficial\u0103.","og_url":"https:\/\/sonetica.md\/ro\/produs\/rean-rp2rcf-b\/","og_site_name":"Sonetica","article_publisher":"https:\/\/www.facebook.com\/sonetica.md","og_image":[{"width":760,"height":551,"url":"https:\/\/sonetica.md\/wp-content\/uploads\/2025\/10\/rp2rcf-b.jpg","type":"image\/jpeg"}],"twitter_card":"summary_large_image","twitter_misc":{"Pre\u021b":"40,00&nbsp;MDL","Disponibilitate":"\u00cen stoc"},"schema":{"@context":"https:\/\/schema.org","@graph":[{"@type":"WebPage","@id":"https:\/\/sonetica.md\/ro\/produs\/rean-rp2rcf-b\/","url":"https:\/\/sonetica.md\/ro\/produs\/rean-rp2rcf-b\/","name":"Rean RP2RCF-B cump\u0103r\u0103 \u00een Moldova | Sonetica","isPartOf":{"@id":"https:\/\/sonetica.md\/ro\/#website"},"primaryImageOfPage":{"@id":"https:\/\/sonetica.md\/ro\/produs\/rean-rp2rcf-b\/#primaryimage"},"image":{"@id":"https:\/\/sonetica.md\/ro\/produs\/rean-rp2rcf-b\/#primaryimage"},"thumbnailUrl":"https:\/\/sonetica.md\/wp-content\/uploads\/2025\/10\/rp2rcf-b.jpg","datePublished":"2025-11-07T19:48:59+00:00","description":"Cump\u0103ra\u021bi Rean RP2RCF-B \u00een magazinul Sonetica. Livrare \u00een Moldova. Garan\u021bie oficial\u0103.","breadcrumb":{"@id":"https:\/\/sonetica.md\/ro\/produs\/rean-rp2rcf-b\/#breadcrumb"},"inLanguage":"ro-RO","potentialAction":[{"@type":"ReadAction","target":["https:\/\/sonetica.md\/ro\/produs\/rean-rp2rcf-b\/"]}]},{"@type":"ImageObject","inLanguage":"ro-RO","@id":"https:\/\/sonetica.md\/ro\/produs\/rean-rp2rcf-b\/#primaryimage","url":"https:\/\/sonetica.md\/wp-content\/uploads\/2025\/10\/rp2rcf-b.jpg","contentUrl":"https:\/\/sonetica.md\/wp-content\/uploads\/2025\/10\/rp2rcf-b.jpg","width":760,"height":551},{"@type":"BreadcrumbList","@id":"https:\/\/sonetica.md\/ro\/produs\/rean-rp2rcf-b\/#breadcrumb","itemListElement":[{"@type":"ListItem","position":1,"name":"Acas\u0103","item":"https:\/\/sonetica.md\/ro\/"},{"@type":"ListItem","position":2,"name":"Produse","item":"https:\/\/sonetica.md\/ro\/shop\/"},{"@type":"ListItem","position":3,"name":"Conectori","item":"https:\/\/sonetica.md\/ro\/product-category\/connectors\/"},{"@type":"ListItem","position":4,"name":"Conectori Jack","item":"https:\/\/sonetica.md\/ro\/product-category\/connectors\/jack-connectors\/"},{"@type":"ListItem","position":5,"name":"Rean RP2RCF-B"}]},{"@type":"WebSite","@id":"https:\/\/sonetica.md\/ro\/#website","url":"https:\/\/sonetica.md\/ro\/","name":"Sonetica","description":"Audio Equipment and Accessories","publisher":{"@id":"https:\/\/sonetica.md\/ro\/#organization"},"potentialAction":[{"@type":"SearchAction","target":{"@type":"EntryPoint","urlTemplate":"https:\/\/sonetica.md\/ro\/?s={search_term_string}"},"query-input":{"@type":"PropertyValueSpecification","valueRequired":true,"valueName":"search_term_string"}}],"inLanguage":"ro-RO"},{"@type":["Organization","Place","ElectronicsStore"],"@id":"https:\/\/sonetica.md\/ro\/#organization","name":"Sonetica","url":"https:\/\/sonetica.md\/ro\/","logo":{"@id":"https:\/\/sonetica.md\/ro\/produs\/rean-rp2rcf-b\/#local-main-organization-logo"},"image":{"@id":"https:\/\/sonetica.md\/ro\/produs\/rean-rp2rcf-b\/#local-main-organization-logo"},"sameAs":["https:\/\/www.facebook.com\/sonetica.md"],"legalName":"Sonetica SRL","address":{"@id":"https:\/\/sonetica.md\/ro\/produs\/rean-rp2rcf-b\/#local-main-place-address"},"telephone":["+373 22 274866"],"contactPoint":{"@type":"ContactPoint","telephone":"(022) 27-48-66"},"openingHoursSpecification":[{"@type":"OpeningHoursSpecification","dayOfWeek":["Monday","Tuesday","Wednesday","Thursday","Friday"],"opens":"10:00","closes":"17:00"},{"@type":"OpeningHoursSpecification","dayOfWeek":["Saturday","Sunday"],"opens":"00:00","closes":"00:00"}],"vatID":"0203112","taxID":"1003600083647","currenciesAccepted":"MDL","paymentAccepted":"Cash, Card"},{"@type":"PostalAddress","@id":"https:\/\/sonetica.md\/ro\/produs\/rean-rp2rcf-b\/#local-main-place-address","streetAddress":"V. Alecsandri 30","addressLocality":"Chisinau","postalCode":"MD-2009","addressCountry":"MD"},{"@type":"ImageObject","inLanguage":"ro-RO","@id":"https:\/\/sonetica.md\/ro\/produs\/rean-rp2rcf-b\/#local-main-organization-logo","url":"https:\/\/sonetica.md\/wp-content\/uploads\/2025\/11\/sonetica_logo.png","contentUrl":"https:\/\/sonetica.md\/wp-content\/uploads\/2025\/11\/sonetica_logo.png","width":453,"height":453,"caption":"Sonetica"}]},"product_brand":"Rean","product_price_amount":"40.00","product_price_currency":"MDL","og_availability":"instock","product_availability":"instock","product_retailer_item_id":"REAN-RP2RCFB","product_condition":"new","geo.placename":"Chisinau","geo.region":"Republica Moldova"},"_links":{"self":[{"href":"https:\/\/sonetica.md\/ro\/wp-json\/wp\/v2\/product\/2639","targetHints":{"allow":["GET"]}}],"collection":[{"href":"https:\/\/sonetica.md\/ro\/wp-json\/wp\/v2\/product"}],"about":[{"href":"https:\/\/sonetica.md\/ro\/wp-json\/wp\/v2\/types\/product"}],"wp:featuredmedia":[{"embeddable":true,"href":"https:\/\/sonetica.md\/ro\/wp-json\/wp\/v2\/media\/1717"}],"wp:attachment":[{"href":"https:\/\/sonetica.md\/ro\/wp-json\/wp\/v2\/media?parent=2639"}],"wp:term":[{"taxonomy":"product_brand","embeddable":true,"href":"https:\/\/sonetica.md\/ro\/wp-json\/wp\/v2\/product_brand?post=2639"},{"taxonomy":"product_cat","embeddable":true,"href":"https:\/\/sonetica.md\/ro\/wp-json\/wp\/v2\/product_cat?post=2639"},{"taxonomy":"product_tag","embeddable":true,"href":"https:\/\/sonetica.md\/ro\/wp-json\/wp\/v2\/product_tag?post=2639"}],"curies":[{"name":"wp","href":"https:\/\/api.w.org\/{rel}","templated":true}]}}