{"id":2653,"date":"2025-11-07T21:48:51","date_gmt":"2025-11-07T19:48:51","guid":{"rendered":"https:\/\/sonetica.md\/?post_type=product&#038;p=2653"},"modified":"2025-11-07T21:48:51","modified_gmt":"2025-11-07T19:48:51","slug":"jsound-hyj-0024c","status":"publish","type":"product","link":"https:\/\/sonetica.md\/ro\/produs\/jsound-hyj-0024c\/","title":{"rendered":"JSound HYJ-0024C"},"content":{"rendered":"<p>Claxon audio profesional<br \/>\nMaterial: Aluminiu<br \/>\nDimensiuni: 250L*250W*135H<br \/>\nG\u00e2t: 1 inch<br \/>\nFinisaj: vopsire neagr\u0103 cu efect de nisip<\/p>\n","protected":false},"excerpt":{"rendered":"<p>Claxon profesional din aluminiu de 1&#8243; pentru difuzor<\/p>\n","protected":false},"featured_media":2188,"template":"","meta":{"_acf_changed":false,"_gspb_post_css":""},"product_brand":[435],"product_cat":[297],"product_tag":[],"class_list":{"0":"post-2653","1":"product","2":"type-product","3":"status-publish","4":"has-post-thumbnail","6":"product_brand-jsound","7":"product_cat-loudspeaker-horns","9":"first","10":"instock","11":"taxable","12":"shipping-taxable","13":"purchasable","14":"product-type-simple"},"acf":[],"yoast_head":"<!-- This site is optimized with the Yoast SEO Premium plugin v27.2 (Yoast SEO v27.2) - https:\/\/yoast.com\/product\/yoast-seo-premium-wordpress\/ -->\n<title>JSound HYJ-0024C cump\u0103r\u0103 \u00een Moldova | Sonetica<\/title>\n<meta name=\"description\" content=\"Cump\u0103ra\u021bi JSound HYJ-0024C \u00een magazinul Sonetica. Livrare \u00een Moldova. Garan\u021bie oficial\u0103.\" \/>\n<meta name=\"robots\" content=\"index, follow, max-snippet:-1, max-image-preview:large, max-video-preview:-1\" \/>\n<link rel=\"canonical\" href=\"https:\/\/sonetica.md\/ro\/produs\/jsound-hyj-0024c\/\" \/>\n<meta property=\"og:locale\" content=\"ro_RO\" \/>\n<meta property=\"og:type\" content=\"article\" \/>\n<meta property=\"og:title\" content=\"JSound HYJ-0024C cump\u0103r\u0103 \u00een Moldova | Sonetica\" \/>\n<meta property=\"og:description\" content=\"Cump\u0103r\u0103 JSound HYJ-0024C din magazinul Sonetica. Livrare \u00een Moldova. Garan\u021bie oficial\u0103.\" \/>\n<meta property=\"og:url\" content=\"https:\/\/sonetica.md\/ro\/produs\/jsound-hyj-0024c\/\" \/>\n<meta property=\"og:site_name\" content=\"Sonetica\" \/>\n<meta property=\"article:publisher\" content=\"https:\/\/www.facebook.com\/sonetica.md\" \/>\n<meta name=\"twitter:card\" content=\"summary_large_image\" \/>\n<meta name=\"twitter:label1\" content=\"Pre\u021b\" \/>\n\t<meta name=\"twitter:data1\" content=\"780,00&nbsp;MDL\" \/>\n\t<meta name=\"twitter:label2\" content=\"Disponibilitate\" \/>\n\t<meta name=\"twitter:data2\" content=\"\u00cen stoc\" \/>\n<script type=\"application\/ld+json\" class=\"yoast-schema-graph\">{\"@context\":\"https:\/\/schema.org\",\"@graph\":[{\"@type\":\"WebPage\",\"@id\":\"https:\/\/sonetica.md\/ro\/produs\/jsound-hyj-0024c\/\",\"url\":\"https:\/\/sonetica.md\/ro\/produs\/jsound-hyj-0024c\/\",\"name\":\"JSound HYJ-0024C cump\u0103r\u0103 \u00een Moldova | Sonetica\",\"isPartOf\":{\"@id\":\"https:\/\/sonetica.md\/ro\/#website\"},\"primaryImageOfPage\":{\"@id\":\"https:\/\/sonetica.md\/ro\/produs\/jsound-hyj-0024c\/#primaryimage\"},\"image\":{\"@id\":\"https:\/\/sonetica.md\/ro\/produs\/jsound-hyj-0024c\/#primaryimage\"},\"thumbnailUrl\":\"https:\/\/sonetica.md\/wp-content\/uploads\/2025\/11\/jsound-hyj-0024c.avif\",\"datePublished\":\"2025-11-07T19:48:51+00:00\",\"description\":\"Cump\u0103ra\u021bi JSound HYJ-0024C \u00een magazinul Sonetica. Livrare \u00een Moldova. Garan\u021bie oficial\u0103.\",\"breadcrumb\":{\"@id\":\"https:\/\/sonetica.md\/ro\/produs\/jsound-hyj-0024c\/#breadcrumb\"},\"inLanguage\":\"ro-RO\",\"potentialAction\":[{\"@type\":\"ReadAction\",\"target\":[\"https:\/\/sonetica.md\/ro\/produs\/jsound-hyj-0024c\/\"]}]},{\"@type\":\"ImageObject\",\"inLanguage\":\"ro-RO\",\"@id\":\"https:\/\/sonetica.md\/ro\/produs\/jsound-hyj-0024c\/#primaryimage\",\"url\":\"https:\/\/sonetica.md\/wp-content\/uploads\/2025\/11\/jsound-hyj-0024c.avif\",\"contentUrl\":\"https:\/\/sonetica.md\/wp-content\/uploads\/2025\/11\/jsound-hyj-0024c.avif\",\"width\":550,\"height\":550},{\"@type\":\"BreadcrumbList\",\"@id\":\"https:\/\/sonetica.md\/ro\/produs\/jsound-hyj-0024c\/#breadcrumb\",\"itemListElement\":[{\"@type\":\"ListItem\",\"position\":1,\"name\":\"Acas\u0103\",\"item\":\"https:\/\/sonetica.md\/ro\/\"},{\"@type\":\"ListItem\",\"position\":2,\"name\":\"Produse\",\"item\":\"https:\/\/sonetica.md\/ro\/shop\/\"},{\"@type\":\"ListItem\",\"position\":3,\"name\":\"Difuzoare\",\"item\":\"https:\/\/sonetica.md\/ro\/product-category\/difuzoare\/\"},{\"@type\":\"ListItem\",\"position\":4,\"name\":\"Goarne pentru Drivere\",\"item\":\"https:\/\/sonetica.md\/ro\/product-category\/difuzoare\/loudspeaker-horns\/\"},{\"@type\":\"ListItem\",\"position\":5,\"name\":\"JSound HYJ-0024C\"}]},{\"@type\":\"WebSite\",\"@id\":\"https:\/\/sonetica.md\/ro\/#website\",\"url\":\"https:\/\/sonetica.md\/ro\/\",\"name\":\"Sonetica\",\"description\":\"Audio Equipment and Accessories\",\"publisher\":{\"@id\":\"https:\/\/sonetica.md\/ro\/#organization\"},\"potentialAction\":[{\"@type\":\"SearchAction\",\"target\":{\"@type\":\"EntryPoint\",\"urlTemplate\":\"https:\/\/sonetica.md\/ro\/?s={search_term_string}\"},\"query-input\":{\"@type\":\"PropertyValueSpecification\",\"valueRequired\":true,\"valueName\":\"search_term_string\"}}],\"inLanguage\":\"ro-RO\"},{\"@type\":[\"Organization\",\"Place\",\"ElectronicsStore\"],\"@id\":\"https:\/\/sonetica.md\/ro\/#organization\",\"name\":\"Sonetica\",\"url\":\"https:\/\/sonetica.md\/ro\/\",\"logo\":{\"@id\":\"https:\/\/sonetica.md\/ro\/produs\/jsound-hyj-0024c\/#local-main-organization-logo\"},\"image\":{\"@id\":\"https:\/\/sonetica.md\/ro\/produs\/jsound-hyj-0024c\/#local-main-organization-logo\"},\"sameAs\":[\"https:\/\/www.facebook.com\/sonetica.md\"],\"legalName\":\"Sonetica SRL\",\"address\":{\"@id\":\"https:\/\/sonetica.md\/ro\/produs\/jsound-hyj-0024c\/#local-main-place-address\"},\"telephone\":[\"+373 22 274866\"],\"contactPoint\":{\"@type\":\"ContactPoint\",\"telephone\":\"(022) 27-48-66\"},\"openingHoursSpecification\":[{\"@type\":\"OpeningHoursSpecification\",\"dayOfWeek\":[\"Monday\",\"Tuesday\",\"Wednesday\",\"Thursday\",\"Friday\"],\"opens\":\"10:00\",\"closes\":\"17:00\"},{\"@type\":\"OpeningHoursSpecification\",\"dayOfWeek\":[\"Saturday\",\"Sunday\"],\"opens\":\"00:00\",\"closes\":\"00:00\"}],\"vatID\":\"0203112\",\"taxID\":\"1003600083647\",\"currenciesAccepted\":\"MDL\",\"paymentAccepted\":\"Cash, Card\"},{\"@type\":\"PostalAddress\",\"@id\":\"https:\/\/sonetica.md\/ro\/produs\/jsound-hyj-0024c\/#local-main-place-address\",\"streetAddress\":\"V. Alecsandri 30\",\"addressLocality\":\"Chisinau\",\"postalCode\":\"MD-2009\",\"addressCountry\":\"MD\"},{\"@type\":\"ImageObject\",\"inLanguage\":\"ro-RO\",\"@id\":\"https:\/\/sonetica.md\/ro\/produs\/jsound-hyj-0024c\/#local-main-organization-logo\",\"url\":\"https:\/\/sonetica.md\/wp-content\/uploads\/2025\/11\/sonetica_logo.png\",\"contentUrl\":\"https:\/\/sonetica.md\/wp-content\/uploads\/2025\/11\/sonetica_logo.png\",\"width\":453,\"height\":453,\"caption\":\"Sonetica\"}]}<\/script>\n<meta property=\"product:brand\" content=\"JSound\" \/>\n<meta property=\"product:price:amount\" content=\"780.00\" \/>\n<meta property=\"product:price:currency\" content=\"MDL\" \/>\n<meta property=\"og:availability\" content=\"instock\" \/>\n<meta property=\"product:availability\" content=\"instock\" \/>\n<meta property=\"product:retailer_item_id\" content=\"JSOUND-HYJ0024C\" \/>\n<meta property=\"product:condition\" content=\"new\" \/>\n<meta name=\"geo.placename\" content=\"Chisinau\" \/>\n<meta name=\"geo.region\" content=\"Republica Moldova\" \/>\n<!-- \/ Yoast SEO Premium plugin. -->","yoast_head_json":{"title":"JSound HYJ-0024C cump\u0103r\u0103 \u00een Moldova | Sonetica","description":"Cump\u0103ra\u021bi JSound HYJ-0024C \u00een magazinul Sonetica. Livrare \u00een Moldova. Garan\u021bie oficial\u0103.","robots":{"index":"index","follow":"follow","max-snippet":"max-snippet:-1","max-image-preview":"max-image-preview:large","max-video-preview":"max-video-preview:-1"},"canonical":"https:\/\/sonetica.md\/ro\/produs\/jsound-hyj-0024c\/","og_locale":"ro_RO","og_type":"article","og_title":"JSound HYJ-0024C cump\u0103r\u0103 \u00een Moldova | Sonetica","og_description":"Cump\u0103r\u0103 JSound HYJ-0024C din magazinul Sonetica. Livrare \u00een Moldova. Garan\u021bie oficial\u0103.","og_url":"https:\/\/sonetica.md\/ro\/produs\/jsound-hyj-0024c\/","og_site_name":"Sonetica","article_publisher":"https:\/\/www.facebook.com\/sonetica.md","twitter_card":"summary_large_image","twitter_misc":{"Pre\u021b":"780,00&nbsp;MDL","Disponibilitate":"\u00cen stoc"},"schema":{"@context":"https:\/\/schema.org","@graph":[{"@type":"WebPage","@id":"https:\/\/sonetica.md\/ro\/produs\/jsound-hyj-0024c\/","url":"https:\/\/sonetica.md\/ro\/produs\/jsound-hyj-0024c\/","name":"JSound HYJ-0024C cump\u0103r\u0103 \u00een Moldova | Sonetica","isPartOf":{"@id":"https:\/\/sonetica.md\/ro\/#website"},"primaryImageOfPage":{"@id":"https:\/\/sonetica.md\/ro\/produs\/jsound-hyj-0024c\/#primaryimage"},"image":{"@id":"https:\/\/sonetica.md\/ro\/produs\/jsound-hyj-0024c\/#primaryimage"},"thumbnailUrl":"https:\/\/sonetica.md\/wp-content\/uploads\/2025\/11\/jsound-hyj-0024c.avif","datePublished":"2025-11-07T19:48:51+00:00","description":"Cump\u0103ra\u021bi JSound HYJ-0024C \u00een magazinul Sonetica. Livrare \u00een Moldova. Garan\u021bie oficial\u0103.","breadcrumb":{"@id":"https:\/\/sonetica.md\/ro\/produs\/jsound-hyj-0024c\/#breadcrumb"},"inLanguage":"ro-RO","potentialAction":[{"@type":"ReadAction","target":["https:\/\/sonetica.md\/ro\/produs\/jsound-hyj-0024c\/"]}]},{"@type":"ImageObject","inLanguage":"ro-RO","@id":"https:\/\/sonetica.md\/ro\/produs\/jsound-hyj-0024c\/#primaryimage","url":"https:\/\/sonetica.md\/wp-content\/uploads\/2025\/11\/jsound-hyj-0024c.avif","contentUrl":"https:\/\/sonetica.md\/wp-content\/uploads\/2025\/11\/jsound-hyj-0024c.avif","width":550,"height":550},{"@type":"BreadcrumbList","@id":"https:\/\/sonetica.md\/ro\/produs\/jsound-hyj-0024c\/#breadcrumb","itemListElement":[{"@type":"ListItem","position":1,"name":"Acas\u0103","item":"https:\/\/sonetica.md\/ro\/"},{"@type":"ListItem","position":2,"name":"Produse","item":"https:\/\/sonetica.md\/ro\/shop\/"},{"@type":"ListItem","position":3,"name":"Difuzoare","item":"https:\/\/sonetica.md\/ro\/product-category\/difuzoare\/"},{"@type":"ListItem","position":4,"name":"Goarne pentru Drivere","item":"https:\/\/sonetica.md\/ro\/product-category\/difuzoare\/loudspeaker-horns\/"},{"@type":"ListItem","position":5,"name":"JSound HYJ-0024C"}]},{"@type":"WebSite","@id":"https:\/\/sonetica.md\/ro\/#website","url":"https:\/\/sonetica.md\/ro\/","name":"Sonetica","description":"Audio Equipment and Accessories","publisher":{"@id":"https:\/\/sonetica.md\/ro\/#organization"},"potentialAction":[{"@type":"SearchAction","target":{"@type":"EntryPoint","urlTemplate":"https:\/\/sonetica.md\/ro\/?s={search_term_string}"},"query-input":{"@type":"PropertyValueSpecification","valueRequired":true,"valueName":"search_term_string"}}],"inLanguage":"ro-RO"},{"@type":["Organization","Place","ElectronicsStore"],"@id":"https:\/\/sonetica.md\/ro\/#organization","name":"Sonetica","url":"https:\/\/sonetica.md\/ro\/","logo":{"@id":"https:\/\/sonetica.md\/ro\/produs\/jsound-hyj-0024c\/#local-main-organization-logo"},"image":{"@id":"https:\/\/sonetica.md\/ro\/produs\/jsound-hyj-0024c\/#local-main-organization-logo"},"sameAs":["https:\/\/www.facebook.com\/sonetica.md"],"legalName":"Sonetica SRL","address":{"@id":"https:\/\/sonetica.md\/ro\/produs\/jsound-hyj-0024c\/#local-main-place-address"},"telephone":["+373 22 274866"],"contactPoint":{"@type":"ContactPoint","telephone":"(022) 27-48-66"},"openingHoursSpecification":[{"@type":"OpeningHoursSpecification","dayOfWeek":["Monday","Tuesday","Wednesday","Thursday","Friday"],"opens":"10:00","closes":"17:00"},{"@type":"OpeningHoursSpecification","dayOfWeek":["Saturday","Sunday"],"opens":"00:00","closes":"00:00"}],"vatID":"0203112","taxID":"1003600083647","currenciesAccepted":"MDL","paymentAccepted":"Cash, Card"},{"@type":"PostalAddress","@id":"https:\/\/sonetica.md\/ro\/produs\/jsound-hyj-0024c\/#local-main-place-address","streetAddress":"V. Alecsandri 30","addressLocality":"Chisinau","postalCode":"MD-2009","addressCountry":"MD"},{"@type":"ImageObject","inLanguage":"ro-RO","@id":"https:\/\/sonetica.md\/ro\/produs\/jsound-hyj-0024c\/#local-main-organization-logo","url":"https:\/\/sonetica.md\/wp-content\/uploads\/2025\/11\/sonetica_logo.png","contentUrl":"https:\/\/sonetica.md\/wp-content\/uploads\/2025\/11\/sonetica_logo.png","width":453,"height":453,"caption":"Sonetica"}]},"product_brand":"JSound","product_price_amount":"780.00","product_price_currency":"MDL","og_availability":"instock","product_availability":"instock","product_retailer_item_id":"JSOUND-HYJ0024C","product_condition":"new","geo.placename":"Chisinau","geo.region":"Republica Moldova"},"_links":{"self":[{"href":"https:\/\/sonetica.md\/ro\/wp-json\/wp\/v2\/product\/2653","targetHints":{"allow":["GET"]}}],"collection":[{"href":"https:\/\/sonetica.md\/ro\/wp-json\/wp\/v2\/product"}],"about":[{"href":"https:\/\/sonetica.md\/ro\/wp-json\/wp\/v2\/types\/product"}],"wp:featuredmedia":[{"embeddable":true,"href":"https:\/\/sonetica.md\/ro\/wp-json\/wp\/v2\/media\/2188"}],"wp:attachment":[{"href":"https:\/\/sonetica.md\/ro\/wp-json\/wp\/v2\/media?parent=2653"}],"wp:term":[{"taxonomy":"product_brand","embeddable":true,"href":"https:\/\/sonetica.md\/ro\/wp-json\/wp\/v2\/product_brand?post=2653"},{"taxonomy":"product_cat","embeddable":true,"href":"https:\/\/sonetica.md\/ro\/wp-json\/wp\/v2\/product_cat?post=2653"},{"taxonomy":"product_tag","embeddable":true,"href":"https:\/\/sonetica.md\/ro\/wp-json\/wp\/v2\/product_tag?post=2653"}],"curies":[{"name":"wp","href":"https:\/\/api.w.org\/{rel}","templated":true}]}}