{"id":2703,"date":"2025-11-07T21:48:33","date_gmt":"2025-11-07T19:48:33","guid":{"rendered":"https:\/\/sonetica.md\/?post_type=product&#038;p=2703"},"modified":"2025-11-07T21:48:33","modified_gmt":"2025-11-07T19:48:33","slug":"beyerdynamic-synexis-rp8","status":"publish","type":"product","link":"https:\/\/sonetica.md\/ro\/produs\/beyerdynamic-synexis-rp8\/","title":{"rendered":"Beyerdynamic Synexis RP8"},"content":{"rendered":"<p>Beyerdynamic Synexis RP8 este un receptor de buzunar compact, care face parte din sistemul personal de ghidare Synexis. Este ideal pentru tururi ghidate, conferin\u021be \u0219i aplica\u021bii de interpretare multilingv\u0103. Poate fi folosit \u0219i pentru transmiterea sunetului c\u0103tre aparatele auditive. Specifica\u021bii: * Produc\u0103tor: beyerdynamic * Design: Transmi\u021b\u0103tor de buzunar (numit \u0219i Receptor de buzunar) * \u00centrerup\u0103tor Pornit\/Oprit: Da * Domeniu de frecven\u021b\u0103 de la (Hz): 70 * Domeniu de frecven\u021b\u0103 p\u00e2n\u0103 la (Hz): 13000 * Pad comutabil: Nu * Low Cut comutabil: Nu * Frecven\u021be comutabile: Da * Raza de ac\u021biune: Aprox. 100 m cu linie vizual\u0103 \u00eentre emi\u021b\u0103tor \u0219i receptor. * Afi\u0219aj: Arat\u0103 canalul, starea bateriei \u0219i frecven\u021ba. * Ata\u0219ament: Clem\u0103 de curea deta\u0219abil\u0103 sau \u0219nur de g\u00e2t.<\/p>\n","protected":false},"excerpt":{"rendered":"<p>Receptor compact de tip &#8222;beltpack&#8221; pentru tururi ghidate. Frecven\u021b\u0103 70-13000 Hz, control volum, mini jack, clem\u0103 pentru curea.<\/p>\n","protected":false},"featured_media":1680,"template":"","meta":{"_acf_changed":false,"_gspb_post_css":""},"product_brand":[445],"product_cat":[255],"product_tag":[],"class_list":{"0":"post-2703","1":"product","2":"type-product","3":"status-publish","4":"has-post-thumbnail","6":"product_brand-beyerdynamic","7":"product_cat-conference-audio-receivers","9":"first","10":"instock","11":"taxable","12":"shipping-taxable","13":"purchasable","14":"product-type-simple"},"acf":[],"yoast_head":"<!-- This site is optimized with the Yoast SEO Premium plugin v27.2 (Yoast SEO v27.2) - https:\/\/yoast.com\/product\/yoast-seo-premium-wordpress\/ -->\n<title>Beyerdynamic Synexis RP8 cump\u0103r\u0103 \u00een Moldova | Sonetica<\/title>\n<meta name=\"description\" content=\"Cump\u0103ra\u021bi Beyerdynamic Synexis RP8 \u00een magazinul Sonetica. Livrare \u00een Moldova. Garan\u021bie oficial\u0103.\" \/>\n<meta name=\"robots\" content=\"index, follow, max-snippet:-1, max-image-preview:large, max-video-preview:-1\" \/>\n<link rel=\"canonical\" href=\"https:\/\/sonetica.md\/ro\/produs\/beyerdynamic-synexis-rp8\/\" \/>\n<meta property=\"og:locale\" content=\"ro_RO\" \/>\n<meta property=\"og:type\" content=\"article\" \/>\n<meta property=\"og:title\" content=\"Beyerdynamic Synexis RP8 cump\u0103r\u0103 \u00een Moldova | Sonetica\" \/>\n<meta property=\"og:description\" content=\"Cump\u0103r\u0103 Beyerdynamic Synexis RP8 din magazinul Sonetica. Livrare \u00een Moldova. Garan\u021bie oficial\u0103.\" \/>\n<meta property=\"og:url\" content=\"https:\/\/sonetica.md\/ro\/produs\/beyerdynamic-synexis-rp8\/\" \/>\n<meta property=\"og:site_name\" content=\"Sonetica\" \/>\n<meta property=\"article:publisher\" content=\"https:\/\/www.facebook.com\/sonetica.md\" \/>\n<meta property=\"og:image\" content=\"https:\/\/sonetica.md\/wp-content\/uploads\/2025\/10\/beyerdynamic-synexis-rp8.jpg\" \/>\n\t<meta property=\"og:image:width\" content=\"568\" \/>\n\t<meta property=\"og:image:height\" content=\"438\" \/>\n\t<meta property=\"og:image:type\" content=\"image\/jpeg\" \/>\n<meta name=\"twitter:card\" content=\"summary_large_image\" \/>\n<meta name=\"twitter:label1\" content=\"Pre\u021b\" \/>\n\t<meta name=\"twitter:data1\" content=\"5.060,00&nbsp;MDL\" \/>\n\t<meta name=\"twitter:label2\" content=\"Disponibilitate\" \/>\n\t<meta name=\"twitter:data2\" content=\"\u00cen stoc\" \/>\n<script type=\"application\/ld+json\" class=\"yoast-schema-graph\">{\"@context\":\"https:\/\/schema.org\",\"@graph\":[{\"@type\":\"WebPage\",\"@id\":\"https:\/\/sonetica.md\/ro\/produs\/beyerdynamic-synexis-rp8\/\",\"url\":\"https:\/\/sonetica.md\/ro\/produs\/beyerdynamic-synexis-rp8\/\",\"name\":\"Beyerdynamic Synexis RP8 cump\u0103r\u0103 \u00een Moldova | Sonetica\",\"isPartOf\":{\"@id\":\"https:\/\/sonetica.md\/ro\/#website\"},\"primaryImageOfPage\":{\"@id\":\"https:\/\/sonetica.md\/ro\/produs\/beyerdynamic-synexis-rp8\/#primaryimage\"},\"image\":{\"@id\":\"https:\/\/sonetica.md\/ro\/produs\/beyerdynamic-synexis-rp8\/#primaryimage\"},\"thumbnailUrl\":\"https:\/\/sonetica.md\/wp-content\/uploads\/2025\/10\/beyerdynamic-synexis-rp8.jpg\",\"datePublished\":\"2025-11-07T19:48:33+00:00\",\"description\":\"Cump\u0103ra\u021bi Beyerdynamic Synexis RP8 \u00een magazinul Sonetica. Livrare \u00een Moldova. Garan\u021bie oficial\u0103.\",\"breadcrumb\":{\"@id\":\"https:\/\/sonetica.md\/ro\/produs\/beyerdynamic-synexis-rp8\/#breadcrumb\"},\"inLanguage\":\"ro-RO\",\"potentialAction\":[{\"@type\":\"ReadAction\",\"target\":[\"https:\/\/sonetica.md\/ro\/produs\/beyerdynamic-synexis-rp8\/\"]}]},{\"@type\":\"ImageObject\",\"inLanguage\":\"ro-RO\",\"@id\":\"https:\/\/sonetica.md\/ro\/produs\/beyerdynamic-synexis-rp8\/#primaryimage\",\"url\":\"https:\/\/sonetica.md\/wp-content\/uploads\/2025\/10\/beyerdynamic-synexis-rp8.jpg\",\"contentUrl\":\"https:\/\/sonetica.md\/wp-content\/uploads\/2025\/10\/beyerdynamic-synexis-rp8.jpg\",\"width\":568,\"height\":438},{\"@type\":\"BreadcrumbList\",\"@id\":\"https:\/\/sonetica.md\/ro\/produs\/beyerdynamic-synexis-rp8\/#breadcrumb\",\"itemListElement\":[{\"@type\":\"ListItem\",\"position\":1,\"name\":\"Acas\u0103\",\"item\":\"https:\/\/sonetica.md\/ro\/\"},{\"@type\":\"ListItem\",\"position\":2,\"name\":\"Produse\",\"item\":\"https:\/\/sonetica.md\/ro\/shop\/\"},{\"@type\":\"ListItem\",\"position\":3,\"name\":\"Sisteme de conferin\u021b\u0103\",\"item\":\"https:\/\/sonetica.md\/ro\/product-category\/conference-systems\/\"},{\"@type\":\"ListItem\",\"position\":4,\"name\":\"Audio Receptoare\",\"item\":\"https:\/\/sonetica.md\/ro\/product-category\/conference-systems\/conference-audio-receivers\/\"},{\"@type\":\"ListItem\",\"position\":5,\"name\":\"Beyerdynamic Synexis RP8\"}]},{\"@type\":\"WebSite\",\"@id\":\"https:\/\/sonetica.md\/ro\/#website\",\"url\":\"https:\/\/sonetica.md\/ro\/\",\"name\":\"Sonetica\",\"description\":\"Audio Equipment and Accessories\",\"publisher\":{\"@id\":\"https:\/\/sonetica.md\/ro\/#organization\"},\"potentialAction\":[{\"@type\":\"SearchAction\",\"target\":{\"@type\":\"EntryPoint\",\"urlTemplate\":\"https:\/\/sonetica.md\/ro\/?s={search_term_string}\"},\"query-input\":{\"@type\":\"PropertyValueSpecification\",\"valueRequired\":true,\"valueName\":\"search_term_string\"}}],\"inLanguage\":\"ro-RO\"},{\"@type\":[\"Organization\",\"Place\",\"ElectronicsStore\"],\"@id\":\"https:\/\/sonetica.md\/ro\/#organization\",\"name\":\"Sonetica\",\"url\":\"https:\/\/sonetica.md\/ro\/\",\"logo\":{\"@id\":\"https:\/\/sonetica.md\/ro\/produs\/beyerdynamic-synexis-rp8\/#local-main-organization-logo\"},\"image\":{\"@id\":\"https:\/\/sonetica.md\/ro\/produs\/beyerdynamic-synexis-rp8\/#local-main-organization-logo\"},\"sameAs\":[\"https:\/\/www.facebook.com\/sonetica.md\"],\"legalName\":\"Sonetica SRL\",\"address\":{\"@id\":\"https:\/\/sonetica.md\/ro\/produs\/beyerdynamic-synexis-rp8\/#local-main-place-address\"},\"telephone\":[\"+373 22 274866\"],\"contactPoint\":{\"@type\":\"ContactPoint\",\"telephone\":\"(022) 27-48-66\"},\"openingHoursSpecification\":[{\"@type\":\"OpeningHoursSpecification\",\"dayOfWeek\":[\"Monday\",\"Tuesday\",\"Wednesday\",\"Thursday\",\"Friday\"],\"opens\":\"10:00\",\"closes\":\"17:00\"},{\"@type\":\"OpeningHoursSpecification\",\"dayOfWeek\":[\"Saturday\",\"Sunday\"],\"opens\":\"00:00\",\"closes\":\"00:00\"}],\"vatID\":\"0203112\",\"taxID\":\"1003600083647\",\"currenciesAccepted\":\"MDL\",\"paymentAccepted\":\"Cash, Card\"},{\"@type\":\"PostalAddress\",\"@id\":\"https:\/\/sonetica.md\/ro\/produs\/beyerdynamic-synexis-rp8\/#local-main-place-address\",\"streetAddress\":\"V. Alecsandri 30\",\"addressLocality\":\"Chisinau\",\"postalCode\":\"MD-2009\",\"addressCountry\":\"MD\"},{\"@type\":\"ImageObject\",\"inLanguage\":\"ro-RO\",\"@id\":\"https:\/\/sonetica.md\/ro\/produs\/beyerdynamic-synexis-rp8\/#local-main-organization-logo\",\"url\":\"https:\/\/sonetica.md\/wp-content\/uploads\/2025\/11\/sonetica_logo.png\",\"contentUrl\":\"https:\/\/sonetica.md\/wp-content\/uploads\/2025\/11\/sonetica_logo.png\",\"width\":453,\"height\":453,\"caption\":\"Sonetica\"}]}<\/script>\n<meta property=\"product:brand\" content=\"Beyerdynamic\" \/>\n<meta property=\"product:price:amount\" content=\"5060.00\" \/>\n<meta property=\"product:price:currency\" content=\"MDL\" \/>\n<meta property=\"og:availability\" content=\"instock\" \/>\n<meta property=\"product:availability\" content=\"instock\" \/>\n<meta property=\"product:retailer_item_id\" content=\"BEYERDYNAMIC-SYNEXISRP8\" \/>\n<meta property=\"product:condition\" content=\"new\" \/>\n<meta name=\"geo.placename\" content=\"Chisinau\" \/>\n<meta name=\"geo.region\" content=\"Republica Moldova\" \/>\n<!-- \/ Yoast SEO Premium plugin. -->","yoast_head_json":{"title":"Beyerdynamic Synexis RP8 cump\u0103r\u0103 \u00een Moldova | Sonetica","description":"Cump\u0103ra\u021bi Beyerdynamic Synexis RP8 \u00een magazinul Sonetica. Livrare \u00een Moldova. Garan\u021bie oficial\u0103.","robots":{"index":"index","follow":"follow","max-snippet":"max-snippet:-1","max-image-preview":"max-image-preview:large","max-video-preview":"max-video-preview:-1"},"canonical":"https:\/\/sonetica.md\/ro\/produs\/beyerdynamic-synexis-rp8\/","og_locale":"ro_RO","og_type":"article","og_title":"Beyerdynamic Synexis RP8 cump\u0103r\u0103 \u00een Moldova | Sonetica","og_description":"Cump\u0103r\u0103 Beyerdynamic Synexis RP8 din magazinul Sonetica. Livrare \u00een Moldova. Garan\u021bie oficial\u0103.","og_url":"https:\/\/sonetica.md\/ro\/produs\/beyerdynamic-synexis-rp8\/","og_site_name":"Sonetica","article_publisher":"https:\/\/www.facebook.com\/sonetica.md","og_image":[{"width":568,"height":438,"url":"https:\/\/sonetica.md\/wp-content\/uploads\/2025\/10\/beyerdynamic-synexis-rp8.jpg","type":"image\/jpeg"}],"twitter_card":"summary_large_image","twitter_misc":{"Pre\u021b":"5.060,00&nbsp;MDL","Disponibilitate":"\u00cen stoc"},"schema":{"@context":"https:\/\/schema.org","@graph":[{"@type":"WebPage","@id":"https:\/\/sonetica.md\/ro\/produs\/beyerdynamic-synexis-rp8\/","url":"https:\/\/sonetica.md\/ro\/produs\/beyerdynamic-synexis-rp8\/","name":"Beyerdynamic Synexis RP8 cump\u0103r\u0103 \u00een Moldova | Sonetica","isPartOf":{"@id":"https:\/\/sonetica.md\/ro\/#website"},"primaryImageOfPage":{"@id":"https:\/\/sonetica.md\/ro\/produs\/beyerdynamic-synexis-rp8\/#primaryimage"},"image":{"@id":"https:\/\/sonetica.md\/ro\/produs\/beyerdynamic-synexis-rp8\/#primaryimage"},"thumbnailUrl":"https:\/\/sonetica.md\/wp-content\/uploads\/2025\/10\/beyerdynamic-synexis-rp8.jpg","datePublished":"2025-11-07T19:48:33+00:00","description":"Cump\u0103ra\u021bi Beyerdynamic Synexis RP8 \u00een magazinul Sonetica. Livrare \u00een Moldova. Garan\u021bie oficial\u0103.","breadcrumb":{"@id":"https:\/\/sonetica.md\/ro\/produs\/beyerdynamic-synexis-rp8\/#breadcrumb"},"inLanguage":"ro-RO","potentialAction":[{"@type":"ReadAction","target":["https:\/\/sonetica.md\/ro\/produs\/beyerdynamic-synexis-rp8\/"]}]},{"@type":"ImageObject","inLanguage":"ro-RO","@id":"https:\/\/sonetica.md\/ro\/produs\/beyerdynamic-synexis-rp8\/#primaryimage","url":"https:\/\/sonetica.md\/wp-content\/uploads\/2025\/10\/beyerdynamic-synexis-rp8.jpg","contentUrl":"https:\/\/sonetica.md\/wp-content\/uploads\/2025\/10\/beyerdynamic-synexis-rp8.jpg","width":568,"height":438},{"@type":"BreadcrumbList","@id":"https:\/\/sonetica.md\/ro\/produs\/beyerdynamic-synexis-rp8\/#breadcrumb","itemListElement":[{"@type":"ListItem","position":1,"name":"Acas\u0103","item":"https:\/\/sonetica.md\/ro\/"},{"@type":"ListItem","position":2,"name":"Produse","item":"https:\/\/sonetica.md\/ro\/shop\/"},{"@type":"ListItem","position":3,"name":"Sisteme de conferin\u021b\u0103","item":"https:\/\/sonetica.md\/ro\/product-category\/conference-systems\/"},{"@type":"ListItem","position":4,"name":"Audio Receptoare","item":"https:\/\/sonetica.md\/ro\/product-category\/conference-systems\/conference-audio-receivers\/"},{"@type":"ListItem","position":5,"name":"Beyerdynamic Synexis RP8"}]},{"@type":"WebSite","@id":"https:\/\/sonetica.md\/ro\/#website","url":"https:\/\/sonetica.md\/ro\/","name":"Sonetica","description":"Audio Equipment and Accessories","publisher":{"@id":"https:\/\/sonetica.md\/ro\/#organization"},"potentialAction":[{"@type":"SearchAction","target":{"@type":"EntryPoint","urlTemplate":"https:\/\/sonetica.md\/ro\/?s={search_term_string}"},"query-input":{"@type":"PropertyValueSpecification","valueRequired":true,"valueName":"search_term_string"}}],"inLanguage":"ro-RO"},{"@type":["Organization","Place","ElectronicsStore"],"@id":"https:\/\/sonetica.md\/ro\/#organization","name":"Sonetica","url":"https:\/\/sonetica.md\/ro\/","logo":{"@id":"https:\/\/sonetica.md\/ro\/produs\/beyerdynamic-synexis-rp8\/#local-main-organization-logo"},"image":{"@id":"https:\/\/sonetica.md\/ro\/produs\/beyerdynamic-synexis-rp8\/#local-main-organization-logo"},"sameAs":["https:\/\/www.facebook.com\/sonetica.md"],"legalName":"Sonetica SRL","address":{"@id":"https:\/\/sonetica.md\/ro\/produs\/beyerdynamic-synexis-rp8\/#local-main-place-address"},"telephone":["+373 22 274866"],"contactPoint":{"@type":"ContactPoint","telephone":"(022) 27-48-66"},"openingHoursSpecification":[{"@type":"OpeningHoursSpecification","dayOfWeek":["Monday","Tuesday","Wednesday","Thursday","Friday"],"opens":"10:00","closes":"17:00"},{"@type":"OpeningHoursSpecification","dayOfWeek":["Saturday","Sunday"],"opens":"00:00","closes":"00:00"}],"vatID":"0203112","taxID":"1003600083647","currenciesAccepted":"MDL","paymentAccepted":"Cash, Card"},{"@type":"PostalAddress","@id":"https:\/\/sonetica.md\/ro\/produs\/beyerdynamic-synexis-rp8\/#local-main-place-address","streetAddress":"V. Alecsandri 30","addressLocality":"Chisinau","postalCode":"MD-2009","addressCountry":"MD"},{"@type":"ImageObject","inLanguage":"ro-RO","@id":"https:\/\/sonetica.md\/ro\/produs\/beyerdynamic-synexis-rp8\/#local-main-organization-logo","url":"https:\/\/sonetica.md\/wp-content\/uploads\/2025\/11\/sonetica_logo.png","contentUrl":"https:\/\/sonetica.md\/wp-content\/uploads\/2025\/11\/sonetica_logo.png","width":453,"height":453,"caption":"Sonetica"}]},"product_brand":"Beyerdynamic","product_price_amount":"5060.00","product_price_currency":"MDL","og_availability":"instock","product_availability":"instock","product_retailer_item_id":"BEYERDYNAMIC-SYNEXISRP8","product_condition":"new","geo.placename":"Chisinau","geo.region":"Republica Moldova"},"_links":{"self":[{"href":"https:\/\/sonetica.md\/ro\/wp-json\/wp\/v2\/product\/2703","targetHints":{"allow":["GET"]}}],"collection":[{"href":"https:\/\/sonetica.md\/ro\/wp-json\/wp\/v2\/product"}],"about":[{"href":"https:\/\/sonetica.md\/ro\/wp-json\/wp\/v2\/types\/product"}],"wp:featuredmedia":[{"embeddable":true,"href":"https:\/\/sonetica.md\/ro\/wp-json\/wp\/v2\/media\/1680"}],"wp:attachment":[{"href":"https:\/\/sonetica.md\/ro\/wp-json\/wp\/v2\/media?parent=2703"}],"wp:term":[{"taxonomy":"product_brand","embeddable":true,"href":"https:\/\/sonetica.md\/ro\/wp-json\/wp\/v2\/product_brand?post=2703"},{"taxonomy":"product_cat","embeddable":true,"href":"https:\/\/sonetica.md\/ro\/wp-json\/wp\/v2\/product_cat?post=2703"},{"taxonomy":"product_tag","embeddable":true,"href":"https:\/\/sonetica.md\/ro\/wp-json\/wp\/v2\/product_tag?post=2703"}],"curies":[{"name":"wp","href":"https:\/\/api.w.org\/{rel}","templated":true}]}}