{"id":2708,"date":"2025-11-07T21:48:35","date_gmt":"2025-11-07T19:48:35","guid":{"rendered":"https:\/\/sonetica.md\/?post_type=product&#038;p=2708"},"modified":"2025-11-07T21:48:35","modified_gmt":"2025-11-07T19:48:35","slug":"chauvet-helicopter-q6","status":"publish","type":"product","link":"https:\/\/sonetica.md\/ro\/produs\/chauvet-helicopter-q6\/","title":{"rendered":"Chauvet Helicopter Q6"},"content":{"rendered":"<p>Chauvet DJ Helicopter Q6 este un corp de iluminat cu efecte multiple, care \u00eencorporeaz\u0103 6 fascicule RGBW ajustabile, un stroboscop rotund SMD \u0219i un laser rotativ cu modele ro\u0219u\/verde, toate pe o baz\u0103 rotativ\u0103 cu pan continuu. Acest dispozitiv creeaz\u0103 efecte aeriene uimitoare cu fascicule RGBW \u00eenguste, clare ca o lam\u0103 de ras, \u0219i mii de fascicule laser fine ro\u0219ii\/verzi care acoper\u0103 o zon\u0103 mare.<\/p>\n<p>Specifica\u021bii:  * Canale DMX: 3 sau 16<br \/>\n  * Rota\u021bie Pan: 360\u00b0 (continuu)<br \/>\n  * Unghiul fasciculului (fascicule RGBW): 3\u00b0<br \/>\n  * Rate stroboscopice: Fascicul 1\u201320 Hz; stroboscop SMD 1\u201320 Hz<br \/>\n  * Surs\u0103 de lumin\u0103 (Fascicul): 6 (RGBW) 6.9 W, (2 A), durat\u0103 de via\u021b\u0103 estimat\u0103 de 50.000 de ore<br \/>\n  * Moduri de control: Automat, Activare sonor\u0103, Master\/Slave, DMX (3\/16ch), sau telecomand\u0103 op\u021bional\u0103 IRC-6<br \/>\n  * Conectori DMX: XLR cu 3 pini<br \/>\n  * Tensiune de intrare: 100\u2013240 VAC, 50\/60 Hz (autorange)<br \/>\n  * Putere \u0219i curent: 41 W, 0.7 A la 120 V, 60 Hz; 44 W, 0.4 A la 230 V, 50 Hz<br \/>\n  * Conectare electric\u0103: 12 unit\u0103\u021bi la 120 V; 23 unit\u0103\u021bi la 230 V<br \/>\n  * Greutate: 8.8 lb (4.0 kg)<br \/>\n  * Dimensiune: 15.4 x 15.4 x 9.4 in (390 x 390 x 239.7 mm)<br \/>\n  * Aprob\u0103ri: CE, FDA<\/p>\n","protected":false},"excerpt":{"rendered":"<p>Lumin\u0103 de DJ rotativ\u0103 cu efecte multiple, 6 fascicule RGBW, laser RG, pan de 360\u00b0, 16 canale DMX.<\/p>\n","protected":false},"featured_media":1458,"template":"","meta":{"_acf_changed":false,"_gspb_post_css":""},"product_brand":[447],"product_cat":[358],"product_tag":[],"class_list":{"0":"post-2708","1":"product","2":"type-product","3":"status-publish","4":"has-post-thumbnail","6":"product_brand-chauvet","7":"product_cat-lighting-fixtures","9":"first","10":"instock","11":"taxable","12":"shipping-taxable","13":"purchasable","14":"product-type-simple"},"acf":[],"yoast_head":"<!-- This site is optimized with the Yoast SEO Premium plugin v27.2 (Yoast SEO v27.2) - https:\/\/yoast.com\/product\/yoast-seo-premium-wordpress\/ -->\n<title>Chauvet Helicopter Q6 cump\u0103r\u0103 \u00een Moldova | Sonetica<\/title>\n<meta name=\"description\" content=\"Cump\u0103ra\u021bi Chauvet Helicopter Q6 \u00een magazinul Sonetica. Livrare \u00een Moldova. Garan\u021bie oficial\u0103.\" \/>\n<meta name=\"robots\" content=\"index, follow, max-snippet:-1, max-image-preview:large, max-video-preview:-1\" \/>\n<link rel=\"canonical\" href=\"https:\/\/sonetica.md\/ro\/produs\/chauvet-helicopter-q6\/\" \/>\n<meta property=\"og:locale\" content=\"ro_RO\" \/>\n<meta property=\"og:type\" content=\"article\" \/>\n<meta property=\"og:title\" content=\"Chauvet Helicopter Q6 cump\u0103r\u0103 \u00een Moldova | Sonetica\" \/>\n<meta property=\"og:description\" content=\"Cump\u0103r\u0103 Chauvet Helicopter Q6 din magazinul Sonetica. Livrare \u00een Moldova. Garan\u021bie oficial\u0103.\" \/>\n<meta property=\"og:url\" content=\"https:\/\/sonetica.md\/ro\/produs\/chauvet-helicopter-q6\/\" \/>\n<meta property=\"og:site_name\" content=\"Sonetica\" \/>\n<meta property=\"article:publisher\" content=\"https:\/\/www.facebook.com\/sonetica.md\" \/>\n<meta property=\"og:image\" content=\"https:\/\/sonetica.md\/wp-content\/uploads\/2025\/10\/chauvet-helicopter-q6.jpg\" \/>\n\t<meta property=\"og:image:width\" content=\"1534\" \/>\n\t<meta property=\"og:image:height\" content=\"1024\" \/>\n\t<meta property=\"og:image:type\" content=\"image\/jpeg\" \/>\n<meta name=\"twitter:card\" content=\"summary_large_image\" \/>\n<meta name=\"twitter:label1\" content=\"Pre\u021b\" \/>\n\t<meta name=\"twitter:data1\" content=\"5.760,00&nbsp;MDL\" \/>\n\t<meta name=\"twitter:label2\" content=\"Disponibilitate\" \/>\n\t<meta name=\"twitter:data2\" content=\"\u00cen stoc\" \/>\n<script type=\"application\/ld+json\" class=\"yoast-schema-graph\">{\"@context\":\"https:\/\/schema.org\",\"@graph\":[{\"@type\":\"WebPage\",\"@id\":\"https:\/\/sonetica.md\/ro\/produs\/chauvet-helicopter-q6\/\",\"url\":\"https:\/\/sonetica.md\/ro\/produs\/chauvet-helicopter-q6\/\",\"name\":\"Chauvet Helicopter Q6 cump\u0103r\u0103 \u00een Moldova | Sonetica\",\"isPartOf\":{\"@id\":\"https:\/\/sonetica.md\/ro\/#website\"},\"primaryImageOfPage\":{\"@id\":\"https:\/\/sonetica.md\/ro\/produs\/chauvet-helicopter-q6\/#primaryimage\"},\"image\":{\"@id\":\"https:\/\/sonetica.md\/ro\/produs\/chauvet-helicopter-q6\/#primaryimage\"},\"thumbnailUrl\":\"https:\/\/sonetica.md\/wp-content\/uploads\/2025\/10\/chauvet-helicopter-q6.jpg\",\"datePublished\":\"2025-11-07T19:48:35+00:00\",\"description\":\"Cump\u0103ra\u021bi Chauvet Helicopter Q6 \u00een magazinul Sonetica. Livrare \u00een Moldova. Garan\u021bie oficial\u0103.\",\"breadcrumb\":{\"@id\":\"https:\/\/sonetica.md\/ro\/produs\/chauvet-helicopter-q6\/#breadcrumb\"},\"inLanguage\":\"ro-RO\",\"potentialAction\":[{\"@type\":\"ReadAction\",\"target\":[\"https:\/\/sonetica.md\/ro\/produs\/chauvet-helicopter-q6\/\"]}]},{\"@type\":\"ImageObject\",\"inLanguage\":\"ro-RO\",\"@id\":\"https:\/\/sonetica.md\/ro\/produs\/chauvet-helicopter-q6\/#primaryimage\",\"url\":\"https:\/\/sonetica.md\/wp-content\/uploads\/2025\/10\/chauvet-helicopter-q6.jpg\",\"contentUrl\":\"https:\/\/sonetica.md\/wp-content\/uploads\/2025\/10\/chauvet-helicopter-q6.jpg\",\"width\":1534,\"height\":1024},{\"@type\":\"BreadcrumbList\",\"@id\":\"https:\/\/sonetica.md\/ro\/produs\/chauvet-helicopter-q6\/#breadcrumb\",\"itemListElement\":[{\"@type\":\"ListItem\",\"position\":1,\"name\":\"Acas\u0103\",\"item\":\"https:\/\/sonetica.md\/ro\/\"},{\"@type\":\"ListItem\",\"position\":2,\"name\":\"Produse\",\"item\":\"https:\/\/sonetica.md\/ro\/shop\/\"},{\"@type\":\"ListItem\",\"position\":3,\"name\":\"Lumini\",\"item\":\"https:\/\/sonetica.md\/ro\/product-category\/lighting\/\"},{\"@type\":\"ListItem\",\"position\":4,\"name\":\"Aparate de Lumini\",\"item\":\"https:\/\/sonetica.md\/ro\/product-category\/lighting\/lighting-fixtures\/\"},{\"@type\":\"ListItem\",\"position\":5,\"name\":\"Chauvet Helicopter Q6\"}]},{\"@type\":\"WebSite\",\"@id\":\"https:\/\/sonetica.md\/ro\/#website\",\"url\":\"https:\/\/sonetica.md\/ro\/\",\"name\":\"Sonetica\",\"description\":\"Audio Equipment and Accessories\",\"publisher\":{\"@id\":\"https:\/\/sonetica.md\/ro\/#organization\"},\"potentialAction\":[{\"@type\":\"SearchAction\",\"target\":{\"@type\":\"EntryPoint\",\"urlTemplate\":\"https:\/\/sonetica.md\/ro\/?s={search_term_string}\"},\"query-input\":{\"@type\":\"PropertyValueSpecification\",\"valueRequired\":true,\"valueName\":\"search_term_string\"}}],\"inLanguage\":\"ro-RO\"},{\"@type\":[\"Organization\",\"Place\",\"ElectronicsStore\"],\"@id\":\"https:\/\/sonetica.md\/ro\/#organization\",\"name\":\"Sonetica\",\"url\":\"https:\/\/sonetica.md\/ro\/\",\"logo\":{\"@id\":\"https:\/\/sonetica.md\/ro\/produs\/chauvet-helicopter-q6\/#local-main-organization-logo\"},\"image\":{\"@id\":\"https:\/\/sonetica.md\/ro\/produs\/chauvet-helicopter-q6\/#local-main-organization-logo\"},\"sameAs\":[\"https:\/\/www.facebook.com\/sonetica.md\"],\"legalName\":\"Sonetica SRL\",\"address\":{\"@id\":\"https:\/\/sonetica.md\/ro\/produs\/chauvet-helicopter-q6\/#local-main-place-address\"},\"telephone\":[\"+373 22 274866\"],\"contactPoint\":{\"@type\":\"ContactPoint\",\"telephone\":\"(022) 27-48-66\"},\"openingHoursSpecification\":[{\"@type\":\"OpeningHoursSpecification\",\"dayOfWeek\":[\"Monday\",\"Tuesday\",\"Wednesday\",\"Thursday\",\"Friday\"],\"opens\":\"10:00\",\"closes\":\"17:00\"},{\"@type\":\"OpeningHoursSpecification\",\"dayOfWeek\":[\"Saturday\",\"Sunday\"],\"opens\":\"00:00\",\"closes\":\"00:00\"}],\"vatID\":\"0203112\",\"taxID\":\"1003600083647\",\"currenciesAccepted\":\"MDL\",\"paymentAccepted\":\"Cash, Card\"},{\"@type\":\"PostalAddress\",\"@id\":\"https:\/\/sonetica.md\/ro\/produs\/chauvet-helicopter-q6\/#local-main-place-address\",\"streetAddress\":\"V. Alecsandri 30\",\"addressLocality\":\"Chisinau\",\"postalCode\":\"MD-2009\",\"addressCountry\":\"MD\"},{\"@type\":\"ImageObject\",\"inLanguage\":\"ro-RO\",\"@id\":\"https:\/\/sonetica.md\/ro\/produs\/chauvet-helicopter-q6\/#local-main-organization-logo\",\"url\":\"https:\/\/sonetica.md\/wp-content\/uploads\/2025\/11\/sonetica_logo.png\",\"contentUrl\":\"https:\/\/sonetica.md\/wp-content\/uploads\/2025\/11\/sonetica_logo.png\",\"width\":453,\"height\":453,\"caption\":\"Sonetica\"}]}<\/script>\n<meta property=\"product:brand\" content=\"Chauvet\" \/>\n<meta property=\"product:price:amount\" content=\"5760.00\" \/>\n<meta property=\"product:price:currency\" content=\"MDL\" \/>\n<meta property=\"og:availability\" content=\"instock\" \/>\n<meta property=\"product:availability\" content=\"instock\" \/>\n<meta property=\"product:retailer_item_id\" content=\"CHAUVET-HELICOPTERQ6\" \/>\n<meta property=\"product:condition\" content=\"new\" \/>\n<meta name=\"geo.placename\" content=\"Chisinau\" \/>\n<meta name=\"geo.region\" content=\"Republica Moldova\" \/>\n<!-- \/ Yoast SEO Premium plugin. -->","yoast_head_json":{"title":"Chauvet Helicopter Q6 cump\u0103r\u0103 \u00een Moldova | Sonetica","description":"Cump\u0103ra\u021bi Chauvet Helicopter Q6 \u00een magazinul Sonetica. Livrare \u00een Moldova. Garan\u021bie oficial\u0103.","robots":{"index":"index","follow":"follow","max-snippet":"max-snippet:-1","max-image-preview":"max-image-preview:large","max-video-preview":"max-video-preview:-1"},"canonical":"https:\/\/sonetica.md\/ro\/produs\/chauvet-helicopter-q6\/","og_locale":"ro_RO","og_type":"article","og_title":"Chauvet Helicopter Q6 cump\u0103r\u0103 \u00een Moldova | Sonetica","og_description":"Cump\u0103r\u0103 Chauvet Helicopter Q6 din magazinul Sonetica. Livrare \u00een Moldova. Garan\u021bie oficial\u0103.","og_url":"https:\/\/sonetica.md\/ro\/produs\/chauvet-helicopter-q6\/","og_site_name":"Sonetica","article_publisher":"https:\/\/www.facebook.com\/sonetica.md","og_image":[{"width":1534,"height":1024,"url":"https:\/\/sonetica.md\/wp-content\/uploads\/2025\/10\/chauvet-helicopter-q6.jpg","type":"image\/jpeg"}],"twitter_card":"summary_large_image","twitter_misc":{"Pre\u021b":"5.760,00&nbsp;MDL","Disponibilitate":"\u00cen stoc"},"schema":{"@context":"https:\/\/schema.org","@graph":[{"@type":"WebPage","@id":"https:\/\/sonetica.md\/ro\/produs\/chauvet-helicopter-q6\/","url":"https:\/\/sonetica.md\/ro\/produs\/chauvet-helicopter-q6\/","name":"Chauvet Helicopter Q6 cump\u0103r\u0103 \u00een Moldova | Sonetica","isPartOf":{"@id":"https:\/\/sonetica.md\/ro\/#website"},"primaryImageOfPage":{"@id":"https:\/\/sonetica.md\/ro\/produs\/chauvet-helicopter-q6\/#primaryimage"},"image":{"@id":"https:\/\/sonetica.md\/ro\/produs\/chauvet-helicopter-q6\/#primaryimage"},"thumbnailUrl":"https:\/\/sonetica.md\/wp-content\/uploads\/2025\/10\/chauvet-helicopter-q6.jpg","datePublished":"2025-11-07T19:48:35+00:00","description":"Cump\u0103ra\u021bi Chauvet Helicopter Q6 \u00een magazinul Sonetica. Livrare \u00een Moldova. Garan\u021bie oficial\u0103.","breadcrumb":{"@id":"https:\/\/sonetica.md\/ro\/produs\/chauvet-helicopter-q6\/#breadcrumb"},"inLanguage":"ro-RO","potentialAction":[{"@type":"ReadAction","target":["https:\/\/sonetica.md\/ro\/produs\/chauvet-helicopter-q6\/"]}]},{"@type":"ImageObject","inLanguage":"ro-RO","@id":"https:\/\/sonetica.md\/ro\/produs\/chauvet-helicopter-q6\/#primaryimage","url":"https:\/\/sonetica.md\/wp-content\/uploads\/2025\/10\/chauvet-helicopter-q6.jpg","contentUrl":"https:\/\/sonetica.md\/wp-content\/uploads\/2025\/10\/chauvet-helicopter-q6.jpg","width":1534,"height":1024},{"@type":"BreadcrumbList","@id":"https:\/\/sonetica.md\/ro\/produs\/chauvet-helicopter-q6\/#breadcrumb","itemListElement":[{"@type":"ListItem","position":1,"name":"Acas\u0103","item":"https:\/\/sonetica.md\/ro\/"},{"@type":"ListItem","position":2,"name":"Produse","item":"https:\/\/sonetica.md\/ro\/shop\/"},{"@type":"ListItem","position":3,"name":"Lumini","item":"https:\/\/sonetica.md\/ro\/product-category\/lighting\/"},{"@type":"ListItem","position":4,"name":"Aparate de Lumini","item":"https:\/\/sonetica.md\/ro\/product-category\/lighting\/lighting-fixtures\/"},{"@type":"ListItem","position":5,"name":"Chauvet Helicopter Q6"}]},{"@type":"WebSite","@id":"https:\/\/sonetica.md\/ro\/#website","url":"https:\/\/sonetica.md\/ro\/","name":"Sonetica","description":"Audio Equipment and Accessories","publisher":{"@id":"https:\/\/sonetica.md\/ro\/#organization"},"potentialAction":[{"@type":"SearchAction","target":{"@type":"EntryPoint","urlTemplate":"https:\/\/sonetica.md\/ro\/?s={search_term_string}"},"query-input":{"@type":"PropertyValueSpecification","valueRequired":true,"valueName":"search_term_string"}}],"inLanguage":"ro-RO"},{"@type":["Organization","Place","ElectronicsStore"],"@id":"https:\/\/sonetica.md\/ro\/#organization","name":"Sonetica","url":"https:\/\/sonetica.md\/ro\/","logo":{"@id":"https:\/\/sonetica.md\/ro\/produs\/chauvet-helicopter-q6\/#local-main-organization-logo"},"image":{"@id":"https:\/\/sonetica.md\/ro\/produs\/chauvet-helicopter-q6\/#local-main-organization-logo"},"sameAs":["https:\/\/www.facebook.com\/sonetica.md"],"legalName":"Sonetica SRL","address":{"@id":"https:\/\/sonetica.md\/ro\/produs\/chauvet-helicopter-q6\/#local-main-place-address"},"telephone":["+373 22 274866"],"contactPoint":{"@type":"ContactPoint","telephone":"(022) 27-48-66"},"openingHoursSpecification":[{"@type":"OpeningHoursSpecification","dayOfWeek":["Monday","Tuesday","Wednesday","Thursday","Friday"],"opens":"10:00","closes":"17:00"},{"@type":"OpeningHoursSpecification","dayOfWeek":["Saturday","Sunday"],"opens":"00:00","closes":"00:00"}],"vatID":"0203112","taxID":"1003600083647","currenciesAccepted":"MDL","paymentAccepted":"Cash, Card"},{"@type":"PostalAddress","@id":"https:\/\/sonetica.md\/ro\/produs\/chauvet-helicopter-q6\/#local-main-place-address","streetAddress":"V. Alecsandri 30","addressLocality":"Chisinau","postalCode":"MD-2009","addressCountry":"MD"},{"@type":"ImageObject","inLanguage":"ro-RO","@id":"https:\/\/sonetica.md\/ro\/produs\/chauvet-helicopter-q6\/#local-main-organization-logo","url":"https:\/\/sonetica.md\/wp-content\/uploads\/2025\/11\/sonetica_logo.png","contentUrl":"https:\/\/sonetica.md\/wp-content\/uploads\/2025\/11\/sonetica_logo.png","width":453,"height":453,"caption":"Sonetica"}]},"product_brand":"Chauvet","product_price_amount":"5760.00","product_price_currency":"MDL","og_availability":"instock","product_availability":"instock","product_retailer_item_id":"CHAUVET-HELICOPTERQ6","product_condition":"new","geo.placename":"Chisinau","geo.region":"Republica Moldova"},"_links":{"self":[{"href":"https:\/\/sonetica.md\/ro\/wp-json\/wp\/v2\/product\/2708","targetHints":{"allow":["GET"]}}],"collection":[{"href":"https:\/\/sonetica.md\/ro\/wp-json\/wp\/v2\/product"}],"about":[{"href":"https:\/\/sonetica.md\/ro\/wp-json\/wp\/v2\/types\/product"}],"wp:featuredmedia":[{"embeddable":true,"href":"https:\/\/sonetica.md\/ro\/wp-json\/wp\/v2\/media\/1458"}],"wp:attachment":[{"href":"https:\/\/sonetica.md\/ro\/wp-json\/wp\/v2\/media?parent=2708"}],"wp:term":[{"taxonomy":"product_brand","embeddable":true,"href":"https:\/\/sonetica.md\/ro\/wp-json\/wp\/v2\/product_brand?post=2708"},{"taxonomy":"product_cat","embeddable":true,"href":"https:\/\/sonetica.md\/ro\/wp-json\/wp\/v2\/product_cat?post=2708"},{"taxonomy":"product_tag","embeddable":true,"href":"https:\/\/sonetica.md\/ro\/wp-json\/wp\/v2\/product_tag?post=2708"}],"curies":[{"name":"wp","href":"https:\/\/api.w.org\/{rel}","templated":true}]}}