{"id":2714,"date":"2025-11-07T21:48:30","date_gmt":"2025-11-07T19:48:30","guid":{"rendered":"https:\/\/sonetica.md\/?post_type=product&#038;p=2714"},"modified":"2025-11-07T21:48:30","modified_gmt":"2025-11-07T19:48:30","slug":"chauvet-eve-e-50z","status":"publish","type":"product","link":"https:\/\/sonetica.md\/ro\/produs\/chauvet-eve-e-50z\/","title":{"rendered":"Chauvet EVE E-50Z"},"content":{"rendered":"<p>Chauvet EVE E-50Z este un proiector elipsoidal LED de calitate profesional\u0103 care ofer\u0103 o lumin\u0103 concentrat\u0103, alb cald, ideal\u0103 pentru iluminatul de scen\u0103, teatru \u0219i evenimente. Proiectat at\u00e2t pentru instala\u021bii mobile, c\u00e2t \u0219i permanente, acesta dispune de un motor LED alb cald de 50W care produce un fascicul clar, focalizat, cu CRI ridicat pentru redarea precis\u0103 a culorilor.<\/p>\n<p>Corpul de iluminat include un zoom manual (14\u00b0\u201330\u00b0) pentru modelarea flexibil\u0103 a fasciculului \u0219i obturatoare de \u00eencadrare pentru a controla cu precizie marginile fasciculului. Suport\u0103 D-Fi USB pentru control DMX wireless \u0219i poate func\u021biona \u0219i \u00een modul autonom, fiind versatil pentru loca\u021biile f\u0103r\u0103 infrastructur\u0103 DMX. EVE E-50Z este echipat cu suporturi pentru gobo-uri din sticl\u0103 \u0219i o\u021bel, precum \u0219i un cadru pentru gel de culoare.<\/p>\n<p>Designul f\u0103r\u0103 ventilator asigur\u0103 o func\u021bionare silen\u021bioas\u0103, fiind perfect pentru medii sensibile la zgomot, cum ar fi teatrele \u0219i l\u0103ca\u0219urile de cult. Conectarea la alimentare (power linking) \u0219i un factor de form\u0103 compact simplific\u0103 configurarea \u0219i reduc aglomerarea cablurilor.<\/p>\n<p>**Specifica\u021bii:**  &#8211; **Surs\u0103 de lumin\u0103:** LED alb cald de 50W<br \/>\n  &#8211; **Temperatur\u0103 de culoare:** 3200 K<br \/>\n  &#8211; **Interval de zoom:** Manual, 14\u00b0 p\u00e2n\u0103 la 30\u00b0<br \/>\n  &#8211; **Moduri de control:** DMX, Master\/Slave, Autonom, D-Fi USB (wireless)<br \/>\n  &#8211; **Canale DMX:** 1 sau 3<br \/>\n  &#8211; **Dimming:** Electronic, 0\u2013100%<br \/>\n  &#8211; **Rat\u0103 stroboscopic\u0103:** 0\u201320 Hz<br \/>\n  &#8211; **Controlul fasciculului:** Obturatoare de \u00eencadrare, suporturi pentru gobo-uri (sticl\u0103 \u0219i o\u021bel), cadru pentru gel<br \/>\n  &#8211; **Afi\u0219aj:** Digital OLED<br \/>\n  &#8211; **Alimentare:** 100\u2013240V AC, 50\/60Hz<br \/>\n  &#8211; **Conectare la alimentare (Power Linking):** P\u00e2n\u0103 la 9 unit\u0103\u021bi la 120V, 15 unit\u0103\u021bi la 230V<br \/>\n  &#8211; **R\u0103cire:** Pasiv\u0103 (f\u0103r\u0103 ventilator)<br \/>\n  &#8211; **Dimensiuni:** 18.5 x 7.5 x 14.6 in (470 x 190 x 370 mm)<br \/>\n  &#8211; **Greutate:** 11.6 lb (5.3 kg)<br \/>\n  &#8211; **Ideal pentru:** Teatre, l\u0103ca\u0219uri de cult, loca\u021bii de evenimente, produc\u021bii mobile<\/p>\n","protected":false},"excerpt":{"rendered":"<p>Elipsoidal LED emite lumin\u0103 alb\u0103 cald\u0103, spot LED de 50W, 3500K, zoom 20-39 de grade.<\/p>\n","protected":false},"featured_media":1570,"template":"","meta":{"_acf_changed":false,"_gspb_post_css":""},"product_brand":[447],"product_cat":[358],"product_tag":[],"class_list":{"0":"post-2714","1":"product","2":"type-product","3":"status-publish","4":"has-post-thumbnail","6":"product_brand-chauvet","7":"product_cat-lighting-fixtures","9":"first","10":"instock","11":"taxable","12":"shipping-taxable","13":"purchasable","14":"product-type-simple"},"acf":[],"yoast_head":"<!-- This site is optimized with the Yoast SEO Premium plugin v27.2 (Yoast SEO v27.2) - https:\/\/yoast.com\/product\/yoast-seo-premium-wordpress\/ -->\n<title>Chauvet EVE E-50Z cump\u0103r\u0103 \u00een Moldova | Sonetica<\/title>\n<meta name=\"description\" content=\"Cump\u0103ra\u021bi Chauvet EVE E-50Z \u00een magazinul Sonetica. Livrare \u00een Moldova. Garan\u021bie oficial\u0103.\" \/>\n<meta name=\"robots\" content=\"index, follow, max-snippet:-1, max-image-preview:large, max-video-preview:-1\" \/>\n<link rel=\"canonical\" href=\"https:\/\/sonetica.md\/ro\/produs\/chauvet-eve-e-50z\/\" \/>\n<meta property=\"og:locale\" content=\"ro_RO\" \/>\n<meta property=\"og:type\" content=\"article\" \/>\n<meta property=\"og:title\" content=\"Chauvet EVE E-50Z cump\u0103r\u0103 \u00een Moldova | Sonetica\" \/>\n<meta property=\"og:description\" content=\"Cump\u0103r\u0103 Chauvet EVE E-50Z din magazinul Sonetica. Livrare \u00een Moldova. Garan\u021bie oficial\u0103.\" \/>\n<meta property=\"og:url\" content=\"https:\/\/sonetica.md\/ro\/produs\/chauvet-eve-e-50z\/\" \/>\n<meta property=\"og:site_name\" content=\"Sonetica\" \/>\n<meta property=\"article:publisher\" content=\"https:\/\/www.facebook.com\/sonetica.md\" \/>\n<meta property=\"og:image\" content=\"https:\/\/sonetica.md\/wp-content\/uploads\/2025\/10\/eve-e-50z.jpg\" \/>\n\t<meta property=\"og:image:width\" content=\"600\" \/>\n\t<meta property=\"og:image:height\" content=\"800\" \/>\n\t<meta property=\"og:image:type\" content=\"image\/jpeg\" \/>\n<meta name=\"twitter:card\" content=\"summary_large_image\" \/>\n<meta name=\"twitter:label1\" content=\"Pre\u021b\" \/>\n\t<meta name=\"twitter:data1\" content=\"8.600,00&nbsp;MDL\" \/>\n\t<meta name=\"twitter:label2\" content=\"Disponibilitate\" \/>\n\t<meta name=\"twitter:data2\" content=\"\u00cen stoc\" \/>\n<script type=\"application\/ld+json\" class=\"yoast-schema-graph\">{\"@context\":\"https:\/\/schema.org\",\"@graph\":[{\"@type\":\"WebPage\",\"@id\":\"https:\/\/sonetica.md\/ro\/produs\/chauvet-eve-e-50z\/\",\"url\":\"https:\/\/sonetica.md\/ro\/produs\/chauvet-eve-e-50z\/\",\"name\":\"Chauvet EVE E-50Z cump\u0103r\u0103 \u00een Moldova | Sonetica\",\"isPartOf\":{\"@id\":\"https:\/\/sonetica.md\/ro\/#website\"},\"primaryImageOfPage\":{\"@id\":\"https:\/\/sonetica.md\/ro\/produs\/chauvet-eve-e-50z\/#primaryimage\"},\"image\":{\"@id\":\"https:\/\/sonetica.md\/ro\/produs\/chauvet-eve-e-50z\/#primaryimage\"},\"thumbnailUrl\":\"https:\/\/sonetica.md\/wp-content\/uploads\/2025\/10\/eve-e-50z.jpg\",\"datePublished\":\"2025-11-07T19:48:30+00:00\",\"description\":\"Cump\u0103ra\u021bi Chauvet EVE E-50Z \u00een magazinul Sonetica. Livrare \u00een Moldova. Garan\u021bie oficial\u0103.\",\"breadcrumb\":{\"@id\":\"https:\/\/sonetica.md\/ro\/produs\/chauvet-eve-e-50z\/#breadcrumb\"},\"inLanguage\":\"ro-RO\",\"potentialAction\":[{\"@type\":\"ReadAction\",\"target\":[\"https:\/\/sonetica.md\/ro\/produs\/chauvet-eve-e-50z\/\"]}]},{\"@type\":\"ImageObject\",\"inLanguage\":\"ro-RO\",\"@id\":\"https:\/\/sonetica.md\/ro\/produs\/chauvet-eve-e-50z\/#primaryimage\",\"url\":\"https:\/\/sonetica.md\/wp-content\/uploads\/2025\/10\/eve-e-50z.jpg\",\"contentUrl\":\"https:\/\/sonetica.md\/wp-content\/uploads\/2025\/10\/eve-e-50z.jpg\",\"width\":600,\"height\":800},{\"@type\":\"BreadcrumbList\",\"@id\":\"https:\/\/sonetica.md\/ro\/produs\/chauvet-eve-e-50z\/#breadcrumb\",\"itemListElement\":[{\"@type\":\"ListItem\",\"position\":1,\"name\":\"Acas\u0103\",\"item\":\"https:\/\/sonetica.md\/ro\/\"},{\"@type\":\"ListItem\",\"position\":2,\"name\":\"Produse\",\"item\":\"https:\/\/sonetica.md\/ro\/shop\/\"},{\"@type\":\"ListItem\",\"position\":3,\"name\":\"Lumini\",\"item\":\"https:\/\/sonetica.md\/ro\/product-category\/lighting\/\"},{\"@type\":\"ListItem\",\"position\":4,\"name\":\"Aparate de Lumini\",\"item\":\"https:\/\/sonetica.md\/ro\/product-category\/lighting\/lighting-fixtures\/\"},{\"@type\":\"ListItem\",\"position\":5,\"name\":\"Chauvet EVE E-50Z\"}]},{\"@type\":\"WebSite\",\"@id\":\"https:\/\/sonetica.md\/ro\/#website\",\"url\":\"https:\/\/sonetica.md\/ro\/\",\"name\":\"Sonetica\",\"description\":\"Audio Equipment and Accessories\",\"publisher\":{\"@id\":\"https:\/\/sonetica.md\/ro\/#organization\"},\"potentialAction\":[{\"@type\":\"SearchAction\",\"target\":{\"@type\":\"EntryPoint\",\"urlTemplate\":\"https:\/\/sonetica.md\/ro\/?s={search_term_string}\"},\"query-input\":{\"@type\":\"PropertyValueSpecification\",\"valueRequired\":true,\"valueName\":\"search_term_string\"}}],\"inLanguage\":\"ro-RO\"},{\"@type\":[\"Organization\",\"Place\",\"ElectronicsStore\"],\"@id\":\"https:\/\/sonetica.md\/ro\/#organization\",\"name\":\"Sonetica\",\"url\":\"https:\/\/sonetica.md\/ro\/\",\"logo\":{\"@id\":\"https:\/\/sonetica.md\/ro\/produs\/chauvet-eve-e-50z\/#local-main-organization-logo\"},\"image\":{\"@id\":\"https:\/\/sonetica.md\/ro\/produs\/chauvet-eve-e-50z\/#local-main-organization-logo\"},\"sameAs\":[\"https:\/\/www.facebook.com\/sonetica.md\"],\"legalName\":\"Sonetica SRL\",\"address\":{\"@id\":\"https:\/\/sonetica.md\/ro\/produs\/chauvet-eve-e-50z\/#local-main-place-address\"},\"telephone\":[\"+373 22 274866\"],\"contactPoint\":{\"@type\":\"ContactPoint\",\"telephone\":\"(022) 27-48-66\"},\"openingHoursSpecification\":[{\"@type\":\"OpeningHoursSpecification\",\"dayOfWeek\":[\"Monday\",\"Tuesday\",\"Wednesday\",\"Thursday\",\"Friday\"],\"opens\":\"10:00\",\"closes\":\"17:00\"},{\"@type\":\"OpeningHoursSpecification\",\"dayOfWeek\":[\"Saturday\",\"Sunday\"],\"opens\":\"00:00\",\"closes\":\"00:00\"}],\"vatID\":\"0203112\",\"taxID\":\"1003600083647\",\"currenciesAccepted\":\"MDL\",\"paymentAccepted\":\"Cash, Card\"},{\"@type\":\"PostalAddress\",\"@id\":\"https:\/\/sonetica.md\/ro\/produs\/chauvet-eve-e-50z\/#local-main-place-address\",\"streetAddress\":\"V. Alecsandri 30\",\"addressLocality\":\"Chisinau\",\"postalCode\":\"MD-2009\",\"addressCountry\":\"MD\"},{\"@type\":\"ImageObject\",\"inLanguage\":\"ro-RO\",\"@id\":\"https:\/\/sonetica.md\/ro\/produs\/chauvet-eve-e-50z\/#local-main-organization-logo\",\"url\":\"https:\/\/sonetica.md\/wp-content\/uploads\/2025\/11\/sonetica_logo.png\",\"contentUrl\":\"https:\/\/sonetica.md\/wp-content\/uploads\/2025\/11\/sonetica_logo.png\",\"width\":453,\"height\":453,\"caption\":\"Sonetica\"}]}<\/script>\n<meta property=\"product:brand\" content=\"Chauvet\" \/>\n<meta property=\"product:price:amount\" content=\"8600.00\" \/>\n<meta property=\"product:price:currency\" content=\"MDL\" \/>\n<meta property=\"og:availability\" content=\"instock\" \/>\n<meta property=\"product:availability\" content=\"instock\" \/>\n<meta property=\"product:retailer_item_id\" content=\"CHAUVET-EVEE50Z\" \/>\n<meta property=\"product:condition\" content=\"new\" \/>\n<meta name=\"geo.placename\" content=\"Chisinau\" \/>\n<meta name=\"geo.region\" content=\"Republica Moldova\" \/>\n<!-- \/ Yoast SEO Premium plugin. -->","yoast_head_json":{"title":"Chauvet EVE E-50Z cump\u0103r\u0103 \u00een Moldova | Sonetica","description":"Cump\u0103ra\u021bi Chauvet EVE E-50Z \u00een magazinul Sonetica. Livrare \u00een Moldova. Garan\u021bie oficial\u0103.","robots":{"index":"index","follow":"follow","max-snippet":"max-snippet:-1","max-image-preview":"max-image-preview:large","max-video-preview":"max-video-preview:-1"},"canonical":"https:\/\/sonetica.md\/ro\/produs\/chauvet-eve-e-50z\/","og_locale":"ro_RO","og_type":"article","og_title":"Chauvet EVE E-50Z cump\u0103r\u0103 \u00een Moldova | Sonetica","og_description":"Cump\u0103r\u0103 Chauvet EVE E-50Z din magazinul Sonetica. Livrare \u00een Moldova. Garan\u021bie oficial\u0103.","og_url":"https:\/\/sonetica.md\/ro\/produs\/chauvet-eve-e-50z\/","og_site_name":"Sonetica","article_publisher":"https:\/\/www.facebook.com\/sonetica.md","og_image":[{"width":600,"height":800,"url":"https:\/\/sonetica.md\/wp-content\/uploads\/2025\/10\/eve-e-50z.jpg","type":"image\/jpeg"}],"twitter_card":"summary_large_image","twitter_misc":{"Pre\u021b":"8.600,00&nbsp;MDL","Disponibilitate":"\u00cen stoc"},"schema":{"@context":"https:\/\/schema.org","@graph":[{"@type":"WebPage","@id":"https:\/\/sonetica.md\/ro\/produs\/chauvet-eve-e-50z\/","url":"https:\/\/sonetica.md\/ro\/produs\/chauvet-eve-e-50z\/","name":"Chauvet EVE E-50Z cump\u0103r\u0103 \u00een Moldova | Sonetica","isPartOf":{"@id":"https:\/\/sonetica.md\/ro\/#website"},"primaryImageOfPage":{"@id":"https:\/\/sonetica.md\/ro\/produs\/chauvet-eve-e-50z\/#primaryimage"},"image":{"@id":"https:\/\/sonetica.md\/ro\/produs\/chauvet-eve-e-50z\/#primaryimage"},"thumbnailUrl":"https:\/\/sonetica.md\/wp-content\/uploads\/2025\/10\/eve-e-50z.jpg","datePublished":"2025-11-07T19:48:30+00:00","description":"Cump\u0103ra\u021bi Chauvet EVE E-50Z \u00een magazinul Sonetica. Livrare \u00een Moldova. Garan\u021bie oficial\u0103.","breadcrumb":{"@id":"https:\/\/sonetica.md\/ro\/produs\/chauvet-eve-e-50z\/#breadcrumb"},"inLanguage":"ro-RO","potentialAction":[{"@type":"ReadAction","target":["https:\/\/sonetica.md\/ro\/produs\/chauvet-eve-e-50z\/"]}]},{"@type":"ImageObject","inLanguage":"ro-RO","@id":"https:\/\/sonetica.md\/ro\/produs\/chauvet-eve-e-50z\/#primaryimage","url":"https:\/\/sonetica.md\/wp-content\/uploads\/2025\/10\/eve-e-50z.jpg","contentUrl":"https:\/\/sonetica.md\/wp-content\/uploads\/2025\/10\/eve-e-50z.jpg","width":600,"height":800},{"@type":"BreadcrumbList","@id":"https:\/\/sonetica.md\/ro\/produs\/chauvet-eve-e-50z\/#breadcrumb","itemListElement":[{"@type":"ListItem","position":1,"name":"Acas\u0103","item":"https:\/\/sonetica.md\/ro\/"},{"@type":"ListItem","position":2,"name":"Produse","item":"https:\/\/sonetica.md\/ro\/shop\/"},{"@type":"ListItem","position":3,"name":"Lumini","item":"https:\/\/sonetica.md\/ro\/product-category\/lighting\/"},{"@type":"ListItem","position":4,"name":"Aparate de Lumini","item":"https:\/\/sonetica.md\/ro\/product-category\/lighting\/lighting-fixtures\/"},{"@type":"ListItem","position":5,"name":"Chauvet EVE E-50Z"}]},{"@type":"WebSite","@id":"https:\/\/sonetica.md\/ro\/#website","url":"https:\/\/sonetica.md\/ro\/","name":"Sonetica","description":"Audio Equipment and Accessories","publisher":{"@id":"https:\/\/sonetica.md\/ro\/#organization"},"potentialAction":[{"@type":"SearchAction","target":{"@type":"EntryPoint","urlTemplate":"https:\/\/sonetica.md\/ro\/?s={search_term_string}"},"query-input":{"@type":"PropertyValueSpecification","valueRequired":true,"valueName":"search_term_string"}}],"inLanguage":"ro-RO"},{"@type":["Organization","Place","ElectronicsStore"],"@id":"https:\/\/sonetica.md\/ro\/#organization","name":"Sonetica","url":"https:\/\/sonetica.md\/ro\/","logo":{"@id":"https:\/\/sonetica.md\/ro\/produs\/chauvet-eve-e-50z\/#local-main-organization-logo"},"image":{"@id":"https:\/\/sonetica.md\/ro\/produs\/chauvet-eve-e-50z\/#local-main-organization-logo"},"sameAs":["https:\/\/www.facebook.com\/sonetica.md"],"legalName":"Sonetica SRL","address":{"@id":"https:\/\/sonetica.md\/ro\/produs\/chauvet-eve-e-50z\/#local-main-place-address"},"telephone":["+373 22 274866"],"contactPoint":{"@type":"ContactPoint","telephone":"(022) 27-48-66"},"openingHoursSpecification":[{"@type":"OpeningHoursSpecification","dayOfWeek":["Monday","Tuesday","Wednesday","Thursday","Friday"],"opens":"10:00","closes":"17:00"},{"@type":"OpeningHoursSpecification","dayOfWeek":["Saturday","Sunday"],"opens":"00:00","closes":"00:00"}],"vatID":"0203112","taxID":"1003600083647","currenciesAccepted":"MDL","paymentAccepted":"Cash, Card"},{"@type":"PostalAddress","@id":"https:\/\/sonetica.md\/ro\/produs\/chauvet-eve-e-50z\/#local-main-place-address","streetAddress":"V. Alecsandri 30","addressLocality":"Chisinau","postalCode":"MD-2009","addressCountry":"MD"},{"@type":"ImageObject","inLanguage":"ro-RO","@id":"https:\/\/sonetica.md\/ro\/produs\/chauvet-eve-e-50z\/#local-main-organization-logo","url":"https:\/\/sonetica.md\/wp-content\/uploads\/2025\/11\/sonetica_logo.png","contentUrl":"https:\/\/sonetica.md\/wp-content\/uploads\/2025\/11\/sonetica_logo.png","width":453,"height":453,"caption":"Sonetica"}]},"product_brand":"Chauvet","product_price_amount":"8600.00","product_price_currency":"MDL","og_availability":"instock","product_availability":"instock","product_retailer_item_id":"CHAUVET-EVEE50Z","product_condition":"new","geo.placename":"Chisinau","geo.region":"Republica Moldova"},"_links":{"self":[{"href":"https:\/\/sonetica.md\/ro\/wp-json\/wp\/v2\/product\/2714","targetHints":{"allow":["GET"]}}],"collection":[{"href":"https:\/\/sonetica.md\/ro\/wp-json\/wp\/v2\/product"}],"about":[{"href":"https:\/\/sonetica.md\/ro\/wp-json\/wp\/v2\/types\/product"}],"wp:featuredmedia":[{"embeddable":true,"href":"https:\/\/sonetica.md\/ro\/wp-json\/wp\/v2\/media\/1570"}],"wp:attachment":[{"href":"https:\/\/sonetica.md\/ro\/wp-json\/wp\/v2\/media?parent=2714"}],"wp:term":[{"taxonomy":"product_brand","embeddable":true,"href":"https:\/\/sonetica.md\/ro\/wp-json\/wp\/v2\/product_brand?post=2714"},{"taxonomy":"product_cat","embeddable":true,"href":"https:\/\/sonetica.md\/ro\/wp-json\/wp\/v2\/product_cat?post=2714"},{"taxonomy":"product_tag","embeddable":true,"href":"https:\/\/sonetica.md\/ro\/wp-json\/wp\/v2\/product_tag?post=2714"}],"curies":[{"name":"wp","href":"https:\/\/api.w.org\/{rel}","templated":true}]}}