{"id":2723,"date":"2025-11-07T21:48:28","date_gmt":"2025-11-07T19:48:28","guid":{"rendered":"https:\/\/sonetica.md\/?post_type=product&#038;p=2723"},"modified":"2025-11-07T21:48:28","modified_gmt":"2025-11-07T19:48:28","slug":"sica-z007983-12-n-3-pl","status":"publish","type":"product","link":"https:\/\/sonetica.md\/ro\/produs\/sica-z007983-12-n-3-pl\/","title":{"rendered":"Sica z007983 (12 N 3 PL)"},"content":{"rendered":"<p>Sica 12 N 3 PL (Cod: Z007983) este un difuzor profesional de tip woofer cu un diametru nominal de 12 inchi. Dispune de o bobin\u0103 vocal\u0103 tip Sandwich de 3 inchi cu Formator din Fibr\u0103 de Sticl\u0103 \u0219i \u00cenf\u0103\u0219urare din Aluminiu, o p\u00e2nz\u0103 Konex cu Ondul\u0103ri Progresive \u0219i un Circuit Magnetic Neodim Ventilate. Specifica\u021bii: * Diametru Nominal: 320 mm \/ 12 in * Impedan\u021b\u0103 Nominal\u0103: 8 \u03a9 * Putere Nominal\u0103 AES: 400 W * Putere Program Continuu: 800 W * Sensibilitate @ 1W\/1m: 98.5 dB * Diametru Bobin\u0103 Vocal\u0103: 75 mm (3&#8243;) * Ad\u00e2ncime \u00cenf\u0103\u0219urare Bobin\u0103 Vocal\u0103: 21 mm * Ad\u00e2ncime \u00centrefier Magnetic: 10 mm * Densitate Flux: 1.18 T * Greutate Magnet: 360 g * Greutate Net\u0103: 3.5 Kg * Tip Magnet: Neodim * Material Co\u0219: Aluminiu Turnat sub Presiune * Material \u00cenf\u0103\u0219urare Bobin\u0103 Vocal\u0103: Aluminiu * Material Formator Bobin\u0103 Vocal\u0103: Fibr\u0103 de Sticl\u0103 * Material Con: H\u00e2rtie (cu Tratament de Impermeabilizare a Suprafe\u021bei) * Material Suspensie: P\u00e2nz\u0103 Tratat\u0103 * Material Capac Antipraf: H\u00e2rtie Solid\u0103 * Diametru Total: 320 mm * Diametru Decupaj Bafle: 284 mm * Ad\u00e2ncime Total\u0103: 135.4 mm * Fs: 46.0 Hz * Qes: 0.31 * Qms: 7.50 * Qts: 0.30 * Vas: 87.9 l * Mms: 56.5 g * Re: 5.0 \u03a9 * Bxl: 16.00 Tm * Sd: 530.9 cm\u00b2 * X max: +\/- 5.5 mm * Le (1KHz): 0.80 mH<\/p>\n","protected":false},"excerpt":{"rendered":"<p>Difuzor profesional de 12-inch, 400W, 8\u03a9, 98.5dB, magnet Neodim.<\/p>\n","protected":false},"featured_media":1420,"template":"","meta":{"_acf_changed":false,"_gspb_post_css":""},"product_brand":[433],"product_cat":[289],"product_tag":[],"class_list":{"0":"post-2723","1":"product","2":"type-product","3":"status-publish","4":"has-post-thumbnail","6":"product_brand-sica","7":"product_cat-loudspeakers-12-inch","9":"first","10":"instock","11":"taxable","12":"shipping-taxable","13":"purchasable","14":"product-type-simple"},"acf":[],"yoast_head":"<!-- This site is optimized with the Yoast SEO Premium plugin v27.2 (Yoast SEO v27.2) - https:\/\/yoast.com\/product\/yoast-seo-premium-wordpress\/ -->\n<title>Sica z007983 (12 N 3 PL) cump\u0103r\u0103 \u00een Moldova | Sonetica<\/title>\n<meta name=\"description\" content=\"Cump\u0103ra\u021bi Sica z007983 (12 N 3 PL) \u00een magazinul Sonetica. Livrare \u00een Moldova. Garan\u021bie oficial\u0103.\" \/>\n<meta name=\"robots\" content=\"index, follow, max-snippet:-1, max-image-preview:large, max-video-preview:-1\" \/>\n<link rel=\"canonical\" href=\"https:\/\/sonetica.md\/ro\/produs\/sica-z007983-12-n-3-pl\/\" \/>\n<meta property=\"og:locale\" content=\"ro_RO\" \/>\n<meta property=\"og:type\" content=\"article\" \/>\n<meta property=\"og:title\" content=\"Sica z007983 (12 N 3 PL) cump\u0103r\u0103 \u00een Moldova | Sonetica\" \/>\n<meta property=\"og:description\" content=\"Cump\u0103r\u0103 Sica z007983 (12 N 3 PL) din magazinul Sonetica. Livrare \u00een Moldova. Garan\u021bie oficial\u0103.\" \/>\n<meta property=\"og:url\" content=\"https:\/\/sonetica.md\/ro\/produs\/sica-z007983-12-n-3-pl\/\" \/>\n<meta property=\"og:site_name\" content=\"Sonetica\" \/>\n<meta property=\"article:publisher\" content=\"https:\/\/www.facebook.com\/sonetica.md\" \/>\n<meta property=\"og:image\" content=\"https:\/\/sonetica.md\/wp-content\/uploads\/2025\/10\/sica-z007983.jpg\" \/>\n\t<meta property=\"og:image:width\" content=\"1617\" \/>\n\t<meta property=\"og:image:height\" content=\"1000\" \/>\n\t<meta property=\"og:image:type\" content=\"image\/jpeg\" \/>\n<meta name=\"twitter:card\" content=\"summary_large_image\" \/>\n<meta name=\"twitter:label1\" content=\"Pre\u021b\" \/>\n\t<meta name=\"twitter:data1\" content=\"4.400,00&nbsp;MDL\" \/>\n\t<meta name=\"twitter:label2\" content=\"Disponibilitate\" \/>\n\t<meta name=\"twitter:data2\" content=\"\u00cen stoc\" \/>\n<script type=\"application\/ld+json\" class=\"yoast-schema-graph\">{\"@context\":\"https:\/\/schema.org\",\"@graph\":[{\"@type\":\"WebPage\",\"@id\":\"https:\/\/sonetica.md\/ro\/produs\/sica-z007983-12-n-3-pl\/\",\"url\":\"https:\/\/sonetica.md\/ro\/produs\/sica-z007983-12-n-3-pl\/\",\"name\":\"Sica z007983 (12 N 3 PL) cump\u0103r\u0103 \u00een Moldova | Sonetica\",\"isPartOf\":{\"@id\":\"https:\/\/sonetica.md\/ro\/#website\"},\"primaryImageOfPage\":{\"@id\":\"https:\/\/sonetica.md\/ro\/produs\/sica-z007983-12-n-3-pl\/#primaryimage\"},\"image\":{\"@id\":\"https:\/\/sonetica.md\/ro\/produs\/sica-z007983-12-n-3-pl\/#primaryimage\"},\"thumbnailUrl\":\"https:\/\/sonetica.md\/wp-content\/uploads\/2025\/10\/sica-z007983.jpg\",\"datePublished\":\"2025-11-07T19:48:28+00:00\",\"description\":\"Cump\u0103ra\u021bi Sica z007983 (12 N 3 PL) \u00een magazinul Sonetica. Livrare \u00een Moldova. Garan\u021bie oficial\u0103.\",\"breadcrumb\":{\"@id\":\"https:\/\/sonetica.md\/ro\/produs\/sica-z007983-12-n-3-pl\/#breadcrumb\"},\"inLanguage\":\"ro-RO\",\"potentialAction\":[{\"@type\":\"ReadAction\",\"target\":[\"https:\/\/sonetica.md\/ro\/produs\/sica-z007983-12-n-3-pl\/\"]}]},{\"@type\":\"ImageObject\",\"inLanguage\":\"ro-RO\",\"@id\":\"https:\/\/sonetica.md\/ro\/produs\/sica-z007983-12-n-3-pl\/#primaryimage\",\"url\":\"https:\/\/sonetica.md\/wp-content\/uploads\/2025\/10\/sica-z007983.jpg\",\"contentUrl\":\"https:\/\/sonetica.md\/wp-content\/uploads\/2025\/10\/sica-z007983.jpg\",\"width\":1617,\"height\":1000},{\"@type\":\"BreadcrumbList\",\"@id\":\"https:\/\/sonetica.md\/ro\/produs\/sica-z007983-12-n-3-pl\/#breadcrumb\",\"itemListElement\":[{\"@type\":\"ListItem\",\"position\":1,\"name\":\"Acas\u0103\",\"item\":\"https:\/\/sonetica.md\/ro\/\"},{\"@type\":\"ListItem\",\"position\":2,\"name\":\"Produse\",\"item\":\"https:\/\/sonetica.md\/ro\/shop\/\"},{\"@type\":\"ListItem\",\"position\":3,\"name\":\"Difuzoare\",\"item\":\"https:\/\/sonetica.md\/ro\/product-category\/difuzoare\/\"},{\"@type\":\"ListItem\",\"position\":4,\"name\":\"12&quot; Difuzoare\",\"item\":\"https:\/\/sonetica.md\/ro\/product-category\/difuzoare\/loudspeakers-12-inch\/\"},{\"@type\":\"ListItem\",\"position\":5,\"name\":\"Sica z007983 (12 N 3 PL)\"}]},{\"@type\":\"WebSite\",\"@id\":\"https:\/\/sonetica.md\/ro\/#website\",\"url\":\"https:\/\/sonetica.md\/ro\/\",\"name\":\"Sonetica\",\"description\":\"Audio Equipment and Accessories\",\"publisher\":{\"@id\":\"https:\/\/sonetica.md\/ro\/#organization\"},\"potentialAction\":[{\"@type\":\"SearchAction\",\"target\":{\"@type\":\"EntryPoint\",\"urlTemplate\":\"https:\/\/sonetica.md\/ro\/?s={search_term_string}\"},\"query-input\":{\"@type\":\"PropertyValueSpecification\",\"valueRequired\":true,\"valueName\":\"search_term_string\"}}],\"inLanguage\":\"ro-RO\"},{\"@type\":[\"Organization\",\"Place\",\"ElectronicsStore\"],\"@id\":\"https:\/\/sonetica.md\/ro\/#organization\",\"name\":\"Sonetica\",\"url\":\"https:\/\/sonetica.md\/ro\/\",\"logo\":{\"@id\":\"https:\/\/sonetica.md\/ro\/produs\/sica-z007983-12-n-3-pl\/#local-main-organization-logo\"},\"image\":{\"@id\":\"https:\/\/sonetica.md\/ro\/produs\/sica-z007983-12-n-3-pl\/#local-main-organization-logo\"},\"sameAs\":[\"https:\/\/www.facebook.com\/sonetica.md\"],\"legalName\":\"Sonetica SRL\",\"address\":{\"@id\":\"https:\/\/sonetica.md\/ro\/produs\/sica-z007983-12-n-3-pl\/#local-main-place-address\"},\"telephone\":[\"+373 22 274866\"],\"contactPoint\":{\"@type\":\"ContactPoint\",\"telephone\":\"(022) 27-48-66\"},\"openingHoursSpecification\":[{\"@type\":\"OpeningHoursSpecification\",\"dayOfWeek\":[\"Monday\",\"Tuesday\",\"Wednesday\",\"Thursday\",\"Friday\"],\"opens\":\"10:00\",\"closes\":\"17:00\"},{\"@type\":\"OpeningHoursSpecification\",\"dayOfWeek\":[\"Saturday\",\"Sunday\"],\"opens\":\"00:00\",\"closes\":\"00:00\"}],\"vatID\":\"0203112\",\"taxID\":\"1003600083647\",\"currenciesAccepted\":\"MDL\",\"paymentAccepted\":\"Cash, Card\"},{\"@type\":\"PostalAddress\",\"@id\":\"https:\/\/sonetica.md\/ro\/produs\/sica-z007983-12-n-3-pl\/#local-main-place-address\",\"streetAddress\":\"V. Alecsandri 30\",\"addressLocality\":\"Chisinau\",\"postalCode\":\"MD-2009\",\"addressCountry\":\"MD\"},{\"@type\":\"ImageObject\",\"inLanguage\":\"ro-RO\",\"@id\":\"https:\/\/sonetica.md\/ro\/produs\/sica-z007983-12-n-3-pl\/#local-main-organization-logo\",\"url\":\"https:\/\/sonetica.md\/wp-content\/uploads\/2025\/11\/sonetica_logo.png\",\"contentUrl\":\"https:\/\/sonetica.md\/wp-content\/uploads\/2025\/11\/sonetica_logo.png\",\"width\":453,\"height\":453,\"caption\":\"Sonetica\"}]}<\/script>\n<meta property=\"product:brand\" content=\"Sica\" \/>\n<meta property=\"product:price:amount\" content=\"4400.00\" \/>\n<meta property=\"product:price:currency\" content=\"MDL\" \/>\n<meta property=\"og:availability\" content=\"instock\" \/>\n<meta property=\"product:availability\" content=\"instock\" \/>\n<meta property=\"product:retailer_item_id\" content=\"SICA-Z007983-12N3PL\" \/>\n<meta property=\"product:condition\" content=\"new\" \/>\n<meta name=\"geo.placename\" content=\"Chisinau\" \/>\n<meta name=\"geo.region\" content=\"Republica Moldova\" \/>\n<!-- \/ Yoast SEO Premium plugin. -->","yoast_head_json":{"title":"Sica z007983 (12 N 3 PL) cump\u0103r\u0103 \u00een Moldova | Sonetica","description":"Cump\u0103ra\u021bi Sica z007983 (12 N 3 PL) \u00een magazinul Sonetica. Livrare \u00een Moldova. Garan\u021bie oficial\u0103.","robots":{"index":"index","follow":"follow","max-snippet":"max-snippet:-1","max-image-preview":"max-image-preview:large","max-video-preview":"max-video-preview:-1"},"canonical":"https:\/\/sonetica.md\/ro\/produs\/sica-z007983-12-n-3-pl\/","og_locale":"ro_RO","og_type":"article","og_title":"Sica z007983 (12 N 3 PL) cump\u0103r\u0103 \u00een Moldova | Sonetica","og_description":"Cump\u0103r\u0103 Sica z007983 (12 N 3 PL) din magazinul Sonetica. Livrare \u00een Moldova. Garan\u021bie oficial\u0103.","og_url":"https:\/\/sonetica.md\/ro\/produs\/sica-z007983-12-n-3-pl\/","og_site_name":"Sonetica","article_publisher":"https:\/\/www.facebook.com\/sonetica.md","og_image":[{"width":1617,"height":1000,"url":"https:\/\/sonetica.md\/wp-content\/uploads\/2025\/10\/sica-z007983.jpg","type":"image\/jpeg"}],"twitter_card":"summary_large_image","twitter_misc":{"Pre\u021b":"4.400,00&nbsp;MDL","Disponibilitate":"\u00cen stoc"},"schema":{"@context":"https:\/\/schema.org","@graph":[{"@type":"WebPage","@id":"https:\/\/sonetica.md\/ro\/produs\/sica-z007983-12-n-3-pl\/","url":"https:\/\/sonetica.md\/ro\/produs\/sica-z007983-12-n-3-pl\/","name":"Sica z007983 (12 N 3 PL) cump\u0103r\u0103 \u00een Moldova | Sonetica","isPartOf":{"@id":"https:\/\/sonetica.md\/ro\/#website"},"primaryImageOfPage":{"@id":"https:\/\/sonetica.md\/ro\/produs\/sica-z007983-12-n-3-pl\/#primaryimage"},"image":{"@id":"https:\/\/sonetica.md\/ro\/produs\/sica-z007983-12-n-3-pl\/#primaryimage"},"thumbnailUrl":"https:\/\/sonetica.md\/wp-content\/uploads\/2025\/10\/sica-z007983.jpg","datePublished":"2025-11-07T19:48:28+00:00","description":"Cump\u0103ra\u021bi Sica z007983 (12 N 3 PL) \u00een magazinul Sonetica. Livrare \u00een Moldova. Garan\u021bie oficial\u0103.","breadcrumb":{"@id":"https:\/\/sonetica.md\/ro\/produs\/sica-z007983-12-n-3-pl\/#breadcrumb"},"inLanguage":"ro-RO","potentialAction":[{"@type":"ReadAction","target":["https:\/\/sonetica.md\/ro\/produs\/sica-z007983-12-n-3-pl\/"]}]},{"@type":"ImageObject","inLanguage":"ro-RO","@id":"https:\/\/sonetica.md\/ro\/produs\/sica-z007983-12-n-3-pl\/#primaryimage","url":"https:\/\/sonetica.md\/wp-content\/uploads\/2025\/10\/sica-z007983.jpg","contentUrl":"https:\/\/sonetica.md\/wp-content\/uploads\/2025\/10\/sica-z007983.jpg","width":1617,"height":1000},{"@type":"BreadcrumbList","@id":"https:\/\/sonetica.md\/ro\/produs\/sica-z007983-12-n-3-pl\/#breadcrumb","itemListElement":[{"@type":"ListItem","position":1,"name":"Acas\u0103","item":"https:\/\/sonetica.md\/ro\/"},{"@type":"ListItem","position":2,"name":"Produse","item":"https:\/\/sonetica.md\/ro\/shop\/"},{"@type":"ListItem","position":3,"name":"Difuzoare","item":"https:\/\/sonetica.md\/ro\/product-category\/difuzoare\/"},{"@type":"ListItem","position":4,"name":"12&quot; Difuzoare","item":"https:\/\/sonetica.md\/ro\/product-category\/difuzoare\/loudspeakers-12-inch\/"},{"@type":"ListItem","position":5,"name":"Sica z007983 (12 N 3 PL)"}]},{"@type":"WebSite","@id":"https:\/\/sonetica.md\/ro\/#website","url":"https:\/\/sonetica.md\/ro\/","name":"Sonetica","description":"Audio Equipment and Accessories","publisher":{"@id":"https:\/\/sonetica.md\/ro\/#organization"},"potentialAction":[{"@type":"SearchAction","target":{"@type":"EntryPoint","urlTemplate":"https:\/\/sonetica.md\/ro\/?s={search_term_string}"},"query-input":{"@type":"PropertyValueSpecification","valueRequired":true,"valueName":"search_term_string"}}],"inLanguage":"ro-RO"},{"@type":["Organization","Place","ElectronicsStore"],"@id":"https:\/\/sonetica.md\/ro\/#organization","name":"Sonetica","url":"https:\/\/sonetica.md\/ro\/","logo":{"@id":"https:\/\/sonetica.md\/ro\/produs\/sica-z007983-12-n-3-pl\/#local-main-organization-logo"},"image":{"@id":"https:\/\/sonetica.md\/ro\/produs\/sica-z007983-12-n-3-pl\/#local-main-organization-logo"},"sameAs":["https:\/\/www.facebook.com\/sonetica.md"],"legalName":"Sonetica SRL","address":{"@id":"https:\/\/sonetica.md\/ro\/produs\/sica-z007983-12-n-3-pl\/#local-main-place-address"},"telephone":["+373 22 274866"],"contactPoint":{"@type":"ContactPoint","telephone":"(022) 27-48-66"},"openingHoursSpecification":[{"@type":"OpeningHoursSpecification","dayOfWeek":["Monday","Tuesday","Wednesday","Thursday","Friday"],"opens":"10:00","closes":"17:00"},{"@type":"OpeningHoursSpecification","dayOfWeek":["Saturday","Sunday"],"opens":"00:00","closes":"00:00"}],"vatID":"0203112","taxID":"1003600083647","currenciesAccepted":"MDL","paymentAccepted":"Cash, Card"},{"@type":"PostalAddress","@id":"https:\/\/sonetica.md\/ro\/produs\/sica-z007983-12-n-3-pl\/#local-main-place-address","streetAddress":"V. Alecsandri 30","addressLocality":"Chisinau","postalCode":"MD-2009","addressCountry":"MD"},{"@type":"ImageObject","inLanguage":"ro-RO","@id":"https:\/\/sonetica.md\/ro\/produs\/sica-z007983-12-n-3-pl\/#local-main-organization-logo","url":"https:\/\/sonetica.md\/wp-content\/uploads\/2025\/11\/sonetica_logo.png","contentUrl":"https:\/\/sonetica.md\/wp-content\/uploads\/2025\/11\/sonetica_logo.png","width":453,"height":453,"caption":"Sonetica"}]},"product_brand":"Sica","product_price_amount":"4400.00","product_price_currency":"MDL","og_availability":"instock","product_availability":"instock","product_retailer_item_id":"SICA-Z007983-12N3PL","product_condition":"new","geo.placename":"Chisinau","geo.region":"Republica Moldova"},"_links":{"self":[{"href":"https:\/\/sonetica.md\/ro\/wp-json\/wp\/v2\/product\/2723","targetHints":{"allow":["GET"]}}],"collection":[{"href":"https:\/\/sonetica.md\/ro\/wp-json\/wp\/v2\/product"}],"about":[{"href":"https:\/\/sonetica.md\/ro\/wp-json\/wp\/v2\/types\/product"}],"wp:featuredmedia":[{"embeddable":true,"href":"https:\/\/sonetica.md\/ro\/wp-json\/wp\/v2\/media\/1420"}],"wp:attachment":[{"href":"https:\/\/sonetica.md\/ro\/wp-json\/wp\/v2\/media?parent=2723"}],"wp:term":[{"taxonomy":"product_brand","embeddable":true,"href":"https:\/\/sonetica.md\/ro\/wp-json\/wp\/v2\/product_brand?post=2723"},{"taxonomy":"product_cat","embeddable":true,"href":"https:\/\/sonetica.md\/ro\/wp-json\/wp\/v2\/product_cat?post=2723"},{"taxonomy":"product_tag","embeddable":true,"href":"https:\/\/sonetica.md\/ro\/wp-json\/wp\/v2\/product_tag?post=2723"}],"curies":[{"name":"wp","href":"https:\/\/api.w.org\/{rel}","templated":true}]}}