{"id":2732,"date":"2025-11-07T21:48:26","date_gmt":"2025-11-07T19:48:26","guid":{"rendered":"https:\/\/sonetica.md\/?post_type=product&#038;p=2732"},"modified":"2025-11-07T21:48:26","modified_gmt":"2025-11-07T19:48:26","slug":"jts-ma-500","status":"publish","type":"product","link":"https:\/\/sonetica.md\/ro\/produs\/jts-ma-500\/","title":{"rendered":"JTS MA-500"},"content":{"rendered":"<p>Adaptorul JTS MA-500 este un accesoriu \u0219i o surs\u0103 de alimentare fantom\u0103 pentru microfoanele cu condensator electret din seriile JTS CM \u0219i CX, care utilizeaz\u0103 o conexiune mini XLR cu 4 pini. Acesta permite alimentarea microfoanelor condensator miniaturale cu energie fantom\u0103 de 12V p\u00e2n\u0103 la 48V de la JTS PS-1 sau alte dispozitive. Dispune de un atenuator de -10 dB (PAD) \u0219i dou\u0103 filtre low-cut comutabile. MA-500 are un corp metalic \u0219i include o clem\u0103 pentru curea.<\/p>\n","protected":false},"excerpt":{"rendered":"<p>Adaptor de alimentare phantom, atenuator de -10 dB, 12-48 V, filtru low-cut.<\/p>\n","protected":false},"featured_media":3732,"template":"","meta":{"_acf_changed":false,"_gspb_post_css":""},"product_brand":[417],"product_cat":[301],"product_tag":[],"class_list":{"0":"post-2732","1":"product","2":"type-product","3":"status-publish","4":"has-post-thumbnail","6":"product_brand-jts","7":"product_cat-microphone-accessories","9":"first","10":"outofstock","11":"taxable","12":"shipping-taxable","13":"purchasable","14":"product-type-simple"},"acf":[],"yoast_head":"<!-- This site is optimized with the Yoast SEO Premium plugin v27.4 (Yoast SEO v27.4) - https:\/\/yoast.com\/product\/yoast-seo-premium-wordpress\/ -->\n<title>JTS MA-500 cump\u0103r\u0103 \u00een Moldova | Sonetica<\/title>\n<meta name=\"description\" content=\"Cump\u0103ra\u021bi JTS MA-500 \u00een magazinul Sonetica. Livrare \u00een Moldova. Garan\u021bie oficial\u0103.\" \/>\n<meta name=\"robots\" content=\"index, follow, max-snippet:-1, max-image-preview:large, max-video-preview:-1\" \/>\n<link rel=\"canonical\" href=\"https:\/\/sonetica.md\/ro\/produs\/jts-ma-500\/\" \/>\n<meta property=\"og:locale\" content=\"ro_RO\" \/>\n<meta property=\"og:type\" content=\"article\" \/>\n<meta property=\"og:title\" content=\"JTS MA-500 cump\u0103r\u0103 \u00een Moldova | Sonetica\" \/>\n<meta property=\"og:description\" content=\"Cump\u0103r\u0103 JTS MA-500 din magazinul Sonetica. Livrare \u00een Moldova. Garan\u021bie oficial\u0103.\" \/>\n<meta property=\"og:url\" content=\"https:\/\/sonetica.md\/ro\/produs\/jts-ma-500\/\" \/>\n<meta property=\"og:site_name\" content=\"Sonetica\" \/>\n<meta property=\"article:publisher\" content=\"https:\/\/www.facebook.com\/sonetica.md\" \/>\n<meta property=\"og:image\" content=\"https:\/\/sonetica.md\/wp-content\/uploads\/2025\/10\/jts-ma-500.jpg\" \/>\n\t<meta property=\"og:image:width\" content=\"600\" \/>\n\t<meta property=\"og:image:height\" content=\"360\" \/>\n\t<meta property=\"og:image:type\" content=\"image\/jpeg\" \/>\n<meta name=\"twitter:card\" content=\"summary_large_image\" \/>\n<meta name=\"twitter:label1\" content=\"Pre\u021b\" \/>\n\t<meta name=\"twitter:data1\" content=\"340,00&nbsp;MDL\" \/>\n\t<meta name=\"twitter:label2\" content=\"Disponibilitate\" \/>\n\t<meta name=\"twitter:data2\" content=\"Stoc epuizat\" \/>\n<script type=\"application\/ld+json\" class=\"yoast-schema-graph\">{\"@context\":\"https:\\\/\\\/schema.org\",\"@graph\":[{\"@type\":\"WebPage\",\"@id\":\"https:\\\/\\\/sonetica.md\\\/ro\\\/produs\\\/jts-ma-500\\\/\",\"url\":\"https:\\\/\\\/sonetica.md\\\/ro\\\/produs\\\/jts-ma-500\\\/\",\"name\":\"JTS MA-500 cump\u0103r\u0103 \u00een Moldova | Sonetica\",\"isPartOf\":{\"@id\":\"https:\\\/\\\/sonetica.md\\\/ro\\\/#website\"},\"primaryImageOfPage\":{\"@id\":\"https:\\\/\\\/sonetica.md\\\/ro\\\/produs\\\/jts-ma-500\\\/#primaryimage\"},\"image\":{\"@id\":\"https:\\\/\\\/sonetica.md\\\/ro\\\/produs\\\/jts-ma-500\\\/#primaryimage\"},\"thumbnailUrl\":\"https:\\\/\\\/sonetica.md\\\/wp-content\\\/uploads\\\/2025\\\/10\\\/jts-ma-500.jpg\",\"datePublished\":\"2025-11-07T19:48:26+00:00\",\"description\":\"Cump\u0103ra\u021bi JTS MA-500 \u00een magazinul Sonetica. Livrare \u00een Moldova. Garan\u021bie oficial\u0103.\",\"breadcrumb\":{\"@id\":\"https:\\\/\\\/sonetica.md\\\/ro\\\/produs\\\/jts-ma-500\\\/#breadcrumb\"},\"inLanguage\":\"ro-RO\",\"potentialAction\":[{\"@type\":\"ReadAction\",\"target\":[\"https:\\\/\\\/sonetica.md\\\/ro\\\/produs\\\/jts-ma-500\\\/\"]}]},{\"@type\":\"ImageObject\",\"inLanguage\":\"ro-RO\",\"@id\":\"https:\\\/\\\/sonetica.md\\\/ro\\\/produs\\\/jts-ma-500\\\/#primaryimage\",\"url\":\"https:\\\/\\\/sonetica.md\\\/wp-content\\\/uploads\\\/2025\\\/10\\\/jts-ma-500.jpg\",\"contentUrl\":\"https:\\\/\\\/sonetica.md\\\/wp-content\\\/uploads\\\/2025\\\/10\\\/jts-ma-500.jpg\",\"width\":600,\"height\":360},{\"@type\":\"BreadcrumbList\",\"@id\":\"https:\\\/\\\/sonetica.md\\\/ro\\\/produs\\\/jts-ma-500\\\/#breadcrumb\",\"itemListElement\":[{\"@type\":\"ListItem\",\"position\":1,\"name\":\"Acas\u0103\",\"item\":\"https:\\\/\\\/sonetica.md\\\/ro\\\/\"},{\"@type\":\"ListItem\",\"position\":2,\"name\":\"Produse\",\"item\":\"https:\\\/\\\/sonetica.md\\\/ro\\\/shop\\\/\"},{\"@type\":\"ListItem\",\"position\":3,\"name\":\"Microfoane\",\"item\":\"https:\\\/\\\/sonetica.md\\\/ro\\\/product-category\\\/microfoane\\\/\"},{\"@type\":\"ListItem\",\"position\":4,\"name\":\"Accesorii pentru Microfoane\",\"item\":\"https:\\\/\\\/sonetica.md\\\/ro\\\/product-category\\\/microfoane\\\/microphone-accessories\\\/\"},{\"@type\":\"ListItem\",\"position\":5,\"name\":\"JTS MA-500\"}]},{\"@type\":\"WebSite\",\"@id\":\"https:\\\/\\\/sonetica.md\\\/ro\\\/#website\",\"url\":\"https:\\\/\\\/sonetica.md\\\/ro\\\/\",\"name\":\"Sonetica\",\"description\":\"Audio Equipment and Accessories\",\"publisher\":{\"@id\":\"https:\\\/\\\/sonetica.md\\\/ro\\\/#organization\"},\"potentialAction\":[{\"@type\":\"SearchAction\",\"target\":{\"@type\":\"EntryPoint\",\"urlTemplate\":\"https:\\\/\\\/sonetica.md\\\/ro\\\/?s={search_term_string}\"},\"query-input\":{\"@type\":\"PropertyValueSpecification\",\"valueRequired\":true,\"valueName\":\"search_term_string\"}}],\"inLanguage\":\"ro-RO\"},{\"@type\":[\"Organization\",\"Place\",\"ElectronicsStore\"],\"@id\":\"https:\\\/\\\/sonetica.md\\\/ro\\\/#organization\",\"name\":\"Sonetica\",\"url\":\"https:\\\/\\\/sonetica.md\\\/ro\\\/\",\"logo\":{\"@id\":\"https:\\\/\\\/sonetica.md\\\/ro\\\/produs\\\/jts-ma-500\\\/#local-main-organization-logo\"},\"image\":{\"@id\":\"https:\\\/\\\/sonetica.md\\\/ro\\\/produs\\\/jts-ma-500\\\/#local-main-organization-logo\"},\"sameAs\":[\"https:\\\/\\\/www.facebook.com\\\/sonetica.md\"],\"legalName\":\"Sonetica SRL\",\"address\":{\"@id\":\"https:\\\/\\\/sonetica.md\\\/ro\\\/produs\\\/jts-ma-500\\\/#local-main-place-address\"},\"telephone\":[\"+373 22 274866\"],\"contactPoint\":{\"@type\":\"ContactPoint\",\"telephone\":\"(022) 27-48-66\"},\"openingHoursSpecification\":[{\"@type\":\"OpeningHoursSpecification\",\"dayOfWeek\":[\"Monday\",\"Tuesday\",\"Wednesday\",\"Thursday\",\"Friday\"],\"opens\":\"10:00\",\"closes\":\"17:00\"},{\"@type\":\"OpeningHoursSpecification\",\"dayOfWeek\":[\"Saturday\",\"Sunday\"],\"opens\":\"00:00\",\"closes\":\"00:00\"}],\"vatID\":\"0203112\",\"taxID\":\"1003600083647\",\"currenciesAccepted\":\"MDL\",\"paymentAccepted\":\"Cash, Card\"},{\"@type\":\"PostalAddress\",\"@id\":\"https:\\\/\\\/sonetica.md\\\/ro\\\/produs\\\/jts-ma-500\\\/#local-main-place-address\",\"streetAddress\":\"V. Alecsandri 30\",\"addressLocality\":\"Chisinau\",\"postalCode\":\"MD-2009\",\"addressCountry\":\"MD\"},{\"@type\":\"ImageObject\",\"inLanguage\":\"ro-RO\",\"@id\":\"https:\\\/\\\/sonetica.md\\\/ro\\\/produs\\\/jts-ma-500\\\/#local-main-organization-logo\",\"url\":\"https:\\\/\\\/sonetica.md\\\/wp-content\\\/uploads\\\/2025\\\/11\\\/sonetica_logo.png\",\"contentUrl\":\"https:\\\/\\\/sonetica.md\\\/wp-content\\\/uploads\\\/2025\\\/11\\\/sonetica_logo.png\",\"width\":453,\"height\":453,\"caption\":\"Sonetica\"}]}<\/script>\n<meta property=\"product:brand\" content=\"JTS\" \/>\n<meta property=\"product:price:amount\" content=\"340.00\" \/>\n<meta property=\"product:price:currency\" content=\"MDL\" \/>\n<meta property=\"og:availability\" content=\"out of stock\" \/>\n<meta property=\"product:availability\" content=\"out of stock\" \/>\n<meta property=\"product:retailer_item_id\" content=\"JTS-MA500\" \/>\n<meta property=\"product:condition\" content=\"new\" \/>\n<meta name=\"geo.placename\" content=\"Chisinau\" \/>\n<meta name=\"geo.region\" content=\"Republica Moldova\" \/>\n<!-- \/ Yoast SEO Premium plugin. -->","yoast_head_json":{"title":"JTS MA-500 cump\u0103r\u0103 \u00een Moldova | Sonetica","description":"Cump\u0103ra\u021bi JTS MA-500 \u00een magazinul Sonetica. Livrare \u00een Moldova. Garan\u021bie oficial\u0103.","robots":{"index":"index","follow":"follow","max-snippet":"max-snippet:-1","max-image-preview":"max-image-preview:large","max-video-preview":"max-video-preview:-1"},"canonical":"https:\/\/sonetica.md\/ro\/produs\/jts-ma-500\/","og_locale":"ro_RO","og_type":"article","og_title":"JTS MA-500 cump\u0103r\u0103 \u00een Moldova | Sonetica","og_description":"Cump\u0103r\u0103 JTS MA-500 din magazinul Sonetica. Livrare \u00een Moldova. Garan\u021bie oficial\u0103.","og_url":"https:\/\/sonetica.md\/ro\/produs\/jts-ma-500\/","og_site_name":"Sonetica","article_publisher":"https:\/\/www.facebook.com\/sonetica.md","og_image":[{"width":600,"height":360,"url":"https:\/\/sonetica.md\/wp-content\/uploads\/2025\/10\/jts-ma-500.jpg","type":"image\/jpeg"}],"twitter_card":"summary_large_image","twitter_misc":{"Pre\u021b":"340,00&nbsp;MDL","Disponibilitate":"Stoc epuizat"},"schema":{"@context":"https:\/\/schema.org","@graph":[{"@type":"WebPage","@id":"https:\/\/sonetica.md\/ro\/produs\/jts-ma-500\/","url":"https:\/\/sonetica.md\/ro\/produs\/jts-ma-500\/","name":"JTS MA-500 cump\u0103r\u0103 \u00een Moldova | Sonetica","isPartOf":{"@id":"https:\/\/sonetica.md\/ro\/#website"},"primaryImageOfPage":{"@id":"https:\/\/sonetica.md\/ro\/produs\/jts-ma-500\/#primaryimage"},"image":{"@id":"https:\/\/sonetica.md\/ro\/produs\/jts-ma-500\/#primaryimage"},"thumbnailUrl":"https:\/\/sonetica.md\/wp-content\/uploads\/2025\/10\/jts-ma-500.jpg","datePublished":"2025-11-07T19:48:26+00:00","description":"Cump\u0103ra\u021bi JTS MA-500 \u00een magazinul Sonetica. Livrare \u00een Moldova. Garan\u021bie oficial\u0103.","breadcrumb":{"@id":"https:\/\/sonetica.md\/ro\/produs\/jts-ma-500\/#breadcrumb"},"inLanguage":"ro-RO","potentialAction":[{"@type":"ReadAction","target":["https:\/\/sonetica.md\/ro\/produs\/jts-ma-500\/"]}]},{"@type":"ImageObject","inLanguage":"ro-RO","@id":"https:\/\/sonetica.md\/ro\/produs\/jts-ma-500\/#primaryimage","url":"https:\/\/sonetica.md\/wp-content\/uploads\/2025\/10\/jts-ma-500.jpg","contentUrl":"https:\/\/sonetica.md\/wp-content\/uploads\/2025\/10\/jts-ma-500.jpg","width":600,"height":360},{"@type":"BreadcrumbList","@id":"https:\/\/sonetica.md\/ro\/produs\/jts-ma-500\/#breadcrumb","itemListElement":[{"@type":"ListItem","position":1,"name":"Acas\u0103","item":"https:\/\/sonetica.md\/ro\/"},{"@type":"ListItem","position":2,"name":"Produse","item":"https:\/\/sonetica.md\/ro\/shop\/"},{"@type":"ListItem","position":3,"name":"Microfoane","item":"https:\/\/sonetica.md\/ro\/product-category\/microfoane\/"},{"@type":"ListItem","position":4,"name":"Accesorii pentru Microfoane","item":"https:\/\/sonetica.md\/ro\/product-category\/microfoane\/microphone-accessories\/"},{"@type":"ListItem","position":5,"name":"JTS MA-500"}]},{"@type":"WebSite","@id":"https:\/\/sonetica.md\/ro\/#website","url":"https:\/\/sonetica.md\/ro\/","name":"Sonetica","description":"Audio Equipment and Accessories","publisher":{"@id":"https:\/\/sonetica.md\/ro\/#organization"},"potentialAction":[{"@type":"SearchAction","target":{"@type":"EntryPoint","urlTemplate":"https:\/\/sonetica.md\/ro\/?s={search_term_string}"},"query-input":{"@type":"PropertyValueSpecification","valueRequired":true,"valueName":"search_term_string"}}],"inLanguage":"ro-RO"},{"@type":["Organization","Place","ElectronicsStore"],"@id":"https:\/\/sonetica.md\/ro\/#organization","name":"Sonetica","url":"https:\/\/sonetica.md\/ro\/","logo":{"@id":"https:\/\/sonetica.md\/ro\/produs\/jts-ma-500\/#local-main-organization-logo"},"image":{"@id":"https:\/\/sonetica.md\/ro\/produs\/jts-ma-500\/#local-main-organization-logo"},"sameAs":["https:\/\/www.facebook.com\/sonetica.md"],"legalName":"Sonetica SRL","address":{"@id":"https:\/\/sonetica.md\/ro\/produs\/jts-ma-500\/#local-main-place-address"},"telephone":["+373 22 274866"],"contactPoint":{"@type":"ContactPoint","telephone":"(022) 27-48-66"},"openingHoursSpecification":[{"@type":"OpeningHoursSpecification","dayOfWeek":["Monday","Tuesday","Wednesday","Thursday","Friday"],"opens":"10:00","closes":"17:00"},{"@type":"OpeningHoursSpecification","dayOfWeek":["Saturday","Sunday"],"opens":"00:00","closes":"00:00"}],"vatID":"0203112","taxID":"1003600083647","currenciesAccepted":"MDL","paymentAccepted":"Cash, Card"},{"@type":"PostalAddress","@id":"https:\/\/sonetica.md\/ro\/produs\/jts-ma-500\/#local-main-place-address","streetAddress":"V. Alecsandri 30","addressLocality":"Chisinau","postalCode":"MD-2009","addressCountry":"MD"},{"@type":"ImageObject","inLanguage":"ro-RO","@id":"https:\/\/sonetica.md\/ro\/produs\/jts-ma-500\/#local-main-organization-logo","url":"https:\/\/sonetica.md\/wp-content\/uploads\/2025\/11\/sonetica_logo.png","contentUrl":"https:\/\/sonetica.md\/wp-content\/uploads\/2025\/11\/sonetica_logo.png","width":453,"height":453,"caption":"Sonetica"}]},"product_brand":"JTS","product_price_amount":"340.00","product_price_currency":"MDL","og_availability":"out of stock","product_availability":"out of stock","product_retailer_item_id":"JTS-MA500","product_condition":"new","geo.placename":"Chisinau","geo.region":"Republica Moldova"},"_links":{"self":[{"href":"https:\/\/sonetica.md\/ro\/wp-json\/wp\/v2\/product\/2732","targetHints":{"allow":["GET"]}}],"collection":[{"href":"https:\/\/sonetica.md\/ro\/wp-json\/wp\/v2\/product"}],"about":[{"href":"https:\/\/sonetica.md\/ro\/wp-json\/wp\/v2\/types\/product"}],"wp:featuredmedia":[{"embeddable":true,"href":"https:\/\/sonetica.md\/ro\/wp-json\/wp\/v2\/media\/3732"}],"wp:attachment":[{"href":"https:\/\/sonetica.md\/ro\/wp-json\/wp\/v2\/media?parent=2732"}],"wp:term":[{"taxonomy":"product_brand","embeddable":true,"href":"https:\/\/sonetica.md\/ro\/wp-json\/wp\/v2\/product_brand?post=2732"},{"taxonomy":"product_cat","embeddable":true,"href":"https:\/\/sonetica.md\/ro\/wp-json\/wp\/v2\/product_cat?post=2732"},{"taxonomy":"product_tag","embeddable":true,"href":"https:\/\/sonetica.md\/ro\/wp-json\/wp\/v2\/product_tag?post=2732"}],"curies":[{"name":"wp","href":"https:\/\/api.w.org\/{rel}","templated":true}]}}