{"id":2737,"date":"2025-11-07T21:48:22","date_gmt":"2025-11-07T19:48:22","guid":{"rendered":"https:\/\/sonetica.md\/?post_type=product&#038;p=2737"},"modified":"2025-11-07T21:48:22","modified_gmt":"2025-11-07T19:48:22","slug":"jts-st-5030","status":"publish","type":"product","link":"https:\/\/sonetica.md\/ro\/produs\/jts-st-5030\/","title":{"rendered":"JTS ST-5030"},"content":{"rendered":"<p>Baza de microfon de birou JTS ST-5030 pentru microfon tip gooseneck, prev\u0103zut\u0103 cu o baz\u0103 turnat\u0103 cu montare rapid\u0103, un comutator magnetic On\/Off pentru zgomot minim \u0219i un tampon special anti-alunecare pentru o a\u0219ezare ferm\u0103 \u0219i reducerea zgomotului reflectat de pe birou. Este potrivit\u0103 pentru aplica\u021bii de conferin\u021be \u0219i poate fi configurat\u0103 pentru utilizare cu microfoane gooseneck dinamice sau cu condensator electret, folosind un comutator selector situat dedesubt. Specifica\u021bii: * R\u0103spuns \u00een Frecven\u021b\u0103: 20~20.000 Hz * Cerin\u021be de Alimentare: Alimentare Phantom 48V sau alimentare cu baterii 1.5V*2 (ST-5030i func\u021bioneaz\u0103 cu alimentare Phantom 12~48V) * Consum de Curent (Stand-by): 2.4mA (sau 0.62 mA cu baterii AA) * Consum de Curent (Func\u021bionare): 6.6mA (sau 0.88 mA cu baterii AA) * Comutatoare: Selectare microfon: intrare nebalansat\u0103 ECM MIC, intrare balansat\u0103 ECM MIC, intrare MIC dinamic; Comutator magnetic: pornire\/oprire * Conector: Ie\u0219ire audio (XLR 3P Male) * Greutate Net\u0103: 1130 grame (sau 1.1 kg)<\/p>\n","protected":false},"excerpt":{"rendered":"<p>Baz\u0103 de microfon de birou cu XLR, 1,1 kg, alimentare fantom\u0103 de 48V.<\/p>\n","protected":false},"featured_media":1771,"template":"","meta":{"_acf_changed":false,"_gspb_post_css":""},"product_brand":[417],"product_cat":[301],"product_tag":[],"class_list":{"0":"post-2737","1":"product","2":"type-product","3":"status-publish","4":"has-post-thumbnail","6":"product_brand-jts","7":"product_cat-microphone-accessories","9":"first","10":"instock","11":"taxable","12":"shipping-taxable","13":"purchasable","14":"product-type-simple"},"acf":[],"yoast_head":"<!-- This site is optimized with the Yoast SEO Premium plugin v27.2 (Yoast SEO v27.2) - https:\/\/yoast.com\/product\/yoast-seo-premium-wordpress\/ -->\n<title>JTS ST-5030 cump\u0103r\u0103 \u00een Moldova | Sonetica<\/title>\n<meta name=\"description\" content=\"Cump\u0103ra\u021bi JTS ST-5030 \u00een magazinul Sonetica. Livrare \u00een Moldova. Garan\u021bie oficial\u0103.\" \/>\n<meta name=\"robots\" content=\"index, follow, max-snippet:-1, max-image-preview:large, max-video-preview:-1\" \/>\n<link rel=\"canonical\" href=\"https:\/\/sonetica.md\/ro\/produs\/jts-st-5030\/\" \/>\n<meta property=\"og:locale\" content=\"ro_RO\" \/>\n<meta property=\"og:type\" content=\"article\" \/>\n<meta property=\"og:title\" content=\"JTS ST-5030 cump\u0103r\u0103 \u00een Moldova | Sonetica\" \/>\n<meta property=\"og:description\" content=\"Cump\u0103r\u0103 JTS ST-5030 din magazinul Sonetica. Livrare \u00een Moldova. Garan\u021bie oficial\u0103.\" \/>\n<meta property=\"og:url\" content=\"https:\/\/sonetica.md\/ro\/produs\/jts-st-5030\/\" \/>\n<meta property=\"og:site_name\" content=\"Sonetica\" \/>\n<meta property=\"article:publisher\" content=\"https:\/\/www.facebook.com\/sonetica.md\" \/>\n<meta property=\"og:image\" content=\"https:\/\/sonetica.md\/wp-content\/uploads\/2025\/10\/jts-st-5030.jpg\" \/>\n\t<meta property=\"og:image:width\" content=\"866\" \/>\n\t<meta property=\"og:image:height\" content=\"547\" \/>\n\t<meta property=\"og:image:type\" content=\"image\/jpeg\" \/>\n<meta name=\"twitter:card\" content=\"summary_large_image\" \/>\n<meta name=\"twitter:label1\" content=\"Pre\u021b\" \/>\n\t<meta name=\"twitter:data1\" content=\"870,00&nbsp;MDL\" \/>\n\t<meta name=\"twitter:label2\" content=\"Disponibilitate\" \/>\n\t<meta name=\"twitter:data2\" content=\"\u00cen stoc\" \/>\n<script type=\"application\/ld+json\" class=\"yoast-schema-graph\">{\"@context\":\"https:\/\/schema.org\",\"@graph\":[{\"@type\":\"WebPage\",\"@id\":\"https:\/\/sonetica.md\/ro\/produs\/jts-st-5030\/\",\"url\":\"https:\/\/sonetica.md\/ro\/produs\/jts-st-5030\/\",\"name\":\"JTS ST-5030 cump\u0103r\u0103 \u00een Moldova | Sonetica\",\"isPartOf\":{\"@id\":\"https:\/\/sonetica.md\/ro\/#website\"},\"primaryImageOfPage\":{\"@id\":\"https:\/\/sonetica.md\/ro\/produs\/jts-st-5030\/#primaryimage\"},\"image\":{\"@id\":\"https:\/\/sonetica.md\/ro\/produs\/jts-st-5030\/#primaryimage\"},\"thumbnailUrl\":\"https:\/\/sonetica.md\/wp-content\/uploads\/2025\/10\/jts-st-5030.jpg\",\"datePublished\":\"2025-11-07T19:48:22+00:00\",\"description\":\"Cump\u0103ra\u021bi JTS ST-5030 \u00een magazinul Sonetica. Livrare \u00een Moldova. Garan\u021bie oficial\u0103.\",\"breadcrumb\":{\"@id\":\"https:\/\/sonetica.md\/ro\/produs\/jts-st-5030\/#breadcrumb\"},\"inLanguage\":\"ro-RO\",\"potentialAction\":[{\"@type\":\"ReadAction\",\"target\":[\"https:\/\/sonetica.md\/ro\/produs\/jts-st-5030\/\"]}]},{\"@type\":\"ImageObject\",\"inLanguage\":\"ro-RO\",\"@id\":\"https:\/\/sonetica.md\/ro\/produs\/jts-st-5030\/#primaryimage\",\"url\":\"https:\/\/sonetica.md\/wp-content\/uploads\/2025\/10\/jts-st-5030.jpg\",\"contentUrl\":\"https:\/\/sonetica.md\/wp-content\/uploads\/2025\/10\/jts-st-5030.jpg\",\"width\":866,\"height\":547},{\"@type\":\"BreadcrumbList\",\"@id\":\"https:\/\/sonetica.md\/ro\/produs\/jts-st-5030\/#breadcrumb\",\"itemListElement\":[{\"@type\":\"ListItem\",\"position\":1,\"name\":\"Acas\u0103\",\"item\":\"https:\/\/sonetica.md\/ro\/\"},{\"@type\":\"ListItem\",\"position\":2,\"name\":\"Produse\",\"item\":\"https:\/\/sonetica.md\/ro\/shop\/\"},{\"@type\":\"ListItem\",\"position\":3,\"name\":\"Microfoane\",\"item\":\"https:\/\/sonetica.md\/ro\/product-category\/microfoane\/\"},{\"@type\":\"ListItem\",\"position\":4,\"name\":\"Accesorii pentru Microfoane\",\"item\":\"https:\/\/sonetica.md\/ro\/product-category\/microfoane\/microphone-accessories\/\"},{\"@type\":\"ListItem\",\"position\":5,\"name\":\"JTS ST-5030\"}]},{\"@type\":\"WebSite\",\"@id\":\"https:\/\/sonetica.md\/ro\/#website\",\"url\":\"https:\/\/sonetica.md\/ro\/\",\"name\":\"Sonetica\",\"description\":\"Audio Equipment and Accessories\",\"publisher\":{\"@id\":\"https:\/\/sonetica.md\/ro\/#organization\"},\"potentialAction\":[{\"@type\":\"SearchAction\",\"target\":{\"@type\":\"EntryPoint\",\"urlTemplate\":\"https:\/\/sonetica.md\/ro\/?s={search_term_string}\"},\"query-input\":{\"@type\":\"PropertyValueSpecification\",\"valueRequired\":true,\"valueName\":\"search_term_string\"}}],\"inLanguage\":\"ro-RO\"},{\"@type\":[\"Organization\",\"Place\",\"ElectronicsStore\"],\"@id\":\"https:\/\/sonetica.md\/ro\/#organization\",\"name\":\"Sonetica\",\"url\":\"https:\/\/sonetica.md\/ro\/\",\"logo\":{\"@id\":\"https:\/\/sonetica.md\/ro\/produs\/jts-st-5030\/#local-main-organization-logo\"},\"image\":{\"@id\":\"https:\/\/sonetica.md\/ro\/produs\/jts-st-5030\/#local-main-organization-logo\"},\"sameAs\":[\"https:\/\/www.facebook.com\/sonetica.md\"],\"legalName\":\"Sonetica SRL\",\"address\":{\"@id\":\"https:\/\/sonetica.md\/ro\/produs\/jts-st-5030\/#local-main-place-address\"},\"telephone\":[\"+373 22 274866\"],\"contactPoint\":{\"@type\":\"ContactPoint\",\"telephone\":\"(022) 27-48-66\"},\"openingHoursSpecification\":[{\"@type\":\"OpeningHoursSpecification\",\"dayOfWeek\":[\"Monday\",\"Tuesday\",\"Wednesday\",\"Thursday\",\"Friday\"],\"opens\":\"10:00\",\"closes\":\"17:00\"},{\"@type\":\"OpeningHoursSpecification\",\"dayOfWeek\":[\"Saturday\",\"Sunday\"],\"opens\":\"00:00\",\"closes\":\"00:00\"}],\"vatID\":\"0203112\",\"taxID\":\"1003600083647\",\"currenciesAccepted\":\"MDL\",\"paymentAccepted\":\"Cash, Card\"},{\"@type\":\"PostalAddress\",\"@id\":\"https:\/\/sonetica.md\/ro\/produs\/jts-st-5030\/#local-main-place-address\",\"streetAddress\":\"V. Alecsandri 30\",\"addressLocality\":\"Chisinau\",\"postalCode\":\"MD-2009\",\"addressCountry\":\"MD\"},{\"@type\":\"ImageObject\",\"inLanguage\":\"ro-RO\",\"@id\":\"https:\/\/sonetica.md\/ro\/produs\/jts-st-5030\/#local-main-organization-logo\",\"url\":\"https:\/\/sonetica.md\/wp-content\/uploads\/2025\/11\/sonetica_logo.png\",\"contentUrl\":\"https:\/\/sonetica.md\/wp-content\/uploads\/2025\/11\/sonetica_logo.png\",\"width\":453,\"height\":453,\"caption\":\"Sonetica\"}]}<\/script>\n<meta property=\"product:brand\" content=\"JTS\" \/>\n<meta property=\"product:price:amount\" content=\"870.00\" \/>\n<meta property=\"product:price:currency\" content=\"MDL\" \/>\n<meta property=\"og:availability\" content=\"instock\" \/>\n<meta property=\"product:availability\" content=\"instock\" \/>\n<meta property=\"product:retailer_item_id\" content=\"JTS-ST5030\" \/>\n<meta property=\"product:condition\" content=\"new\" \/>\n<meta name=\"geo.placename\" content=\"Chisinau\" \/>\n<meta name=\"geo.region\" content=\"Republica Moldova\" \/>\n<!-- \/ Yoast SEO Premium plugin. -->","yoast_head_json":{"title":"JTS ST-5030 cump\u0103r\u0103 \u00een Moldova | Sonetica","description":"Cump\u0103ra\u021bi JTS ST-5030 \u00een magazinul Sonetica. Livrare \u00een Moldova. Garan\u021bie oficial\u0103.","robots":{"index":"index","follow":"follow","max-snippet":"max-snippet:-1","max-image-preview":"max-image-preview:large","max-video-preview":"max-video-preview:-1"},"canonical":"https:\/\/sonetica.md\/ro\/produs\/jts-st-5030\/","og_locale":"ro_RO","og_type":"article","og_title":"JTS ST-5030 cump\u0103r\u0103 \u00een Moldova | Sonetica","og_description":"Cump\u0103r\u0103 JTS ST-5030 din magazinul Sonetica. Livrare \u00een Moldova. Garan\u021bie oficial\u0103.","og_url":"https:\/\/sonetica.md\/ro\/produs\/jts-st-5030\/","og_site_name":"Sonetica","article_publisher":"https:\/\/www.facebook.com\/sonetica.md","og_image":[{"width":866,"height":547,"url":"https:\/\/sonetica.md\/wp-content\/uploads\/2025\/10\/jts-st-5030.jpg","type":"image\/jpeg"}],"twitter_card":"summary_large_image","twitter_misc":{"Pre\u021b":"870,00&nbsp;MDL","Disponibilitate":"\u00cen stoc"},"schema":{"@context":"https:\/\/schema.org","@graph":[{"@type":"WebPage","@id":"https:\/\/sonetica.md\/ro\/produs\/jts-st-5030\/","url":"https:\/\/sonetica.md\/ro\/produs\/jts-st-5030\/","name":"JTS ST-5030 cump\u0103r\u0103 \u00een Moldova | Sonetica","isPartOf":{"@id":"https:\/\/sonetica.md\/ro\/#website"},"primaryImageOfPage":{"@id":"https:\/\/sonetica.md\/ro\/produs\/jts-st-5030\/#primaryimage"},"image":{"@id":"https:\/\/sonetica.md\/ro\/produs\/jts-st-5030\/#primaryimage"},"thumbnailUrl":"https:\/\/sonetica.md\/wp-content\/uploads\/2025\/10\/jts-st-5030.jpg","datePublished":"2025-11-07T19:48:22+00:00","description":"Cump\u0103ra\u021bi JTS ST-5030 \u00een magazinul Sonetica. Livrare \u00een Moldova. Garan\u021bie oficial\u0103.","breadcrumb":{"@id":"https:\/\/sonetica.md\/ro\/produs\/jts-st-5030\/#breadcrumb"},"inLanguage":"ro-RO","potentialAction":[{"@type":"ReadAction","target":["https:\/\/sonetica.md\/ro\/produs\/jts-st-5030\/"]}]},{"@type":"ImageObject","inLanguage":"ro-RO","@id":"https:\/\/sonetica.md\/ro\/produs\/jts-st-5030\/#primaryimage","url":"https:\/\/sonetica.md\/wp-content\/uploads\/2025\/10\/jts-st-5030.jpg","contentUrl":"https:\/\/sonetica.md\/wp-content\/uploads\/2025\/10\/jts-st-5030.jpg","width":866,"height":547},{"@type":"BreadcrumbList","@id":"https:\/\/sonetica.md\/ro\/produs\/jts-st-5030\/#breadcrumb","itemListElement":[{"@type":"ListItem","position":1,"name":"Acas\u0103","item":"https:\/\/sonetica.md\/ro\/"},{"@type":"ListItem","position":2,"name":"Produse","item":"https:\/\/sonetica.md\/ro\/shop\/"},{"@type":"ListItem","position":3,"name":"Microfoane","item":"https:\/\/sonetica.md\/ro\/product-category\/microfoane\/"},{"@type":"ListItem","position":4,"name":"Accesorii pentru Microfoane","item":"https:\/\/sonetica.md\/ro\/product-category\/microfoane\/microphone-accessories\/"},{"@type":"ListItem","position":5,"name":"JTS ST-5030"}]},{"@type":"WebSite","@id":"https:\/\/sonetica.md\/ro\/#website","url":"https:\/\/sonetica.md\/ro\/","name":"Sonetica","description":"Audio Equipment and Accessories","publisher":{"@id":"https:\/\/sonetica.md\/ro\/#organization"},"potentialAction":[{"@type":"SearchAction","target":{"@type":"EntryPoint","urlTemplate":"https:\/\/sonetica.md\/ro\/?s={search_term_string}"},"query-input":{"@type":"PropertyValueSpecification","valueRequired":true,"valueName":"search_term_string"}}],"inLanguage":"ro-RO"},{"@type":["Organization","Place","ElectronicsStore"],"@id":"https:\/\/sonetica.md\/ro\/#organization","name":"Sonetica","url":"https:\/\/sonetica.md\/ro\/","logo":{"@id":"https:\/\/sonetica.md\/ro\/produs\/jts-st-5030\/#local-main-organization-logo"},"image":{"@id":"https:\/\/sonetica.md\/ro\/produs\/jts-st-5030\/#local-main-organization-logo"},"sameAs":["https:\/\/www.facebook.com\/sonetica.md"],"legalName":"Sonetica SRL","address":{"@id":"https:\/\/sonetica.md\/ro\/produs\/jts-st-5030\/#local-main-place-address"},"telephone":["+373 22 274866"],"contactPoint":{"@type":"ContactPoint","telephone":"(022) 27-48-66"},"openingHoursSpecification":[{"@type":"OpeningHoursSpecification","dayOfWeek":["Monday","Tuesday","Wednesday","Thursday","Friday"],"opens":"10:00","closes":"17:00"},{"@type":"OpeningHoursSpecification","dayOfWeek":["Saturday","Sunday"],"opens":"00:00","closes":"00:00"}],"vatID":"0203112","taxID":"1003600083647","currenciesAccepted":"MDL","paymentAccepted":"Cash, Card"},{"@type":"PostalAddress","@id":"https:\/\/sonetica.md\/ro\/produs\/jts-st-5030\/#local-main-place-address","streetAddress":"V. Alecsandri 30","addressLocality":"Chisinau","postalCode":"MD-2009","addressCountry":"MD"},{"@type":"ImageObject","inLanguage":"ro-RO","@id":"https:\/\/sonetica.md\/ro\/produs\/jts-st-5030\/#local-main-organization-logo","url":"https:\/\/sonetica.md\/wp-content\/uploads\/2025\/11\/sonetica_logo.png","contentUrl":"https:\/\/sonetica.md\/wp-content\/uploads\/2025\/11\/sonetica_logo.png","width":453,"height":453,"caption":"Sonetica"}]},"product_brand":"JTS","product_price_amount":"870.00","product_price_currency":"MDL","og_availability":"instock","product_availability":"instock","product_retailer_item_id":"JTS-ST5030","product_condition":"new","geo.placename":"Chisinau","geo.region":"Republica Moldova"},"_links":{"self":[{"href":"https:\/\/sonetica.md\/ro\/wp-json\/wp\/v2\/product\/2737","targetHints":{"allow":["GET"]}}],"collection":[{"href":"https:\/\/sonetica.md\/ro\/wp-json\/wp\/v2\/product"}],"about":[{"href":"https:\/\/sonetica.md\/ro\/wp-json\/wp\/v2\/types\/product"}],"wp:featuredmedia":[{"embeddable":true,"href":"https:\/\/sonetica.md\/ro\/wp-json\/wp\/v2\/media\/1771"}],"wp:attachment":[{"href":"https:\/\/sonetica.md\/ro\/wp-json\/wp\/v2\/media?parent=2737"}],"wp:term":[{"taxonomy":"product_brand","embeddable":true,"href":"https:\/\/sonetica.md\/ro\/wp-json\/wp\/v2\/product_brand?post=2737"},{"taxonomy":"product_cat","embeddable":true,"href":"https:\/\/sonetica.md\/ro\/wp-json\/wp\/v2\/product_cat?post=2737"},{"taxonomy":"product_tag","embeddable":true,"href":"https:\/\/sonetica.md\/ro\/wp-json\/wp\/v2\/product_tag?post=2737"}],"curies":[{"name":"wp","href":"https:\/\/api.w.org\/{rel}","templated":true}]}}