{"id":2740,"date":"2025-11-07T21:48:23","date_gmt":"2025-11-07T19:48:23","guid":{"rendered":"https:\/\/sonetica.md\/?post_type=product&#038;p=2740"},"modified":"2025-11-07T21:48:23","modified_gmt":"2025-11-07T19:48:23","slug":"jts-ps-510m","status":"publish","type":"product","link":"https:\/\/sonetica.md\/ro\/produs\/jts-ps-510m\/","title":{"rendered":"JTS PS-510M"},"content":{"rendered":"<p>JTS PS-510M este un adaptor\/mixer pentru alimentare fantom\u0103, func\u021bion\u00e2nd pe baterii, dezvoltat pe baza PS-500. Acesta ofer\u0103 at\u00e2t alimentare de la baterie de 9V, c\u00e2t \u0219i alimentare fantom\u0103 (12-48 V) \u0219i este conceput pentru a alimenta dou\u0103 microfoane cu muf\u0103 mini XLR cu 4 pini (cum ar fi seria CX&#8230;W, microfoane de tip headband \u0219i microfoane lavalier\u0103 din seria CX\/CM). Permite operarea cu mixere, \u00eenregistratoare de acas\u0103 sau dispozitive similare f\u0103r\u0103 alimentare fantom\u0103 +48 V integrat\u0103. Este construit cu o ie\u0219ire pentru c\u0103\u0219ti pentru ca un muzician s\u0103 poat\u0103 monitoriza un mix preferat de dou\u0103 semnale de microfon \u00eenainte ca acesta s\u0103 ajung\u0103 la sistemul de sonorizare (PA). Caracteristicile includ control separat al volumului pentru cele dou\u0103 microfoane \u0219i o ie\u0219ire ajustabil\u0103 pentru c\u0103\u0219ti cu un comutator de muting. Specifica\u021bii: * Categorie: Adaptor\/mixer pentru alimentare fantom\u0103 * Tensiune de intrare: Baterie de 9 V (nu este inclus\u0103) sau alimentare fantom\u0103 12-48 V * R\u0103spuns \u00een frecven\u021b\u0103: 20-20.000 Hz * Consum de curent: Fantom\u0103: max. 20 mA; Baterie: max. 80 mA cu c\u0103\u0219ti (16\u03a9\/32\u03a9) * Impedan\u021b\u0103 de intrare: 5 k \u03a9 * Impedan\u021b\u0103 de ie\u0219ire: 470 \u03a9 echilibrat\u0103 * Conexiuni: 2 x mini XLR cu 4 pini (intrare), 1 x XLR, echil. (ie\u0219ire), 1 x muf\u0103 jack de 3,5 mm (c\u0103\u0219ti) * Temperatur\u0103 ambiental\u0103 admis\u0103: 0-40 \u00b0C * Dimensiuni (L x \u00ce x A): 92 mm x 23 mm x 65 mm (sau 65 x 92 x 30 mm) * Greutate: 80 g \/ 0,08 kg<\/p>\n","protected":false},"excerpt":{"rendered":"<p>Adaptor\/mixer de alimentare phantom; Baterie de 9V sau alimentare phantom de 12-48V.<\/p>\n","protected":false},"featured_media":1406,"template":"","meta":{"_acf_changed":false,"_gspb_post_css":""},"product_brand":[417],"product_cat":[301],"product_tag":[],"class_list":{"0":"post-2740","1":"product","2":"type-product","3":"status-publish","4":"has-post-thumbnail","6":"product_brand-jts","7":"product_cat-microphone-accessories","9":"first","10":"instock","11":"taxable","12":"shipping-taxable","13":"purchasable","14":"product-type-simple"},"acf":[],"yoast_head":"<!-- This site is optimized with the Yoast SEO Premium plugin v27.2 (Yoast SEO v27.2) - https:\/\/yoast.com\/product\/yoast-seo-premium-wordpress\/ -->\n<title>JTS PS-510M cump\u0103r\u0103 \u00een Moldova | Sonetica<\/title>\n<meta name=\"description\" content=\"Cump\u0103ra\u021bi JTS PS-510M \u00een magazinul Sonetica. Livrare \u00een Moldova. Garan\u021bie oficial\u0103.\" \/>\n<meta name=\"robots\" content=\"index, follow, max-snippet:-1, max-image-preview:large, max-video-preview:-1\" \/>\n<link rel=\"canonical\" href=\"https:\/\/sonetica.md\/ro\/produs\/jts-ps-510m\/\" \/>\n<meta property=\"og:locale\" content=\"ro_RO\" \/>\n<meta property=\"og:type\" content=\"article\" \/>\n<meta property=\"og:title\" content=\"JTS PS-510M cump\u0103r\u0103 \u00een Moldova | Sonetica\" \/>\n<meta property=\"og:description\" content=\"Cump\u0103r\u0103 JTS PS-510M din magazinul Sonetica. Livrare \u00een Moldova. Garan\u021bie oficial\u0103.\" \/>\n<meta property=\"og:url\" content=\"https:\/\/sonetica.md\/ro\/produs\/jts-ps-510m\/\" \/>\n<meta property=\"og:site_name\" content=\"Sonetica\" \/>\n<meta property=\"article:publisher\" content=\"https:\/\/www.facebook.com\/sonetica.md\" \/>\n<meta property=\"og:image\" content=\"https:\/\/sonetica.md\/wp-content\/uploads\/2025\/10\/ps-510m.jpg\" \/>\n\t<meta property=\"og:image:width\" content=\"1024\" \/>\n\t<meta property=\"og:image:height\" content=\"965\" \/>\n\t<meta property=\"og:image:type\" content=\"image\/jpeg\" \/>\n<meta name=\"twitter:card\" content=\"summary_large_image\" \/>\n<meta name=\"twitter:label1\" content=\"Pre\u021b\" \/>\n\t<meta name=\"twitter:data1\" content=\"980,00&nbsp;MDL\" \/>\n\t<meta name=\"twitter:label2\" content=\"Disponibilitate\" \/>\n\t<meta name=\"twitter:data2\" content=\"\u00cen stoc\" \/>\n<script type=\"application\/ld+json\" class=\"yoast-schema-graph\">{\"@context\":\"https:\/\/schema.org\",\"@graph\":[{\"@type\":\"WebPage\",\"@id\":\"https:\/\/sonetica.md\/ro\/produs\/jts-ps-510m\/\",\"url\":\"https:\/\/sonetica.md\/ro\/produs\/jts-ps-510m\/\",\"name\":\"JTS PS-510M cump\u0103r\u0103 \u00een Moldova | Sonetica\",\"isPartOf\":{\"@id\":\"https:\/\/sonetica.md\/ro\/#website\"},\"primaryImageOfPage\":{\"@id\":\"https:\/\/sonetica.md\/ro\/produs\/jts-ps-510m\/#primaryimage\"},\"image\":{\"@id\":\"https:\/\/sonetica.md\/ro\/produs\/jts-ps-510m\/#primaryimage\"},\"thumbnailUrl\":\"https:\/\/sonetica.md\/wp-content\/uploads\/2025\/10\/ps-510m.jpg\",\"datePublished\":\"2025-11-07T19:48:23+00:00\",\"description\":\"Cump\u0103ra\u021bi JTS PS-510M \u00een magazinul Sonetica. Livrare \u00een Moldova. Garan\u021bie oficial\u0103.\",\"breadcrumb\":{\"@id\":\"https:\/\/sonetica.md\/ro\/produs\/jts-ps-510m\/#breadcrumb\"},\"inLanguage\":\"ro-RO\",\"potentialAction\":[{\"@type\":\"ReadAction\",\"target\":[\"https:\/\/sonetica.md\/ro\/produs\/jts-ps-510m\/\"]}]},{\"@type\":\"ImageObject\",\"inLanguage\":\"ro-RO\",\"@id\":\"https:\/\/sonetica.md\/ro\/produs\/jts-ps-510m\/#primaryimage\",\"url\":\"https:\/\/sonetica.md\/wp-content\/uploads\/2025\/10\/ps-510m.jpg\",\"contentUrl\":\"https:\/\/sonetica.md\/wp-content\/uploads\/2025\/10\/ps-510m.jpg\",\"width\":1024,\"height\":965},{\"@type\":\"BreadcrumbList\",\"@id\":\"https:\/\/sonetica.md\/ro\/produs\/jts-ps-510m\/#breadcrumb\",\"itemListElement\":[{\"@type\":\"ListItem\",\"position\":1,\"name\":\"Acas\u0103\",\"item\":\"https:\/\/sonetica.md\/ro\/\"},{\"@type\":\"ListItem\",\"position\":2,\"name\":\"Produse\",\"item\":\"https:\/\/sonetica.md\/ro\/shop\/\"},{\"@type\":\"ListItem\",\"position\":3,\"name\":\"Microfoane\",\"item\":\"https:\/\/sonetica.md\/ro\/product-category\/microfoane\/\"},{\"@type\":\"ListItem\",\"position\":4,\"name\":\"Accesorii pentru Microfoane\",\"item\":\"https:\/\/sonetica.md\/ro\/product-category\/microfoane\/microphone-accessories\/\"},{\"@type\":\"ListItem\",\"position\":5,\"name\":\"JTS PS-510M\"}]},{\"@type\":\"WebSite\",\"@id\":\"https:\/\/sonetica.md\/ro\/#website\",\"url\":\"https:\/\/sonetica.md\/ro\/\",\"name\":\"Sonetica\",\"description\":\"Audio Equipment and Accessories\",\"publisher\":{\"@id\":\"https:\/\/sonetica.md\/ro\/#organization\"},\"potentialAction\":[{\"@type\":\"SearchAction\",\"target\":{\"@type\":\"EntryPoint\",\"urlTemplate\":\"https:\/\/sonetica.md\/ro\/?s={search_term_string}\"},\"query-input\":{\"@type\":\"PropertyValueSpecification\",\"valueRequired\":true,\"valueName\":\"search_term_string\"}}],\"inLanguage\":\"ro-RO\"},{\"@type\":[\"Organization\",\"Place\",\"ElectronicsStore\"],\"@id\":\"https:\/\/sonetica.md\/ro\/#organization\",\"name\":\"Sonetica\",\"url\":\"https:\/\/sonetica.md\/ro\/\",\"logo\":{\"@id\":\"https:\/\/sonetica.md\/ro\/produs\/jts-ps-510m\/#local-main-organization-logo\"},\"image\":{\"@id\":\"https:\/\/sonetica.md\/ro\/produs\/jts-ps-510m\/#local-main-organization-logo\"},\"sameAs\":[\"https:\/\/www.facebook.com\/sonetica.md\"],\"legalName\":\"Sonetica SRL\",\"address\":{\"@id\":\"https:\/\/sonetica.md\/ro\/produs\/jts-ps-510m\/#local-main-place-address\"},\"telephone\":[\"+373 22 274866\"],\"contactPoint\":{\"@type\":\"ContactPoint\",\"telephone\":\"(022) 27-48-66\"},\"openingHoursSpecification\":[{\"@type\":\"OpeningHoursSpecification\",\"dayOfWeek\":[\"Monday\",\"Tuesday\",\"Wednesday\",\"Thursday\",\"Friday\"],\"opens\":\"10:00\",\"closes\":\"17:00\"},{\"@type\":\"OpeningHoursSpecification\",\"dayOfWeek\":[\"Saturday\",\"Sunday\"],\"opens\":\"00:00\",\"closes\":\"00:00\"}],\"vatID\":\"0203112\",\"taxID\":\"1003600083647\",\"currenciesAccepted\":\"MDL\",\"paymentAccepted\":\"Cash, Card\"},{\"@type\":\"PostalAddress\",\"@id\":\"https:\/\/sonetica.md\/ro\/produs\/jts-ps-510m\/#local-main-place-address\",\"streetAddress\":\"V. Alecsandri 30\",\"addressLocality\":\"Chisinau\",\"postalCode\":\"MD-2009\",\"addressCountry\":\"MD\"},{\"@type\":\"ImageObject\",\"inLanguage\":\"ro-RO\",\"@id\":\"https:\/\/sonetica.md\/ro\/produs\/jts-ps-510m\/#local-main-organization-logo\",\"url\":\"https:\/\/sonetica.md\/wp-content\/uploads\/2025\/11\/sonetica_logo.png\",\"contentUrl\":\"https:\/\/sonetica.md\/wp-content\/uploads\/2025\/11\/sonetica_logo.png\",\"width\":453,\"height\":453,\"caption\":\"Sonetica\"}]}<\/script>\n<meta property=\"product:brand\" content=\"JTS\" \/>\n<meta property=\"product:price:amount\" content=\"980.00\" \/>\n<meta property=\"product:price:currency\" content=\"MDL\" \/>\n<meta property=\"og:availability\" content=\"instock\" \/>\n<meta property=\"product:availability\" content=\"instock\" \/>\n<meta property=\"product:retailer_item_id\" content=\"JTS-PS510M\" \/>\n<meta property=\"product:condition\" content=\"new\" \/>\n<meta name=\"geo.placename\" content=\"Chisinau\" \/>\n<meta name=\"geo.region\" content=\"Republica Moldova\" \/>\n<!-- \/ Yoast SEO Premium plugin. -->","yoast_head_json":{"title":"JTS PS-510M cump\u0103r\u0103 \u00een Moldova | Sonetica","description":"Cump\u0103ra\u021bi JTS PS-510M \u00een magazinul Sonetica. Livrare \u00een Moldova. Garan\u021bie oficial\u0103.","robots":{"index":"index","follow":"follow","max-snippet":"max-snippet:-1","max-image-preview":"max-image-preview:large","max-video-preview":"max-video-preview:-1"},"canonical":"https:\/\/sonetica.md\/ro\/produs\/jts-ps-510m\/","og_locale":"ro_RO","og_type":"article","og_title":"JTS PS-510M cump\u0103r\u0103 \u00een Moldova | Sonetica","og_description":"Cump\u0103r\u0103 JTS PS-510M din magazinul Sonetica. Livrare \u00een Moldova. Garan\u021bie oficial\u0103.","og_url":"https:\/\/sonetica.md\/ro\/produs\/jts-ps-510m\/","og_site_name":"Sonetica","article_publisher":"https:\/\/www.facebook.com\/sonetica.md","og_image":[{"width":1024,"height":965,"url":"https:\/\/sonetica.md\/wp-content\/uploads\/2025\/10\/ps-510m.jpg","type":"image\/jpeg"}],"twitter_card":"summary_large_image","twitter_misc":{"Pre\u021b":"980,00&nbsp;MDL","Disponibilitate":"\u00cen stoc"},"schema":{"@context":"https:\/\/schema.org","@graph":[{"@type":"WebPage","@id":"https:\/\/sonetica.md\/ro\/produs\/jts-ps-510m\/","url":"https:\/\/sonetica.md\/ro\/produs\/jts-ps-510m\/","name":"JTS PS-510M cump\u0103r\u0103 \u00een Moldova | Sonetica","isPartOf":{"@id":"https:\/\/sonetica.md\/ro\/#website"},"primaryImageOfPage":{"@id":"https:\/\/sonetica.md\/ro\/produs\/jts-ps-510m\/#primaryimage"},"image":{"@id":"https:\/\/sonetica.md\/ro\/produs\/jts-ps-510m\/#primaryimage"},"thumbnailUrl":"https:\/\/sonetica.md\/wp-content\/uploads\/2025\/10\/ps-510m.jpg","datePublished":"2025-11-07T19:48:23+00:00","description":"Cump\u0103ra\u021bi JTS PS-510M \u00een magazinul Sonetica. Livrare \u00een Moldova. Garan\u021bie oficial\u0103.","breadcrumb":{"@id":"https:\/\/sonetica.md\/ro\/produs\/jts-ps-510m\/#breadcrumb"},"inLanguage":"ro-RO","potentialAction":[{"@type":"ReadAction","target":["https:\/\/sonetica.md\/ro\/produs\/jts-ps-510m\/"]}]},{"@type":"ImageObject","inLanguage":"ro-RO","@id":"https:\/\/sonetica.md\/ro\/produs\/jts-ps-510m\/#primaryimage","url":"https:\/\/sonetica.md\/wp-content\/uploads\/2025\/10\/ps-510m.jpg","contentUrl":"https:\/\/sonetica.md\/wp-content\/uploads\/2025\/10\/ps-510m.jpg","width":1024,"height":965},{"@type":"BreadcrumbList","@id":"https:\/\/sonetica.md\/ro\/produs\/jts-ps-510m\/#breadcrumb","itemListElement":[{"@type":"ListItem","position":1,"name":"Acas\u0103","item":"https:\/\/sonetica.md\/ro\/"},{"@type":"ListItem","position":2,"name":"Produse","item":"https:\/\/sonetica.md\/ro\/shop\/"},{"@type":"ListItem","position":3,"name":"Microfoane","item":"https:\/\/sonetica.md\/ro\/product-category\/microfoane\/"},{"@type":"ListItem","position":4,"name":"Accesorii pentru Microfoane","item":"https:\/\/sonetica.md\/ro\/product-category\/microfoane\/microphone-accessories\/"},{"@type":"ListItem","position":5,"name":"JTS PS-510M"}]},{"@type":"WebSite","@id":"https:\/\/sonetica.md\/ro\/#website","url":"https:\/\/sonetica.md\/ro\/","name":"Sonetica","description":"Audio Equipment and Accessories","publisher":{"@id":"https:\/\/sonetica.md\/ro\/#organization"},"potentialAction":[{"@type":"SearchAction","target":{"@type":"EntryPoint","urlTemplate":"https:\/\/sonetica.md\/ro\/?s={search_term_string}"},"query-input":{"@type":"PropertyValueSpecification","valueRequired":true,"valueName":"search_term_string"}}],"inLanguage":"ro-RO"},{"@type":["Organization","Place","ElectronicsStore"],"@id":"https:\/\/sonetica.md\/ro\/#organization","name":"Sonetica","url":"https:\/\/sonetica.md\/ro\/","logo":{"@id":"https:\/\/sonetica.md\/ro\/produs\/jts-ps-510m\/#local-main-organization-logo"},"image":{"@id":"https:\/\/sonetica.md\/ro\/produs\/jts-ps-510m\/#local-main-organization-logo"},"sameAs":["https:\/\/www.facebook.com\/sonetica.md"],"legalName":"Sonetica SRL","address":{"@id":"https:\/\/sonetica.md\/ro\/produs\/jts-ps-510m\/#local-main-place-address"},"telephone":["+373 22 274866"],"contactPoint":{"@type":"ContactPoint","telephone":"(022) 27-48-66"},"openingHoursSpecification":[{"@type":"OpeningHoursSpecification","dayOfWeek":["Monday","Tuesday","Wednesday","Thursday","Friday"],"opens":"10:00","closes":"17:00"},{"@type":"OpeningHoursSpecification","dayOfWeek":["Saturday","Sunday"],"opens":"00:00","closes":"00:00"}],"vatID":"0203112","taxID":"1003600083647","currenciesAccepted":"MDL","paymentAccepted":"Cash, Card"},{"@type":"PostalAddress","@id":"https:\/\/sonetica.md\/ro\/produs\/jts-ps-510m\/#local-main-place-address","streetAddress":"V. Alecsandri 30","addressLocality":"Chisinau","postalCode":"MD-2009","addressCountry":"MD"},{"@type":"ImageObject","inLanguage":"ro-RO","@id":"https:\/\/sonetica.md\/ro\/produs\/jts-ps-510m\/#local-main-organization-logo","url":"https:\/\/sonetica.md\/wp-content\/uploads\/2025\/11\/sonetica_logo.png","contentUrl":"https:\/\/sonetica.md\/wp-content\/uploads\/2025\/11\/sonetica_logo.png","width":453,"height":453,"caption":"Sonetica"}]},"product_brand":"JTS","product_price_amount":"980.00","product_price_currency":"MDL","og_availability":"instock","product_availability":"instock","product_retailer_item_id":"JTS-PS510M","product_condition":"new","geo.placename":"Chisinau","geo.region":"Republica Moldova"},"_links":{"self":[{"href":"https:\/\/sonetica.md\/ro\/wp-json\/wp\/v2\/product\/2740","targetHints":{"allow":["GET"]}}],"collection":[{"href":"https:\/\/sonetica.md\/ro\/wp-json\/wp\/v2\/product"}],"about":[{"href":"https:\/\/sonetica.md\/ro\/wp-json\/wp\/v2\/types\/product"}],"wp:featuredmedia":[{"embeddable":true,"href":"https:\/\/sonetica.md\/ro\/wp-json\/wp\/v2\/media\/1406"}],"wp:attachment":[{"href":"https:\/\/sonetica.md\/ro\/wp-json\/wp\/v2\/media?parent=2740"}],"wp:term":[{"taxonomy":"product_brand","embeddable":true,"href":"https:\/\/sonetica.md\/ro\/wp-json\/wp\/v2\/product_brand?post=2740"},{"taxonomy":"product_cat","embeddable":true,"href":"https:\/\/sonetica.md\/ro\/wp-json\/wp\/v2\/product_cat?post=2740"},{"taxonomy":"product_tag","embeddable":true,"href":"https:\/\/sonetica.md\/ro\/wp-json\/wp\/v2\/product_tag?post=2740"}],"curies":[{"name":"wp","href":"https:\/\/api.w.org\/{rel}","templated":true}]}}