{"id":2756,"date":"2025-11-07T21:48:15","date_gmt":"2025-11-07T19:48:15","guid":{"rendered":"https:\/\/sonetica.md\/?post_type=product&#038;p=2756"},"modified":"2025-11-07T21:48:15","modified_gmt":"2025-11-07T19:48:15","slug":"jts-st-5000","status":"publish","type":"product","link":"https:\/\/sonetica.md\/ro\/produs\/jts-st-5000\/","title":{"rendered":"JTS ST-5000"},"content":{"rendered":"<p>JTS ST-5000 este un microfon de birou cu g\u00e2t de g\u00e2sc\u0103 (gooseneck) proiectat pentru aplica\u021bii instalate. Dispune de un sistem cu condensator electret spate cu un model polar supercardioid \u0219i este furnizat cu un parav\u00e2nt. Microfonul include un comutator Push ON\/OFF \u0219i un conector de ie\u0219ire XLR tat\u0103. De asemenea, dispune de ecranare RF special\u0103 pentru a evita interferen\u021bele audibile de la smartphone-uri.<\/p>\n<p>Specifica\u021bii:  * Tip: Condensator Electret Spate<br \/>\n  * R\u0103spuns \u00een frecven\u021b\u0103\/Interval de frecven\u021b\u0103 audio: 80\u201318.000 Hz<br \/>\n  * Model polar: Supercardioid<br \/>\n  * Impedan\u021b\u0103 nominal\u0103\/Impedan\u021b\u0103: 220 \u03a9<br \/>\n  * Sensibilitate: 10 mV\/Pa<br \/>\n  * Nivel de ie\u0219ire (la 1.000 Hz): -60\u00b13 dB* (1mV)*0dB=1V \/\u03bcbar<br \/>\n  * SPL maxim pentru 1% T.H.D.\/Presiune sonor\u0103 maxim\u0103: 125 dB<br \/>\n  * Consum de curent: \u22645,8 mA<br \/>\n  * Alimentare: DC 12-48 V Alimentare phantom<br \/>\n  * Comutator: Push ON\/OFF<br \/>\n  * Lungime g\u00e2t de g\u00e2sc\u0103: 368 mm<br \/>\n  * Dimensiuni baz\u0103: 96 x 46 x 113 mm (carcas\u0103 consol\u0103)<br \/>\n  * Conector de ie\u0219ire: Tip XLR-M (modul de alimentare)<br \/>\n  * Greutate net\u0103: 541 grame (sau 820 g pentru carcasa consolei conform unei alte surse)<br \/>\n  * Temperatur\u0103 ambiental\u0103 admis\u0103: 0\u201340 \u00b0C<\/p>\n","protected":false},"excerpt":{"rendered":"<p>Microfon de birou tip g\u00e2sc\u0103; supercardioid, 80-18.000 Hz, 125 dB.<\/p>\n","protected":false},"featured_media":3670,"template":"","meta":{"_acf_changed":false,"_gspb_post_css":""},"product_brand":[417],"product_cat":[305],"product_tag":[],"class_list":{"0":"post-2756","1":"product","2":"type-product","3":"status-publish","4":"has-post-thumbnail","6":"product_brand-jts","7":"product_cat-goosneck-microphones","9":"first","10":"outofstock","11":"taxable","12":"shipping-taxable","13":"purchasable","14":"product-type-simple"},"acf":[],"yoast_head":"<!-- This site is optimized with the Yoast SEO Premium plugin v27.4 (Yoast SEO v27.4) - https:\/\/yoast.com\/product\/yoast-seo-premium-wordpress\/ -->\n<title>JTS ST-5000 cump\u0103r\u0103 \u00een Moldova | Sonetica<\/title>\n<meta name=\"description\" content=\"Cump\u0103ra\u021bi JTS ST-5000 \u00een magazinul Sonetica. Livrare \u00een Moldova. Garan\u021bie oficial\u0103.\" \/>\n<meta name=\"robots\" content=\"index, follow, max-snippet:-1, max-image-preview:large, max-video-preview:-1\" \/>\n<link rel=\"canonical\" href=\"https:\/\/sonetica.md\/ro\/produs\/jts-st-5000\/\" \/>\n<meta property=\"og:locale\" content=\"ro_RO\" \/>\n<meta property=\"og:type\" content=\"article\" \/>\n<meta property=\"og:title\" content=\"JTS ST-5000 cump\u0103r\u0103 \u00een Moldova | Sonetica\" \/>\n<meta property=\"og:description\" content=\"Cump\u0103r\u0103 JTS ST-5000 din magazinul Sonetica. Livrare \u00een Moldova. Garan\u021bie oficial\u0103.\" \/>\n<meta property=\"og:url\" content=\"https:\/\/sonetica.md\/ro\/produs\/jts-st-5000\/\" \/>\n<meta property=\"og:site_name\" content=\"Sonetica\" \/>\n<meta property=\"article:publisher\" content=\"https:\/\/www.facebook.com\/sonetica.md\" \/>\n<meta property=\"og:image\" content=\"https:\/\/sonetica.md\/wp-content\/uploads\/2025\/10\/jts-st-5000.jpg\" \/>\n\t<meta property=\"og:image:width\" content=\"765\" \/>\n\t<meta property=\"og:image:height\" content=\"370\" \/>\n\t<meta property=\"og:image:type\" content=\"image\/jpeg\" \/>\n<meta name=\"twitter:card\" content=\"summary_large_image\" \/>\n<meta name=\"twitter:label1\" content=\"Pre\u021b\" \/>\n\t<meta name=\"twitter:data1\" content=\"1.020,00&nbsp;MDL\" \/>\n\t<meta name=\"twitter:label2\" content=\"Disponibilitate\" \/>\n\t<meta name=\"twitter:data2\" content=\"Stoc epuizat\" \/>\n<script type=\"application\/ld+json\" class=\"yoast-schema-graph\">{\"@context\":\"https:\\\/\\\/schema.org\",\"@graph\":[{\"@type\":\"WebPage\",\"@id\":\"https:\\\/\\\/sonetica.md\\\/ro\\\/produs\\\/jts-st-5000\\\/\",\"url\":\"https:\\\/\\\/sonetica.md\\\/ro\\\/produs\\\/jts-st-5000\\\/\",\"name\":\"JTS ST-5000 cump\u0103r\u0103 \u00een Moldova | Sonetica\",\"isPartOf\":{\"@id\":\"https:\\\/\\\/sonetica.md\\\/ro\\\/#website\"},\"primaryImageOfPage\":{\"@id\":\"https:\\\/\\\/sonetica.md\\\/ro\\\/produs\\\/jts-st-5000\\\/#primaryimage\"},\"image\":{\"@id\":\"https:\\\/\\\/sonetica.md\\\/ro\\\/produs\\\/jts-st-5000\\\/#primaryimage\"},\"thumbnailUrl\":\"https:\\\/\\\/sonetica.md\\\/wp-content\\\/uploads\\\/2025\\\/10\\\/jts-st-5000.jpg\",\"datePublished\":\"2025-11-07T19:48:15+00:00\",\"description\":\"Cump\u0103ra\u021bi JTS ST-5000 \u00een magazinul Sonetica. Livrare \u00een Moldova. Garan\u021bie oficial\u0103.\",\"breadcrumb\":{\"@id\":\"https:\\\/\\\/sonetica.md\\\/ro\\\/produs\\\/jts-st-5000\\\/#breadcrumb\"},\"inLanguage\":\"ro-RO\",\"potentialAction\":[{\"@type\":\"ReadAction\",\"target\":[\"https:\\\/\\\/sonetica.md\\\/ro\\\/produs\\\/jts-st-5000\\\/\"]}]},{\"@type\":\"ImageObject\",\"inLanguage\":\"ro-RO\",\"@id\":\"https:\\\/\\\/sonetica.md\\\/ro\\\/produs\\\/jts-st-5000\\\/#primaryimage\",\"url\":\"https:\\\/\\\/sonetica.md\\\/wp-content\\\/uploads\\\/2025\\\/10\\\/jts-st-5000.jpg\",\"contentUrl\":\"https:\\\/\\\/sonetica.md\\\/wp-content\\\/uploads\\\/2025\\\/10\\\/jts-st-5000.jpg\",\"width\":765,\"height\":370},{\"@type\":\"BreadcrumbList\",\"@id\":\"https:\\\/\\\/sonetica.md\\\/ro\\\/produs\\\/jts-st-5000\\\/#breadcrumb\",\"itemListElement\":[{\"@type\":\"ListItem\",\"position\":1,\"name\":\"Acas\u0103\",\"item\":\"https:\\\/\\\/sonetica.md\\\/ro\\\/\"},{\"@type\":\"ListItem\",\"position\":2,\"name\":\"Produse\",\"item\":\"https:\\\/\\\/sonetica.md\\\/ro\\\/shop\\\/\"},{\"@type\":\"ListItem\",\"position\":3,\"name\":\"Microfoane\",\"item\":\"https:\\\/\\\/sonetica.md\\\/ro\\\/product-category\\\/microfoane\\\/\"},{\"@type\":\"ListItem\",\"position\":4,\"name\":\"Microfoane Flexibile\",\"item\":\"https:\\\/\\\/sonetica.md\\\/ro\\\/product-category\\\/microfoane\\\/goosneck-microphones\\\/\"},{\"@type\":\"ListItem\",\"position\":5,\"name\":\"JTS ST-5000\"}]},{\"@type\":\"WebSite\",\"@id\":\"https:\\\/\\\/sonetica.md\\\/ro\\\/#website\",\"url\":\"https:\\\/\\\/sonetica.md\\\/ro\\\/\",\"name\":\"Sonetica\",\"description\":\"Audio Equipment and Accessories\",\"publisher\":{\"@id\":\"https:\\\/\\\/sonetica.md\\\/ro\\\/#organization\"},\"potentialAction\":[{\"@type\":\"SearchAction\",\"target\":{\"@type\":\"EntryPoint\",\"urlTemplate\":\"https:\\\/\\\/sonetica.md\\\/ro\\\/?s={search_term_string}\"},\"query-input\":{\"@type\":\"PropertyValueSpecification\",\"valueRequired\":true,\"valueName\":\"search_term_string\"}}],\"inLanguage\":\"ro-RO\"},{\"@type\":[\"Organization\",\"Place\",\"ElectronicsStore\"],\"@id\":\"https:\\\/\\\/sonetica.md\\\/ro\\\/#organization\",\"name\":\"Sonetica\",\"url\":\"https:\\\/\\\/sonetica.md\\\/ro\\\/\",\"logo\":{\"@id\":\"https:\\\/\\\/sonetica.md\\\/ro\\\/produs\\\/jts-st-5000\\\/#local-main-organization-logo\"},\"image\":{\"@id\":\"https:\\\/\\\/sonetica.md\\\/ro\\\/produs\\\/jts-st-5000\\\/#local-main-organization-logo\"},\"sameAs\":[\"https:\\\/\\\/www.facebook.com\\\/sonetica.md\"],\"legalName\":\"Sonetica SRL\",\"address\":{\"@id\":\"https:\\\/\\\/sonetica.md\\\/ro\\\/produs\\\/jts-st-5000\\\/#local-main-place-address\"},\"telephone\":[\"+373 22 274866\"],\"contactPoint\":{\"@type\":\"ContactPoint\",\"telephone\":\"(022) 27-48-66\"},\"openingHoursSpecification\":[{\"@type\":\"OpeningHoursSpecification\",\"dayOfWeek\":[\"Monday\",\"Tuesday\",\"Wednesday\",\"Thursday\",\"Friday\"],\"opens\":\"10:00\",\"closes\":\"17:00\"},{\"@type\":\"OpeningHoursSpecification\",\"dayOfWeek\":[\"Saturday\",\"Sunday\"],\"opens\":\"00:00\",\"closes\":\"00:00\"}],\"vatID\":\"0203112\",\"taxID\":\"1003600083647\",\"currenciesAccepted\":\"MDL\",\"paymentAccepted\":\"Cash, Card\"},{\"@type\":\"PostalAddress\",\"@id\":\"https:\\\/\\\/sonetica.md\\\/ro\\\/produs\\\/jts-st-5000\\\/#local-main-place-address\",\"streetAddress\":\"V. Alecsandri 30\",\"addressLocality\":\"Chisinau\",\"postalCode\":\"MD-2009\",\"addressCountry\":\"MD\"},{\"@type\":\"ImageObject\",\"inLanguage\":\"ro-RO\",\"@id\":\"https:\\\/\\\/sonetica.md\\\/ro\\\/produs\\\/jts-st-5000\\\/#local-main-organization-logo\",\"url\":\"https:\\\/\\\/sonetica.md\\\/wp-content\\\/uploads\\\/2025\\\/11\\\/sonetica_logo.png\",\"contentUrl\":\"https:\\\/\\\/sonetica.md\\\/wp-content\\\/uploads\\\/2025\\\/11\\\/sonetica_logo.png\",\"width\":453,\"height\":453,\"caption\":\"Sonetica\"}]}<\/script>\n<meta property=\"product:brand\" content=\"JTS\" \/>\n<meta property=\"product:price:amount\" content=\"1020.00\" \/>\n<meta property=\"product:price:currency\" content=\"MDL\" \/>\n<meta property=\"og:availability\" content=\"out of stock\" \/>\n<meta property=\"product:availability\" content=\"out of stock\" \/>\n<meta property=\"product:retailer_item_id\" content=\"JTS-ST5000\" \/>\n<meta property=\"product:condition\" content=\"new\" \/>\n<meta name=\"geo.placename\" content=\"Chisinau\" \/>\n<meta name=\"geo.region\" content=\"Republica Moldova\" \/>\n<!-- \/ Yoast SEO Premium plugin. -->","yoast_head_json":{"title":"JTS ST-5000 cump\u0103r\u0103 \u00een Moldova | Sonetica","description":"Cump\u0103ra\u021bi JTS ST-5000 \u00een magazinul Sonetica. Livrare \u00een Moldova. Garan\u021bie oficial\u0103.","robots":{"index":"index","follow":"follow","max-snippet":"max-snippet:-1","max-image-preview":"max-image-preview:large","max-video-preview":"max-video-preview:-1"},"canonical":"https:\/\/sonetica.md\/ro\/produs\/jts-st-5000\/","og_locale":"ro_RO","og_type":"article","og_title":"JTS ST-5000 cump\u0103r\u0103 \u00een Moldova | Sonetica","og_description":"Cump\u0103r\u0103 JTS ST-5000 din magazinul Sonetica. Livrare \u00een Moldova. Garan\u021bie oficial\u0103.","og_url":"https:\/\/sonetica.md\/ro\/produs\/jts-st-5000\/","og_site_name":"Sonetica","article_publisher":"https:\/\/www.facebook.com\/sonetica.md","og_image":[{"width":765,"height":370,"url":"https:\/\/sonetica.md\/wp-content\/uploads\/2025\/10\/jts-st-5000.jpg","type":"image\/jpeg"}],"twitter_card":"summary_large_image","twitter_misc":{"Pre\u021b":"1.020,00&nbsp;MDL","Disponibilitate":"Stoc epuizat"},"schema":{"@context":"https:\/\/schema.org","@graph":[{"@type":"WebPage","@id":"https:\/\/sonetica.md\/ro\/produs\/jts-st-5000\/","url":"https:\/\/sonetica.md\/ro\/produs\/jts-st-5000\/","name":"JTS ST-5000 cump\u0103r\u0103 \u00een Moldova | Sonetica","isPartOf":{"@id":"https:\/\/sonetica.md\/ro\/#website"},"primaryImageOfPage":{"@id":"https:\/\/sonetica.md\/ro\/produs\/jts-st-5000\/#primaryimage"},"image":{"@id":"https:\/\/sonetica.md\/ro\/produs\/jts-st-5000\/#primaryimage"},"thumbnailUrl":"https:\/\/sonetica.md\/wp-content\/uploads\/2025\/10\/jts-st-5000.jpg","datePublished":"2025-11-07T19:48:15+00:00","description":"Cump\u0103ra\u021bi JTS ST-5000 \u00een magazinul Sonetica. Livrare \u00een Moldova. Garan\u021bie oficial\u0103.","breadcrumb":{"@id":"https:\/\/sonetica.md\/ro\/produs\/jts-st-5000\/#breadcrumb"},"inLanguage":"ro-RO","potentialAction":[{"@type":"ReadAction","target":["https:\/\/sonetica.md\/ro\/produs\/jts-st-5000\/"]}]},{"@type":"ImageObject","inLanguage":"ro-RO","@id":"https:\/\/sonetica.md\/ro\/produs\/jts-st-5000\/#primaryimage","url":"https:\/\/sonetica.md\/wp-content\/uploads\/2025\/10\/jts-st-5000.jpg","contentUrl":"https:\/\/sonetica.md\/wp-content\/uploads\/2025\/10\/jts-st-5000.jpg","width":765,"height":370},{"@type":"BreadcrumbList","@id":"https:\/\/sonetica.md\/ro\/produs\/jts-st-5000\/#breadcrumb","itemListElement":[{"@type":"ListItem","position":1,"name":"Acas\u0103","item":"https:\/\/sonetica.md\/ro\/"},{"@type":"ListItem","position":2,"name":"Produse","item":"https:\/\/sonetica.md\/ro\/shop\/"},{"@type":"ListItem","position":3,"name":"Microfoane","item":"https:\/\/sonetica.md\/ro\/product-category\/microfoane\/"},{"@type":"ListItem","position":4,"name":"Microfoane Flexibile","item":"https:\/\/sonetica.md\/ro\/product-category\/microfoane\/goosneck-microphones\/"},{"@type":"ListItem","position":5,"name":"JTS ST-5000"}]},{"@type":"WebSite","@id":"https:\/\/sonetica.md\/ro\/#website","url":"https:\/\/sonetica.md\/ro\/","name":"Sonetica","description":"Audio Equipment and Accessories","publisher":{"@id":"https:\/\/sonetica.md\/ro\/#organization"},"potentialAction":[{"@type":"SearchAction","target":{"@type":"EntryPoint","urlTemplate":"https:\/\/sonetica.md\/ro\/?s={search_term_string}"},"query-input":{"@type":"PropertyValueSpecification","valueRequired":true,"valueName":"search_term_string"}}],"inLanguage":"ro-RO"},{"@type":["Organization","Place","ElectronicsStore"],"@id":"https:\/\/sonetica.md\/ro\/#organization","name":"Sonetica","url":"https:\/\/sonetica.md\/ro\/","logo":{"@id":"https:\/\/sonetica.md\/ro\/produs\/jts-st-5000\/#local-main-organization-logo"},"image":{"@id":"https:\/\/sonetica.md\/ro\/produs\/jts-st-5000\/#local-main-organization-logo"},"sameAs":["https:\/\/www.facebook.com\/sonetica.md"],"legalName":"Sonetica SRL","address":{"@id":"https:\/\/sonetica.md\/ro\/produs\/jts-st-5000\/#local-main-place-address"},"telephone":["+373 22 274866"],"contactPoint":{"@type":"ContactPoint","telephone":"(022) 27-48-66"},"openingHoursSpecification":[{"@type":"OpeningHoursSpecification","dayOfWeek":["Monday","Tuesday","Wednesday","Thursday","Friday"],"opens":"10:00","closes":"17:00"},{"@type":"OpeningHoursSpecification","dayOfWeek":["Saturday","Sunday"],"opens":"00:00","closes":"00:00"}],"vatID":"0203112","taxID":"1003600083647","currenciesAccepted":"MDL","paymentAccepted":"Cash, Card"},{"@type":"PostalAddress","@id":"https:\/\/sonetica.md\/ro\/produs\/jts-st-5000\/#local-main-place-address","streetAddress":"V. Alecsandri 30","addressLocality":"Chisinau","postalCode":"MD-2009","addressCountry":"MD"},{"@type":"ImageObject","inLanguage":"ro-RO","@id":"https:\/\/sonetica.md\/ro\/produs\/jts-st-5000\/#local-main-organization-logo","url":"https:\/\/sonetica.md\/wp-content\/uploads\/2025\/11\/sonetica_logo.png","contentUrl":"https:\/\/sonetica.md\/wp-content\/uploads\/2025\/11\/sonetica_logo.png","width":453,"height":453,"caption":"Sonetica"}]},"product_brand":"JTS","product_price_amount":"1020.00","product_price_currency":"MDL","og_availability":"out of stock","product_availability":"out of stock","product_retailer_item_id":"JTS-ST5000","product_condition":"new","geo.placename":"Chisinau","geo.region":"Republica Moldova"},"_links":{"self":[{"href":"https:\/\/sonetica.md\/ro\/wp-json\/wp\/v2\/product\/2756","targetHints":{"allow":["GET"]}}],"collection":[{"href":"https:\/\/sonetica.md\/ro\/wp-json\/wp\/v2\/product"}],"about":[{"href":"https:\/\/sonetica.md\/ro\/wp-json\/wp\/v2\/types\/product"}],"wp:featuredmedia":[{"embeddable":true,"href":"https:\/\/sonetica.md\/ro\/wp-json\/wp\/v2\/media\/3670"}],"wp:attachment":[{"href":"https:\/\/sonetica.md\/ro\/wp-json\/wp\/v2\/media?parent=2756"}],"wp:term":[{"taxonomy":"product_brand","embeddable":true,"href":"https:\/\/sonetica.md\/ro\/wp-json\/wp\/v2\/product_brand?post=2756"},{"taxonomy":"product_cat","embeddable":true,"href":"https:\/\/sonetica.md\/ro\/wp-json\/wp\/v2\/product_cat?post=2756"},{"taxonomy":"product_tag","embeddable":true,"href":"https:\/\/sonetica.md\/ro\/wp-json\/wp\/v2\/product_tag?post=2756"}],"curies":[{"name":"wp","href":"https:\/\/api.w.org\/{rel}","templated":true}]}}