{"id":2771,"date":"2025-11-07T21:48:09","date_gmt":"2025-11-07T19:48:09","guid":{"rendered":"https:\/\/sonetica.md\/?post_type=product&#038;p=2771"},"modified":"2025-11-07T21:48:09","modified_gmt":"2025-11-07T19:48:09","slug":"allen-heath-cq-12t","status":"publish","type":"product","link":"https:\/\/sonetica.md\/ro\/produs\/allen-heath-cq-12t\/","title":{"rendered":"Allen &#038; Heath CQ-12T"},"content":{"rendered":"<p>Allen &#038; Heath CQ-12T este un mixer digital ultra-compact 12in \/ 8out, cel mai mic din gama CQ, ideal pentru \u00eenregistr\u0103ri acas\u0103 \u0219i streaming, repeti\u021bii de trup\u0103, concerte mici \u0219i aplica\u021bii de voce. Dispune de sunet impecabil de 96kHz cu procesare la bord de calitate studio \u0219i o suit\u0103 optimizat\u0103 de FX.<\/p>\n<p>Specifica\u021biile includ:  * 13x Intr\u0103ri la Mix (10x Mono\/Linkable, 3x Stereo)<br \/>\n  * 10 intr\u0103ri microfon\/linie (5 XLR, 5 mufe combi XLR\/TRS) plus o intrare stereo (2 mufe TRS)<br \/>\n  * Ie\u0219iri principale LR pe XLR Balansat<br \/>\n  * 6 ie\u0219iri cu mufe TRS pentru mixuri de monitor<br \/>\n  * Ecran tactil de 7&#8243; \u0219i control rotativ<br \/>\n  * 3 SoftKeys configurabile<br \/>\n  * Intrare USB Stereo dedicat\u0103 la Mix<br \/>\n  * Intrare Bluetooth Stereo dedicat\u0103<br \/>\n  * Procesare Intrare\/Ie\u0219ire de 96kHz<br \/>\n  * 2x Motoare Multi-FX<br \/>\n  * Muf\u0103 de re\u021bea RJ45<br \/>\n  * USB-A Pentru \u00cenregistrare Audio Stereo<br \/>\n  * USB-B Pentru \u00cenregistrare\/Redare Audio Multicanal (16 canale \/ 16 canale, 48\/96 kHz, 24 de bi\u021bi)<br \/>\n  * Slot pentru Card SD pentru \u00cenregistrare\/Redare Audio Multicanal (16 canale @ 96kHz sau 48kHz)<br \/>\n  * Conexiune configurabil\u0103 pentru Footswitch Single\/Dual<br \/>\n  * Montabil \u00een Rack (Kit Op\u021bional)<br \/>\n  * Caracteristici: Quick Channels (procesare specific\u0103 instrumentului \u0219i aplica\u021biei), Gain Assistant, Feedback Assistant, AMM (Automatic Mic Mixer).<\/p>\n","protected":false},"excerpt":{"rendered":"<p>Mixer digital ultra-compact, 12 intr\u0103ri \/ 8 ie\u0219iri, 96kHz, ecran tactil de 7\u2033, 10 intr\u0103ri mic\/linie.<\/p>\n","protected":false},"featured_media":1329,"template":"","meta":{"_acf_changed":false,"_gspb_post_css":""},"product_brand":[455],"product_cat":[317],"product_tag":[],"class_list":{"0":"post-2771","1":"product","2":"type-product","3":"status-publish","4":"has-post-thumbnail","6":"product_brand-allen-heath","7":"product_cat-digital-mixers","9":"first","10":"instock","11":"taxable","12":"shipping-taxable","13":"purchasable","14":"product-type-simple"},"acf":[],"yoast_head":"<!-- This site is optimized with the Yoast SEO Premium plugin v27.2 (Yoast SEO v27.2) - https:\/\/yoast.com\/product\/yoast-seo-premium-wordpress\/ -->\n<title>Allen &amp; Heath CQ-12T cump\u0103r\u0103 \u00een Moldova | Sonetica<\/title>\n<meta name=\"description\" content=\"Cump\u0103ra\u021bi Allen &amp; Heath CQ-12T \u00een magazinul Sonetica. Livrare \u00een Moldova. Garan\u021bie oficial\u0103.\" \/>\n<meta name=\"robots\" content=\"index, follow, max-snippet:-1, max-image-preview:large, max-video-preview:-1\" \/>\n<link rel=\"canonical\" href=\"https:\/\/sonetica.md\/ro\/produs\/allen-heath-cq-12t\/\" \/>\n<meta property=\"og:locale\" content=\"ro_RO\" \/>\n<meta property=\"og:type\" content=\"article\" \/>\n<meta property=\"og:title\" content=\"Allen &amp; Heath CQ-12T cump\u0103r\u0103 \u00een Moldova | Sonetica\" \/>\n<meta property=\"og:description\" content=\"Cump\u0103r\u0103 Allen &amp; Heath CQ-12T din magazinul Sonetica. Livrare \u00een Moldova. Garan\u021bie oficial\u0103.\" \/>\n<meta property=\"og:url\" content=\"https:\/\/sonetica.md\/ro\/produs\/allen-heath-cq-12t\/\" \/>\n<meta property=\"og:site_name\" content=\"Sonetica\" \/>\n<meta property=\"article:publisher\" content=\"https:\/\/www.facebook.com\/sonetica.md\" \/>\n<meta property=\"og:image\" content=\"https:\/\/sonetica.md\/wp-content\/uploads\/2025\/10\/cq-12t.jpg\" \/>\n\t<meta property=\"og:image:width\" content=\"2048\" \/>\n\t<meta property=\"og:image:height\" content=\"1800\" \/>\n\t<meta property=\"og:image:type\" content=\"image\/jpeg\" \/>\n<meta name=\"twitter:card\" content=\"summary_large_image\" \/>\n<meta name=\"twitter:label1\" content=\"Pre\u021b\" \/>\n\t<meta name=\"twitter:data1\" content=\"16.050,00&nbsp;MDL\" \/>\n\t<meta name=\"twitter:label2\" content=\"Disponibilitate\" \/>\n\t<meta name=\"twitter:data2\" content=\"\u00cen stoc\" \/>\n<script type=\"application\/ld+json\" class=\"yoast-schema-graph\">{\"@context\":\"https:\/\/schema.org\",\"@graph\":[{\"@type\":\"WebPage\",\"@id\":\"https:\/\/sonetica.md\/ro\/produs\/allen-heath-cq-12t\/\",\"url\":\"https:\/\/sonetica.md\/ro\/produs\/allen-heath-cq-12t\/\",\"name\":\"Allen & Heath CQ-12T cump\u0103r\u0103 \u00een Moldova | Sonetica\",\"isPartOf\":{\"@id\":\"https:\/\/sonetica.md\/ro\/#website\"},\"primaryImageOfPage\":{\"@id\":\"https:\/\/sonetica.md\/ro\/produs\/allen-heath-cq-12t\/#primaryimage\"},\"image\":{\"@id\":\"https:\/\/sonetica.md\/ro\/produs\/allen-heath-cq-12t\/#primaryimage\"},\"thumbnailUrl\":\"https:\/\/sonetica.md\/wp-content\/uploads\/2025\/10\/cq-12t.jpg\",\"datePublished\":\"2025-11-07T19:48:09+00:00\",\"description\":\"Cump\u0103ra\u021bi Allen & Heath CQ-12T \u00een magazinul Sonetica. Livrare \u00een Moldova. Garan\u021bie oficial\u0103.\",\"breadcrumb\":{\"@id\":\"https:\/\/sonetica.md\/ro\/produs\/allen-heath-cq-12t\/#breadcrumb\"},\"inLanguage\":\"ro-RO\",\"potentialAction\":[{\"@type\":\"ReadAction\",\"target\":[\"https:\/\/sonetica.md\/ro\/produs\/allen-heath-cq-12t\/\"]}]},{\"@type\":\"ImageObject\",\"inLanguage\":\"ro-RO\",\"@id\":\"https:\/\/sonetica.md\/ro\/produs\/allen-heath-cq-12t\/#primaryimage\",\"url\":\"https:\/\/sonetica.md\/wp-content\/uploads\/2025\/10\/cq-12t.jpg\",\"contentUrl\":\"https:\/\/sonetica.md\/wp-content\/uploads\/2025\/10\/cq-12t.jpg\",\"width\":2048,\"height\":1800},{\"@type\":\"BreadcrumbList\",\"@id\":\"https:\/\/sonetica.md\/ro\/produs\/allen-heath-cq-12t\/#breadcrumb\",\"itemListElement\":[{\"@type\":\"ListItem\",\"position\":1,\"name\":\"Acas\u0103\",\"item\":\"https:\/\/sonetica.md\/ro\/\"},{\"@type\":\"ListItem\",\"position\":2,\"name\":\"Produse\",\"item\":\"https:\/\/sonetica.md\/ro\/shop\/\"},{\"@type\":\"ListItem\",\"position\":3,\"name\":\"Mixere\",\"item\":\"https:\/\/sonetica.md\/ro\/product-category\/mixers\/\"},{\"@type\":\"ListItem\",\"position\":4,\"name\":\"Mixere Digitale\",\"item\":\"https:\/\/sonetica.md\/ro\/product-category\/mixers\/digital-mixers\/\"},{\"@type\":\"ListItem\",\"position\":5,\"name\":\"Allen &#038; Heath CQ-12T\"}]},{\"@type\":\"WebSite\",\"@id\":\"https:\/\/sonetica.md\/ro\/#website\",\"url\":\"https:\/\/sonetica.md\/ro\/\",\"name\":\"Sonetica\",\"description\":\"Audio Equipment and Accessories\",\"publisher\":{\"@id\":\"https:\/\/sonetica.md\/ro\/#organization\"},\"potentialAction\":[{\"@type\":\"SearchAction\",\"target\":{\"@type\":\"EntryPoint\",\"urlTemplate\":\"https:\/\/sonetica.md\/ro\/?s={search_term_string}\"},\"query-input\":{\"@type\":\"PropertyValueSpecification\",\"valueRequired\":true,\"valueName\":\"search_term_string\"}}],\"inLanguage\":\"ro-RO\"},{\"@type\":[\"Organization\",\"Place\",\"ElectronicsStore\"],\"@id\":\"https:\/\/sonetica.md\/ro\/#organization\",\"name\":\"Sonetica\",\"url\":\"https:\/\/sonetica.md\/ro\/\",\"logo\":{\"@id\":\"https:\/\/sonetica.md\/ro\/produs\/allen-heath-cq-12t\/#local-main-organization-logo\"},\"image\":{\"@id\":\"https:\/\/sonetica.md\/ro\/produs\/allen-heath-cq-12t\/#local-main-organization-logo\"},\"sameAs\":[\"https:\/\/www.facebook.com\/sonetica.md\"],\"legalName\":\"Sonetica SRL\",\"address\":{\"@id\":\"https:\/\/sonetica.md\/ro\/produs\/allen-heath-cq-12t\/#local-main-place-address\"},\"telephone\":[\"+373 22 274866\"],\"contactPoint\":{\"@type\":\"ContactPoint\",\"telephone\":\"(022) 27-48-66\"},\"openingHoursSpecification\":[{\"@type\":\"OpeningHoursSpecification\",\"dayOfWeek\":[\"Monday\",\"Tuesday\",\"Wednesday\",\"Thursday\",\"Friday\"],\"opens\":\"10:00\",\"closes\":\"17:00\"},{\"@type\":\"OpeningHoursSpecification\",\"dayOfWeek\":[\"Saturday\",\"Sunday\"],\"opens\":\"00:00\",\"closes\":\"00:00\"}],\"vatID\":\"0203112\",\"taxID\":\"1003600083647\",\"currenciesAccepted\":\"MDL\",\"paymentAccepted\":\"Cash, Card\"},{\"@type\":\"PostalAddress\",\"@id\":\"https:\/\/sonetica.md\/ro\/produs\/allen-heath-cq-12t\/#local-main-place-address\",\"streetAddress\":\"V. Alecsandri 30\",\"addressLocality\":\"Chisinau\",\"postalCode\":\"MD-2009\",\"addressCountry\":\"MD\"},{\"@type\":\"ImageObject\",\"inLanguage\":\"ro-RO\",\"@id\":\"https:\/\/sonetica.md\/ro\/produs\/allen-heath-cq-12t\/#local-main-organization-logo\",\"url\":\"https:\/\/sonetica.md\/wp-content\/uploads\/2025\/11\/sonetica_logo.png\",\"contentUrl\":\"https:\/\/sonetica.md\/wp-content\/uploads\/2025\/11\/sonetica_logo.png\",\"width\":453,\"height\":453,\"caption\":\"Sonetica\"}]}<\/script>\n<meta property=\"product:brand\" content=\"Allen &amp; Heath\" \/>\n<meta property=\"product:price:amount\" content=\"16050.00\" \/>\n<meta property=\"product:price:currency\" content=\"MDL\" \/>\n<meta property=\"og:availability\" content=\"instock\" \/>\n<meta property=\"product:availability\" content=\"instock\" \/>\n<meta property=\"product:retailer_item_id\" content=\"ALLEN-HEATH-CQ12T\" \/>\n<meta property=\"product:condition\" content=\"new\" \/>\n<meta name=\"geo.placename\" content=\"Chisinau\" \/>\n<meta name=\"geo.region\" content=\"Republica Moldova\" \/>\n<!-- \/ Yoast SEO Premium plugin. -->","yoast_head_json":{"title":"Allen & Heath CQ-12T cump\u0103r\u0103 \u00een Moldova | Sonetica","description":"Cump\u0103ra\u021bi Allen & Heath CQ-12T \u00een magazinul Sonetica. Livrare \u00een Moldova. Garan\u021bie oficial\u0103.","robots":{"index":"index","follow":"follow","max-snippet":"max-snippet:-1","max-image-preview":"max-image-preview:large","max-video-preview":"max-video-preview:-1"},"canonical":"https:\/\/sonetica.md\/ro\/produs\/allen-heath-cq-12t\/","og_locale":"ro_RO","og_type":"article","og_title":"Allen & Heath CQ-12T cump\u0103r\u0103 \u00een Moldova | Sonetica","og_description":"Cump\u0103r\u0103 Allen & Heath CQ-12T din magazinul Sonetica. Livrare \u00een Moldova. Garan\u021bie oficial\u0103.","og_url":"https:\/\/sonetica.md\/ro\/produs\/allen-heath-cq-12t\/","og_site_name":"Sonetica","article_publisher":"https:\/\/www.facebook.com\/sonetica.md","og_image":[{"width":2048,"height":1800,"url":"https:\/\/sonetica.md\/wp-content\/uploads\/2025\/10\/cq-12t.jpg","type":"image\/jpeg"}],"twitter_card":"summary_large_image","twitter_misc":{"Pre\u021b":"16.050,00&nbsp;MDL","Disponibilitate":"\u00cen stoc"},"schema":{"@context":"https:\/\/schema.org","@graph":[{"@type":"WebPage","@id":"https:\/\/sonetica.md\/ro\/produs\/allen-heath-cq-12t\/","url":"https:\/\/sonetica.md\/ro\/produs\/allen-heath-cq-12t\/","name":"Allen & Heath CQ-12T cump\u0103r\u0103 \u00een Moldova | Sonetica","isPartOf":{"@id":"https:\/\/sonetica.md\/ro\/#website"},"primaryImageOfPage":{"@id":"https:\/\/sonetica.md\/ro\/produs\/allen-heath-cq-12t\/#primaryimage"},"image":{"@id":"https:\/\/sonetica.md\/ro\/produs\/allen-heath-cq-12t\/#primaryimage"},"thumbnailUrl":"https:\/\/sonetica.md\/wp-content\/uploads\/2025\/10\/cq-12t.jpg","datePublished":"2025-11-07T19:48:09+00:00","description":"Cump\u0103ra\u021bi Allen & Heath CQ-12T \u00een magazinul Sonetica. Livrare \u00een Moldova. Garan\u021bie oficial\u0103.","breadcrumb":{"@id":"https:\/\/sonetica.md\/ro\/produs\/allen-heath-cq-12t\/#breadcrumb"},"inLanguage":"ro-RO","potentialAction":[{"@type":"ReadAction","target":["https:\/\/sonetica.md\/ro\/produs\/allen-heath-cq-12t\/"]}]},{"@type":"ImageObject","inLanguage":"ro-RO","@id":"https:\/\/sonetica.md\/ro\/produs\/allen-heath-cq-12t\/#primaryimage","url":"https:\/\/sonetica.md\/wp-content\/uploads\/2025\/10\/cq-12t.jpg","contentUrl":"https:\/\/sonetica.md\/wp-content\/uploads\/2025\/10\/cq-12t.jpg","width":2048,"height":1800},{"@type":"BreadcrumbList","@id":"https:\/\/sonetica.md\/ro\/produs\/allen-heath-cq-12t\/#breadcrumb","itemListElement":[{"@type":"ListItem","position":1,"name":"Acas\u0103","item":"https:\/\/sonetica.md\/ro\/"},{"@type":"ListItem","position":2,"name":"Produse","item":"https:\/\/sonetica.md\/ro\/shop\/"},{"@type":"ListItem","position":3,"name":"Mixere","item":"https:\/\/sonetica.md\/ro\/product-category\/mixers\/"},{"@type":"ListItem","position":4,"name":"Mixere Digitale","item":"https:\/\/sonetica.md\/ro\/product-category\/mixers\/digital-mixers\/"},{"@type":"ListItem","position":5,"name":"Allen &#038; Heath CQ-12T"}]},{"@type":"WebSite","@id":"https:\/\/sonetica.md\/ro\/#website","url":"https:\/\/sonetica.md\/ro\/","name":"Sonetica","description":"Audio Equipment and Accessories","publisher":{"@id":"https:\/\/sonetica.md\/ro\/#organization"},"potentialAction":[{"@type":"SearchAction","target":{"@type":"EntryPoint","urlTemplate":"https:\/\/sonetica.md\/ro\/?s={search_term_string}"},"query-input":{"@type":"PropertyValueSpecification","valueRequired":true,"valueName":"search_term_string"}}],"inLanguage":"ro-RO"},{"@type":["Organization","Place","ElectronicsStore"],"@id":"https:\/\/sonetica.md\/ro\/#organization","name":"Sonetica","url":"https:\/\/sonetica.md\/ro\/","logo":{"@id":"https:\/\/sonetica.md\/ro\/produs\/allen-heath-cq-12t\/#local-main-organization-logo"},"image":{"@id":"https:\/\/sonetica.md\/ro\/produs\/allen-heath-cq-12t\/#local-main-organization-logo"},"sameAs":["https:\/\/www.facebook.com\/sonetica.md"],"legalName":"Sonetica SRL","address":{"@id":"https:\/\/sonetica.md\/ro\/produs\/allen-heath-cq-12t\/#local-main-place-address"},"telephone":["+373 22 274866"],"contactPoint":{"@type":"ContactPoint","telephone":"(022) 27-48-66"},"openingHoursSpecification":[{"@type":"OpeningHoursSpecification","dayOfWeek":["Monday","Tuesday","Wednesday","Thursday","Friday"],"opens":"10:00","closes":"17:00"},{"@type":"OpeningHoursSpecification","dayOfWeek":["Saturday","Sunday"],"opens":"00:00","closes":"00:00"}],"vatID":"0203112","taxID":"1003600083647","currenciesAccepted":"MDL","paymentAccepted":"Cash, Card"},{"@type":"PostalAddress","@id":"https:\/\/sonetica.md\/ro\/produs\/allen-heath-cq-12t\/#local-main-place-address","streetAddress":"V. Alecsandri 30","addressLocality":"Chisinau","postalCode":"MD-2009","addressCountry":"MD"},{"@type":"ImageObject","inLanguage":"ro-RO","@id":"https:\/\/sonetica.md\/ro\/produs\/allen-heath-cq-12t\/#local-main-organization-logo","url":"https:\/\/sonetica.md\/wp-content\/uploads\/2025\/11\/sonetica_logo.png","contentUrl":"https:\/\/sonetica.md\/wp-content\/uploads\/2025\/11\/sonetica_logo.png","width":453,"height":453,"caption":"Sonetica"}]},"product_brand":"Allen &amp; Heath","product_price_amount":"16050.00","product_price_currency":"MDL","og_availability":"instock","product_availability":"instock","product_retailer_item_id":"ALLEN-HEATH-CQ12T","product_condition":"new","geo.placename":"Chisinau","geo.region":"Republica Moldova"},"_links":{"self":[{"href":"https:\/\/sonetica.md\/ro\/wp-json\/wp\/v2\/product\/2771","targetHints":{"allow":["GET"]}}],"collection":[{"href":"https:\/\/sonetica.md\/ro\/wp-json\/wp\/v2\/product"}],"about":[{"href":"https:\/\/sonetica.md\/ro\/wp-json\/wp\/v2\/types\/product"}],"wp:featuredmedia":[{"embeddable":true,"href":"https:\/\/sonetica.md\/ro\/wp-json\/wp\/v2\/media\/1329"}],"wp:attachment":[{"href":"https:\/\/sonetica.md\/ro\/wp-json\/wp\/v2\/media?parent=2771"}],"wp:term":[{"taxonomy":"product_brand","embeddable":true,"href":"https:\/\/sonetica.md\/ro\/wp-json\/wp\/v2\/product_brand?post=2771"},{"taxonomy":"product_cat","embeddable":true,"href":"https:\/\/sonetica.md\/ro\/wp-json\/wp\/v2\/product_cat?post=2771"},{"taxonomy":"product_tag","embeddable":true,"href":"https:\/\/sonetica.md\/ro\/wp-json\/wp\/v2\/product_tag?post=2771"}],"curies":[{"name":"wp","href":"https:\/\/api.w.org\/{rel}","templated":true}]}}