{"id":2772,"date":"2025-11-07T21:48:09","date_gmt":"2025-11-07T19:48:09","guid":{"rendered":"https:\/\/sonetica.md\/?post_type=product&#038;p=2772"},"modified":"2025-11-07T21:48:09","modified_gmt":"2025-11-07T19:48:09","slug":"allen-heath-cq-18t","status":"publish","type":"product","link":"https:\/\/sonetica.md\/ro\/produs\/allen-heath-cq-18t\/","title":{"rendered":"Allen &#038; Heath CQ-18T"},"content":{"rendered":"<p>Allen &#038; Heath CQ-18T este un mixer audio digital ultra-compact cu 18 intr\u0103ri\/8 ie\u0219iri, av\u00e2nd procesare la 96kHz. Este proiectat pentru operare local\u0103 folosind ecranul s\u0103u tactil de 7 inchi \u0219i controalele fizice, sau de la distan\u021b\u0103 prin Wi-Fi dual-band \u00eencorporat, utiliz\u00e2nd aplica\u021bia gratuit\u0103 CQ MixPad. Este cel mai mare mixer desktop din gama CQ, ideal pentru trupe care concerteaz\u0103, spa\u021bii de repeti\u021bii, \u00eenregistr\u0103ri acas\u0103, streaming, aplica\u021bii de vorbire \u0219i AV corporativ.<\/p>\n<p>Func\u021biile cheie includ:  * 19x Intr\u0103ri la Mix (16 mono\/stereo conectabile, 3 stereo: ST, USB, Bluetooth)<br \/>\n  * 8x Socluri de Intrare Mic\/Linie XLR<br \/>\n  * 8x Socluri de Intrare Mic\/Linie &#8216;Combi&#8217; XLR\/Jack<br \/>\n  * Intrare USB Stereo Dedicat\u0103 la Mix<br \/>\n  * Intrare Bluetooth Stereo Dedicat\u0103 la Mix<br \/>\n  * 4x Motoare Multi-FX<br \/>\n  * Asistent de Gain pentru setarea optim\u0103 a nivelului de gain<br \/>\n  * Asistent de Feedback cu p\u00e2n\u0103 la 16 filtre pe ie\u0219ire<br \/>\n  * Mixer Microfon Automat Integrat (AMM) pe toate canalele de intrare<br \/>\n  * Canale Stereo FX Dedicate<br \/>\n  * USB-B pentru \u00eenregistrare\/redare audio multicanal (24&#215;22)<br \/>\n  * Slot Card SD pentru \u00eenregistrare\/redare audio multicanal<br \/>\n  * \u00cenregistrare\/Redare Stereo prin cheie USB<br \/>\n  * Pereche de ie\u0219iri pentru c\u0103\u0219ti care pot fi alimentate cu mixuri separate**Specifica\u021bii Tehnice (Sec\u021biunea Mixer CQ-18T):**  * **Procesare:** Procesare Intrare\/Ie\u0219ire 96kHz<br \/>\n  * **Canale:** 16 mono (conectabile stereo), 3 stereo (ST, USB, Bluetooth)<br \/>\n  * **Ie\u0219iri:** Mixuri la LR \u0219i 6 ie\u0219iri Aux<br \/>\n  * **Intr\u0103ri Mic\/Linie:** XLR echilibrat, Combi XLR\/TRS echilibrat, preamplificator complet rechemabil.<br \/>\n  * **Ie\u0219iri Principale LR:** Echilibrate, XLR.<br \/>\n  * **USB-B:** USB 2.0, conform Core Audio, ASIO\/WDM pentru Windows, 48\/96 kHz, 24 bi\u021bi.<br \/>\n      * \u00cenregistrare Multitrack: 16 canale @ 96kHz sau 24 canale @ 48kHz.<br \/>\n      * Redare Multitrack: 16 canale @ 96kHz sau 22 canale @ 48kHz.<br \/>\n  * **USB-A:** \u00cenregistrare Stereo; Redare Stereo (44.1\/48\/96 kHz, 16\/24 bi\u021bi, fi\u0219iere WAV Mono\/Stereo).<br \/>\n  * **Punct de Acces Wi-Fi:** 802.11 a\/b\/g\/n\/ac (band\u0103 dual\u0103, canal auto)<\/p>\n","protected":false},"excerpt":{"rendered":"<p>Mixer digital ultra-compact, 19 intr\u0103ri, procesare la 96kHz, WiFi \u00eencorporat.<\/p>\n","protected":false},"featured_media":1363,"template":"","meta":{"_acf_changed":false,"_gspb_post_css":""},"product_brand":[455],"product_cat":[317],"product_tag":[],"class_list":{"0":"post-2772","1":"product","2":"type-product","3":"status-publish","4":"has-post-thumbnail","6":"product_brand-allen-heath","7":"product_cat-digital-mixers","9":"first","10":"instock","11":"taxable","12":"shipping-taxable","13":"purchasable","14":"product-type-simple"},"acf":[],"yoast_head":"<!-- This site is optimized with the Yoast SEO Premium plugin v27.2 (Yoast SEO v27.2) - https:\/\/yoast.com\/product\/yoast-seo-premium-wordpress\/ -->\n<title>Allen &amp; Heath CQ-18T cump\u0103r\u0103 \u00een Moldova | Sonetica<\/title>\n<meta name=\"description\" content=\"Cump\u0103ra\u021bi Allen &amp; Heath CQ-18T \u00een magazinul Sonetica. Livrare \u00een Moldova. Garan\u021bie oficial\u0103.\" \/>\n<meta name=\"robots\" content=\"index, follow, max-snippet:-1, max-image-preview:large, max-video-preview:-1\" \/>\n<link rel=\"canonical\" href=\"https:\/\/sonetica.md\/ro\/produs\/allen-heath-cq-18t\/\" \/>\n<meta property=\"og:locale\" content=\"ro_RO\" \/>\n<meta property=\"og:type\" content=\"article\" \/>\n<meta property=\"og:title\" content=\"Allen &amp; Heath CQ-18T cump\u0103r\u0103 \u00een Moldova | Sonetica\" \/>\n<meta property=\"og:description\" content=\"Cump\u0103r\u0103 Allen &amp; Heath CQ-18T din magazinul Sonetica. Livrare \u00een Moldova. Garan\u021bie oficial\u0103.\" \/>\n<meta property=\"og:url\" content=\"https:\/\/sonetica.md\/ro\/produs\/allen-heath-cq-18t\/\" \/>\n<meta property=\"og:site_name\" content=\"Sonetica\" \/>\n<meta property=\"article:publisher\" content=\"https:\/\/www.facebook.com\/sonetica.md\" \/>\n<meta property=\"og:image\" content=\"https:\/\/sonetica.md\/wp-content\/uploads\/2025\/10\/cq-18t.webp\" \/>\n\t<meta property=\"og:image:width\" content=\"2048\" \/>\n\t<meta property=\"og:image:height\" content=\"1800\" \/>\n\t<meta property=\"og:image:type\" content=\"image\/webp\" \/>\n<meta name=\"twitter:card\" content=\"summary_large_image\" \/>\n<meta name=\"twitter:label1\" content=\"Pre\u021b\" \/>\n\t<meta name=\"twitter:data1\" content=\"20.000,00&nbsp;MDL\" \/>\n\t<meta name=\"twitter:label2\" content=\"Disponibilitate\" \/>\n\t<meta name=\"twitter:data2\" content=\"\u00cen stoc\" \/>\n<script type=\"application\/ld+json\" class=\"yoast-schema-graph\">{\"@context\":\"https:\/\/schema.org\",\"@graph\":[{\"@type\":\"WebPage\",\"@id\":\"https:\/\/sonetica.md\/ro\/produs\/allen-heath-cq-18t\/\",\"url\":\"https:\/\/sonetica.md\/ro\/produs\/allen-heath-cq-18t\/\",\"name\":\"Allen & Heath CQ-18T cump\u0103r\u0103 \u00een Moldova | Sonetica\",\"isPartOf\":{\"@id\":\"https:\/\/sonetica.md\/ro\/#website\"},\"primaryImageOfPage\":{\"@id\":\"https:\/\/sonetica.md\/ro\/produs\/allen-heath-cq-18t\/#primaryimage\"},\"image\":{\"@id\":\"https:\/\/sonetica.md\/ro\/produs\/allen-heath-cq-18t\/#primaryimage\"},\"thumbnailUrl\":\"https:\/\/sonetica.md\/wp-content\/uploads\/2025\/10\/cq-18t.webp\",\"datePublished\":\"2025-11-07T19:48:09+00:00\",\"description\":\"Cump\u0103ra\u021bi Allen & Heath CQ-18T \u00een magazinul Sonetica. Livrare \u00een Moldova. Garan\u021bie oficial\u0103.\",\"breadcrumb\":{\"@id\":\"https:\/\/sonetica.md\/ro\/produs\/allen-heath-cq-18t\/#breadcrumb\"},\"inLanguage\":\"ro-RO\",\"potentialAction\":[{\"@type\":\"ReadAction\",\"target\":[\"https:\/\/sonetica.md\/ro\/produs\/allen-heath-cq-18t\/\"]}]},{\"@type\":\"ImageObject\",\"inLanguage\":\"ro-RO\",\"@id\":\"https:\/\/sonetica.md\/ro\/produs\/allen-heath-cq-18t\/#primaryimage\",\"url\":\"https:\/\/sonetica.md\/wp-content\/uploads\/2025\/10\/cq-18t.webp\",\"contentUrl\":\"https:\/\/sonetica.md\/wp-content\/uploads\/2025\/10\/cq-18t.webp\",\"width\":2048,\"height\":1800},{\"@type\":\"BreadcrumbList\",\"@id\":\"https:\/\/sonetica.md\/ro\/produs\/allen-heath-cq-18t\/#breadcrumb\",\"itemListElement\":[{\"@type\":\"ListItem\",\"position\":1,\"name\":\"Acas\u0103\",\"item\":\"https:\/\/sonetica.md\/ro\/\"},{\"@type\":\"ListItem\",\"position\":2,\"name\":\"Produse\",\"item\":\"https:\/\/sonetica.md\/ro\/shop\/\"},{\"@type\":\"ListItem\",\"position\":3,\"name\":\"Mixere\",\"item\":\"https:\/\/sonetica.md\/ro\/product-category\/mixers\/\"},{\"@type\":\"ListItem\",\"position\":4,\"name\":\"Mixere Digitale\",\"item\":\"https:\/\/sonetica.md\/ro\/product-category\/mixers\/digital-mixers\/\"},{\"@type\":\"ListItem\",\"position\":5,\"name\":\"Allen &#038; Heath CQ-18T\"}]},{\"@type\":\"WebSite\",\"@id\":\"https:\/\/sonetica.md\/ro\/#website\",\"url\":\"https:\/\/sonetica.md\/ro\/\",\"name\":\"Sonetica\",\"description\":\"Audio Equipment and Accessories\",\"publisher\":{\"@id\":\"https:\/\/sonetica.md\/ro\/#organization\"},\"potentialAction\":[{\"@type\":\"SearchAction\",\"target\":{\"@type\":\"EntryPoint\",\"urlTemplate\":\"https:\/\/sonetica.md\/ro\/?s={search_term_string}\"},\"query-input\":{\"@type\":\"PropertyValueSpecification\",\"valueRequired\":true,\"valueName\":\"search_term_string\"}}],\"inLanguage\":\"ro-RO\"},{\"@type\":[\"Organization\",\"Place\",\"ElectronicsStore\"],\"@id\":\"https:\/\/sonetica.md\/ro\/#organization\",\"name\":\"Sonetica\",\"url\":\"https:\/\/sonetica.md\/ro\/\",\"logo\":{\"@id\":\"https:\/\/sonetica.md\/ro\/produs\/allen-heath-cq-18t\/#local-main-organization-logo\"},\"image\":{\"@id\":\"https:\/\/sonetica.md\/ro\/produs\/allen-heath-cq-18t\/#local-main-organization-logo\"},\"sameAs\":[\"https:\/\/www.facebook.com\/sonetica.md\"],\"legalName\":\"Sonetica SRL\",\"address\":{\"@id\":\"https:\/\/sonetica.md\/ro\/produs\/allen-heath-cq-18t\/#local-main-place-address\"},\"telephone\":[\"+373 22 274866\"],\"contactPoint\":{\"@type\":\"ContactPoint\",\"telephone\":\"(022) 27-48-66\"},\"openingHoursSpecification\":[{\"@type\":\"OpeningHoursSpecification\",\"dayOfWeek\":[\"Monday\",\"Tuesday\",\"Wednesday\",\"Thursday\",\"Friday\"],\"opens\":\"10:00\",\"closes\":\"17:00\"},{\"@type\":\"OpeningHoursSpecification\",\"dayOfWeek\":[\"Saturday\",\"Sunday\"],\"opens\":\"00:00\",\"closes\":\"00:00\"}],\"vatID\":\"0203112\",\"taxID\":\"1003600083647\",\"currenciesAccepted\":\"MDL\",\"paymentAccepted\":\"Cash, Card\"},{\"@type\":\"PostalAddress\",\"@id\":\"https:\/\/sonetica.md\/ro\/produs\/allen-heath-cq-18t\/#local-main-place-address\",\"streetAddress\":\"V. Alecsandri 30\",\"addressLocality\":\"Chisinau\",\"postalCode\":\"MD-2009\",\"addressCountry\":\"MD\"},{\"@type\":\"ImageObject\",\"inLanguage\":\"ro-RO\",\"@id\":\"https:\/\/sonetica.md\/ro\/produs\/allen-heath-cq-18t\/#local-main-organization-logo\",\"url\":\"https:\/\/sonetica.md\/wp-content\/uploads\/2025\/11\/sonetica_logo.png\",\"contentUrl\":\"https:\/\/sonetica.md\/wp-content\/uploads\/2025\/11\/sonetica_logo.png\",\"width\":453,\"height\":453,\"caption\":\"Sonetica\"}]}<\/script>\n<meta property=\"product:brand\" content=\"Allen &amp; Heath\" \/>\n<meta property=\"product:price:amount\" content=\"20000.00\" \/>\n<meta property=\"product:price:currency\" content=\"MDL\" \/>\n<meta property=\"og:availability\" content=\"instock\" \/>\n<meta property=\"product:availability\" content=\"instock\" \/>\n<meta property=\"product:retailer_item_id\" content=\"ALLEN-HEATH-CQ18T\" \/>\n<meta property=\"product:condition\" content=\"new\" \/>\n<meta name=\"geo.placename\" content=\"Chisinau\" \/>\n<meta name=\"geo.region\" content=\"Republica Moldova\" \/>\n<!-- \/ Yoast SEO Premium plugin. -->","yoast_head_json":{"title":"Allen & Heath CQ-18T cump\u0103r\u0103 \u00een Moldova | Sonetica","description":"Cump\u0103ra\u021bi Allen & Heath CQ-18T \u00een magazinul Sonetica. Livrare \u00een Moldova. Garan\u021bie oficial\u0103.","robots":{"index":"index","follow":"follow","max-snippet":"max-snippet:-1","max-image-preview":"max-image-preview:large","max-video-preview":"max-video-preview:-1"},"canonical":"https:\/\/sonetica.md\/ro\/produs\/allen-heath-cq-18t\/","og_locale":"ro_RO","og_type":"article","og_title":"Allen & Heath CQ-18T cump\u0103r\u0103 \u00een Moldova | Sonetica","og_description":"Cump\u0103r\u0103 Allen & Heath CQ-18T din magazinul Sonetica. Livrare \u00een Moldova. Garan\u021bie oficial\u0103.","og_url":"https:\/\/sonetica.md\/ro\/produs\/allen-heath-cq-18t\/","og_site_name":"Sonetica","article_publisher":"https:\/\/www.facebook.com\/sonetica.md","og_image":[{"width":2048,"height":1800,"url":"https:\/\/sonetica.md\/wp-content\/uploads\/2025\/10\/cq-18t.webp","type":"image\/webp"}],"twitter_card":"summary_large_image","twitter_misc":{"Pre\u021b":"20.000,00&nbsp;MDL","Disponibilitate":"\u00cen stoc"},"schema":{"@context":"https:\/\/schema.org","@graph":[{"@type":"WebPage","@id":"https:\/\/sonetica.md\/ro\/produs\/allen-heath-cq-18t\/","url":"https:\/\/sonetica.md\/ro\/produs\/allen-heath-cq-18t\/","name":"Allen & Heath CQ-18T cump\u0103r\u0103 \u00een Moldova | Sonetica","isPartOf":{"@id":"https:\/\/sonetica.md\/ro\/#website"},"primaryImageOfPage":{"@id":"https:\/\/sonetica.md\/ro\/produs\/allen-heath-cq-18t\/#primaryimage"},"image":{"@id":"https:\/\/sonetica.md\/ro\/produs\/allen-heath-cq-18t\/#primaryimage"},"thumbnailUrl":"https:\/\/sonetica.md\/wp-content\/uploads\/2025\/10\/cq-18t.webp","datePublished":"2025-11-07T19:48:09+00:00","description":"Cump\u0103ra\u021bi Allen & Heath CQ-18T \u00een magazinul Sonetica. Livrare \u00een Moldova. Garan\u021bie oficial\u0103.","breadcrumb":{"@id":"https:\/\/sonetica.md\/ro\/produs\/allen-heath-cq-18t\/#breadcrumb"},"inLanguage":"ro-RO","potentialAction":[{"@type":"ReadAction","target":["https:\/\/sonetica.md\/ro\/produs\/allen-heath-cq-18t\/"]}]},{"@type":"ImageObject","inLanguage":"ro-RO","@id":"https:\/\/sonetica.md\/ro\/produs\/allen-heath-cq-18t\/#primaryimage","url":"https:\/\/sonetica.md\/wp-content\/uploads\/2025\/10\/cq-18t.webp","contentUrl":"https:\/\/sonetica.md\/wp-content\/uploads\/2025\/10\/cq-18t.webp","width":2048,"height":1800},{"@type":"BreadcrumbList","@id":"https:\/\/sonetica.md\/ro\/produs\/allen-heath-cq-18t\/#breadcrumb","itemListElement":[{"@type":"ListItem","position":1,"name":"Acas\u0103","item":"https:\/\/sonetica.md\/ro\/"},{"@type":"ListItem","position":2,"name":"Produse","item":"https:\/\/sonetica.md\/ro\/shop\/"},{"@type":"ListItem","position":3,"name":"Mixere","item":"https:\/\/sonetica.md\/ro\/product-category\/mixers\/"},{"@type":"ListItem","position":4,"name":"Mixere Digitale","item":"https:\/\/sonetica.md\/ro\/product-category\/mixers\/digital-mixers\/"},{"@type":"ListItem","position":5,"name":"Allen &#038; Heath CQ-18T"}]},{"@type":"WebSite","@id":"https:\/\/sonetica.md\/ro\/#website","url":"https:\/\/sonetica.md\/ro\/","name":"Sonetica","description":"Audio Equipment and Accessories","publisher":{"@id":"https:\/\/sonetica.md\/ro\/#organization"},"potentialAction":[{"@type":"SearchAction","target":{"@type":"EntryPoint","urlTemplate":"https:\/\/sonetica.md\/ro\/?s={search_term_string}"},"query-input":{"@type":"PropertyValueSpecification","valueRequired":true,"valueName":"search_term_string"}}],"inLanguage":"ro-RO"},{"@type":["Organization","Place","ElectronicsStore"],"@id":"https:\/\/sonetica.md\/ro\/#organization","name":"Sonetica","url":"https:\/\/sonetica.md\/ro\/","logo":{"@id":"https:\/\/sonetica.md\/ro\/produs\/allen-heath-cq-18t\/#local-main-organization-logo"},"image":{"@id":"https:\/\/sonetica.md\/ro\/produs\/allen-heath-cq-18t\/#local-main-organization-logo"},"sameAs":["https:\/\/www.facebook.com\/sonetica.md"],"legalName":"Sonetica SRL","address":{"@id":"https:\/\/sonetica.md\/ro\/produs\/allen-heath-cq-18t\/#local-main-place-address"},"telephone":["+373 22 274866"],"contactPoint":{"@type":"ContactPoint","telephone":"(022) 27-48-66"},"openingHoursSpecification":[{"@type":"OpeningHoursSpecification","dayOfWeek":["Monday","Tuesday","Wednesday","Thursday","Friday"],"opens":"10:00","closes":"17:00"},{"@type":"OpeningHoursSpecification","dayOfWeek":["Saturday","Sunday"],"opens":"00:00","closes":"00:00"}],"vatID":"0203112","taxID":"1003600083647","currenciesAccepted":"MDL","paymentAccepted":"Cash, Card"},{"@type":"PostalAddress","@id":"https:\/\/sonetica.md\/ro\/produs\/allen-heath-cq-18t\/#local-main-place-address","streetAddress":"V. Alecsandri 30","addressLocality":"Chisinau","postalCode":"MD-2009","addressCountry":"MD"},{"@type":"ImageObject","inLanguage":"ro-RO","@id":"https:\/\/sonetica.md\/ro\/produs\/allen-heath-cq-18t\/#local-main-organization-logo","url":"https:\/\/sonetica.md\/wp-content\/uploads\/2025\/11\/sonetica_logo.png","contentUrl":"https:\/\/sonetica.md\/wp-content\/uploads\/2025\/11\/sonetica_logo.png","width":453,"height":453,"caption":"Sonetica"}]},"product_brand":"Allen &amp; Heath","product_price_amount":"20000.00","product_price_currency":"MDL","og_availability":"instock","product_availability":"instock","product_retailer_item_id":"ALLEN-HEATH-CQ18T","product_condition":"new","geo.placename":"Chisinau","geo.region":"Republica Moldova"},"_links":{"self":[{"href":"https:\/\/sonetica.md\/ro\/wp-json\/wp\/v2\/product\/2772","targetHints":{"allow":["GET"]}}],"collection":[{"href":"https:\/\/sonetica.md\/ro\/wp-json\/wp\/v2\/product"}],"about":[{"href":"https:\/\/sonetica.md\/ro\/wp-json\/wp\/v2\/types\/product"}],"wp:featuredmedia":[{"embeddable":true,"href":"https:\/\/sonetica.md\/ro\/wp-json\/wp\/v2\/media\/1363"}],"wp:attachment":[{"href":"https:\/\/sonetica.md\/ro\/wp-json\/wp\/v2\/media?parent=2772"}],"wp:term":[{"taxonomy":"product_brand","embeddable":true,"href":"https:\/\/sonetica.md\/ro\/wp-json\/wp\/v2\/product_brand?post=2772"},{"taxonomy":"product_cat","embeddable":true,"href":"https:\/\/sonetica.md\/ro\/wp-json\/wp\/v2\/product_cat?post=2772"},{"taxonomy":"product_tag","embeddable":true,"href":"https:\/\/sonetica.md\/ro\/wp-json\/wp\/v2\/product_tag?post=2772"}],"curies":[{"name":"wp","href":"https:\/\/api.w.org\/{rel}","templated":true}]}}