{"id":2848,"date":"2025-11-07T21:47:44","date_gmt":"2025-11-07T19:47:44","guid":{"rendered":"https:\/\/sonetica.md\/?post_type=product&#038;p=2848"},"modified":"2025-11-07T21:47:44","modified_gmt":"2025-11-07T19:47:44","slug":"neutrik-nl8fc","status":"publish","type":"product","link":"https:\/\/sonetica.md\/ro\/produs\/neutrik-nl8fc\/","title":{"rendered":"Neutrik NL8FC"},"content":{"rendered":"<p>Neutrik NL8FC este un conector de cablu cu 8 poli, standardul industriei pentru conexiunile de difuzoare, oferind conexiuni fiabile \u0219i robuste cu un sistem de blocare sigur. Dispune de un sistem de blocare cu clichet, detent\u0103 de tip mandrin\u0103 pentru cabluri cu un diametru de 8 p\u00e2n\u0103 la 20 mm \u0219i contacte rezistente la atingere care \u00eendeplinesc toate cerin\u021bele de siguran\u021b\u0103 (IEC, UL, CSA).<\/p>\n<p>Specifica\u021bii:  * Poli: 8<br \/>\n  * Curent nominal: 30 A rms continuu (40 A semnal audio, ciclu de func\u021bionare 50 %)<br \/>\n  * Tensiune nominal\u0103: 250 V ac<br \/>\n  * Rezisten\u021b\u0103 de contact: \u2264 3 m\u03a9 (dup\u0103 durat\u0103 de via\u021b\u0103)<br \/>\n  * Rigiditate dielectric\u0103: 4 kVcc (v\u00e2rf)<br \/>\n  * Rezisten\u021b\u0103 de izola\u021bie: > 1 G\u03a9 (dup\u0103 c\u0103ldur\u0103 umed\u0103)<br \/>\n  * Diametru exterior cablu: 8 &#8211; 20 mm<br \/>\n  * Dimensiune fir: 4 mm\u00b2 \/ 12 AWG<br \/>\n  * Cablare: Terminale cu \u0219urub<br \/>\n  * Dispozitiv de blocare: Blocare rapid\u0103 (clichet)<br \/>\n  * Durat\u0103 de via\u021b\u0103: > 5000 de cicluri de \u00eemperechere<br \/>\n  * Interval de temperatur\u0103: -30 \u00b0C la +80 \u00b0C<\/p>\n","protected":false},"excerpt":{"rendered":"<p>Conector de cablu cu 8 poli, curent continuu de 30 A.<\/p>\n","protected":false},"featured_media":1489,"template":"","meta":{"_acf_changed":false,"_gspb_post_css":""},"product_brand":[427],"product_cat":[271],"product_tag":[],"class_list":{"0":"post-2848","1":"product","2":"type-product","3":"status-publish","4":"has-post-thumbnail","6":"product_brand-neutrik","7":"product_cat-speakon-connectors","9":"first","10":"instock","11":"taxable","12":"shipping-taxable","13":"purchasable","14":"product-type-simple"},"acf":[],"yoast_head":"<!-- This site is optimized with the Yoast SEO Premium plugin v27.2 (Yoast SEO v27.2) - https:\/\/yoast.com\/product\/yoast-seo-premium-wordpress\/ -->\n<title>Neutrik NL8FC cump\u0103r\u0103 \u00een Moldova | Sonetica<\/title>\n<meta name=\"description\" content=\"Cump\u0103ra\u021bi Neutrik NL8FC \u00een magazinul Sonetica. Livrare \u00een Moldova. Garan\u021bie oficial\u0103.\" \/>\n<meta name=\"robots\" content=\"index, follow, max-snippet:-1, max-image-preview:large, max-video-preview:-1\" \/>\n<link rel=\"canonical\" href=\"https:\/\/sonetica.md\/ro\/produs\/neutrik-nl8fc\/\" \/>\n<meta property=\"og:locale\" content=\"ro_RO\" \/>\n<meta property=\"og:type\" content=\"article\" \/>\n<meta property=\"og:title\" content=\"Neutrik NL8FC cump\u0103r\u0103 \u00een Moldova | Sonetica\" \/>\n<meta property=\"og:description\" content=\"Cump\u0103r\u0103 Neutrik NL8FC din magazinul Sonetica. Livrare \u00een Moldova. Garan\u021bie oficial\u0103.\" \/>\n<meta property=\"og:url\" content=\"https:\/\/sonetica.md\/ro\/produs\/neutrik-nl8fc\/\" \/>\n<meta property=\"og:site_name\" content=\"Sonetica\" \/>\n<meta property=\"article:publisher\" content=\"https:\/\/www.facebook.com\/sonetica.md\" \/>\n<meta property=\"og:image\" content=\"https:\/\/sonetica.md\/wp-content\/uploads\/2025\/10\/neutrik-nl8fc.jpg\" \/>\n\t<meta property=\"og:image:width\" content=\"500\" \/>\n\t<meta property=\"og:image:height\" content=\"435\" \/>\n\t<meta property=\"og:image:type\" content=\"image\/jpeg\" \/>\n<meta name=\"twitter:card\" content=\"summary_large_image\" \/>\n<meta name=\"twitter:label1\" content=\"Pre\u021b\" \/>\n\t<meta name=\"twitter:data1\" content=\"208,00&nbsp;MDL\" \/>\n\t<meta name=\"twitter:label2\" content=\"Disponibilitate\" \/>\n\t<meta name=\"twitter:data2\" content=\"\u00cen stoc\" \/>\n<script type=\"application\/ld+json\" class=\"yoast-schema-graph\">{\"@context\":\"https:\/\/schema.org\",\"@graph\":[{\"@type\":\"WebPage\",\"@id\":\"https:\/\/sonetica.md\/ro\/produs\/neutrik-nl8fc\/\",\"url\":\"https:\/\/sonetica.md\/ro\/produs\/neutrik-nl8fc\/\",\"name\":\"Neutrik NL8FC cump\u0103r\u0103 \u00een Moldova | Sonetica\",\"isPartOf\":{\"@id\":\"https:\/\/sonetica.md\/ro\/#website\"},\"primaryImageOfPage\":{\"@id\":\"https:\/\/sonetica.md\/ro\/produs\/neutrik-nl8fc\/#primaryimage\"},\"image\":{\"@id\":\"https:\/\/sonetica.md\/ro\/produs\/neutrik-nl8fc\/#primaryimage\"},\"thumbnailUrl\":\"https:\/\/sonetica.md\/wp-content\/uploads\/2025\/10\/neutrik-nl8fc.jpg\",\"datePublished\":\"2025-11-07T19:47:44+00:00\",\"description\":\"Cump\u0103ra\u021bi Neutrik NL8FC \u00een magazinul Sonetica. Livrare \u00een Moldova. Garan\u021bie oficial\u0103.\",\"breadcrumb\":{\"@id\":\"https:\/\/sonetica.md\/ro\/produs\/neutrik-nl8fc\/#breadcrumb\"},\"inLanguage\":\"ro-RO\",\"potentialAction\":[{\"@type\":\"ReadAction\",\"target\":[\"https:\/\/sonetica.md\/ro\/produs\/neutrik-nl8fc\/\"]}]},{\"@type\":\"ImageObject\",\"inLanguage\":\"ro-RO\",\"@id\":\"https:\/\/sonetica.md\/ro\/produs\/neutrik-nl8fc\/#primaryimage\",\"url\":\"https:\/\/sonetica.md\/wp-content\/uploads\/2025\/10\/neutrik-nl8fc.jpg\",\"contentUrl\":\"https:\/\/sonetica.md\/wp-content\/uploads\/2025\/10\/neutrik-nl8fc.jpg\",\"width\":500,\"height\":435},{\"@type\":\"BreadcrumbList\",\"@id\":\"https:\/\/sonetica.md\/ro\/produs\/neutrik-nl8fc\/#breadcrumb\",\"itemListElement\":[{\"@type\":\"ListItem\",\"position\":1,\"name\":\"Acas\u0103\",\"item\":\"https:\/\/sonetica.md\/ro\/\"},{\"@type\":\"ListItem\",\"position\":2,\"name\":\"Produse\",\"item\":\"https:\/\/sonetica.md\/ro\/shop\/\"},{\"@type\":\"ListItem\",\"position\":3,\"name\":\"Conectori\",\"item\":\"https:\/\/sonetica.md\/ro\/product-category\/connectors\/\"},{\"@type\":\"ListItem\",\"position\":4,\"name\":\"Conectori Speakon\",\"item\":\"https:\/\/sonetica.md\/ro\/product-category\/connectors\/speakon-connectors\/\"},{\"@type\":\"ListItem\",\"position\":5,\"name\":\"Neutrik NL8FC\"}]},{\"@type\":\"WebSite\",\"@id\":\"https:\/\/sonetica.md\/ro\/#website\",\"url\":\"https:\/\/sonetica.md\/ro\/\",\"name\":\"Sonetica\",\"description\":\"Audio Equipment and Accessories\",\"publisher\":{\"@id\":\"https:\/\/sonetica.md\/ro\/#organization\"},\"potentialAction\":[{\"@type\":\"SearchAction\",\"target\":{\"@type\":\"EntryPoint\",\"urlTemplate\":\"https:\/\/sonetica.md\/ro\/?s={search_term_string}\"},\"query-input\":{\"@type\":\"PropertyValueSpecification\",\"valueRequired\":true,\"valueName\":\"search_term_string\"}}],\"inLanguage\":\"ro-RO\"},{\"@type\":[\"Organization\",\"Place\",\"ElectronicsStore\"],\"@id\":\"https:\/\/sonetica.md\/ro\/#organization\",\"name\":\"Sonetica\",\"url\":\"https:\/\/sonetica.md\/ro\/\",\"logo\":{\"@id\":\"https:\/\/sonetica.md\/ro\/produs\/neutrik-nl8fc\/#local-main-organization-logo\"},\"image\":{\"@id\":\"https:\/\/sonetica.md\/ro\/produs\/neutrik-nl8fc\/#local-main-organization-logo\"},\"sameAs\":[\"https:\/\/www.facebook.com\/sonetica.md\"],\"legalName\":\"Sonetica SRL\",\"address\":{\"@id\":\"https:\/\/sonetica.md\/ro\/produs\/neutrik-nl8fc\/#local-main-place-address\"},\"telephone\":[\"+373 22 274866\"],\"contactPoint\":{\"@type\":\"ContactPoint\",\"telephone\":\"(022) 27-48-66\"},\"openingHoursSpecification\":[{\"@type\":\"OpeningHoursSpecification\",\"dayOfWeek\":[\"Monday\",\"Tuesday\",\"Wednesday\",\"Thursday\",\"Friday\"],\"opens\":\"10:00\",\"closes\":\"17:00\"},{\"@type\":\"OpeningHoursSpecification\",\"dayOfWeek\":[\"Saturday\",\"Sunday\"],\"opens\":\"00:00\",\"closes\":\"00:00\"}],\"vatID\":\"0203112\",\"taxID\":\"1003600083647\",\"currenciesAccepted\":\"MDL\",\"paymentAccepted\":\"Cash, Card\"},{\"@type\":\"PostalAddress\",\"@id\":\"https:\/\/sonetica.md\/ro\/produs\/neutrik-nl8fc\/#local-main-place-address\",\"streetAddress\":\"V. Alecsandri 30\",\"addressLocality\":\"Chisinau\",\"postalCode\":\"MD-2009\",\"addressCountry\":\"MD\"},{\"@type\":\"ImageObject\",\"inLanguage\":\"ro-RO\",\"@id\":\"https:\/\/sonetica.md\/ro\/produs\/neutrik-nl8fc\/#local-main-organization-logo\",\"url\":\"https:\/\/sonetica.md\/wp-content\/uploads\/2025\/11\/sonetica_logo.png\",\"contentUrl\":\"https:\/\/sonetica.md\/wp-content\/uploads\/2025\/11\/sonetica_logo.png\",\"width\":453,\"height\":453,\"caption\":\"Sonetica\"}]}<\/script>\n<meta property=\"product:brand\" content=\"Neutrik\" \/>\n<meta property=\"product:price:amount\" content=\"208.00\" \/>\n<meta property=\"product:price:currency\" content=\"MDL\" \/>\n<meta property=\"og:availability\" content=\"instock\" \/>\n<meta property=\"product:availability\" content=\"instock\" \/>\n<meta property=\"product:retailer_item_id\" content=\"NEUTRIK-NL8FC\" \/>\n<meta property=\"product:condition\" content=\"new\" \/>\n<meta name=\"geo.placename\" content=\"Chisinau\" \/>\n<meta name=\"geo.region\" content=\"Republica Moldova\" \/>\n<!-- \/ Yoast SEO Premium plugin. -->","yoast_head_json":{"title":"Neutrik NL8FC cump\u0103r\u0103 \u00een Moldova | Sonetica","description":"Cump\u0103ra\u021bi Neutrik NL8FC \u00een magazinul Sonetica. Livrare \u00een Moldova. Garan\u021bie oficial\u0103.","robots":{"index":"index","follow":"follow","max-snippet":"max-snippet:-1","max-image-preview":"max-image-preview:large","max-video-preview":"max-video-preview:-1"},"canonical":"https:\/\/sonetica.md\/ro\/produs\/neutrik-nl8fc\/","og_locale":"ro_RO","og_type":"article","og_title":"Neutrik NL8FC cump\u0103r\u0103 \u00een Moldova | Sonetica","og_description":"Cump\u0103r\u0103 Neutrik NL8FC din magazinul Sonetica. Livrare \u00een Moldova. Garan\u021bie oficial\u0103.","og_url":"https:\/\/sonetica.md\/ro\/produs\/neutrik-nl8fc\/","og_site_name":"Sonetica","article_publisher":"https:\/\/www.facebook.com\/sonetica.md","og_image":[{"width":500,"height":435,"url":"https:\/\/sonetica.md\/wp-content\/uploads\/2025\/10\/neutrik-nl8fc.jpg","type":"image\/jpeg"}],"twitter_card":"summary_large_image","twitter_misc":{"Pre\u021b":"208,00&nbsp;MDL","Disponibilitate":"\u00cen stoc"},"schema":{"@context":"https:\/\/schema.org","@graph":[{"@type":"WebPage","@id":"https:\/\/sonetica.md\/ro\/produs\/neutrik-nl8fc\/","url":"https:\/\/sonetica.md\/ro\/produs\/neutrik-nl8fc\/","name":"Neutrik NL8FC cump\u0103r\u0103 \u00een Moldova | Sonetica","isPartOf":{"@id":"https:\/\/sonetica.md\/ro\/#website"},"primaryImageOfPage":{"@id":"https:\/\/sonetica.md\/ro\/produs\/neutrik-nl8fc\/#primaryimage"},"image":{"@id":"https:\/\/sonetica.md\/ro\/produs\/neutrik-nl8fc\/#primaryimage"},"thumbnailUrl":"https:\/\/sonetica.md\/wp-content\/uploads\/2025\/10\/neutrik-nl8fc.jpg","datePublished":"2025-11-07T19:47:44+00:00","description":"Cump\u0103ra\u021bi Neutrik NL8FC \u00een magazinul Sonetica. Livrare \u00een Moldova. Garan\u021bie oficial\u0103.","breadcrumb":{"@id":"https:\/\/sonetica.md\/ro\/produs\/neutrik-nl8fc\/#breadcrumb"},"inLanguage":"ro-RO","potentialAction":[{"@type":"ReadAction","target":["https:\/\/sonetica.md\/ro\/produs\/neutrik-nl8fc\/"]}]},{"@type":"ImageObject","inLanguage":"ro-RO","@id":"https:\/\/sonetica.md\/ro\/produs\/neutrik-nl8fc\/#primaryimage","url":"https:\/\/sonetica.md\/wp-content\/uploads\/2025\/10\/neutrik-nl8fc.jpg","contentUrl":"https:\/\/sonetica.md\/wp-content\/uploads\/2025\/10\/neutrik-nl8fc.jpg","width":500,"height":435},{"@type":"BreadcrumbList","@id":"https:\/\/sonetica.md\/ro\/produs\/neutrik-nl8fc\/#breadcrumb","itemListElement":[{"@type":"ListItem","position":1,"name":"Acas\u0103","item":"https:\/\/sonetica.md\/ro\/"},{"@type":"ListItem","position":2,"name":"Produse","item":"https:\/\/sonetica.md\/ro\/shop\/"},{"@type":"ListItem","position":3,"name":"Conectori","item":"https:\/\/sonetica.md\/ro\/product-category\/connectors\/"},{"@type":"ListItem","position":4,"name":"Conectori Speakon","item":"https:\/\/sonetica.md\/ro\/product-category\/connectors\/speakon-connectors\/"},{"@type":"ListItem","position":5,"name":"Neutrik NL8FC"}]},{"@type":"WebSite","@id":"https:\/\/sonetica.md\/ro\/#website","url":"https:\/\/sonetica.md\/ro\/","name":"Sonetica","description":"Audio Equipment and Accessories","publisher":{"@id":"https:\/\/sonetica.md\/ro\/#organization"},"potentialAction":[{"@type":"SearchAction","target":{"@type":"EntryPoint","urlTemplate":"https:\/\/sonetica.md\/ro\/?s={search_term_string}"},"query-input":{"@type":"PropertyValueSpecification","valueRequired":true,"valueName":"search_term_string"}}],"inLanguage":"ro-RO"},{"@type":["Organization","Place","ElectronicsStore"],"@id":"https:\/\/sonetica.md\/ro\/#organization","name":"Sonetica","url":"https:\/\/sonetica.md\/ro\/","logo":{"@id":"https:\/\/sonetica.md\/ro\/produs\/neutrik-nl8fc\/#local-main-organization-logo"},"image":{"@id":"https:\/\/sonetica.md\/ro\/produs\/neutrik-nl8fc\/#local-main-organization-logo"},"sameAs":["https:\/\/www.facebook.com\/sonetica.md"],"legalName":"Sonetica SRL","address":{"@id":"https:\/\/sonetica.md\/ro\/produs\/neutrik-nl8fc\/#local-main-place-address"},"telephone":["+373 22 274866"],"contactPoint":{"@type":"ContactPoint","telephone":"(022) 27-48-66"},"openingHoursSpecification":[{"@type":"OpeningHoursSpecification","dayOfWeek":["Monday","Tuesday","Wednesday","Thursday","Friday"],"opens":"10:00","closes":"17:00"},{"@type":"OpeningHoursSpecification","dayOfWeek":["Saturday","Sunday"],"opens":"00:00","closes":"00:00"}],"vatID":"0203112","taxID":"1003600083647","currenciesAccepted":"MDL","paymentAccepted":"Cash, Card"},{"@type":"PostalAddress","@id":"https:\/\/sonetica.md\/ro\/produs\/neutrik-nl8fc\/#local-main-place-address","streetAddress":"V. Alecsandri 30","addressLocality":"Chisinau","postalCode":"MD-2009","addressCountry":"MD"},{"@type":"ImageObject","inLanguage":"ro-RO","@id":"https:\/\/sonetica.md\/ro\/produs\/neutrik-nl8fc\/#local-main-organization-logo","url":"https:\/\/sonetica.md\/wp-content\/uploads\/2025\/11\/sonetica_logo.png","contentUrl":"https:\/\/sonetica.md\/wp-content\/uploads\/2025\/11\/sonetica_logo.png","width":453,"height":453,"caption":"Sonetica"}]},"product_brand":"Neutrik","product_price_amount":"208.00","product_price_currency":"MDL","og_availability":"instock","product_availability":"instock","product_retailer_item_id":"NEUTRIK-NL8FC","product_condition":"new","geo.placename":"Chisinau","geo.region":"Republica Moldova"},"_links":{"self":[{"href":"https:\/\/sonetica.md\/ro\/wp-json\/wp\/v2\/product\/2848","targetHints":{"allow":["GET"]}}],"collection":[{"href":"https:\/\/sonetica.md\/ro\/wp-json\/wp\/v2\/product"}],"about":[{"href":"https:\/\/sonetica.md\/ro\/wp-json\/wp\/v2\/types\/product"}],"wp:featuredmedia":[{"embeddable":true,"href":"https:\/\/sonetica.md\/ro\/wp-json\/wp\/v2\/media\/1489"}],"wp:attachment":[{"href":"https:\/\/sonetica.md\/ro\/wp-json\/wp\/v2\/media?parent=2848"}],"wp:term":[{"taxonomy":"product_brand","embeddable":true,"href":"https:\/\/sonetica.md\/ro\/wp-json\/wp\/v2\/product_brand?post=2848"},{"taxonomy":"product_cat","embeddable":true,"href":"https:\/\/sonetica.md\/ro\/wp-json\/wp\/v2\/product_cat?post=2848"},{"taxonomy":"product_tag","embeddable":true,"href":"https:\/\/sonetica.md\/ro\/wp-json\/wp\/v2\/product_tag?post=2848"}],"curies":[{"name":"wp","href":"https:\/\/api.w.org\/{rel}","templated":true}]}}