{"id":2876,"date":"2025-11-07T21:47:35","date_gmt":"2025-11-07T19:47:35","guid":{"rendered":"https:\/\/sonetica.md\/?post_type=product&#038;p=2876"},"modified":"2025-11-07T21:47:35","modified_gmt":"2025-11-07T19:47:35","slug":"sanway-dp26","status":"publish","type":"product","link":"https:\/\/sonetica.md\/ro\/produs\/sanway-dp26\/","title":{"rendered":"Sanway DP26"},"content":{"rendered":"<p>Sanway DP26 este un procesor de management al difuzoarelor de sunet 2-intr\u0103ri \u0219i 6-ie\u0219iri.<\/p>\n<p>Caracteristici cheie:  * Frecven\u021b\u0103 de e\u0219antionare de 96kHz, convertor A\/D \u0219i D\/A pe 24 de bi\u021bi, procesor de sunet digital DSP pe 32 de bi\u021bi.<br \/>\n  * Porturi COM USB \u0219i RS 485 \u00eencorporate.<br \/>\n  * Func\u021bii Program, Reapelare, Copiere, Salvare \u0219i Parol\u0103.<br \/>\n  * EQ parametric cu 6 benzi pe canalul de intrare (Frecven\u021b\u0103: 20Hz~20KHz; C\u00e2\u0219tig: -20 dB~+20 dB; L\u0103\u021bime de band\u0103: 0.05oct~3oct).<br \/>\n  * Control independent al \u00eent\u00e2rzierii (Delay), Polarit\u0103\u021bii \u0219i Func\u021biei Mute pentru fiecare canal de intrare \u0219i ie\u0219ire.<br \/>\n  * Func\u021bionalitate Crossover pentru fiecare canal de ie\u0219ire (LPF \u0219i HPF) cu parametri ajustabili, incluz\u00e2nd tipuri de filtre (Linkwitz-Riley, Bessel, Butterworth) \u0219i Pante (12dB\/oct, 18dB\/oct, 24dB\/oct, 48dB\/oct).<br \/>\n  * Limitator cu parametri ajustabili pe fiecare canal de ie\u0219ire (Valoare prag: -20dBu~+20dBu).Specifica\u021bii:  * Afi\u0219aj: LCD 2*24, 8-LED nivel intrare\/ie\u0219ire (poate afi\u0219a modul Mute \u0219i Editare).<br \/>\n  * Impedan\u021b\u0103 de Intrare (Echilibrat\u0103): 20K\u03a9<br \/>\n  * Impedan\u021b\u0103 de Ie\u0219ire (Echilibrat\u0103): 100\u03a9<br \/>\n  * Nivel de Intrare: \u2264+25dBu<br \/>\n  * R\u0103spuns \u00een Frecven\u021b\u0103: 20Hz~20KHz \u00b10.5dB<br \/>\n  * S\/N R: >110dB<br \/>\n  * THD: <0.01% @IE\u0218IRE=0dBu\/1KHz\n  * Diafonie Canale: >80dB@1KHz<br \/>\n  * CMRR: >70dB@1KHz<br \/>\n  * Interval C\u00e2\u0219tig Ie\u0219ire: -12dB~+12dB (pas: 0.1dB)<br \/>\n  * Interval \u00cent\u00e2rziere: 0~1000mS<br \/>\n  * Putere: \u226425W<br \/>\n  * Surs\u0103 de Alimentare: AC 110V\/220V 50Hz\/60Hz<br \/>\n  * Dimensiune (L\u00d7W\u00d7H): 482\u00d7232\u00d744mm<br \/>\n  * Greutate Brut\u0103: 5.0kg<\/p>\n","protected":false},"excerpt":{"rendered":"<p>Procesor audio digital profesional: 2-intr\u0103ri\/6-ie\u0219iri, 96KHz, DSP cu virgul\u0103 mobil\u0103 pe 32 de bi\u021bi.<\/p>\n","protected":false},"featured_media":1533,"template":"","meta":{"_acf_changed":false,"_gspb_post_css":""},"product_brand":[439],"product_cat":[135],"product_tag":[],"class_list":{"0":"post-2876","1":"product","2":"type-product","3":"status-publish","4":"has-post-thumbnail","6":"product_brand-sanway","7":"product_cat-sound-processing","9":"first","10":"instock","11":"taxable","12":"shipping-taxable","13":"purchasable","14":"product-type-simple"},"acf":[],"yoast_head":"<!-- This site is optimized with the Yoast SEO Premium plugin v27.2 (Yoast SEO v27.2) - https:\/\/yoast.com\/product\/yoast-seo-premium-wordpress\/ -->\n<title>Sanway DP26 cump\u0103r\u0103 \u00een Moldova | Sonetica<\/title>\n<meta name=\"description\" content=\"Cump\u0103ra\u021bi Sanway DP26 \u00een magazinul Sonetica. Livrare \u00een Moldova. Garan\u021bie oficial\u0103.\" \/>\n<meta name=\"robots\" content=\"index, follow, max-snippet:-1, max-image-preview:large, max-video-preview:-1\" \/>\n<link rel=\"canonical\" href=\"https:\/\/sonetica.md\/ro\/produs\/sanway-dp26\/\" \/>\n<meta property=\"og:locale\" content=\"ro_RO\" \/>\n<meta property=\"og:type\" content=\"article\" \/>\n<meta property=\"og:title\" content=\"Sanway DP26 cump\u0103r\u0103 \u00een Moldova | Sonetica\" \/>\n<meta property=\"og:description\" content=\"Cump\u0103r\u0103 Sanway DP26 din magazinul Sonetica. Livrare \u00een Moldova. Garan\u021bie oficial\u0103.\" \/>\n<meta property=\"og:url\" content=\"https:\/\/sonetica.md\/ro\/produs\/sanway-dp26\/\" \/>\n<meta property=\"og:site_name\" content=\"Sonetica\" \/>\n<meta property=\"article:publisher\" content=\"https:\/\/www.facebook.com\/sonetica.md\" \/>\n<meta property=\"og:image\" content=\"https:\/\/sonetica.md\/wp-content\/uploads\/2025\/10\/dp26.jpg\" \/>\n\t<meta property=\"og:image:width\" content=\"1102\" \/>\n\t<meta property=\"og:image:height\" content=\"511\" \/>\n\t<meta property=\"og:image:type\" content=\"image\/jpeg\" \/>\n<meta name=\"twitter:card\" content=\"summary_large_image\" \/>\n<meta name=\"twitter:label1\" content=\"Pre\u021b\" \/>\n\t<meta name=\"twitter:data1\" content=\"9.200,00&nbsp;MDL\" \/>\n\t<meta name=\"twitter:label2\" content=\"Disponibilitate\" \/>\n\t<meta name=\"twitter:data2\" content=\"\u00cen stoc\" \/>\n<script type=\"application\/ld+json\" class=\"yoast-schema-graph\">{\"@context\":\"https:\/\/schema.org\",\"@graph\":[{\"@type\":\"WebPage\",\"@id\":\"https:\/\/sonetica.md\/ro\/produs\/sanway-dp26\/\",\"url\":\"https:\/\/sonetica.md\/ro\/produs\/sanway-dp26\/\",\"name\":\"Sanway DP26 cump\u0103r\u0103 \u00een Moldova | Sonetica\",\"isPartOf\":{\"@id\":\"https:\/\/sonetica.md\/ro\/#website\"},\"primaryImageOfPage\":{\"@id\":\"https:\/\/sonetica.md\/ro\/produs\/sanway-dp26\/#primaryimage\"},\"image\":{\"@id\":\"https:\/\/sonetica.md\/ro\/produs\/sanway-dp26\/#primaryimage\"},\"thumbnailUrl\":\"https:\/\/sonetica.md\/wp-content\/uploads\/2025\/10\/dp26.jpg\",\"datePublished\":\"2025-11-07T19:47:35+00:00\",\"description\":\"Cump\u0103ra\u021bi Sanway DP26 \u00een magazinul Sonetica. Livrare \u00een Moldova. Garan\u021bie oficial\u0103.\",\"breadcrumb\":{\"@id\":\"https:\/\/sonetica.md\/ro\/produs\/sanway-dp26\/#breadcrumb\"},\"inLanguage\":\"ro-RO\",\"potentialAction\":[{\"@type\":\"ReadAction\",\"target\":[\"https:\/\/sonetica.md\/ro\/produs\/sanway-dp26\/\"]}]},{\"@type\":\"ImageObject\",\"inLanguage\":\"ro-RO\",\"@id\":\"https:\/\/sonetica.md\/ro\/produs\/sanway-dp26\/#primaryimage\",\"url\":\"https:\/\/sonetica.md\/wp-content\/uploads\/2025\/10\/dp26.jpg\",\"contentUrl\":\"https:\/\/sonetica.md\/wp-content\/uploads\/2025\/10\/dp26.jpg\",\"width\":1102,\"height\":511},{\"@type\":\"BreadcrumbList\",\"@id\":\"https:\/\/sonetica.md\/ro\/produs\/sanway-dp26\/#breadcrumb\",\"itemListElement\":[{\"@type\":\"ListItem\",\"position\":1,\"name\":\"Acas\u0103\",\"item\":\"https:\/\/sonetica.md\/ro\/\"},{\"@type\":\"ListItem\",\"position\":2,\"name\":\"Produse\",\"item\":\"https:\/\/sonetica.md\/ro\/shop\/\"},{\"@type\":\"ListItem\",\"position\":3,\"name\":\"Procesarea sunetului\",\"item\":\"https:\/\/sonetica.md\/ro\/product-category\/sound-processing\/\"},{\"@type\":\"ListItem\",\"position\":4,\"name\":\"Sanway DP26\"}]},{\"@type\":\"WebSite\",\"@id\":\"https:\/\/sonetica.md\/ro\/#website\",\"url\":\"https:\/\/sonetica.md\/ro\/\",\"name\":\"Sonetica\",\"description\":\"Audio Equipment and Accessories\",\"publisher\":{\"@id\":\"https:\/\/sonetica.md\/ro\/#organization\"},\"potentialAction\":[{\"@type\":\"SearchAction\",\"target\":{\"@type\":\"EntryPoint\",\"urlTemplate\":\"https:\/\/sonetica.md\/ro\/?s={search_term_string}\"},\"query-input\":{\"@type\":\"PropertyValueSpecification\",\"valueRequired\":true,\"valueName\":\"search_term_string\"}}],\"inLanguage\":\"ro-RO\"},{\"@type\":[\"Organization\",\"Place\",\"ElectronicsStore\"],\"@id\":\"https:\/\/sonetica.md\/ro\/#organization\",\"name\":\"Sonetica\",\"url\":\"https:\/\/sonetica.md\/ro\/\",\"logo\":{\"@id\":\"https:\/\/sonetica.md\/ro\/produs\/sanway-dp26\/#local-main-organization-logo\"},\"image\":{\"@id\":\"https:\/\/sonetica.md\/ro\/produs\/sanway-dp26\/#local-main-organization-logo\"},\"sameAs\":[\"https:\/\/www.facebook.com\/sonetica.md\"],\"legalName\":\"Sonetica SRL\",\"address\":{\"@id\":\"https:\/\/sonetica.md\/ro\/produs\/sanway-dp26\/#local-main-place-address\"},\"telephone\":[\"+373 22 274866\"],\"contactPoint\":{\"@type\":\"ContactPoint\",\"telephone\":\"(022) 27-48-66\"},\"openingHoursSpecification\":[{\"@type\":\"OpeningHoursSpecification\",\"dayOfWeek\":[\"Monday\",\"Tuesday\",\"Wednesday\",\"Thursday\",\"Friday\"],\"opens\":\"10:00\",\"closes\":\"17:00\"},{\"@type\":\"OpeningHoursSpecification\",\"dayOfWeek\":[\"Saturday\",\"Sunday\"],\"opens\":\"00:00\",\"closes\":\"00:00\"}],\"vatID\":\"0203112\",\"taxID\":\"1003600083647\",\"currenciesAccepted\":\"MDL\",\"paymentAccepted\":\"Cash, Card\"},{\"@type\":\"PostalAddress\",\"@id\":\"https:\/\/sonetica.md\/ro\/produs\/sanway-dp26\/#local-main-place-address\",\"streetAddress\":\"V. Alecsandri 30\",\"addressLocality\":\"Chisinau\",\"postalCode\":\"MD-2009\",\"addressCountry\":\"MD\"},{\"@type\":\"ImageObject\",\"inLanguage\":\"ro-RO\",\"@id\":\"https:\/\/sonetica.md\/ro\/produs\/sanway-dp26\/#local-main-organization-logo\",\"url\":\"https:\/\/sonetica.md\/wp-content\/uploads\/2025\/11\/sonetica_logo.png\",\"contentUrl\":\"https:\/\/sonetica.md\/wp-content\/uploads\/2025\/11\/sonetica_logo.png\",\"width\":453,\"height\":453,\"caption\":\"Sonetica\"}]}<\/script>\n<meta property=\"product:brand\" content=\"Sanway\" \/>\n<meta property=\"product:price:amount\" content=\"9200.00\" \/>\n<meta property=\"product:price:currency\" content=\"MDL\" \/>\n<meta property=\"og:availability\" content=\"instock\" \/>\n<meta property=\"product:availability\" content=\"instock\" \/>\n<meta property=\"product:retailer_item_id\" content=\"SANWAY-DP26\" \/>\n<meta property=\"product:condition\" content=\"new\" \/>\n<meta name=\"geo.placename\" content=\"Chisinau\" \/>\n<meta name=\"geo.region\" content=\"Republica Moldova\" \/>\n<!-- \/ Yoast SEO Premium plugin. -->","yoast_head_json":{"title":"Sanway DP26 cump\u0103r\u0103 \u00een Moldova | Sonetica","description":"Cump\u0103ra\u021bi Sanway DP26 \u00een magazinul Sonetica. Livrare \u00een Moldova. Garan\u021bie oficial\u0103.","robots":{"index":"index","follow":"follow","max-snippet":"max-snippet:-1","max-image-preview":"max-image-preview:large","max-video-preview":"max-video-preview:-1"},"canonical":"https:\/\/sonetica.md\/ro\/produs\/sanway-dp26\/","og_locale":"ro_RO","og_type":"article","og_title":"Sanway DP26 cump\u0103r\u0103 \u00een Moldova | Sonetica","og_description":"Cump\u0103r\u0103 Sanway DP26 din magazinul Sonetica. Livrare \u00een Moldova. Garan\u021bie oficial\u0103.","og_url":"https:\/\/sonetica.md\/ro\/produs\/sanway-dp26\/","og_site_name":"Sonetica","article_publisher":"https:\/\/www.facebook.com\/sonetica.md","og_image":[{"width":1102,"height":511,"url":"https:\/\/sonetica.md\/wp-content\/uploads\/2025\/10\/dp26.jpg","type":"image\/jpeg"}],"twitter_card":"summary_large_image","twitter_misc":{"Pre\u021b":"9.200,00&nbsp;MDL","Disponibilitate":"\u00cen stoc"},"schema":{"@context":"https:\/\/schema.org","@graph":[{"@type":"WebPage","@id":"https:\/\/sonetica.md\/ro\/produs\/sanway-dp26\/","url":"https:\/\/sonetica.md\/ro\/produs\/sanway-dp26\/","name":"Sanway DP26 cump\u0103r\u0103 \u00een Moldova | Sonetica","isPartOf":{"@id":"https:\/\/sonetica.md\/ro\/#website"},"primaryImageOfPage":{"@id":"https:\/\/sonetica.md\/ro\/produs\/sanway-dp26\/#primaryimage"},"image":{"@id":"https:\/\/sonetica.md\/ro\/produs\/sanway-dp26\/#primaryimage"},"thumbnailUrl":"https:\/\/sonetica.md\/wp-content\/uploads\/2025\/10\/dp26.jpg","datePublished":"2025-11-07T19:47:35+00:00","description":"Cump\u0103ra\u021bi Sanway DP26 \u00een magazinul Sonetica. Livrare \u00een Moldova. Garan\u021bie oficial\u0103.","breadcrumb":{"@id":"https:\/\/sonetica.md\/ro\/produs\/sanway-dp26\/#breadcrumb"},"inLanguage":"ro-RO","potentialAction":[{"@type":"ReadAction","target":["https:\/\/sonetica.md\/ro\/produs\/sanway-dp26\/"]}]},{"@type":"ImageObject","inLanguage":"ro-RO","@id":"https:\/\/sonetica.md\/ro\/produs\/sanway-dp26\/#primaryimage","url":"https:\/\/sonetica.md\/wp-content\/uploads\/2025\/10\/dp26.jpg","contentUrl":"https:\/\/sonetica.md\/wp-content\/uploads\/2025\/10\/dp26.jpg","width":1102,"height":511},{"@type":"BreadcrumbList","@id":"https:\/\/sonetica.md\/ro\/produs\/sanway-dp26\/#breadcrumb","itemListElement":[{"@type":"ListItem","position":1,"name":"Acas\u0103","item":"https:\/\/sonetica.md\/ro\/"},{"@type":"ListItem","position":2,"name":"Produse","item":"https:\/\/sonetica.md\/ro\/shop\/"},{"@type":"ListItem","position":3,"name":"Procesarea sunetului","item":"https:\/\/sonetica.md\/ro\/product-category\/sound-processing\/"},{"@type":"ListItem","position":4,"name":"Sanway DP26"}]},{"@type":"WebSite","@id":"https:\/\/sonetica.md\/ro\/#website","url":"https:\/\/sonetica.md\/ro\/","name":"Sonetica","description":"Audio Equipment and Accessories","publisher":{"@id":"https:\/\/sonetica.md\/ro\/#organization"},"potentialAction":[{"@type":"SearchAction","target":{"@type":"EntryPoint","urlTemplate":"https:\/\/sonetica.md\/ro\/?s={search_term_string}"},"query-input":{"@type":"PropertyValueSpecification","valueRequired":true,"valueName":"search_term_string"}}],"inLanguage":"ro-RO"},{"@type":["Organization","Place","ElectronicsStore"],"@id":"https:\/\/sonetica.md\/ro\/#organization","name":"Sonetica","url":"https:\/\/sonetica.md\/ro\/","logo":{"@id":"https:\/\/sonetica.md\/ro\/produs\/sanway-dp26\/#local-main-organization-logo"},"image":{"@id":"https:\/\/sonetica.md\/ro\/produs\/sanway-dp26\/#local-main-organization-logo"},"sameAs":["https:\/\/www.facebook.com\/sonetica.md"],"legalName":"Sonetica SRL","address":{"@id":"https:\/\/sonetica.md\/ro\/produs\/sanway-dp26\/#local-main-place-address"},"telephone":["+373 22 274866"],"contactPoint":{"@type":"ContactPoint","telephone":"(022) 27-48-66"},"openingHoursSpecification":[{"@type":"OpeningHoursSpecification","dayOfWeek":["Monday","Tuesday","Wednesday","Thursday","Friday"],"opens":"10:00","closes":"17:00"},{"@type":"OpeningHoursSpecification","dayOfWeek":["Saturday","Sunday"],"opens":"00:00","closes":"00:00"}],"vatID":"0203112","taxID":"1003600083647","currenciesAccepted":"MDL","paymentAccepted":"Cash, Card"},{"@type":"PostalAddress","@id":"https:\/\/sonetica.md\/ro\/produs\/sanway-dp26\/#local-main-place-address","streetAddress":"V. Alecsandri 30","addressLocality":"Chisinau","postalCode":"MD-2009","addressCountry":"MD"},{"@type":"ImageObject","inLanguage":"ro-RO","@id":"https:\/\/sonetica.md\/ro\/produs\/sanway-dp26\/#local-main-organization-logo","url":"https:\/\/sonetica.md\/wp-content\/uploads\/2025\/11\/sonetica_logo.png","contentUrl":"https:\/\/sonetica.md\/wp-content\/uploads\/2025\/11\/sonetica_logo.png","width":453,"height":453,"caption":"Sonetica"}]},"product_brand":"Sanway","product_price_amount":"9200.00","product_price_currency":"MDL","og_availability":"instock","product_availability":"instock","product_retailer_item_id":"SANWAY-DP26","product_condition":"new","geo.placename":"Chisinau","geo.region":"Republica Moldova"},"_links":{"self":[{"href":"https:\/\/sonetica.md\/ro\/wp-json\/wp\/v2\/product\/2876","targetHints":{"allow":["GET"]}}],"collection":[{"href":"https:\/\/sonetica.md\/ro\/wp-json\/wp\/v2\/product"}],"about":[{"href":"https:\/\/sonetica.md\/ro\/wp-json\/wp\/v2\/types\/product"}],"wp:featuredmedia":[{"embeddable":true,"href":"https:\/\/sonetica.md\/ro\/wp-json\/wp\/v2\/media\/1533"}],"wp:attachment":[{"href":"https:\/\/sonetica.md\/ro\/wp-json\/wp\/v2\/media?parent=2876"}],"wp:term":[{"taxonomy":"product_brand","embeddable":true,"href":"https:\/\/sonetica.md\/ro\/wp-json\/wp\/v2\/product_brand?post=2876"},{"taxonomy":"product_cat","embeddable":true,"href":"https:\/\/sonetica.md\/ro\/wp-json\/wp\/v2\/product_cat?post=2876"},{"taxonomy":"product_tag","embeddable":true,"href":"https:\/\/sonetica.md\/ro\/wp-json\/wp\/v2\/product_tag?post=2876"}],"curies":[{"name":"wp","href":"https:\/\/api.w.org\/{rel}","templated":true}]}}