{"id":2916,"date":"2025-11-07T21:47:25","date_gmt":"2025-11-07T19:47:25","guid":{"rendered":"https:\/\/sonetica.md\/?post_type=product&#038;p=2916"},"modified":"2025-11-07T21:47:25","modified_gmt":"2025-11-07T19:47:25","slug":"hercules-ds571bb","status":"publish","type":"product","link":"https:\/\/sonetica.md\/ro\/produs\/hercules-ds571bb\/","title":{"rendered":"Hercules DS571BB"},"content":{"rendered":"<p>Suportul de vioar\u0103\/viol\u0103 HERCULES DS571BB dispune de sistemul de prindere Auto Grip System (AGS) care protejeaz\u0103 instrumentul \u0219i este suficient de compact pentru a fi transportat cu u\u0219urin\u021b\u0103. Este inclus\u0103 o geant\u0103 de depozitare, realizat\u0103 din materiale ecologice. \u021aes\u0103turile ne\u021besute utilizate sunt reciclabile, ajut\u00e2nd la conservarea resurselor naturale. Sistemul \u00eencorporat Auto Grip System blocheaz\u0103 instrumentul \u00een siguran\u021b\u0103, \u0219i include un suport deta\u0219abil pentru sac\u00e2z\/utilit\u0103\u021bi. C\u0103ptu\u0219eala din spum\u0103 special formulat\u0103 protejeaz\u0103 instrumentul complet la toate punctele de contact.<\/p>\n<p>Specifica\u021bii:<br \/>\n\u00cen\u0103l\u021bime: 420 mm &#8211; 670 mm (16.5&#8243; &#8211; 26.4&#8243;)<br \/>\nGreutate: 0.59 kg (1.3 lbs.)<br \/>\nRaza bazei: 250 mm (9.8&#8243;)<br \/>\nDimensiune pliat\u0103: 99 mm x 84 mm x 475 mm (3.9&#8243; x 3.3&#8243; x 18.7&#8243;)<br \/>\nCapacitate de \u00eenc\u0103rcare: 11 lbs.<\/p>\n","protected":false},"excerpt":{"rendered":"<p>Stand pentru vioar\u0103\/viol\u0103 cu \u00een\u0103l\u021bimea de 670 mm, greutatea de 0,59 kg, raza bazei de 250 mm, dimensiunea pliat\u0103 de 475 mm.<\/p>\n","protected":false},"featured_media":3354,"template":"","meta":{"_acf_changed":false,"_gspb_post_css":""},"product_brand":[463],"product_cat":[351],"product_tag":[],"class_list":{"0":"post-2916","1":"product","2":"type-product","3":"status-publish","4":"has-post-thumbnail","6":"product_brand-hercules","7":"product_cat-strings-instrument-stands","9":"first","10":"outofstock","11":"taxable","12":"shipping-taxable","13":"purchasable","14":"product-type-simple"},"acf":[],"yoast_head":"<!-- This site is optimized with the Yoast SEO Premium plugin v27.4 (Yoast SEO v27.4) - https:\/\/yoast.com\/product\/yoast-seo-premium-wordpress\/ -->\n<title>Hercules DS571BB cump\u0103r\u0103 \u00een Moldova | Sonetica<\/title>\n<meta name=\"description\" content=\"Cump\u0103ra\u021bi Hercules DS571BB \u00een magazinul Sonetica. Livrare \u00een Moldova. Garan\u021bie oficial\u0103.\" \/>\n<meta name=\"robots\" content=\"index, follow, max-snippet:-1, max-image-preview:large, max-video-preview:-1\" \/>\n<link rel=\"canonical\" href=\"https:\/\/sonetica.md\/ro\/produs\/hercules-ds571bb\/\" \/>\n<meta property=\"og:locale\" content=\"ro_RO\" \/>\n<meta property=\"og:type\" content=\"article\" \/>\n<meta property=\"og:title\" content=\"Hercules DS571BB cump\u0103r\u0103 \u00een Moldova | Sonetica\" \/>\n<meta property=\"og:description\" content=\"Cump\u0103r\u0103 Hercules DS571BB din magazinul Sonetica. Livrare \u00een Moldova. Garan\u021bie oficial\u0103.\" \/>\n<meta property=\"og:url\" content=\"https:\/\/sonetica.md\/ro\/produs\/hercules-ds571bb\/\" \/>\n<meta property=\"og:site_name\" content=\"Sonetica\" \/>\n<meta property=\"article:publisher\" content=\"https:\/\/www.facebook.com\/sonetica.md\" \/>\n<meta property=\"og:image\" content=\"https:\/\/sonetica.md\/wp-content\/uploads\/2025\/10\/hercules-ds571bb.jpg\" \/>\n\t<meta property=\"og:image:width\" content=\"230\" \/>\n\t<meta property=\"og:image:height\" content=\"400\" \/>\n\t<meta property=\"og:image:type\" content=\"image\/jpeg\" \/>\n<meta name=\"twitter:card\" content=\"summary_large_image\" \/>\n<meta name=\"twitter:label1\" content=\"Pre\u021b\" \/>\n\t<meta name=\"twitter:data1\" content=\"546,00&nbsp;MDL\" \/>\n\t<meta name=\"twitter:label2\" content=\"Disponibilitate\" \/>\n\t<meta name=\"twitter:data2\" content=\"Stoc epuizat\" \/>\n<script type=\"application\/ld+json\" class=\"yoast-schema-graph\">{\"@context\":\"https:\\\/\\\/schema.org\",\"@graph\":[{\"@type\":\"WebPage\",\"@id\":\"https:\\\/\\\/sonetica.md\\\/ro\\\/produs\\\/hercules-ds571bb\\\/\",\"url\":\"https:\\\/\\\/sonetica.md\\\/ro\\\/produs\\\/hercules-ds571bb\\\/\",\"name\":\"Hercules DS571BB cump\u0103r\u0103 \u00een Moldova | Sonetica\",\"isPartOf\":{\"@id\":\"https:\\\/\\\/sonetica.md\\\/ro\\\/#website\"},\"primaryImageOfPage\":{\"@id\":\"https:\\\/\\\/sonetica.md\\\/ro\\\/produs\\\/hercules-ds571bb\\\/#primaryimage\"},\"image\":{\"@id\":\"https:\\\/\\\/sonetica.md\\\/ro\\\/produs\\\/hercules-ds571bb\\\/#primaryimage\"},\"thumbnailUrl\":\"https:\\\/\\\/sonetica.md\\\/wp-content\\\/uploads\\\/2025\\\/10\\\/hercules-ds571bb.jpg\",\"datePublished\":\"2025-11-07T19:47:25+00:00\",\"description\":\"Cump\u0103ra\u021bi Hercules DS571BB \u00een magazinul Sonetica. Livrare \u00een Moldova. Garan\u021bie oficial\u0103.\",\"breadcrumb\":{\"@id\":\"https:\\\/\\\/sonetica.md\\\/ro\\\/produs\\\/hercules-ds571bb\\\/#breadcrumb\"},\"inLanguage\":\"ro-RO\",\"potentialAction\":[{\"@type\":\"ReadAction\",\"target\":[\"https:\\\/\\\/sonetica.md\\\/ro\\\/produs\\\/hercules-ds571bb\\\/\"]}]},{\"@type\":\"ImageObject\",\"inLanguage\":\"ro-RO\",\"@id\":\"https:\\\/\\\/sonetica.md\\\/ro\\\/produs\\\/hercules-ds571bb\\\/#primaryimage\",\"url\":\"https:\\\/\\\/sonetica.md\\\/wp-content\\\/uploads\\\/2025\\\/10\\\/hercules-ds571bb.jpg\",\"contentUrl\":\"https:\\\/\\\/sonetica.md\\\/wp-content\\\/uploads\\\/2025\\\/10\\\/hercules-ds571bb.jpg\",\"width\":230,\"height\":400},{\"@type\":\"BreadcrumbList\",\"@id\":\"https:\\\/\\\/sonetica.md\\\/ro\\\/produs\\\/hercules-ds571bb\\\/#breadcrumb\",\"itemListElement\":[{\"@type\":\"ListItem\",\"position\":1,\"name\":\"Acas\u0103\",\"item\":\"https:\\\/\\\/sonetica.md\\\/ro\\\/\"},{\"@type\":\"ListItem\",\"position\":2,\"name\":\"Produse\",\"item\":\"https:\\\/\\\/sonetica.md\\\/ro\\\/shop\\\/\"},{\"@type\":\"ListItem\",\"position\":3,\"name\":\"Suporturi\",\"item\":\"https:\\\/\\\/sonetica.md\\\/ro\\\/product-category\\\/stands\\\/\"},{\"@type\":\"ListItem\",\"position\":4,\"name\":\"Suporturi Instrumente cu coarde\",\"item\":\"https:\\\/\\\/sonetica.md\\\/ro\\\/product-category\\\/stands\\\/strings-instrument-stands\\\/\"},{\"@type\":\"ListItem\",\"position\":5,\"name\":\"Hercules DS571BB\"}]},{\"@type\":\"WebSite\",\"@id\":\"https:\\\/\\\/sonetica.md\\\/ro\\\/#website\",\"url\":\"https:\\\/\\\/sonetica.md\\\/ro\\\/\",\"name\":\"Sonetica\",\"description\":\"Audio Equipment and Accessories\",\"publisher\":{\"@id\":\"https:\\\/\\\/sonetica.md\\\/ro\\\/#organization\"},\"potentialAction\":[{\"@type\":\"SearchAction\",\"target\":{\"@type\":\"EntryPoint\",\"urlTemplate\":\"https:\\\/\\\/sonetica.md\\\/ro\\\/?s={search_term_string}\"},\"query-input\":{\"@type\":\"PropertyValueSpecification\",\"valueRequired\":true,\"valueName\":\"search_term_string\"}}],\"inLanguage\":\"ro-RO\"},{\"@type\":[\"Organization\",\"Place\",\"ElectronicsStore\"],\"@id\":\"https:\\\/\\\/sonetica.md\\\/ro\\\/#organization\",\"name\":\"Sonetica\",\"url\":\"https:\\\/\\\/sonetica.md\\\/ro\\\/\",\"logo\":{\"@id\":\"https:\\\/\\\/sonetica.md\\\/ro\\\/produs\\\/hercules-ds571bb\\\/#local-main-organization-logo\"},\"image\":{\"@id\":\"https:\\\/\\\/sonetica.md\\\/ro\\\/produs\\\/hercules-ds571bb\\\/#local-main-organization-logo\"},\"sameAs\":[\"https:\\\/\\\/www.facebook.com\\\/sonetica.md\"],\"legalName\":\"Sonetica SRL\",\"address\":{\"@id\":\"https:\\\/\\\/sonetica.md\\\/ro\\\/produs\\\/hercules-ds571bb\\\/#local-main-place-address\"},\"telephone\":[\"+373 22 274866\"],\"contactPoint\":{\"@type\":\"ContactPoint\",\"telephone\":\"(022) 27-48-66\"},\"openingHoursSpecification\":[{\"@type\":\"OpeningHoursSpecification\",\"dayOfWeek\":[\"Monday\",\"Tuesday\",\"Wednesday\",\"Thursday\",\"Friday\"],\"opens\":\"10:00\",\"closes\":\"17:00\"},{\"@type\":\"OpeningHoursSpecification\",\"dayOfWeek\":[\"Saturday\",\"Sunday\"],\"opens\":\"00:00\",\"closes\":\"00:00\"}],\"vatID\":\"0203112\",\"taxID\":\"1003600083647\",\"currenciesAccepted\":\"MDL\",\"paymentAccepted\":\"Cash, Card\"},{\"@type\":\"PostalAddress\",\"@id\":\"https:\\\/\\\/sonetica.md\\\/ro\\\/produs\\\/hercules-ds571bb\\\/#local-main-place-address\",\"streetAddress\":\"V. Alecsandri 30\",\"addressLocality\":\"Chisinau\",\"postalCode\":\"MD-2009\",\"addressCountry\":\"MD\"},{\"@type\":\"ImageObject\",\"inLanguage\":\"ro-RO\",\"@id\":\"https:\\\/\\\/sonetica.md\\\/ro\\\/produs\\\/hercules-ds571bb\\\/#local-main-organization-logo\",\"url\":\"https:\\\/\\\/sonetica.md\\\/wp-content\\\/uploads\\\/2025\\\/11\\\/sonetica_logo.png\",\"contentUrl\":\"https:\\\/\\\/sonetica.md\\\/wp-content\\\/uploads\\\/2025\\\/11\\\/sonetica_logo.png\",\"width\":453,\"height\":453,\"caption\":\"Sonetica\"}]}<\/script>\n<meta property=\"product:brand\" content=\"Hercules\" \/>\n<meta property=\"product:price:amount\" content=\"546.00\" \/>\n<meta property=\"product:price:currency\" content=\"MDL\" \/>\n<meta property=\"og:availability\" content=\"out of stock\" \/>\n<meta property=\"product:availability\" content=\"out of stock\" \/>\n<meta property=\"product:retailer_item_id\" content=\"HERCULES-DS571BB\" \/>\n<meta property=\"product:condition\" content=\"new\" \/>\n<meta name=\"geo.placename\" content=\"Chisinau\" \/>\n<meta name=\"geo.region\" content=\"Republica Moldova\" \/>\n<!-- \/ Yoast SEO Premium plugin. -->","yoast_head_json":{"title":"Hercules DS571BB cump\u0103r\u0103 \u00een Moldova | Sonetica","description":"Cump\u0103ra\u021bi Hercules DS571BB \u00een magazinul Sonetica. Livrare \u00een Moldova. Garan\u021bie oficial\u0103.","robots":{"index":"index","follow":"follow","max-snippet":"max-snippet:-1","max-image-preview":"max-image-preview:large","max-video-preview":"max-video-preview:-1"},"canonical":"https:\/\/sonetica.md\/ro\/produs\/hercules-ds571bb\/","og_locale":"ro_RO","og_type":"article","og_title":"Hercules DS571BB cump\u0103r\u0103 \u00een Moldova | Sonetica","og_description":"Cump\u0103r\u0103 Hercules DS571BB din magazinul Sonetica. Livrare \u00een Moldova. Garan\u021bie oficial\u0103.","og_url":"https:\/\/sonetica.md\/ro\/produs\/hercules-ds571bb\/","og_site_name":"Sonetica","article_publisher":"https:\/\/www.facebook.com\/sonetica.md","og_image":[{"width":230,"height":400,"url":"https:\/\/sonetica.md\/wp-content\/uploads\/2025\/10\/hercules-ds571bb.jpg","type":"image\/jpeg"}],"twitter_card":"summary_large_image","twitter_misc":{"Pre\u021b":"546,00&nbsp;MDL","Disponibilitate":"Stoc epuizat"},"schema":{"@context":"https:\/\/schema.org","@graph":[{"@type":"WebPage","@id":"https:\/\/sonetica.md\/ro\/produs\/hercules-ds571bb\/","url":"https:\/\/sonetica.md\/ro\/produs\/hercules-ds571bb\/","name":"Hercules DS571BB cump\u0103r\u0103 \u00een Moldova | Sonetica","isPartOf":{"@id":"https:\/\/sonetica.md\/ro\/#website"},"primaryImageOfPage":{"@id":"https:\/\/sonetica.md\/ro\/produs\/hercules-ds571bb\/#primaryimage"},"image":{"@id":"https:\/\/sonetica.md\/ro\/produs\/hercules-ds571bb\/#primaryimage"},"thumbnailUrl":"https:\/\/sonetica.md\/wp-content\/uploads\/2025\/10\/hercules-ds571bb.jpg","datePublished":"2025-11-07T19:47:25+00:00","description":"Cump\u0103ra\u021bi Hercules DS571BB \u00een magazinul Sonetica. Livrare \u00een Moldova. Garan\u021bie oficial\u0103.","breadcrumb":{"@id":"https:\/\/sonetica.md\/ro\/produs\/hercules-ds571bb\/#breadcrumb"},"inLanguage":"ro-RO","potentialAction":[{"@type":"ReadAction","target":["https:\/\/sonetica.md\/ro\/produs\/hercules-ds571bb\/"]}]},{"@type":"ImageObject","inLanguage":"ro-RO","@id":"https:\/\/sonetica.md\/ro\/produs\/hercules-ds571bb\/#primaryimage","url":"https:\/\/sonetica.md\/wp-content\/uploads\/2025\/10\/hercules-ds571bb.jpg","contentUrl":"https:\/\/sonetica.md\/wp-content\/uploads\/2025\/10\/hercules-ds571bb.jpg","width":230,"height":400},{"@type":"BreadcrumbList","@id":"https:\/\/sonetica.md\/ro\/produs\/hercules-ds571bb\/#breadcrumb","itemListElement":[{"@type":"ListItem","position":1,"name":"Acas\u0103","item":"https:\/\/sonetica.md\/ro\/"},{"@type":"ListItem","position":2,"name":"Produse","item":"https:\/\/sonetica.md\/ro\/shop\/"},{"@type":"ListItem","position":3,"name":"Suporturi","item":"https:\/\/sonetica.md\/ro\/product-category\/stands\/"},{"@type":"ListItem","position":4,"name":"Suporturi Instrumente cu coarde","item":"https:\/\/sonetica.md\/ro\/product-category\/stands\/strings-instrument-stands\/"},{"@type":"ListItem","position":5,"name":"Hercules DS571BB"}]},{"@type":"WebSite","@id":"https:\/\/sonetica.md\/ro\/#website","url":"https:\/\/sonetica.md\/ro\/","name":"Sonetica","description":"Audio Equipment and Accessories","publisher":{"@id":"https:\/\/sonetica.md\/ro\/#organization"},"potentialAction":[{"@type":"SearchAction","target":{"@type":"EntryPoint","urlTemplate":"https:\/\/sonetica.md\/ro\/?s={search_term_string}"},"query-input":{"@type":"PropertyValueSpecification","valueRequired":true,"valueName":"search_term_string"}}],"inLanguage":"ro-RO"},{"@type":["Organization","Place","ElectronicsStore"],"@id":"https:\/\/sonetica.md\/ro\/#organization","name":"Sonetica","url":"https:\/\/sonetica.md\/ro\/","logo":{"@id":"https:\/\/sonetica.md\/ro\/produs\/hercules-ds571bb\/#local-main-organization-logo"},"image":{"@id":"https:\/\/sonetica.md\/ro\/produs\/hercules-ds571bb\/#local-main-organization-logo"},"sameAs":["https:\/\/www.facebook.com\/sonetica.md"],"legalName":"Sonetica SRL","address":{"@id":"https:\/\/sonetica.md\/ro\/produs\/hercules-ds571bb\/#local-main-place-address"},"telephone":["+373 22 274866"],"contactPoint":{"@type":"ContactPoint","telephone":"(022) 27-48-66"},"openingHoursSpecification":[{"@type":"OpeningHoursSpecification","dayOfWeek":["Monday","Tuesday","Wednesday","Thursday","Friday"],"opens":"10:00","closes":"17:00"},{"@type":"OpeningHoursSpecification","dayOfWeek":["Saturday","Sunday"],"opens":"00:00","closes":"00:00"}],"vatID":"0203112","taxID":"1003600083647","currenciesAccepted":"MDL","paymentAccepted":"Cash, Card"},{"@type":"PostalAddress","@id":"https:\/\/sonetica.md\/ro\/produs\/hercules-ds571bb\/#local-main-place-address","streetAddress":"V. Alecsandri 30","addressLocality":"Chisinau","postalCode":"MD-2009","addressCountry":"MD"},{"@type":"ImageObject","inLanguage":"ro-RO","@id":"https:\/\/sonetica.md\/ro\/produs\/hercules-ds571bb\/#local-main-organization-logo","url":"https:\/\/sonetica.md\/wp-content\/uploads\/2025\/11\/sonetica_logo.png","contentUrl":"https:\/\/sonetica.md\/wp-content\/uploads\/2025\/11\/sonetica_logo.png","width":453,"height":453,"caption":"Sonetica"}]},"product_brand":"Hercules","product_price_amount":"546.00","product_price_currency":"MDL","og_availability":"out of stock","product_availability":"out of stock","product_retailer_item_id":"HERCULES-DS571BB","product_condition":"new","geo.placename":"Chisinau","geo.region":"Republica Moldova"},"_links":{"self":[{"href":"https:\/\/sonetica.md\/ro\/wp-json\/wp\/v2\/product\/2916","targetHints":{"allow":["GET"]}}],"collection":[{"href":"https:\/\/sonetica.md\/ro\/wp-json\/wp\/v2\/product"}],"about":[{"href":"https:\/\/sonetica.md\/ro\/wp-json\/wp\/v2\/types\/product"}],"wp:featuredmedia":[{"embeddable":true,"href":"https:\/\/sonetica.md\/ro\/wp-json\/wp\/v2\/media\/3354"}],"wp:attachment":[{"href":"https:\/\/sonetica.md\/ro\/wp-json\/wp\/v2\/media?parent=2916"}],"wp:term":[{"taxonomy":"product_brand","embeddable":true,"href":"https:\/\/sonetica.md\/ro\/wp-json\/wp\/v2\/product_brand?post=2916"},{"taxonomy":"product_cat","embeddable":true,"href":"https:\/\/sonetica.md\/ro\/wp-json\/wp\/v2\/product_cat?post=2916"},{"taxonomy":"product_tag","embeddable":true,"href":"https:\/\/sonetica.md\/ro\/wp-json\/wp\/v2\/product_tag?post=2916"}],"curies":[{"name":"wp","href":"https:\/\/api.w.org\/{rel}","templated":true}]}}