{"id":2928,"date":"2025-11-07T21:47:18","date_gmt":"2025-11-07T19:47:18","guid":{"rendered":"https:\/\/sonetica.md\/?post_type=product&#038;p=2928"},"modified":"2026-02-02T19:25:22","modified_gmt":"2026-02-02T17:25:22","slug":"powersoft-m20d-hdspeth","status":"publish","type":"product","link":"https:\/\/sonetica.md\/ro\/produs\/powersoft-m20d-hdspeth\/","title":{"rendered":"PowerSoft M20D HDSP+ETH"},"content":{"rendered":"<p>Powersoft M20D HDSP+ETH este un amplificator de putere cu 2 canale, cu DSP integrat \u0219i control Ethernet, conceput pentru aplica\u021bii profesionale de turneu \u0219i instalare. Acesta ofer\u0103 eficien\u021b\u0103 ridicat\u0103 \u0219i management de la distan\u021b\u0103 prin software-ul Armon\u00edaPlus.<\/p>\n<h2>Caracteristici cheie:<\/h2>\n<ul>\n<li>Canale: 2<\/li>\n<li>Putere de ie\u0219ire: 2 \u00d7 1200 W la 4 Ohmi, 2 \u00d7 600 W la 8 Ohmi, Bridge 1 x 2400 W @ 8\u00a0 Ohms<\/li>\n<li>DSP: HDSP integrat (Analog Devices ADAU\u00ae 1701)<\/li>\n<li>Interfa\u021b\u0103 de control: Ethernet (RJ45), compatibil cu Armon\u00edaPlus, MediaMatrix, Crestron, AMX, Q-SYS<\/li>\n<li>Preset\u0103ri: P\u00e2n\u0103 la 4 accesibile prin butonul de pe panoul din spate<\/li>\n<li>Protec\u021bie: Protec\u021bie AC, limitator de clip, protec\u021bie termic\u0103 \u0219i la scurtcircuit<\/li>\n<\/ul>\n<h2>Specifica\u021bii tehnice:<\/h2>\n<ul>\n<li>Semnal de intrare: XLR cu 3 pini (balansat)<\/li>\n<li>Semnal de ie\u0219ire: XLR cu 3 pini<\/li>\n<li>Ie\u0219ire difuzor: Speakon NL4<\/li>\n<li>Surs\u0103 de alimentare: Mod comutare avansat<\/li>\n<li>Anulare ondula\u021bie: Filtru de ie\u0219ire brevetat<\/li>\n<li>Dimensiuni: 1U rackmount<\/li>\n<li>Greutate: 7,4 kg<\/li>\n<\/ul>\n<h2>Aplica\u021bii: &#8211; Rack-uri de turneu<\/h2>\n<ul>\n<li>Instala\u021bii fixe<\/li>\n<li>Sisteme de sunet de dimensiuni medii<\/li>\n<li>Loca\u021bii care necesit\u0103 control DSP de la distan\u021b\u0103 \u0219i livrare eficient\u0103 de putere<\/li>\n<\/ul>\n","protected":false},"excerpt":{"rendered":"<p>Amplificator de putere cu 2 canale, cu DSP, 2400 W, 7,3 kg, 1 RU.<\/p>\n","protected":false},"featured_media":4869,"template":"","meta":{"_acf_changed":false,"_gspb_post_css":""},"product_brand":[469],"product_cat":[231],"product_tag":[],"class_list":{"0":"post-2928","1":"product","2":"type-product","3":"status-publish","4":"has-post-thumbnail","6":"product_brand-powersoft","7":"product_cat-power-amplifiers","9":"first","10":"instock","11":"sale","12":"taxable","13":"shipping-taxable","14":"purchasable","15":"product-type-simple"},"acf":[],"yoast_head":"<!-- This site is optimized with the Yoast SEO Premium plugin v27.2 (Yoast SEO v27.2) - https:\/\/yoast.com\/product\/yoast-seo-premium-wordpress\/ -->\n<title>PowerSoft M20D HDSP+ETH cump\u0103r\u0103 \u00een Moldova | Sonetica<\/title>\n<meta name=\"description\" content=\"Cump\u0103ra\u021bi PowerSoft M20D HDSP+ETH \u00een magazinul Sonetica. Livrare \u00een Moldova. Garan\u021bie oficial\u0103.\" \/>\n<meta name=\"robots\" content=\"index, follow, max-snippet:-1, max-image-preview:large, max-video-preview:-1\" \/>\n<link rel=\"canonical\" href=\"https:\/\/sonetica.md\/ro\/produs\/powersoft-m20d-hdspeth\/\" \/>\n<meta property=\"og:locale\" content=\"ro_RO\" \/>\n<meta property=\"og:type\" content=\"article\" \/>\n<meta property=\"og:title\" content=\"PowerSoft M20D HDSP+ETH cump\u0103r\u0103 \u00een Moldova | Sonetica\" \/>\n<meta property=\"og:description\" content=\"Cump\u0103r\u0103 PowerSoft M20D HDSP+ETH din magazinul Sonetica. Livrare \u00een Moldova. Garan\u021bie oficial\u0103.\" \/>\n<meta property=\"og:url\" content=\"https:\/\/sonetica.md\/ro\/produs\/powersoft-m20d-hdspeth\/\" \/>\n<meta property=\"og:site_name\" content=\"Sonetica\" \/>\n<meta property=\"article:publisher\" content=\"https:\/\/www.facebook.com\/sonetica.md\" \/>\n<meta property=\"article:modified_time\" content=\"2026-02-02T17:25:22+00:00\" \/>\n<meta property=\"og:image\" content=\"https:\/\/sonetica.md\/wp-content\/uploads\/2025\/11\/powersoft-m20-front.webp\" \/>\n\t<meta property=\"og:image:width\" content=\"1024\" \/>\n\t<meta property=\"og:image:height\" content=\"1024\" \/>\n\t<meta property=\"og:image:type\" content=\"image\/webp\" \/>\n<meta name=\"twitter:card\" content=\"summary_large_image\" \/>\n<meta name=\"twitter:label1\" content=\"Pre\u021b\" \/>\n\t<meta name=\"twitter:data1\" content=\"20.000,00&nbsp;MDL\" \/>\n\t<meta name=\"twitter:label2\" content=\"Disponibilitate\" \/>\n\t<meta name=\"twitter:data2\" content=\"\u00cen stoc\" \/>\n<script type=\"application\/ld+json\" class=\"yoast-schema-graph\">{\"@context\":\"https:\/\/schema.org\",\"@graph\":[{\"@type\":\"WebPage\",\"@id\":\"https:\/\/sonetica.md\/ro\/produs\/powersoft-m20d-hdspeth\/\",\"url\":\"https:\/\/sonetica.md\/ro\/produs\/powersoft-m20d-hdspeth\/\",\"name\":\"PowerSoft M20D HDSP+ETH cump\u0103r\u0103 \u00een Moldova | Sonetica\",\"isPartOf\":{\"@id\":\"https:\/\/sonetica.md\/ro\/#website\"},\"primaryImageOfPage\":{\"@id\":\"https:\/\/sonetica.md\/ro\/produs\/powersoft-m20d-hdspeth\/#primaryimage\"},\"image\":{\"@id\":\"https:\/\/sonetica.md\/ro\/produs\/powersoft-m20d-hdspeth\/#primaryimage\"},\"thumbnailUrl\":\"https:\/\/sonetica.md\/wp-content\/uploads\/2025\/11\/powersoft-m20-front.webp\",\"datePublished\":\"2025-11-07T19:47:18+00:00\",\"dateModified\":\"2026-02-02T17:25:22+00:00\",\"description\":\"Cump\u0103ra\u021bi PowerSoft M20D HDSP+ETH \u00een magazinul Sonetica. Livrare \u00een Moldova. Garan\u021bie oficial\u0103.\",\"breadcrumb\":{\"@id\":\"https:\/\/sonetica.md\/ro\/produs\/powersoft-m20d-hdspeth\/#breadcrumb\"},\"inLanguage\":\"ro-RO\",\"potentialAction\":[{\"@type\":\"ReadAction\",\"target\":[\"https:\/\/sonetica.md\/ro\/produs\/powersoft-m20d-hdspeth\/\"]}]},{\"@type\":\"ImageObject\",\"inLanguage\":\"ro-RO\",\"@id\":\"https:\/\/sonetica.md\/ro\/produs\/powersoft-m20d-hdspeth\/#primaryimage\",\"url\":\"https:\/\/sonetica.md\/wp-content\/uploads\/2025\/11\/powersoft-m20-front.webp\",\"contentUrl\":\"https:\/\/sonetica.md\/wp-content\/uploads\/2025\/11\/powersoft-m20-front.webp\",\"width\":1024,\"height\":1024},{\"@type\":\"BreadcrumbList\",\"@id\":\"https:\/\/sonetica.md\/ro\/produs\/powersoft-m20d-hdspeth\/#breadcrumb\",\"itemListElement\":[{\"@type\":\"ListItem\",\"position\":1,\"name\":\"Acas\u0103\",\"item\":\"https:\/\/sonetica.md\/ro\/\"},{\"@type\":\"ListItem\",\"position\":2,\"name\":\"Produse\",\"item\":\"https:\/\/sonetica.md\/ro\/shop\/\"},{\"@type\":\"ListItem\",\"position\":3,\"name\":\"Amplificatoare\",\"item\":\"https:\/\/sonetica.md\/ro\/product-category\/amplificatoare\/\"},{\"@type\":\"ListItem\",\"position\":4,\"name\":\"Amplificatoare De putere\",\"item\":\"https:\/\/sonetica.md\/ro\/product-category\/amplificatoare\/power-amplifiers\/\"},{\"@type\":\"ListItem\",\"position\":5,\"name\":\"PowerSoft M20D HDSP+ETH\"}]},{\"@type\":\"WebSite\",\"@id\":\"https:\/\/sonetica.md\/ro\/#website\",\"url\":\"https:\/\/sonetica.md\/ro\/\",\"name\":\"Sonetica\",\"description\":\"Audio Equipment and Accessories\",\"publisher\":{\"@id\":\"https:\/\/sonetica.md\/ro\/#organization\"},\"potentialAction\":[{\"@type\":\"SearchAction\",\"target\":{\"@type\":\"EntryPoint\",\"urlTemplate\":\"https:\/\/sonetica.md\/ro\/?s={search_term_string}\"},\"query-input\":{\"@type\":\"PropertyValueSpecification\",\"valueRequired\":true,\"valueName\":\"search_term_string\"}}],\"inLanguage\":\"ro-RO\"},{\"@type\":[\"Organization\",\"Place\",\"ElectronicsStore\"],\"@id\":\"https:\/\/sonetica.md\/ro\/#organization\",\"name\":\"Sonetica\",\"url\":\"https:\/\/sonetica.md\/ro\/\",\"logo\":{\"@id\":\"https:\/\/sonetica.md\/ro\/produs\/powersoft-m20d-hdspeth\/#local-main-organization-logo\"},\"image\":{\"@id\":\"https:\/\/sonetica.md\/ro\/produs\/powersoft-m20d-hdspeth\/#local-main-organization-logo\"},\"sameAs\":[\"https:\/\/www.facebook.com\/sonetica.md\"],\"legalName\":\"Sonetica SRL\",\"address\":{\"@id\":\"https:\/\/sonetica.md\/ro\/produs\/powersoft-m20d-hdspeth\/#local-main-place-address\"},\"telephone\":[\"+373 22 274866\"],\"contactPoint\":{\"@type\":\"ContactPoint\",\"telephone\":\"(022) 27-48-66\"},\"openingHoursSpecification\":[{\"@type\":\"OpeningHoursSpecification\",\"dayOfWeek\":[\"Monday\",\"Tuesday\",\"Wednesday\",\"Thursday\",\"Friday\"],\"opens\":\"10:00\",\"closes\":\"17:00\"},{\"@type\":\"OpeningHoursSpecification\",\"dayOfWeek\":[\"Saturday\",\"Sunday\"],\"opens\":\"00:00\",\"closes\":\"00:00\"}],\"vatID\":\"0203112\",\"taxID\":\"1003600083647\",\"currenciesAccepted\":\"MDL\",\"paymentAccepted\":\"Cash, Card\"},{\"@type\":\"PostalAddress\",\"@id\":\"https:\/\/sonetica.md\/ro\/produs\/powersoft-m20d-hdspeth\/#local-main-place-address\",\"streetAddress\":\"V. Alecsandri 30\",\"addressLocality\":\"Chisinau\",\"postalCode\":\"MD-2009\",\"addressCountry\":\"MD\"},{\"@type\":\"ImageObject\",\"inLanguage\":\"ro-RO\",\"@id\":\"https:\/\/sonetica.md\/ro\/produs\/powersoft-m20d-hdspeth\/#local-main-organization-logo\",\"url\":\"https:\/\/sonetica.md\/wp-content\/uploads\/2025\/11\/sonetica_logo.png\",\"contentUrl\":\"https:\/\/sonetica.md\/wp-content\/uploads\/2025\/11\/sonetica_logo.png\",\"width\":453,\"height\":453,\"caption\":\"Sonetica\"}]}<\/script>\n<meta property=\"product:brand\" content=\"Powersoft\" \/>\n<meta property=\"product:price:amount\" content=\"20000.00\" \/>\n<meta property=\"product:price:currency\" content=\"MDL\" \/>\n<meta property=\"og:availability\" content=\"instock\" \/>\n<meta property=\"product:availability\" content=\"instock\" \/>\n<meta property=\"product:retailer_item_id\" content=\"POWERSOFT-M20DHDSP-ETH\" \/>\n<meta property=\"product:condition\" content=\"new\" \/>\n<meta name=\"geo.placename\" content=\"Chisinau\" \/>\n<meta name=\"geo.region\" content=\"Republica Moldova\" \/>\n<!-- \/ Yoast SEO Premium plugin. -->","yoast_head_json":{"title":"PowerSoft M20D HDSP+ETH cump\u0103r\u0103 \u00een Moldova | Sonetica","description":"Cump\u0103ra\u021bi PowerSoft M20D HDSP+ETH \u00een magazinul Sonetica. Livrare \u00een Moldova. Garan\u021bie oficial\u0103.","robots":{"index":"index","follow":"follow","max-snippet":"max-snippet:-1","max-image-preview":"max-image-preview:large","max-video-preview":"max-video-preview:-1"},"canonical":"https:\/\/sonetica.md\/ro\/produs\/powersoft-m20d-hdspeth\/","og_locale":"ro_RO","og_type":"article","og_title":"PowerSoft M20D HDSP+ETH cump\u0103r\u0103 \u00een Moldova | Sonetica","og_description":"Cump\u0103r\u0103 PowerSoft M20D HDSP+ETH din magazinul Sonetica. Livrare \u00een Moldova. Garan\u021bie oficial\u0103.","og_url":"https:\/\/sonetica.md\/ro\/produs\/powersoft-m20d-hdspeth\/","og_site_name":"Sonetica","article_publisher":"https:\/\/www.facebook.com\/sonetica.md","article_modified_time":"2026-02-02T17:25:22+00:00","og_image":[{"width":1024,"height":1024,"url":"https:\/\/sonetica.md\/wp-content\/uploads\/2025\/11\/powersoft-m20-front.webp","type":"image\/webp"}],"twitter_card":"summary_large_image","twitter_misc":{"Pre\u021b":"20.000,00&nbsp;MDL","Disponibilitate":"\u00cen stoc"},"schema":{"@context":"https:\/\/schema.org","@graph":[{"@type":"WebPage","@id":"https:\/\/sonetica.md\/ro\/produs\/powersoft-m20d-hdspeth\/","url":"https:\/\/sonetica.md\/ro\/produs\/powersoft-m20d-hdspeth\/","name":"PowerSoft M20D HDSP+ETH cump\u0103r\u0103 \u00een Moldova | Sonetica","isPartOf":{"@id":"https:\/\/sonetica.md\/ro\/#website"},"primaryImageOfPage":{"@id":"https:\/\/sonetica.md\/ro\/produs\/powersoft-m20d-hdspeth\/#primaryimage"},"image":{"@id":"https:\/\/sonetica.md\/ro\/produs\/powersoft-m20d-hdspeth\/#primaryimage"},"thumbnailUrl":"https:\/\/sonetica.md\/wp-content\/uploads\/2025\/11\/powersoft-m20-front.webp","datePublished":"2025-11-07T19:47:18+00:00","dateModified":"2026-02-02T17:25:22+00:00","description":"Cump\u0103ra\u021bi PowerSoft M20D HDSP+ETH \u00een magazinul Sonetica. Livrare \u00een Moldova. Garan\u021bie oficial\u0103.","breadcrumb":{"@id":"https:\/\/sonetica.md\/ro\/produs\/powersoft-m20d-hdspeth\/#breadcrumb"},"inLanguage":"ro-RO","potentialAction":[{"@type":"ReadAction","target":["https:\/\/sonetica.md\/ro\/produs\/powersoft-m20d-hdspeth\/"]}]},{"@type":"ImageObject","inLanguage":"ro-RO","@id":"https:\/\/sonetica.md\/ro\/produs\/powersoft-m20d-hdspeth\/#primaryimage","url":"https:\/\/sonetica.md\/wp-content\/uploads\/2025\/11\/powersoft-m20-front.webp","contentUrl":"https:\/\/sonetica.md\/wp-content\/uploads\/2025\/11\/powersoft-m20-front.webp","width":1024,"height":1024},{"@type":"BreadcrumbList","@id":"https:\/\/sonetica.md\/ro\/produs\/powersoft-m20d-hdspeth\/#breadcrumb","itemListElement":[{"@type":"ListItem","position":1,"name":"Acas\u0103","item":"https:\/\/sonetica.md\/ro\/"},{"@type":"ListItem","position":2,"name":"Produse","item":"https:\/\/sonetica.md\/ro\/shop\/"},{"@type":"ListItem","position":3,"name":"Amplificatoare","item":"https:\/\/sonetica.md\/ro\/product-category\/amplificatoare\/"},{"@type":"ListItem","position":4,"name":"Amplificatoare De putere","item":"https:\/\/sonetica.md\/ro\/product-category\/amplificatoare\/power-amplifiers\/"},{"@type":"ListItem","position":5,"name":"PowerSoft M20D HDSP+ETH"}]},{"@type":"WebSite","@id":"https:\/\/sonetica.md\/ro\/#website","url":"https:\/\/sonetica.md\/ro\/","name":"Sonetica","description":"Audio Equipment and Accessories","publisher":{"@id":"https:\/\/sonetica.md\/ro\/#organization"},"potentialAction":[{"@type":"SearchAction","target":{"@type":"EntryPoint","urlTemplate":"https:\/\/sonetica.md\/ro\/?s={search_term_string}"},"query-input":{"@type":"PropertyValueSpecification","valueRequired":true,"valueName":"search_term_string"}}],"inLanguage":"ro-RO"},{"@type":["Organization","Place","ElectronicsStore"],"@id":"https:\/\/sonetica.md\/ro\/#organization","name":"Sonetica","url":"https:\/\/sonetica.md\/ro\/","logo":{"@id":"https:\/\/sonetica.md\/ro\/produs\/powersoft-m20d-hdspeth\/#local-main-organization-logo"},"image":{"@id":"https:\/\/sonetica.md\/ro\/produs\/powersoft-m20d-hdspeth\/#local-main-organization-logo"},"sameAs":["https:\/\/www.facebook.com\/sonetica.md"],"legalName":"Sonetica SRL","address":{"@id":"https:\/\/sonetica.md\/ro\/produs\/powersoft-m20d-hdspeth\/#local-main-place-address"},"telephone":["+373 22 274866"],"contactPoint":{"@type":"ContactPoint","telephone":"(022) 27-48-66"},"openingHoursSpecification":[{"@type":"OpeningHoursSpecification","dayOfWeek":["Monday","Tuesday","Wednesday","Thursday","Friday"],"opens":"10:00","closes":"17:00"},{"@type":"OpeningHoursSpecification","dayOfWeek":["Saturday","Sunday"],"opens":"00:00","closes":"00:00"}],"vatID":"0203112","taxID":"1003600083647","currenciesAccepted":"MDL","paymentAccepted":"Cash, Card"},{"@type":"PostalAddress","@id":"https:\/\/sonetica.md\/ro\/produs\/powersoft-m20d-hdspeth\/#local-main-place-address","streetAddress":"V. Alecsandri 30","addressLocality":"Chisinau","postalCode":"MD-2009","addressCountry":"MD"},{"@type":"ImageObject","inLanguage":"ro-RO","@id":"https:\/\/sonetica.md\/ro\/produs\/powersoft-m20d-hdspeth\/#local-main-organization-logo","url":"https:\/\/sonetica.md\/wp-content\/uploads\/2025\/11\/sonetica_logo.png","contentUrl":"https:\/\/sonetica.md\/wp-content\/uploads\/2025\/11\/sonetica_logo.png","width":453,"height":453,"caption":"Sonetica"}]},"product_brand":"Powersoft","product_price_amount":"20000.00","product_price_currency":"MDL","og_availability":"instock","product_availability":"instock","product_retailer_item_id":"POWERSOFT-M20DHDSP-ETH","product_condition":"new","geo.placename":"Chisinau","geo.region":"Republica Moldova"},"_links":{"self":[{"href":"https:\/\/sonetica.md\/ro\/wp-json\/wp\/v2\/product\/2928","targetHints":{"allow":["GET"]}}],"collection":[{"href":"https:\/\/sonetica.md\/ro\/wp-json\/wp\/v2\/product"}],"about":[{"href":"https:\/\/sonetica.md\/ro\/wp-json\/wp\/v2\/types\/product"}],"wp:featuredmedia":[{"embeddable":true,"href":"https:\/\/sonetica.md\/ro\/wp-json\/wp\/v2\/media\/4869"}],"wp:attachment":[{"href":"https:\/\/sonetica.md\/ro\/wp-json\/wp\/v2\/media?parent=2928"}],"wp:term":[{"taxonomy":"product_brand","embeddable":true,"href":"https:\/\/sonetica.md\/ro\/wp-json\/wp\/v2\/product_brand?post=2928"},{"taxonomy":"product_cat","embeddable":true,"href":"https:\/\/sonetica.md\/ro\/wp-json\/wp\/v2\/product_cat?post=2928"},{"taxonomy":"product_tag","embeddable":true,"href":"https:\/\/sonetica.md\/ro\/wp-json\/wp\/v2\/product_tag?post=2928"}],"curies":[{"name":"wp","href":"https:\/\/api.w.org\/{rel}","templated":true}]}}