{"id":2933,"date":"2025-11-07T21:47:20","date_gmt":"2025-11-07T19:47:20","guid":{"rendered":"https:\/\/sonetica.md\/?post_type=product&#038;p=2933"},"modified":"2025-11-07T21:47:20","modified_gmt":"2025-11-07T19:47:20","slug":"sanway-dsp-10kq","status":"publish","type":"product","link":"https:\/\/sonetica.md\/ro\/produs\/sanway-dsp-10kq\/","title":{"rendered":"Sanway DSP-10KQ"},"content":{"rendered":"<p>Sanway DSP-10KQ este un amplificator de putere profesional digital DSP cu 4 canale care integreaz\u0103 perfect distribu\u021bia semnalului digital \u00een re\u021bea, procesarea unit\u0103\u021bii de comand\u0103, amplificarea puterii \u0219i verificarea sarcinii, plus monitorizarea performan\u021bei \u00eentr-o singur\u0103 unitate hardware cu un controler software unificat. Dispune de o etap\u0103 de ie\u0219ire Class TD cu func\u021bie DSP \u0219i vine \u00eentr-un \u0219asiu 2U cu o greutate de numai 13 kg.<\/p>\n<p>Specifica\u021bii:  * Model: DSP-10KQ<br \/>\n  * Canale: 4<br \/>\n  * Putere stereo 8\u03a9: 4\u00d71300W<br \/>\n  * Putere stereo 4\u03a9: 4\u00d72200W<br \/>\n  * Putere stereo 2\u03a9: 4\u00d72500W<br \/>\n  * Putere mono \u00een punte 8\u03a9: 2\u00d74400W<br \/>\n  * Putere mono \u00een punte 4\u03a9: 2\u00d75000W<br \/>\n  * R\u0103spuns \u00een frecven\u021b\u0103: 20Hz-20kHz \u00b10,5dB<br \/>\n  * Raport semnal\/zgomot (dB): >110dB<br \/>\n  * Impedan\u021b\u0103 de intrare: 20K\u03a9 echilibrat \/ 10k\u03a9 neechilibrat<br \/>\n  * Conectori de ie\u0219ire: Conectori Speakon (NEUTRIK)<br \/>\n  * Cerin\u021be de alimentare: 100-120V-50-60Hz sau 200-240V-50-60Hz<br \/>\n  * Dimensiune: 483\u00d7377\u00d788mm<br \/>\n  * THD+N (putere nominal\u0103, 4\u03a9\/KHz)%: 0,10%<br \/>\n  * Procesor: Frecven\u021b\u0103 de e\u0219antionare 48KHz, DSP cu virgul\u0103 fix\u0103 pe 48 de bi\u021bi, convertor A\/D \u0219i D\/A pe 24 de bi\u021bi<br \/>\n  * Gam\u0103 dinamic\u0103: >110dB<br \/>\n  * Port COM PC: 1 port COM USB pe panoul frontal, 1 port COM USB, 2 porturi COM RS485 pe panoul din spate (RJ-45)<br \/>\n  * Afi\u0219aj: 2 x 20 LCD<\/p>\n","protected":false},"excerpt":{"rendered":"<p>Amplificator de putere profesional digital DSP cu 4 canale, 4x2500W la 2 ohmi, \u0219asiu 2U, Clasa TD.<\/p>\n","protected":false},"featured_media":4064,"template":"","meta":{"_acf_changed":false,"_gspb_post_css":""},"product_brand":[439],"product_cat":[231],"product_tag":[],"class_list":{"0":"post-2933","1":"product","2":"type-product","3":"status-publish","4":"has-post-thumbnail","6":"product_brand-sanway","7":"product_cat-power-amplifiers","9":"first","10":"instock","11":"taxable","12":"shipping-taxable","13":"purchasable","14":"product-type-simple"},"acf":[],"yoast_head":"<!-- This site is optimized with the Yoast SEO Premium plugin v27.2 (Yoast SEO v27.2) - https:\/\/yoast.com\/product\/yoast-seo-premium-wordpress\/ -->\n<title>Sanway DSP-10KQ cump\u0103r\u0103 \u00een Moldova | Sonetica<\/title>\n<meta name=\"description\" content=\"Cump\u0103ra\u021bi Sanway DSP-10KQ \u00een magazinul Sonetica. Livrare \u00een Moldova. Garan\u021bie oficial\u0103.\" \/>\n<meta name=\"robots\" content=\"index, follow, max-snippet:-1, max-image-preview:large, max-video-preview:-1\" \/>\n<link rel=\"canonical\" href=\"https:\/\/sonetica.md\/ro\/produs\/sanway-dsp-10kq\/\" \/>\n<meta property=\"og:locale\" content=\"ro_RO\" \/>\n<meta property=\"og:type\" content=\"article\" \/>\n<meta property=\"og:title\" content=\"Sanway DSP-10KQ cump\u0103r\u0103 \u00een Moldova | Sonetica\" \/>\n<meta property=\"og:description\" content=\"Cump\u0103r\u0103 Sanway DSP-10KQ din magazinul Sonetica. Livrare \u00een Moldova. Garan\u021bie oficial\u0103.\" \/>\n<meta property=\"og:url\" content=\"https:\/\/sonetica.md\/ro\/produs\/sanway-dsp-10kq\/\" \/>\n<meta property=\"og:site_name\" content=\"Sonetica\" \/>\n<meta property=\"article:publisher\" content=\"https:\/\/www.facebook.com\/sonetica.md\" \/>\n<meta property=\"og:image\" content=\"https:\/\/sonetica.md\/wp-content\/uploads\/2025\/10\/sanway-dsp-10kq-3.jpg\" \/>\n\t<meta property=\"og:image:width\" content=\"700\" \/>\n\t<meta property=\"og:image:height\" content=\"700\" \/>\n\t<meta property=\"og:image:type\" content=\"image\/jpeg\" \/>\n<meta name=\"twitter:card\" content=\"summary_large_image\" \/>\n<meta name=\"twitter:label1\" content=\"Pre\u021b\" \/>\n\t<meta name=\"twitter:data1\" content=\"27.600,00&nbsp;MDL\" \/>\n\t<meta name=\"twitter:label2\" content=\"Disponibilitate\" \/>\n\t<meta name=\"twitter:data2\" content=\"\u00cen stoc\" \/>\n<script type=\"application\/ld+json\" class=\"yoast-schema-graph\">{\"@context\":\"https:\/\/schema.org\",\"@graph\":[{\"@type\":\"WebPage\",\"@id\":\"https:\/\/sonetica.md\/ro\/produs\/sanway-dsp-10kq\/\",\"url\":\"https:\/\/sonetica.md\/ro\/produs\/sanway-dsp-10kq\/\",\"name\":\"Sanway DSP-10KQ cump\u0103r\u0103 \u00een Moldova | Sonetica\",\"isPartOf\":{\"@id\":\"https:\/\/sonetica.md\/ro\/#website\"},\"primaryImageOfPage\":{\"@id\":\"https:\/\/sonetica.md\/ro\/produs\/sanway-dsp-10kq\/#primaryimage\"},\"image\":{\"@id\":\"https:\/\/sonetica.md\/ro\/produs\/sanway-dsp-10kq\/#primaryimage\"},\"thumbnailUrl\":\"https:\/\/sonetica.md\/wp-content\/uploads\/2025\/10\/sanway-dsp-10kq-3.jpg\",\"datePublished\":\"2025-11-07T19:47:20+00:00\",\"description\":\"Cump\u0103ra\u021bi Sanway DSP-10KQ \u00een magazinul Sonetica. Livrare \u00een Moldova. Garan\u021bie oficial\u0103.\",\"breadcrumb\":{\"@id\":\"https:\/\/sonetica.md\/ro\/produs\/sanway-dsp-10kq\/#breadcrumb\"},\"inLanguage\":\"ro-RO\",\"potentialAction\":[{\"@type\":\"ReadAction\",\"target\":[\"https:\/\/sonetica.md\/ro\/produs\/sanway-dsp-10kq\/\"]}]},{\"@type\":\"ImageObject\",\"inLanguage\":\"ro-RO\",\"@id\":\"https:\/\/sonetica.md\/ro\/produs\/sanway-dsp-10kq\/#primaryimage\",\"url\":\"https:\/\/sonetica.md\/wp-content\/uploads\/2025\/10\/sanway-dsp-10kq-3.jpg\",\"contentUrl\":\"https:\/\/sonetica.md\/wp-content\/uploads\/2025\/10\/sanway-dsp-10kq-3.jpg\",\"width\":700,\"height\":700},{\"@type\":\"BreadcrumbList\",\"@id\":\"https:\/\/sonetica.md\/ro\/produs\/sanway-dsp-10kq\/#breadcrumb\",\"itemListElement\":[{\"@type\":\"ListItem\",\"position\":1,\"name\":\"Acas\u0103\",\"item\":\"https:\/\/sonetica.md\/ro\/\"},{\"@type\":\"ListItem\",\"position\":2,\"name\":\"Produse\",\"item\":\"https:\/\/sonetica.md\/ro\/shop\/\"},{\"@type\":\"ListItem\",\"position\":3,\"name\":\"Amplificatoare\",\"item\":\"https:\/\/sonetica.md\/ro\/product-category\/amplificatoare\/\"},{\"@type\":\"ListItem\",\"position\":4,\"name\":\"Amplificatoare De putere\",\"item\":\"https:\/\/sonetica.md\/ro\/product-category\/amplificatoare\/power-amplifiers\/\"},{\"@type\":\"ListItem\",\"position\":5,\"name\":\"Sanway DSP-10KQ\"}]},{\"@type\":\"WebSite\",\"@id\":\"https:\/\/sonetica.md\/ro\/#website\",\"url\":\"https:\/\/sonetica.md\/ro\/\",\"name\":\"Sonetica\",\"description\":\"Audio Equipment and Accessories\",\"publisher\":{\"@id\":\"https:\/\/sonetica.md\/ro\/#organization\"},\"potentialAction\":[{\"@type\":\"SearchAction\",\"target\":{\"@type\":\"EntryPoint\",\"urlTemplate\":\"https:\/\/sonetica.md\/ro\/?s={search_term_string}\"},\"query-input\":{\"@type\":\"PropertyValueSpecification\",\"valueRequired\":true,\"valueName\":\"search_term_string\"}}],\"inLanguage\":\"ro-RO\"},{\"@type\":[\"Organization\",\"Place\",\"ElectronicsStore\"],\"@id\":\"https:\/\/sonetica.md\/ro\/#organization\",\"name\":\"Sonetica\",\"url\":\"https:\/\/sonetica.md\/ro\/\",\"logo\":{\"@id\":\"https:\/\/sonetica.md\/ro\/produs\/sanway-dsp-10kq\/#local-main-organization-logo\"},\"image\":{\"@id\":\"https:\/\/sonetica.md\/ro\/produs\/sanway-dsp-10kq\/#local-main-organization-logo\"},\"sameAs\":[\"https:\/\/www.facebook.com\/sonetica.md\"],\"legalName\":\"Sonetica SRL\",\"address\":{\"@id\":\"https:\/\/sonetica.md\/ro\/produs\/sanway-dsp-10kq\/#local-main-place-address\"},\"telephone\":[\"+373 22 274866\"],\"contactPoint\":{\"@type\":\"ContactPoint\",\"telephone\":\"(022) 27-48-66\"},\"openingHoursSpecification\":[{\"@type\":\"OpeningHoursSpecification\",\"dayOfWeek\":[\"Monday\",\"Tuesday\",\"Wednesday\",\"Thursday\",\"Friday\"],\"opens\":\"10:00\",\"closes\":\"17:00\"},{\"@type\":\"OpeningHoursSpecification\",\"dayOfWeek\":[\"Saturday\",\"Sunday\"],\"opens\":\"00:00\",\"closes\":\"00:00\"}],\"vatID\":\"0203112\",\"taxID\":\"1003600083647\",\"currenciesAccepted\":\"MDL\",\"paymentAccepted\":\"Cash, Card\"},{\"@type\":\"PostalAddress\",\"@id\":\"https:\/\/sonetica.md\/ro\/produs\/sanway-dsp-10kq\/#local-main-place-address\",\"streetAddress\":\"V. Alecsandri 30\",\"addressLocality\":\"Chisinau\",\"postalCode\":\"MD-2009\",\"addressCountry\":\"MD\"},{\"@type\":\"ImageObject\",\"inLanguage\":\"ro-RO\",\"@id\":\"https:\/\/sonetica.md\/ro\/produs\/sanway-dsp-10kq\/#local-main-organization-logo\",\"url\":\"https:\/\/sonetica.md\/wp-content\/uploads\/2025\/11\/sonetica_logo.png\",\"contentUrl\":\"https:\/\/sonetica.md\/wp-content\/uploads\/2025\/11\/sonetica_logo.png\",\"width\":453,\"height\":453,\"caption\":\"Sonetica\"}]}<\/script>\n<meta property=\"product:brand\" content=\"Sanway\" \/>\n<meta property=\"product:price:amount\" content=\"27600.00\" \/>\n<meta property=\"product:price:currency\" content=\"MDL\" \/>\n<meta property=\"og:availability\" content=\"instock\" \/>\n<meta property=\"product:availability\" content=\"instock\" \/>\n<meta property=\"product:retailer_item_id\" content=\"SANWAY-DSP10KQ\" \/>\n<meta property=\"product:condition\" content=\"new\" \/>\n<meta name=\"geo.placename\" content=\"Chisinau\" \/>\n<meta name=\"geo.region\" content=\"Republica Moldova\" \/>\n<!-- \/ Yoast SEO Premium plugin. -->","yoast_head_json":{"title":"Sanway DSP-10KQ cump\u0103r\u0103 \u00een Moldova | Sonetica","description":"Cump\u0103ra\u021bi Sanway DSP-10KQ \u00een magazinul Sonetica. Livrare \u00een Moldova. Garan\u021bie oficial\u0103.","robots":{"index":"index","follow":"follow","max-snippet":"max-snippet:-1","max-image-preview":"max-image-preview:large","max-video-preview":"max-video-preview:-1"},"canonical":"https:\/\/sonetica.md\/ro\/produs\/sanway-dsp-10kq\/","og_locale":"ro_RO","og_type":"article","og_title":"Sanway DSP-10KQ cump\u0103r\u0103 \u00een Moldova | Sonetica","og_description":"Cump\u0103r\u0103 Sanway DSP-10KQ din magazinul Sonetica. Livrare \u00een Moldova. Garan\u021bie oficial\u0103.","og_url":"https:\/\/sonetica.md\/ro\/produs\/sanway-dsp-10kq\/","og_site_name":"Sonetica","article_publisher":"https:\/\/www.facebook.com\/sonetica.md","og_image":[{"width":700,"height":700,"url":"https:\/\/sonetica.md\/wp-content\/uploads\/2025\/10\/sanway-dsp-10kq-3.jpg","type":"image\/jpeg"}],"twitter_card":"summary_large_image","twitter_misc":{"Pre\u021b":"27.600,00&nbsp;MDL","Disponibilitate":"\u00cen stoc"},"schema":{"@context":"https:\/\/schema.org","@graph":[{"@type":"WebPage","@id":"https:\/\/sonetica.md\/ro\/produs\/sanway-dsp-10kq\/","url":"https:\/\/sonetica.md\/ro\/produs\/sanway-dsp-10kq\/","name":"Sanway DSP-10KQ cump\u0103r\u0103 \u00een Moldova | Sonetica","isPartOf":{"@id":"https:\/\/sonetica.md\/ro\/#website"},"primaryImageOfPage":{"@id":"https:\/\/sonetica.md\/ro\/produs\/sanway-dsp-10kq\/#primaryimage"},"image":{"@id":"https:\/\/sonetica.md\/ro\/produs\/sanway-dsp-10kq\/#primaryimage"},"thumbnailUrl":"https:\/\/sonetica.md\/wp-content\/uploads\/2025\/10\/sanway-dsp-10kq-3.jpg","datePublished":"2025-11-07T19:47:20+00:00","description":"Cump\u0103ra\u021bi Sanway DSP-10KQ \u00een magazinul Sonetica. Livrare \u00een Moldova. Garan\u021bie oficial\u0103.","breadcrumb":{"@id":"https:\/\/sonetica.md\/ro\/produs\/sanway-dsp-10kq\/#breadcrumb"},"inLanguage":"ro-RO","potentialAction":[{"@type":"ReadAction","target":["https:\/\/sonetica.md\/ro\/produs\/sanway-dsp-10kq\/"]}]},{"@type":"ImageObject","inLanguage":"ro-RO","@id":"https:\/\/sonetica.md\/ro\/produs\/sanway-dsp-10kq\/#primaryimage","url":"https:\/\/sonetica.md\/wp-content\/uploads\/2025\/10\/sanway-dsp-10kq-3.jpg","contentUrl":"https:\/\/sonetica.md\/wp-content\/uploads\/2025\/10\/sanway-dsp-10kq-3.jpg","width":700,"height":700},{"@type":"BreadcrumbList","@id":"https:\/\/sonetica.md\/ro\/produs\/sanway-dsp-10kq\/#breadcrumb","itemListElement":[{"@type":"ListItem","position":1,"name":"Acas\u0103","item":"https:\/\/sonetica.md\/ro\/"},{"@type":"ListItem","position":2,"name":"Produse","item":"https:\/\/sonetica.md\/ro\/shop\/"},{"@type":"ListItem","position":3,"name":"Amplificatoare","item":"https:\/\/sonetica.md\/ro\/product-category\/amplificatoare\/"},{"@type":"ListItem","position":4,"name":"Amplificatoare De putere","item":"https:\/\/sonetica.md\/ro\/product-category\/amplificatoare\/power-amplifiers\/"},{"@type":"ListItem","position":5,"name":"Sanway DSP-10KQ"}]},{"@type":"WebSite","@id":"https:\/\/sonetica.md\/ro\/#website","url":"https:\/\/sonetica.md\/ro\/","name":"Sonetica","description":"Audio Equipment and Accessories","publisher":{"@id":"https:\/\/sonetica.md\/ro\/#organization"},"potentialAction":[{"@type":"SearchAction","target":{"@type":"EntryPoint","urlTemplate":"https:\/\/sonetica.md\/ro\/?s={search_term_string}"},"query-input":{"@type":"PropertyValueSpecification","valueRequired":true,"valueName":"search_term_string"}}],"inLanguage":"ro-RO"},{"@type":["Organization","Place","ElectronicsStore"],"@id":"https:\/\/sonetica.md\/ro\/#organization","name":"Sonetica","url":"https:\/\/sonetica.md\/ro\/","logo":{"@id":"https:\/\/sonetica.md\/ro\/produs\/sanway-dsp-10kq\/#local-main-organization-logo"},"image":{"@id":"https:\/\/sonetica.md\/ro\/produs\/sanway-dsp-10kq\/#local-main-organization-logo"},"sameAs":["https:\/\/www.facebook.com\/sonetica.md"],"legalName":"Sonetica SRL","address":{"@id":"https:\/\/sonetica.md\/ro\/produs\/sanway-dsp-10kq\/#local-main-place-address"},"telephone":["+373 22 274866"],"contactPoint":{"@type":"ContactPoint","telephone":"(022) 27-48-66"},"openingHoursSpecification":[{"@type":"OpeningHoursSpecification","dayOfWeek":["Monday","Tuesday","Wednesday","Thursday","Friday"],"opens":"10:00","closes":"17:00"},{"@type":"OpeningHoursSpecification","dayOfWeek":["Saturday","Sunday"],"opens":"00:00","closes":"00:00"}],"vatID":"0203112","taxID":"1003600083647","currenciesAccepted":"MDL","paymentAccepted":"Cash, Card"},{"@type":"PostalAddress","@id":"https:\/\/sonetica.md\/ro\/produs\/sanway-dsp-10kq\/#local-main-place-address","streetAddress":"V. Alecsandri 30","addressLocality":"Chisinau","postalCode":"MD-2009","addressCountry":"MD"},{"@type":"ImageObject","inLanguage":"ro-RO","@id":"https:\/\/sonetica.md\/ro\/produs\/sanway-dsp-10kq\/#local-main-organization-logo","url":"https:\/\/sonetica.md\/wp-content\/uploads\/2025\/11\/sonetica_logo.png","contentUrl":"https:\/\/sonetica.md\/wp-content\/uploads\/2025\/11\/sonetica_logo.png","width":453,"height":453,"caption":"Sonetica"}]},"product_brand":"Sanway","product_price_amount":"27600.00","product_price_currency":"MDL","og_availability":"instock","product_availability":"instock","product_retailer_item_id":"SANWAY-DSP10KQ","product_condition":"new","geo.placename":"Chisinau","geo.region":"Republica Moldova"},"_links":{"self":[{"href":"https:\/\/sonetica.md\/ro\/wp-json\/wp\/v2\/product\/2933","targetHints":{"allow":["GET"]}}],"collection":[{"href":"https:\/\/sonetica.md\/ro\/wp-json\/wp\/v2\/product"}],"about":[{"href":"https:\/\/sonetica.md\/ro\/wp-json\/wp\/v2\/types\/product"}],"wp:featuredmedia":[{"embeddable":true,"href":"https:\/\/sonetica.md\/ro\/wp-json\/wp\/v2\/media\/4064"}],"wp:attachment":[{"href":"https:\/\/sonetica.md\/ro\/wp-json\/wp\/v2\/media?parent=2933"}],"wp:term":[{"taxonomy":"product_brand","embeddable":true,"href":"https:\/\/sonetica.md\/ro\/wp-json\/wp\/v2\/product_brand?post=2933"},{"taxonomy":"product_cat","embeddable":true,"href":"https:\/\/sonetica.md\/ro\/wp-json\/wp\/v2\/product_cat?post=2933"},{"taxonomy":"product_tag","embeddable":true,"href":"https:\/\/sonetica.md\/ro\/wp-json\/wp\/v2\/product_tag?post=2933"}],"curies":[{"name":"wp","href":"https:\/\/api.w.org\/{rel}","templated":true}]}}