{"id":4809,"date":"2026-01-28T17:14:32","date_gmt":"2026-01-28T15:14:32","guid":{"rendered":"https:\/\/sonetica.md\/?post_type=product&#038;p=4809"},"modified":"2026-01-29T18:23:27","modified_gmt":"2026-01-29T16:23:27","slug":"chauvet-gigbar-move-plus-ils","status":"publish","type":"product","link":"https:\/\/sonetica.md\/ro\/produs\/chauvet-gigbar-move-plus-ils\/","title":{"rendered":"Chauvet GigBAR Move PLUS ILS"},"content":{"rendered":"<p>Viitorul sincroniz\u0103rii u\u0219oare a iluminatului este aici cu GigBAR Move + ILS. Acest sistem poate controla orice dispozitiv compatibil ILS, prin cablu sau wireless. GigBAR Move + ILS este un sistem de iluminat 5-\u00een-1 care include capete mobile (moving heads), efecte derby, proiectoare wash, un laser \u0219i un efect stroboscop pre-montate pe o singur\u0103 bar\u0103. Navigarea u\u0219oar\u0103 \u0219i accesul la toate func\u021biile puternice ale capetelor mobile de 32 de wa\u021bi pot fi realizate direct de pe ecranul LCD color, iar modul Totem men\u021bine capetele mobile concentrate pe ringul de dans. LED-urile UV \u00eencorporate ilumineaz\u0103 obiectele fluorescente pentru efecte uluitoare de lumin\u0103 neagr\u0103 (blacklight). GigBAR Move + ILS v\u0103 ofer\u0103 control individual asupra fiec\u0103rui efect pentru a v\u0103 asigura c\u0103 spectacolul arat\u0103 exact a\u0219a cum v\u0103 dori\u021bi, dar a disp\u0103rut necesitatea de a \u00eendrepta telecomanda direct spre unitate! Telecomanda RF inclus\u0103 declan\u0219eaz\u0103 programele \u00eencorporate f\u0103r\u0103 a fi necesar\u0103 vizibilitatea direct\u0103. Alte op\u021biuni de control includ modul stand-alone, DMX sau pedala wireless. Pachetul GigBAR Move + ILS include un trepied, pedal\u0103 wireless, telecomand\u0103 RF \u0219i gen\u021bi de transport GRATUITE pentru o configurare rapid\u0103.<\/p>\n<h2>Caracteristici principale<\/h2>\n<ul>\n<li>Sistem de iluminat 5-\u00een-1 care include capete mobile, derby, wash, laser \u0219i stroboscop pe o singur\u0103 bar\u0103<\/li>\n<li>Compatibilitate ILS pentru utilizare \u00een ecosistemul ILS \u2013 o tehnologie complet\u0103 care ofer\u0103 un spectacol de lumin\u0103 avansat \u0219i coordonat \u00eentre mai multe tipuri de dispozitive<\/li>\n<li>Controla\u021bi orice dispozitiv compatibil ILS wireless cu transmi\u021b\u0103torul D-Fi \u00eencorporat<\/li>\n<li>Utiliza\u021bi telecomanda RF inclus\u0103 pentru a activa programele integrate f\u0103r\u0103 a fi nevoie de vizibilitate direct\u0103<\/li>\n<li>Capete mobile puternice cu ro\u021bi separate de culori \u0219i gobo-uri care permit o programare creativ\u0103<\/li>\n<li>Modul Totem men\u021bine capetele mobile concentrate pe ringul de dans<\/li>\n<li>Navigare u\u0219oar\u0103 \u0219i acces la toate func\u021biile capetelor mobile direct de pe ecranul LCD color<\/li>\n<li>Se monteaz\u0103 \u00een siguran\u021b\u0103 pe grinzi (truss) sau tavan folosind inser\u021biile filetate de 3\/8 in<\/li>\n<li>Sistemul include trepied, pedal\u0103 wireless, telecomand\u0103 RF \u0219i gen\u021bi de transport GRATUITE<\/li>\n<li>LED-urile UV integrate ilumineaz\u0103 obiectele fluorescente pentru efecte de \u201eblacklight\u201d spectaculoase<\/li>\n<li>Controlul individual al fiec\u0103rui efect asigur\u0103 aspectul dorit al spectacolului<\/li>\n<li>Control facil via stand-alone, DMX, telecomand\u0103 RF sau pedal\u0103 wireless<\/li>\n<\/ul>\n<h2>Ce este inclus<\/h2>\n<ul>\n<li>GigBar Move Plus ILS<\/li>\n<li>Cablu de alimentare<\/li>\n<li>Telecomand\u0103 RF<\/li>\n<li>Geant\u0103 de transport<\/li>\n<li>Trepied<\/li>\n<li>Geant\u0103 transport trepied<\/li>\n<li>Pedal\u0103 (Footswitch)<\/li>\n<li>Manual de utilizare<\/li>\n<\/ul>\n<h2>Specifica\u021bii<\/h2>\n<ul>\n<li>Canale DMX: 3, 29 sau 51<\/li>\n<li>Conectori DMX: XLR cu 3 pini<\/li>\n<li>Pan \u0219i Tilt: 540\u00b0\/180\u00b0<\/li>\n<li>Culori (moving head): 9 + deschis, culori split, scroll continuu cu vitez\u0103 variabil\u0103<\/li>\n<li>Gobo-uri (moving head): 9 + deschis, scroll continuu cu vitez\u0103 variabil\u0103<\/li>\n<li>Surs\u0103 de lumin\u0103: (pars): 3 LED-uri (hex-color RGBAW+UV) 6 W (2 A), durat\u0103 de via\u021b\u0103 50.000 ore (strobe): 4 LED-uri (alb rece) 5 W (1.2 A), durat\u0103 de via\u021b\u0103 50.000 ore (derby): 8 LED-uri (2 ro\u0219ii, 2 verzi, 2 albastre, 2 albe) 6.5 W (2 A), durat\u0103 de via\u021b\u0103 50.000 ore (moving head): 1 LED (alb rece) 32 W (3 A), durat\u0103 de via\u021b\u0103 50.000 ore (Laser): diod\u0103 laser 638 nm\/30mW (ro\u0219u), 520 nm\/20 mW (verde), 450 nm\/ 50 mW (albastru)<\/li>\n<li>Rata stroboscop: 0 la 30 Hz<\/li>\n<li>Unghi fascicul (Beam Angle): moving head: 17\u00b0, pars: 22\u00b0, strobe: 30\u00b0<\/li>\n<li>Greutate (doar bara): 14 kg<\/li>\n<li>Dimensiuni: 1100 x 144 x 449 mm<\/li>\n<\/ul>\n","protected":false},"excerpt":{"rendered":"<p>Sistem de iluminat 5-\u00een-1 care include capete mobile, efecte derby, proiectoare wash, un laser \u0219i un efect stroboscop, toate pre-montate pe o singur\u0103 bar\u0103.<\/p>\n","protected":false},"featured_media":4804,"template":"","meta":{"_acf_changed":false,"_gspb_post_css":""},"product_brand":[447],"product_cat":[358],"product_tag":[],"class_list":{"0":"post-4809","1":"product","2":"type-product","3":"status-publish","4":"has-post-thumbnail","6":"product_brand-chauvet","7":"product_cat-lighting-fixtures","9":"first","10":"instock","11":"taxable","12":"shipping-taxable","13":"purchasable","14":"product-type-simple"},"acf":[],"yoast_head":"<!-- This site is optimized with the Yoast SEO Premium plugin v27.2 (Yoast SEO v27.2) - https:\/\/yoast.com\/product\/yoast-seo-premium-wordpress\/ -->\n<title>Chauvet GigBAR Move PLUS ILS cump\u0103r\u0103 \u00een Moldova | Sonetica<\/title>\n<meta name=\"description\" content=\"Cump\u0103ra\u021bi Chauvet GigBAR Move PLUS ILS \u00een magazinul Sonetica. Livrare \u00een Moldova. Garan\u021bie oficial\u0103.\" \/>\n<meta name=\"robots\" content=\"index, follow, max-snippet:-1, max-image-preview:large, max-video-preview:-1\" \/>\n<link rel=\"canonical\" href=\"https:\/\/sonetica.md\/ro\/produs\/chauvet-gigbar-move-plus-ils\/\" \/>\n<meta property=\"og:locale\" content=\"ro_RO\" \/>\n<meta property=\"og:type\" content=\"article\" \/>\n<meta property=\"og:title\" content=\"Chauvet GigBAR Move PLUS ILS cump\u0103r\u0103 \u00een Moldova | Sonetica\" \/>\n<meta property=\"og:description\" content=\"Cump\u0103r\u0103 Chauvet GigBAR Move PLUS ILS din magazinul Sonetica. Livrare \u00een Moldova. Garan\u021bie oficial\u0103.\" \/>\n<meta property=\"og:url\" content=\"https:\/\/sonetica.md\/ro\/produs\/chauvet-gigbar-move-plus-ils\/\" \/>\n<meta property=\"og:site_name\" content=\"Sonetica\" \/>\n<meta property=\"article:publisher\" content=\"https:\/\/www.facebook.com\/sonetica.md\" \/>\n<meta property=\"article:modified_time\" content=\"2026-01-29T16:23:27+00:00\" \/>\n<meta property=\"og:image\" content=\"https:\/\/sonetica.md\/wp-content\/uploads\/2026\/01\/chauvet-GIGBAR_MOVE_PLUS_ILS-ON_TRIPOD-FRONT.webp\" \/>\n\t<meta property=\"og:image:width\" content=\"600\" \/>\n\t<meta property=\"og:image:height\" content=\"800\" \/>\n\t<meta property=\"og:image:type\" content=\"image\/webp\" \/>\n<meta name=\"twitter:card\" content=\"summary_large_image\" \/>\n<meta name=\"twitter:label1\" content=\"Pre\u021b\" \/>\n\t<meta name=\"twitter:data1\" content=\"31.800,00&nbsp;MDL\" \/>\n\t<meta name=\"twitter:label2\" content=\"Disponibilitate\" \/>\n\t<meta name=\"twitter:data2\" content=\"\u00cen stoc\" \/>\n<script type=\"application\/ld+json\" class=\"yoast-schema-graph\">{\"@context\":\"https:\/\/schema.org\",\"@graph\":[{\"@type\":\"WebPage\",\"@id\":\"https:\/\/sonetica.md\/ro\/produs\/chauvet-gigbar-move-plus-ils\/\",\"url\":\"https:\/\/sonetica.md\/ro\/produs\/chauvet-gigbar-move-plus-ils\/\",\"name\":\"Chauvet GigBAR Move PLUS ILS cump\u0103r\u0103 \u00een Moldova | Sonetica\",\"isPartOf\":{\"@id\":\"https:\/\/sonetica.md\/ro\/#website\"},\"primaryImageOfPage\":{\"@id\":\"https:\/\/sonetica.md\/ro\/produs\/chauvet-gigbar-move-plus-ils\/#primaryimage\"},\"image\":{\"@id\":\"https:\/\/sonetica.md\/ro\/produs\/chauvet-gigbar-move-plus-ils\/#primaryimage\"},\"thumbnailUrl\":\"https:\/\/sonetica.md\/wp-content\/uploads\/2026\/01\/chauvet-GIGBAR_MOVE_PLUS_ILS-ON_TRIPOD-FRONT.webp\",\"datePublished\":\"2026-01-28T15:14:32+00:00\",\"dateModified\":\"2026-01-29T16:23:27+00:00\",\"description\":\"Cump\u0103ra\u021bi Chauvet GigBAR Move PLUS ILS \u00een magazinul Sonetica. Livrare \u00een Moldova. Garan\u021bie oficial\u0103.\",\"breadcrumb\":{\"@id\":\"https:\/\/sonetica.md\/ro\/produs\/chauvet-gigbar-move-plus-ils\/#breadcrumb\"},\"inLanguage\":\"ro-RO\",\"potentialAction\":[{\"@type\":\"ReadAction\",\"target\":[\"https:\/\/sonetica.md\/ro\/produs\/chauvet-gigbar-move-plus-ils\/\"]}]},{\"@type\":\"ImageObject\",\"inLanguage\":\"ro-RO\",\"@id\":\"https:\/\/sonetica.md\/ro\/produs\/chauvet-gigbar-move-plus-ils\/#primaryimage\",\"url\":\"https:\/\/sonetica.md\/wp-content\/uploads\/2026\/01\/chauvet-GIGBAR_MOVE_PLUS_ILS-ON_TRIPOD-FRONT.webp\",\"contentUrl\":\"https:\/\/sonetica.md\/wp-content\/uploads\/2026\/01\/chauvet-GIGBAR_MOVE_PLUS_ILS-ON_TRIPOD-FRONT.webp\",\"width\":600,\"height\":800},{\"@type\":\"BreadcrumbList\",\"@id\":\"https:\/\/sonetica.md\/ro\/produs\/chauvet-gigbar-move-plus-ils\/#breadcrumb\",\"itemListElement\":[{\"@type\":\"ListItem\",\"position\":1,\"name\":\"Acas\u0103\",\"item\":\"https:\/\/sonetica.md\/ro\/\"},{\"@type\":\"ListItem\",\"position\":2,\"name\":\"Produse\",\"item\":\"https:\/\/sonetica.md\/ro\/shop\/\"},{\"@type\":\"ListItem\",\"position\":3,\"name\":\"Lumini\",\"item\":\"https:\/\/sonetica.md\/ro\/product-category\/lighting\/\"},{\"@type\":\"ListItem\",\"position\":4,\"name\":\"Aparate de Lumini\",\"item\":\"https:\/\/sonetica.md\/ro\/product-category\/lighting\/lighting-fixtures\/\"},{\"@type\":\"ListItem\",\"position\":5,\"name\":\"Chauvet GigBAR Move PLUS ILS\"}]},{\"@type\":\"WebSite\",\"@id\":\"https:\/\/sonetica.md\/ro\/#website\",\"url\":\"https:\/\/sonetica.md\/ro\/\",\"name\":\"Sonetica\",\"description\":\"Audio Equipment and Accessories\",\"publisher\":{\"@id\":\"https:\/\/sonetica.md\/ro\/#organization\"},\"potentialAction\":[{\"@type\":\"SearchAction\",\"target\":{\"@type\":\"EntryPoint\",\"urlTemplate\":\"https:\/\/sonetica.md\/ro\/?s={search_term_string}\"},\"query-input\":{\"@type\":\"PropertyValueSpecification\",\"valueRequired\":true,\"valueName\":\"search_term_string\"}}],\"inLanguage\":\"ro-RO\"},{\"@type\":[\"Organization\",\"Place\",\"ElectronicsStore\"],\"@id\":\"https:\/\/sonetica.md\/ro\/#organization\",\"name\":\"Sonetica\",\"url\":\"https:\/\/sonetica.md\/ro\/\",\"logo\":{\"@id\":\"https:\/\/sonetica.md\/ro\/produs\/chauvet-gigbar-move-plus-ils\/#local-main-organization-logo\"},\"image\":{\"@id\":\"https:\/\/sonetica.md\/ro\/produs\/chauvet-gigbar-move-plus-ils\/#local-main-organization-logo\"},\"sameAs\":[\"https:\/\/www.facebook.com\/sonetica.md\"],\"legalName\":\"Sonetica SRL\",\"address\":{\"@id\":\"https:\/\/sonetica.md\/ro\/produs\/chauvet-gigbar-move-plus-ils\/#local-main-place-address\"},\"telephone\":[\"+373 22 274866\"],\"contactPoint\":{\"@type\":\"ContactPoint\",\"telephone\":\"(022) 27-48-66\"},\"openingHoursSpecification\":[{\"@type\":\"OpeningHoursSpecification\",\"dayOfWeek\":[\"Monday\",\"Tuesday\",\"Wednesday\",\"Thursday\",\"Friday\"],\"opens\":\"10:00\",\"closes\":\"17:00\"},{\"@type\":\"OpeningHoursSpecification\",\"dayOfWeek\":[\"Saturday\",\"Sunday\"],\"opens\":\"00:00\",\"closes\":\"00:00\"}],\"vatID\":\"0203112\",\"taxID\":\"1003600083647\",\"currenciesAccepted\":\"MDL\",\"paymentAccepted\":\"Cash, Card\"},{\"@type\":\"PostalAddress\",\"@id\":\"https:\/\/sonetica.md\/ro\/produs\/chauvet-gigbar-move-plus-ils\/#local-main-place-address\",\"streetAddress\":\"V. Alecsandri 30\",\"addressLocality\":\"Chisinau\",\"postalCode\":\"MD-2009\",\"addressCountry\":\"MD\"},{\"@type\":\"ImageObject\",\"inLanguage\":\"ro-RO\",\"@id\":\"https:\/\/sonetica.md\/ro\/produs\/chauvet-gigbar-move-plus-ils\/#local-main-organization-logo\",\"url\":\"https:\/\/sonetica.md\/wp-content\/uploads\/2025\/11\/sonetica_logo.png\",\"contentUrl\":\"https:\/\/sonetica.md\/wp-content\/uploads\/2025\/11\/sonetica_logo.png\",\"width\":453,\"height\":453,\"caption\":\"Sonetica\"}]}<\/script>\n<meta property=\"product:brand\" content=\"Chauvet\" \/>\n<meta property=\"product:price:amount\" content=\"31800.00\" \/>\n<meta property=\"product:price:currency\" content=\"MDL\" \/>\n<meta property=\"og:availability\" content=\"instock\" \/>\n<meta property=\"product:availability\" content=\"instock\" \/>\n<meta property=\"product:retailer_item_id\" content=\"Chauvet-GigBAR-Move-PLUS-ILS\" \/>\n<meta property=\"product:condition\" content=\"new\" \/>\n<meta name=\"geo.placename\" content=\"Chisinau\" \/>\n<meta name=\"geo.region\" content=\"Republica Moldova\" \/>\n<!-- \/ Yoast SEO Premium plugin. -->","yoast_head_json":{"title":"Chauvet GigBAR Move PLUS ILS cump\u0103r\u0103 \u00een Moldova | Sonetica","description":"Cump\u0103ra\u021bi Chauvet GigBAR Move PLUS ILS \u00een magazinul Sonetica. Livrare \u00een Moldova. Garan\u021bie oficial\u0103.","robots":{"index":"index","follow":"follow","max-snippet":"max-snippet:-1","max-image-preview":"max-image-preview:large","max-video-preview":"max-video-preview:-1"},"canonical":"https:\/\/sonetica.md\/ro\/produs\/chauvet-gigbar-move-plus-ils\/","og_locale":"ro_RO","og_type":"article","og_title":"Chauvet GigBAR Move PLUS ILS cump\u0103r\u0103 \u00een Moldova | Sonetica","og_description":"Cump\u0103r\u0103 Chauvet GigBAR Move PLUS ILS din magazinul Sonetica. Livrare \u00een Moldova. Garan\u021bie oficial\u0103.","og_url":"https:\/\/sonetica.md\/ro\/produs\/chauvet-gigbar-move-plus-ils\/","og_site_name":"Sonetica","article_publisher":"https:\/\/www.facebook.com\/sonetica.md","article_modified_time":"2026-01-29T16:23:27+00:00","og_image":[{"width":600,"height":800,"url":"https:\/\/sonetica.md\/wp-content\/uploads\/2026\/01\/chauvet-GIGBAR_MOVE_PLUS_ILS-ON_TRIPOD-FRONT.webp","type":"image\/webp"}],"twitter_card":"summary_large_image","twitter_misc":{"Pre\u021b":"31.800,00&nbsp;MDL","Disponibilitate":"\u00cen stoc"},"schema":{"@context":"https:\/\/schema.org","@graph":[{"@type":"WebPage","@id":"https:\/\/sonetica.md\/ro\/produs\/chauvet-gigbar-move-plus-ils\/","url":"https:\/\/sonetica.md\/ro\/produs\/chauvet-gigbar-move-plus-ils\/","name":"Chauvet GigBAR Move PLUS ILS cump\u0103r\u0103 \u00een Moldova | Sonetica","isPartOf":{"@id":"https:\/\/sonetica.md\/ro\/#website"},"primaryImageOfPage":{"@id":"https:\/\/sonetica.md\/ro\/produs\/chauvet-gigbar-move-plus-ils\/#primaryimage"},"image":{"@id":"https:\/\/sonetica.md\/ro\/produs\/chauvet-gigbar-move-plus-ils\/#primaryimage"},"thumbnailUrl":"https:\/\/sonetica.md\/wp-content\/uploads\/2026\/01\/chauvet-GIGBAR_MOVE_PLUS_ILS-ON_TRIPOD-FRONT.webp","datePublished":"2026-01-28T15:14:32+00:00","dateModified":"2026-01-29T16:23:27+00:00","description":"Cump\u0103ra\u021bi Chauvet GigBAR Move PLUS ILS \u00een magazinul Sonetica. Livrare \u00een Moldova. Garan\u021bie oficial\u0103.","breadcrumb":{"@id":"https:\/\/sonetica.md\/ro\/produs\/chauvet-gigbar-move-plus-ils\/#breadcrumb"},"inLanguage":"ro-RO","potentialAction":[{"@type":"ReadAction","target":["https:\/\/sonetica.md\/ro\/produs\/chauvet-gigbar-move-plus-ils\/"]}]},{"@type":"ImageObject","inLanguage":"ro-RO","@id":"https:\/\/sonetica.md\/ro\/produs\/chauvet-gigbar-move-plus-ils\/#primaryimage","url":"https:\/\/sonetica.md\/wp-content\/uploads\/2026\/01\/chauvet-GIGBAR_MOVE_PLUS_ILS-ON_TRIPOD-FRONT.webp","contentUrl":"https:\/\/sonetica.md\/wp-content\/uploads\/2026\/01\/chauvet-GIGBAR_MOVE_PLUS_ILS-ON_TRIPOD-FRONT.webp","width":600,"height":800},{"@type":"BreadcrumbList","@id":"https:\/\/sonetica.md\/ro\/produs\/chauvet-gigbar-move-plus-ils\/#breadcrumb","itemListElement":[{"@type":"ListItem","position":1,"name":"Acas\u0103","item":"https:\/\/sonetica.md\/ro\/"},{"@type":"ListItem","position":2,"name":"Produse","item":"https:\/\/sonetica.md\/ro\/shop\/"},{"@type":"ListItem","position":3,"name":"Lumini","item":"https:\/\/sonetica.md\/ro\/product-category\/lighting\/"},{"@type":"ListItem","position":4,"name":"Aparate de Lumini","item":"https:\/\/sonetica.md\/ro\/product-category\/lighting\/lighting-fixtures\/"},{"@type":"ListItem","position":5,"name":"Chauvet GigBAR Move PLUS ILS"}]},{"@type":"WebSite","@id":"https:\/\/sonetica.md\/ro\/#website","url":"https:\/\/sonetica.md\/ro\/","name":"Sonetica","description":"Audio Equipment and Accessories","publisher":{"@id":"https:\/\/sonetica.md\/ro\/#organization"},"potentialAction":[{"@type":"SearchAction","target":{"@type":"EntryPoint","urlTemplate":"https:\/\/sonetica.md\/ro\/?s={search_term_string}"},"query-input":{"@type":"PropertyValueSpecification","valueRequired":true,"valueName":"search_term_string"}}],"inLanguage":"ro-RO"},{"@type":["Organization","Place","ElectronicsStore"],"@id":"https:\/\/sonetica.md\/ro\/#organization","name":"Sonetica","url":"https:\/\/sonetica.md\/ro\/","logo":{"@id":"https:\/\/sonetica.md\/ro\/produs\/chauvet-gigbar-move-plus-ils\/#local-main-organization-logo"},"image":{"@id":"https:\/\/sonetica.md\/ro\/produs\/chauvet-gigbar-move-plus-ils\/#local-main-organization-logo"},"sameAs":["https:\/\/www.facebook.com\/sonetica.md"],"legalName":"Sonetica SRL","address":{"@id":"https:\/\/sonetica.md\/ro\/produs\/chauvet-gigbar-move-plus-ils\/#local-main-place-address"},"telephone":["+373 22 274866"],"contactPoint":{"@type":"ContactPoint","telephone":"(022) 27-48-66"},"openingHoursSpecification":[{"@type":"OpeningHoursSpecification","dayOfWeek":["Monday","Tuesday","Wednesday","Thursday","Friday"],"opens":"10:00","closes":"17:00"},{"@type":"OpeningHoursSpecification","dayOfWeek":["Saturday","Sunday"],"opens":"00:00","closes":"00:00"}],"vatID":"0203112","taxID":"1003600083647","currenciesAccepted":"MDL","paymentAccepted":"Cash, Card"},{"@type":"PostalAddress","@id":"https:\/\/sonetica.md\/ro\/produs\/chauvet-gigbar-move-plus-ils\/#local-main-place-address","streetAddress":"V. Alecsandri 30","addressLocality":"Chisinau","postalCode":"MD-2009","addressCountry":"MD"},{"@type":"ImageObject","inLanguage":"ro-RO","@id":"https:\/\/sonetica.md\/ro\/produs\/chauvet-gigbar-move-plus-ils\/#local-main-organization-logo","url":"https:\/\/sonetica.md\/wp-content\/uploads\/2025\/11\/sonetica_logo.png","contentUrl":"https:\/\/sonetica.md\/wp-content\/uploads\/2025\/11\/sonetica_logo.png","width":453,"height":453,"caption":"Sonetica"}]},"product_brand":"Chauvet","product_price_amount":"31800.00","product_price_currency":"MDL","og_availability":"instock","product_availability":"instock","product_retailer_item_id":"Chauvet-GigBAR-Move-PLUS-ILS","product_condition":"new","geo.placename":"Chisinau","geo.region":"Republica Moldova"},"_links":{"self":[{"href":"https:\/\/sonetica.md\/ro\/wp-json\/wp\/v2\/product\/4809","targetHints":{"allow":["GET"]}}],"collection":[{"href":"https:\/\/sonetica.md\/ro\/wp-json\/wp\/v2\/product"}],"about":[{"href":"https:\/\/sonetica.md\/ro\/wp-json\/wp\/v2\/types\/product"}],"wp:featuredmedia":[{"embeddable":true,"href":"https:\/\/sonetica.md\/ro\/wp-json\/wp\/v2\/media\/4804"}],"wp:attachment":[{"href":"https:\/\/sonetica.md\/ro\/wp-json\/wp\/v2\/media?parent=4809"}],"wp:term":[{"taxonomy":"product_brand","embeddable":true,"href":"https:\/\/sonetica.md\/ro\/wp-json\/wp\/v2\/product_brand?post=4809"},{"taxonomy":"product_cat","embeddable":true,"href":"https:\/\/sonetica.md\/ro\/wp-json\/wp\/v2\/product_cat?post=4809"},{"taxonomy":"product_tag","embeddable":true,"href":"https:\/\/sonetica.md\/ro\/wp-json\/wp\/v2\/product_tag?post=4809"}],"curies":[{"name":"wp","href":"https:\/\/api.w.org\/{rel}","templated":true}]}}