{"id":4814,"date":"2026-01-28T17:14:32","date_gmt":"2026-01-28T15:14:32","guid":{"rendered":"https:\/\/sonetica.md\/?post_type=product&#038;p=4814"},"modified":"2026-01-29T18:43:21","modified_gmt":"2026-01-29T16:43:21","slug":"powersoft-x4-dsp-eth","status":"publish","type":"product","link":"https:\/\/sonetica.md\/ro\/produs\/powersoft-x4-dsp-eth\/","title":{"rendered":"Powersoft X4 DSP + ETH"},"content":{"rendered":"<p>Powersoft X4 inoveaz\u0103 \u0219i evolueaz\u0103 conceptul de platform\u0103 de amplificare prin integrarea unei surse de alimentare trifazate compatibile la nivel mondial \u0219i a unui DSP complet echipat.<\/p>\n<p>Sistemul complet de gestionare a semnalului audio digital, bazat pe procesorul ARM Cortex A-8 \u0219i platforma TI C6000 DSP, introduce un nivel nou de procesare, oferind rutare \u0219i mixare, egalizare multi-etap\u0103 cu filtre raised-cosine, IIR \u0219i FIR, delay de p\u00e2n\u0103 la 2s pe intrare \u0219i 100ms pentru alinierea temporal\u0103, reglaj de gain \u0219i polaritate, crossover, limitatoare de v\u00e2rf, limitatoare TruePower\u2122 \u0219i Active DampingControl\u2122.<\/p>\n<p>Sursa de alimentare permite acceptarea AC la nivel mondial \u0219i conectarea direct\u0103 la orice configura\u021bie regional\u0103 de re\u021bea: este potrivit\u0103 pentru func\u021bionarea monofazat\u0103, bifazat\u0103 sau trifazat\u0103 de la 85 VAC p\u00e2n\u0103 la 440 VAC, f\u0103r\u0103 a fi necesar\u0103 selec\u021bia manual\u0103. Echilibrarea real\u0103 a sarcinii trifazate este gestionat\u0103 direct de unitate.<\/p>\n<h2>Caracteristici<\/h2>\n<h3><strong>Surs\u0103 de alimentare<\/strong><\/h3>\n<ul>\n<li>Potrivit\u0103 pentru operare Monofazat\u0103, Bifazat\u0103 sau Trifazat\u0103 (85 VAC &#8211; 440 VAC), cu comutare \u0219i echilibrare automat\u0103.<\/li>\n<li>Echilibrarea sarcinii trifazate gestionat\u0103 direct de unitate, elimin\u00e2nd complexitatea distribu\u021biei de sarcin\u0103 \u00een designul sistemului.<\/li>\n<li>Corec\u021bia Factorului de Putere (PFC) pentru consum redus \u0219i compatibilitate extins\u0103 cu diverse tensiuni.<\/li>\n<li>Limitatoare de putere care elimin\u0103 necesitatea secven\u021bierilor de alimentare scumpe.<\/li>\n<\/ul>\n<h3><strong>Protec\u021bii<\/strong><\/h3>\n<p>Design de circuit complet protejat cu:<\/p>\n<ul>\n<li>Protec\u021bie inovatoare la defectare, men\u021bin\u00e2nd sistemul \u00een zona de operare sigur\u0103 (SOA) prin compararea puterii livrate boxelor cu cea extras\u0103 din re\u021bea.<\/li>\n<li>M\u0103surarea \u00een timp real a semnalului de ie\u0219ire: datele sunt comparate cu energia stocat\u0103 \u0219i puterea disponibil\u0103 din re\u021bea, oferind imunitate la supratensiune, supracurent, scurtcircuit etc.<\/li>\n<li>Protec\u021bie \u00eempotriva semnalelor d\u0103un\u0103toare: DC, VHF \u0219i clipping.<\/li>\n<\/ul>\n<h3><strong>General<\/strong><\/h3>\n<ul>\n<li>Matrice intern\u0103 4\u00d74 pentru rutare \u0219i mixare flexibil\u0103 \u00eentre I\/O analogic \u0219i digital.<\/li>\n<li>4 canale de intrare cu conectori fizici analogici \u0219i digitali AES3; conexiune Dante\u2122 redundant\u0103 (op\u021bional 16-in\/8-out).<\/li>\n<li>Strategie de backup pentru intr\u0103ri personalizabil\u0103, care comut\u0103 automat sursa \u00een caz de pierdere a semnalului.<\/li>\n<li>Interfa\u021b\u0103 complet\u0103 integrat\u0103 \u00een Armon\u00edaPlus.<\/li>\n<li>Monitorizare la distan\u021b\u0103 prin WiFi folosind dispozitive mobile.<\/li>\n<\/ul>\n<h3><strong>Specifica\u021bii Putere<\/strong><\/h3>\n<table>\n<tbody>\n<tr>\n<td colspan=\"4\"><b>Putere de ie\u0219ire per canal<\/b><\/td>\n<\/tr>\n<tr>\n<td>Per canal<\/td>\n<td>5200 W @ 2 \u03a9<\/td>\n<td>3000 W @ 4 \u03a9<\/td>\n<td>1600 W @ 8 \u03a9<\/td>\n<\/tr>\n<tr>\n<td>Mod Bridge<\/td>\n<td>\u2014<\/td>\n<td>10400 W @ 4 \u03a9<\/td>\n<td>6000 W @ 8 \u03a9<\/td>\n<\/tr>\n<tr>\n<td colspan=\"4\"><b>Tensiune \/ Curent maxim de ie\u0219ire<\/b><\/td>\n<\/tr>\n<tr>\n<td>Tensiune maxim\u0103 @ 8 \u03a9<\/td>\n<td colspan=\"3\">175 Vpeak<\/td>\n<\/tr>\n<tr>\n<td>Curent maxim<\/td>\n<td colspan=\"3\">130 Apeak<\/td>\n<\/tr>\n<\/tbody>\n<\/table>\n","protected":false},"excerpt":{"rendered":"<p>Amplificator de referin\u021b\u0103 cu 4 canale \u0219i DSP, 4 x 5200 W<\/p>\n","protected":false},"featured_media":4810,"template":"","meta":{"_acf_changed":false,"_gspb_post_css":""},"product_brand":[469],"product_cat":[231],"product_tag":[],"class_list":{"0":"post-4814","1":"product","2":"type-product","3":"status-publish","4":"has-post-thumbnail","6":"product_brand-powersoft","7":"product_cat-power-amplifiers","9":"first","10":"instock","11":"taxable","12":"shipping-taxable","13":"purchasable","14":"product-type-simple"},"acf":[],"yoast_head":"<!-- This site is optimized with the Yoast SEO Premium plugin v27.2 (Yoast SEO v27.2) - https:\/\/yoast.com\/product\/yoast-seo-premium-wordpress\/ -->\n<title>Powersoft X4 DSP + ETH cump\u0103r\u0103 \u00een Moldova | Sonetica<\/title>\n<meta name=\"description\" content=\"Cump\u0103ra\u021bi Powersoft X4 DSP + ETH \u00een magazinul Sonetica. Livrare \u00een Moldova. Garan\u021bie oficial\u0103.\" \/>\n<meta name=\"robots\" content=\"index, follow, max-snippet:-1, max-image-preview:large, max-video-preview:-1\" \/>\n<link rel=\"canonical\" href=\"https:\/\/sonetica.md\/ro\/produs\/powersoft-x4-dsp-eth\/\" \/>\n<meta property=\"og:locale\" content=\"ro_RO\" \/>\n<meta property=\"og:type\" content=\"article\" \/>\n<meta property=\"og:title\" content=\"Powersoft X4 DSP + ETH cump\u0103r\u0103 \u00een Moldova | Sonetica\" \/>\n<meta property=\"og:description\" content=\"Cump\u0103r\u0103 Powersoft X4 DSP + ETH din magazinul Sonetica. Livrare \u00een Moldova. Garan\u021bie oficial\u0103.\" \/>\n<meta property=\"og:url\" content=\"https:\/\/sonetica.md\/ro\/produs\/powersoft-x4-dsp-eth\/\" \/>\n<meta property=\"og:site_name\" content=\"Sonetica\" \/>\n<meta property=\"article:publisher\" content=\"https:\/\/www.facebook.com\/sonetica.md\" \/>\n<meta property=\"article:modified_time\" content=\"2026-01-29T16:43:21+00:00\" \/>\n<meta property=\"og:image\" content=\"https:\/\/sonetica.md\/wp-content\/uploads\/2026\/01\/powersoft-X4_front-copy.webp\" \/>\n\t<meta property=\"og:image:width\" content=\"1024\" \/>\n\t<meta property=\"og:image:height\" content=\"1024\" \/>\n\t<meta property=\"og:image:type\" content=\"image\/webp\" \/>\n<meta name=\"twitter:card\" content=\"summary_large_image\" \/>\n<meta name=\"twitter:label1\" content=\"Pre\u021b\" \/>\n\t<meta name=\"twitter:data1\" content=\"120.000,00&nbsp;MDL\" \/>\n\t<meta name=\"twitter:label2\" content=\"Disponibilitate\" \/>\n\t<meta name=\"twitter:data2\" content=\"\u00cen stoc\" \/>\n<script type=\"application\/ld+json\" class=\"yoast-schema-graph\">{\"@context\":\"https:\/\/schema.org\",\"@graph\":[{\"@type\":\"WebPage\",\"@id\":\"https:\/\/sonetica.md\/ro\/produs\/powersoft-x4-dsp-eth\/\",\"url\":\"https:\/\/sonetica.md\/ro\/produs\/powersoft-x4-dsp-eth\/\",\"name\":\"Powersoft X4 DSP + ETH cump\u0103r\u0103 \u00een Moldova | Sonetica\",\"isPartOf\":{\"@id\":\"https:\/\/sonetica.md\/ro\/#website\"},\"primaryImageOfPage\":{\"@id\":\"https:\/\/sonetica.md\/ro\/produs\/powersoft-x4-dsp-eth\/#primaryimage\"},\"image\":{\"@id\":\"https:\/\/sonetica.md\/ro\/produs\/powersoft-x4-dsp-eth\/#primaryimage\"},\"thumbnailUrl\":\"https:\/\/sonetica.md\/wp-content\/uploads\/2026\/01\/powersoft-X4_front-copy.webp\",\"datePublished\":\"2026-01-28T15:14:32+00:00\",\"dateModified\":\"2026-01-29T16:43:21+00:00\",\"description\":\"Cump\u0103ra\u021bi Powersoft X4 DSP + ETH \u00een magazinul Sonetica. Livrare \u00een Moldova. Garan\u021bie oficial\u0103.\",\"breadcrumb\":{\"@id\":\"https:\/\/sonetica.md\/ro\/produs\/powersoft-x4-dsp-eth\/#breadcrumb\"},\"inLanguage\":\"ro-RO\",\"potentialAction\":[{\"@type\":\"ReadAction\",\"target\":[\"https:\/\/sonetica.md\/ro\/produs\/powersoft-x4-dsp-eth\/\"]}]},{\"@type\":\"ImageObject\",\"inLanguage\":\"ro-RO\",\"@id\":\"https:\/\/sonetica.md\/ro\/produs\/powersoft-x4-dsp-eth\/#primaryimage\",\"url\":\"https:\/\/sonetica.md\/wp-content\/uploads\/2026\/01\/powersoft-X4_front-copy.webp\",\"contentUrl\":\"https:\/\/sonetica.md\/wp-content\/uploads\/2026\/01\/powersoft-X4_front-copy.webp\",\"width\":1024,\"height\":1024},{\"@type\":\"BreadcrumbList\",\"@id\":\"https:\/\/sonetica.md\/ro\/produs\/powersoft-x4-dsp-eth\/#breadcrumb\",\"itemListElement\":[{\"@type\":\"ListItem\",\"position\":1,\"name\":\"Acas\u0103\",\"item\":\"https:\/\/sonetica.md\/ro\/\"},{\"@type\":\"ListItem\",\"position\":2,\"name\":\"Produse\",\"item\":\"https:\/\/sonetica.md\/ro\/shop\/\"},{\"@type\":\"ListItem\",\"position\":3,\"name\":\"Amplificatoare\",\"item\":\"https:\/\/sonetica.md\/ro\/product-category\/amplificatoare\/\"},{\"@type\":\"ListItem\",\"position\":4,\"name\":\"Amplificatoare De putere\",\"item\":\"https:\/\/sonetica.md\/ro\/product-category\/amplificatoare\/power-amplifiers\/\"},{\"@type\":\"ListItem\",\"position\":5,\"name\":\"Powersoft X4 DSP + ETH\"}]},{\"@type\":\"WebSite\",\"@id\":\"https:\/\/sonetica.md\/ro\/#website\",\"url\":\"https:\/\/sonetica.md\/ro\/\",\"name\":\"Sonetica\",\"description\":\"Audio Equipment and Accessories\",\"publisher\":{\"@id\":\"https:\/\/sonetica.md\/ro\/#organization\"},\"potentialAction\":[{\"@type\":\"SearchAction\",\"target\":{\"@type\":\"EntryPoint\",\"urlTemplate\":\"https:\/\/sonetica.md\/ro\/?s={search_term_string}\"},\"query-input\":{\"@type\":\"PropertyValueSpecification\",\"valueRequired\":true,\"valueName\":\"search_term_string\"}}],\"inLanguage\":\"ro-RO\"},{\"@type\":[\"Organization\",\"Place\",\"ElectronicsStore\"],\"@id\":\"https:\/\/sonetica.md\/ro\/#organization\",\"name\":\"Sonetica\",\"url\":\"https:\/\/sonetica.md\/ro\/\",\"logo\":{\"@id\":\"https:\/\/sonetica.md\/ro\/produs\/powersoft-x4-dsp-eth\/#local-main-organization-logo\"},\"image\":{\"@id\":\"https:\/\/sonetica.md\/ro\/produs\/powersoft-x4-dsp-eth\/#local-main-organization-logo\"},\"sameAs\":[\"https:\/\/www.facebook.com\/sonetica.md\"],\"legalName\":\"Sonetica SRL\",\"address\":{\"@id\":\"https:\/\/sonetica.md\/ro\/produs\/powersoft-x4-dsp-eth\/#local-main-place-address\"},\"telephone\":[\"+373 22 274866\"],\"contactPoint\":{\"@type\":\"ContactPoint\",\"telephone\":\"(022) 27-48-66\"},\"openingHoursSpecification\":[{\"@type\":\"OpeningHoursSpecification\",\"dayOfWeek\":[\"Monday\",\"Tuesday\",\"Wednesday\",\"Thursday\",\"Friday\"],\"opens\":\"10:00\",\"closes\":\"17:00\"},{\"@type\":\"OpeningHoursSpecification\",\"dayOfWeek\":[\"Saturday\",\"Sunday\"],\"opens\":\"00:00\",\"closes\":\"00:00\"}],\"vatID\":\"0203112\",\"taxID\":\"1003600083647\",\"currenciesAccepted\":\"MDL\",\"paymentAccepted\":\"Cash, Card\"},{\"@type\":\"PostalAddress\",\"@id\":\"https:\/\/sonetica.md\/ro\/produs\/powersoft-x4-dsp-eth\/#local-main-place-address\",\"streetAddress\":\"V. Alecsandri 30\",\"addressLocality\":\"Chisinau\",\"postalCode\":\"MD-2009\",\"addressCountry\":\"MD\"},{\"@type\":\"ImageObject\",\"inLanguage\":\"ro-RO\",\"@id\":\"https:\/\/sonetica.md\/ro\/produs\/powersoft-x4-dsp-eth\/#local-main-organization-logo\",\"url\":\"https:\/\/sonetica.md\/wp-content\/uploads\/2025\/11\/sonetica_logo.png\",\"contentUrl\":\"https:\/\/sonetica.md\/wp-content\/uploads\/2025\/11\/sonetica_logo.png\",\"width\":453,\"height\":453,\"caption\":\"Sonetica\"}]}<\/script>\n<meta property=\"product:brand\" content=\"Powersoft\" \/>\n<meta property=\"product:price:amount\" content=\"120000.00\" \/>\n<meta property=\"product:price:currency\" content=\"MDL\" \/>\n<meta property=\"og:availability\" content=\"instock\" \/>\n<meta property=\"product:availability\" content=\"instock\" \/>\n<meta property=\"product:retailer_item_id\" content=\"powersoft-x4-dsp-eth\" \/>\n<meta property=\"product:condition\" content=\"new\" \/>\n<meta name=\"geo.placename\" content=\"Chisinau\" \/>\n<meta name=\"geo.region\" content=\"Republica Moldova\" \/>\n<!-- \/ Yoast SEO Premium plugin. -->","yoast_head_json":{"title":"Powersoft X4 DSP + ETH cump\u0103r\u0103 \u00een Moldova | Sonetica","description":"Cump\u0103ra\u021bi Powersoft X4 DSP + ETH \u00een magazinul Sonetica. Livrare \u00een Moldova. Garan\u021bie oficial\u0103.","robots":{"index":"index","follow":"follow","max-snippet":"max-snippet:-1","max-image-preview":"max-image-preview:large","max-video-preview":"max-video-preview:-1"},"canonical":"https:\/\/sonetica.md\/ro\/produs\/powersoft-x4-dsp-eth\/","og_locale":"ro_RO","og_type":"article","og_title":"Powersoft X4 DSP + ETH cump\u0103r\u0103 \u00een Moldova | Sonetica","og_description":"Cump\u0103r\u0103 Powersoft X4 DSP + ETH din magazinul Sonetica. Livrare \u00een Moldova. Garan\u021bie oficial\u0103.","og_url":"https:\/\/sonetica.md\/ro\/produs\/powersoft-x4-dsp-eth\/","og_site_name":"Sonetica","article_publisher":"https:\/\/www.facebook.com\/sonetica.md","article_modified_time":"2026-01-29T16:43:21+00:00","og_image":[{"width":1024,"height":1024,"url":"https:\/\/sonetica.md\/wp-content\/uploads\/2026\/01\/powersoft-X4_front-copy.webp","type":"image\/webp"}],"twitter_card":"summary_large_image","twitter_misc":{"Pre\u021b":"120.000,00&nbsp;MDL","Disponibilitate":"\u00cen stoc"},"schema":{"@context":"https:\/\/schema.org","@graph":[{"@type":"WebPage","@id":"https:\/\/sonetica.md\/ro\/produs\/powersoft-x4-dsp-eth\/","url":"https:\/\/sonetica.md\/ro\/produs\/powersoft-x4-dsp-eth\/","name":"Powersoft X4 DSP + ETH cump\u0103r\u0103 \u00een Moldova | Sonetica","isPartOf":{"@id":"https:\/\/sonetica.md\/ro\/#website"},"primaryImageOfPage":{"@id":"https:\/\/sonetica.md\/ro\/produs\/powersoft-x4-dsp-eth\/#primaryimage"},"image":{"@id":"https:\/\/sonetica.md\/ro\/produs\/powersoft-x4-dsp-eth\/#primaryimage"},"thumbnailUrl":"https:\/\/sonetica.md\/wp-content\/uploads\/2026\/01\/powersoft-X4_front-copy.webp","datePublished":"2026-01-28T15:14:32+00:00","dateModified":"2026-01-29T16:43:21+00:00","description":"Cump\u0103ra\u021bi Powersoft X4 DSP + ETH \u00een magazinul Sonetica. Livrare \u00een Moldova. Garan\u021bie oficial\u0103.","breadcrumb":{"@id":"https:\/\/sonetica.md\/ro\/produs\/powersoft-x4-dsp-eth\/#breadcrumb"},"inLanguage":"ro-RO","potentialAction":[{"@type":"ReadAction","target":["https:\/\/sonetica.md\/ro\/produs\/powersoft-x4-dsp-eth\/"]}]},{"@type":"ImageObject","inLanguage":"ro-RO","@id":"https:\/\/sonetica.md\/ro\/produs\/powersoft-x4-dsp-eth\/#primaryimage","url":"https:\/\/sonetica.md\/wp-content\/uploads\/2026\/01\/powersoft-X4_front-copy.webp","contentUrl":"https:\/\/sonetica.md\/wp-content\/uploads\/2026\/01\/powersoft-X4_front-copy.webp","width":1024,"height":1024},{"@type":"BreadcrumbList","@id":"https:\/\/sonetica.md\/ro\/produs\/powersoft-x4-dsp-eth\/#breadcrumb","itemListElement":[{"@type":"ListItem","position":1,"name":"Acas\u0103","item":"https:\/\/sonetica.md\/ro\/"},{"@type":"ListItem","position":2,"name":"Produse","item":"https:\/\/sonetica.md\/ro\/shop\/"},{"@type":"ListItem","position":3,"name":"Amplificatoare","item":"https:\/\/sonetica.md\/ro\/product-category\/amplificatoare\/"},{"@type":"ListItem","position":4,"name":"Amplificatoare De putere","item":"https:\/\/sonetica.md\/ro\/product-category\/amplificatoare\/power-amplifiers\/"},{"@type":"ListItem","position":5,"name":"Powersoft X4 DSP + ETH"}]},{"@type":"WebSite","@id":"https:\/\/sonetica.md\/ro\/#website","url":"https:\/\/sonetica.md\/ro\/","name":"Sonetica","description":"Audio Equipment and Accessories","publisher":{"@id":"https:\/\/sonetica.md\/ro\/#organization"},"potentialAction":[{"@type":"SearchAction","target":{"@type":"EntryPoint","urlTemplate":"https:\/\/sonetica.md\/ro\/?s={search_term_string}"},"query-input":{"@type":"PropertyValueSpecification","valueRequired":true,"valueName":"search_term_string"}}],"inLanguage":"ro-RO"},{"@type":["Organization","Place","ElectronicsStore"],"@id":"https:\/\/sonetica.md\/ro\/#organization","name":"Sonetica","url":"https:\/\/sonetica.md\/ro\/","logo":{"@id":"https:\/\/sonetica.md\/ro\/produs\/powersoft-x4-dsp-eth\/#local-main-organization-logo"},"image":{"@id":"https:\/\/sonetica.md\/ro\/produs\/powersoft-x4-dsp-eth\/#local-main-organization-logo"},"sameAs":["https:\/\/www.facebook.com\/sonetica.md"],"legalName":"Sonetica SRL","address":{"@id":"https:\/\/sonetica.md\/ro\/produs\/powersoft-x4-dsp-eth\/#local-main-place-address"},"telephone":["+373 22 274866"],"contactPoint":{"@type":"ContactPoint","telephone":"(022) 27-48-66"},"openingHoursSpecification":[{"@type":"OpeningHoursSpecification","dayOfWeek":["Monday","Tuesday","Wednesday","Thursday","Friday"],"opens":"10:00","closes":"17:00"},{"@type":"OpeningHoursSpecification","dayOfWeek":["Saturday","Sunday"],"opens":"00:00","closes":"00:00"}],"vatID":"0203112","taxID":"1003600083647","currenciesAccepted":"MDL","paymentAccepted":"Cash, Card"},{"@type":"PostalAddress","@id":"https:\/\/sonetica.md\/ro\/produs\/powersoft-x4-dsp-eth\/#local-main-place-address","streetAddress":"V. Alecsandri 30","addressLocality":"Chisinau","postalCode":"MD-2009","addressCountry":"MD"},{"@type":"ImageObject","inLanguage":"ro-RO","@id":"https:\/\/sonetica.md\/ro\/produs\/powersoft-x4-dsp-eth\/#local-main-organization-logo","url":"https:\/\/sonetica.md\/wp-content\/uploads\/2025\/11\/sonetica_logo.png","contentUrl":"https:\/\/sonetica.md\/wp-content\/uploads\/2025\/11\/sonetica_logo.png","width":453,"height":453,"caption":"Sonetica"}]},"product_brand":"Powersoft","product_price_amount":"120000.00","product_price_currency":"MDL","og_availability":"instock","product_availability":"instock","product_retailer_item_id":"powersoft-x4-dsp-eth","product_condition":"new","geo.placename":"Chisinau","geo.region":"Republica Moldova"},"_links":{"self":[{"href":"https:\/\/sonetica.md\/ro\/wp-json\/wp\/v2\/product\/4814","targetHints":{"allow":["GET"]}}],"collection":[{"href":"https:\/\/sonetica.md\/ro\/wp-json\/wp\/v2\/product"}],"about":[{"href":"https:\/\/sonetica.md\/ro\/wp-json\/wp\/v2\/types\/product"}],"wp:featuredmedia":[{"embeddable":true,"href":"https:\/\/sonetica.md\/ro\/wp-json\/wp\/v2\/media\/4810"}],"wp:attachment":[{"href":"https:\/\/sonetica.md\/ro\/wp-json\/wp\/v2\/media?parent=4814"}],"wp:term":[{"taxonomy":"product_brand","embeddable":true,"href":"https:\/\/sonetica.md\/ro\/wp-json\/wp\/v2\/product_brand?post=4814"},{"taxonomy":"product_cat","embeddable":true,"href":"https:\/\/sonetica.md\/ro\/wp-json\/wp\/v2\/product_cat?post=4814"},{"taxonomy":"product_tag","embeddable":true,"href":"https:\/\/sonetica.md\/ro\/wp-json\/wp\/v2\/product_tag?post=4814"}],"curies":[{"name":"wp","href":"https:\/\/api.w.org\/{rel}","templated":true}]}}