{"id":4830,"date":"2026-01-28T17:14:31","date_gmt":"2026-01-28T15:14:31","guid":{"rendered":"https:\/\/sonetica.md\/?post_type=product&#038;p=4830"},"modified":"2026-01-29T18:50:19","modified_gmt":"2026-01-29T16:50:19","slug":"allenheath-qu-5d","status":"publish","type":"product","link":"https:\/\/sonetica.md\/ro\/produs\/allenheath-qu-5d\/","title":{"rendered":"Allen&#038;Heath QU-5D"},"content":{"rendered":"<p>Legendarul mixer digital de la Allen &amp; Heath este ren\u0103scut, acum supraalimentat cu un nucleu XCVI de 96 kHz pentru capabilit\u0103\u021bi DEEP Processing, un num\u0103r crescut de canale cu patching complet flexibil pe 4 straturi (layers) configurabile, o interfa\u021b\u0103 de utilizator complet reproiectat\u0103, upgrade-uri hardware semnificative, plus conectivitate extins\u0103 \u0219i Dante op\u021bional.<\/p>\n<p>Hardware complet nou: Preamplificatoare MIC actualizate, afi\u0219aj pe fiecare canal, Dante. \u00cenregistrare \u0219i redare fiabil\u0103. Oriunde.<\/p>\n<p>Spune adio feedback-ului (microfoniei) Asistentul de Feedback u\u0219or de utilizat identific\u0103 \u0219i elimin\u0103 automat frecven\u021bele problematice cu p\u00e2n\u0103 la 16 filtre pe fiecare ie\u0219ire, permi\u021b\u00e2ndu-v\u0103 s\u0103 mixa\u021bi cu \u00eencredere \u0219i s\u0103 l\u0103sa\u021bi \u00een urm\u0103 grijile legate de microfonie.<\/p>\n<p>Mixer automat de microfoane (AMM) Reduce zgomotul de fundal \u0219i \u00eembun\u0103t\u0103\u021be\u0219te claritatea \u00een situa\u021biile \u00een care sunt folosite mai multe microfoane simultan, fiind ideal pentru conferin\u021be \u0219i evenimente de tip broadcast.<\/p>\n<h2>Caracteristici:<\/h2>\n<h3>Procesare &amp; FX<\/h3>\n<ul>\n<li>Nucleu XCVI de 96 kHz<\/li>\n<li>6 motoare Multi-FX cu retururi stereo dedicate<\/li>\n<li>Preg\u0103tit pentru DEEP Processing<\/li>\n<\/ul>\n<h3>Arhitectur\u0103 Mix<\/h3>\n<ul>\n<li>38 de intr\u0103ri pentru mix (32 mono\/linkabile, 3 stereo)<\/li>\n<li>12 mixuri (6 Aux\/Group mono\/linkabile, 6 Aux\/Group stereo)<\/li>\n<li>4 Matrice mono\/linkabile<\/li>\n<li>Ie\u0219ire Main LR Stereo<\/li>\n<\/ul>\n<h3>I\/O (Intr\u0103ri \u0219i Ie\u0219iri)<\/h3>\n<ul>\n<li>16 intr\u0103ri Mic\/Line tip \u2018Combi\u2019 XLR\/Jack<\/li>\n<li>2 intr\u0103ri de linie stereo (fiecare cu 2x TRS)<\/li>\n<li>12 ie\u0219iri XLR<\/li>\n<li>1 intrare XLR pentru Talkback<\/li>\n<li>2 ie\u0219iri TRS<\/li>\n<li>1 ie\u0219ire digital\u0103 stereo AES3<\/li>\n<li>Port inteligent SLink 128&#215;128 pentru extensie I\/O \u0219i conexiuni de sistem<\/li>\n<li>Interfa\u021b\u0103 Dante 16&#215;16 48\/96 kHz cu port EtherCon dedicat (doar pentru Qu-5D)<\/li>\n<li>Ie\u0219ire stereo pentru c\u0103\u0219ti<\/li>\n<\/ul>\n<h3>Control<\/h3>\n<ul>\n<li>Ecran tactil capacitiv de 7\u201d<\/li>\n<li>17 fadere motorizate de 100 mm<\/li>\n<li>4 straturi (layers) de control pentru canale<\/li>\n<li>Control de la distan\u021b\u0103 prin aplica\u021bii gratuite \u2013 Windows\/MacOS\/iOS\/Android<\/li>\n<li>8 taste programabile (SoftKeys)<\/li>\n<li>Conexiune configurabil\u0103 pentru Footswitch simplu sau dublu<\/li>\n<\/ul>\n<h3>\u00cenregistrare \u0219i Redare<\/h3>\n<ul>\n<li>USB-A pentru \u00eenregistrare\/redare audio stereo \u0219i transfer de date<\/li>\n<li>Interfa\u021b\u0103 audio USB-C pentru \u00eenregistrare\/redare multicanal (32&#215;32)<\/li>\n<li>Slot card SD pentru \u00eenregistrare sau redare audio multicanal (16&#215;16@96kHz, 32&#215;32@48kHz)<\/li>\n<\/ul>\n","protected":false},"excerpt":{"rendered":"<p>Mixer compact 96kHz cu 38 intr\u0103ri \/ 24 ie\u0219iri \u0219i Dante<\/p>\n","protected":false},"featured_media":4826,"template":"","meta":{"_acf_changed":false,"_gspb_post_css":""},"product_brand":[455],"product_cat":[317],"product_tag":[],"class_list":{"0":"post-4830","1":"product","2":"type-product","3":"status-publish","4":"has-post-thumbnail","6":"product_brand-allen-heath","7":"product_cat-digital-mixers","9":"first","10":"outofstock","11":"taxable","12":"shipping-taxable","13":"purchasable","14":"product-type-simple"},"acf":[],"yoast_head":"<!-- This site is optimized with the Yoast SEO Premium plugin v27.2 (Yoast SEO v27.2) - https:\/\/yoast.com\/product\/yoast-seo-premium-wordpress\/ -->\n<title>Allen&amp;Heath QU-5D cump\u0103r\u0103 \u00een Moldova | Sonetica<\/title>\n<meta name=\"description\" content=\"Cump\u0103ra\u021bi Allen&amp;Heath QU-5D \u00een magazinul Sonetica. Livrare \u00een Moldova. Garan\u021bie oficial\u0103.\" \/>\n<meta name=\"robots\" content=\"index, follow, max-snippet:-1, max-image-preview:large, max-video-preview:-1\" \/>\n<link rel=\"canonical\" href=\"https:\/\/sonetica.md\/ro\/produs\/allenheath-qu-5d\/\" \/>\n<meta property=\"og:locale\" content=\"ro_RO\" \/>\n<meta property=\"og:type\" content=\"article\" \/>\n<meta property=\"og:title\" content=\"Allen&amp;Heath QU-5D cump\u0103r\u0103 \u00een Moldova | Sonetica\" \/>\n<meta property=\"og:description\" content=\"Cump\u0103r\u0103 Allen&amp;Heath QU-5D din magazinul Sonetica. Livrare \u00een Moldova. Garan\u021bie oficial\u0103.\" \/>\n<meta property=\"og:url\" content=\"https:\/\/sonetica.md\/ro\/produs\/allenheath-qu-5d\/\" \/>\n<meta property=\"og:site_name\" content=\"Sonetica\" \/>\n<meta property=\"article:publisher\" content=\"https:\/\/www.facebook.com\/sonetica.md\" \/>\n<meta property=\"article:modified_time\" content=\"2026-01-29T16:50:19+00:00\" \/>\n<meta property=\"og:image\" content=\"https:\/\/sonetica.md\/wp-content\/uploads\/2026\/01\/allen-heath-Qu-5D-Left.webp\" \/>\n\t<meta property=\"og:image:width\" content=\"1500\" \/>\n\t<meta property=\"og:image:height\" content=\"1500\" \/>\n\t<meta property=\"og:image:type\" content=\"image\/webp\" \/>\n<meta name=\"twitter:card\" content=\"summary_large_image\" \/>\n<meta name=\"twitter:label1\" content=\"Pre\u021b\" \/>\n\t<meta name=\"twitter:data1\" content=\"50.100,00&nbsp;MDL\" \/>\n\t<meta name=\"twitter:label2\" content=\"Disponibilitate\" \/>\n\t<meta name=\"twitter:data2\" content=\"Stoc epuizat\" \/>\n<script type=\"application\/ld+json\" class=\"yoast-schema-graph\">{\"@context\":\"https:\/\/schema.org\",\"@graph\":[{\"@type\":\"WebPage\",\"@id\":\"https:\/\/sonetica.md\/ro\/produs\/allenheath-qu-5d\/\",\"url\":\"https:\/\/sonetica.md\/ro\/produs\/allenheath-qu-5d\/\",\"name\":\"Allen&Heath QU-5D cump\u0103r\u0103 \u00een Moldova | Sonetica\",\"isPartOf\":{\"@id\":\"https:\/\/sonetica.md\/ro\/#website\"},\"primaryImageOfPage\":{\"@id\":\"https:\/\/sonetica.md\/ro\/produs\/allenheath-qu-5d\/#primaryimage\"},\"image\":{\"@id\":\"https:\/\/sonetica.md\/ro\/produs\/allenheath-qu-5d\/#primaryimage\"},\"thumbnailUrl\":\"https:\/\/sonetica.md\/wp-content\/uploads\/2026\/01\/allen-heath-Qu-5D-Left.webp\",\"datePublished\":\"2026-01-28T15:14:31+00:00\",\"dateModified\":\"2026-01-29T16:50:19+00:00\",\"description\":\"Cump\u0103ra\u021bi Allen&Heath QU-5D \u00een magazinul Sonetica. Livrare \u00een Moldova. Garan\u021bie oficial\u0103.\",\"breadcrumb\":{\"@id\":\"https:\/\/sonetica.md\/ro\/produs\/allenheath-qu-5d\/#breadcrumb\"},\"inLanguage\":\"ro-RO\",\"potentialAction\":[{\"@type\":\"ReadAction\",\"target\":[\"https:\/\/sonetica.md\/ro\/produs\/allenheath-qu-5d\/\"]}]},{\"@type\":\"ImageObject\",\"inLanguage\":\"ro-RO\",\"@id\":\"https:\/\/sonetica.md\/ro\/produs\/allenheath-qu-5d\/#primaryimage\",\"url\":\"https:\/\/sonetica.md\/wp-content\/uploads\/2026\/01\/allen-heath-Qu-5D-Left.webp\",\"contentUrl\":\"https:\/\/sonetica.md\/wp-content\/uploads\/2026\/01\/allen-heath-Qu-5D-Left.webp\",\"width\":1500,\"height\":1500},{\"@type\":\"BreadcrumbList\",\"@id\":\"https:\/\/sonetica.md\/ro\/produs\/allenheath-qu-5d\/#breadcrumb\",\"itemListElement\":[{\"@type\":\"ListItem\",\"position\":1,\"name\":\"Acas\u0103\",\"item\":\"https:\/\/sonetica.md\/ro\/\"},{\"@type\":\"ListItem\",\"position\":2,\"name\":\"Produse\",\"item\":\"https:\/\/sonetica.md\/ro\/shop\/\"},{\"@type\":\"ListItem\",\"position\":3,\"name\":\"Mixere\",\"item\":\"https:\/\/sonetica.md\/ro\/product-category\/mixers\/\"},{\"@type\":\"ListItem\",\"position\":4,\"name\":\"Mixere Digitale\",\"item\":\"https:\/\/sonetica.md\/ro\/product-category\/mixers\/digital-mixers\/\"},{\"@type\":\"ListItem\",\"position\":5,\"name\":\"Allen&#038;Heath QU-5D\"}]},{\"@type\":\"WebSite\",\"@id\":\"https:\/\/sonetica.md\/ro\/#website\",\"url\":\"https:\/\/sonetica.md\/ro\/\",\"name\":\"Sonetica\",\"description\":\"Audio Equipment and Accessories\",\"publisher\":{\"@id\":\"https:\/\/sonetica.md\/ro\/#organization\"},\"potentialAction\":[{\"@type\":\"SearchAction\",\"target\":{\"@type\":\"EntryPoint\",\"urlTemplate\":\"https:\/\/sonetica.md\/ro\/?s={search_term_string}\"},\"query-input\":{\"@type\":\"PropertyValueSpecification\",\"valueRequired\":true,\"valueName\":\"search_term_string\"}}],\"inLanguage\":\"ro-RO\"},{\"@type\":[\"Organization\",\"Place\",\"ElectronicsStore\"],\"@id\":\"https:\/\/sonetica.md\/ro\/#organization\",\"name\":\"Sonetica\",\"url\":\"https:\/\/sonetica.md\/ro\/\",\"logo\":{\"@id\":\"https:\/\/sonetica.md\/ro\/produs\/allenheath-qu-5d\/#local-main-organization-logo\"},\"image\":{\"@id\":\"https:\/\/sonetica.md\/ro\/produs\/allenheath-qu-5d\/#local-main-organization-logo\"},\"sameAs\":[\"https:\/\/www.facebook.com\/sonetica.md\"],\"legalName\":\"Sonetica SRL\",\"address\":{\"@id\":\"https:\/\/sonetica.md\/ro\/produs\/allenheath-qu-5d\/#local-main-place-address\"},\"telephone\":[\"+373 22 274866\"],\"contactPoint\":{\"@type\":\"ContactPoint\",\"telephone\":\"(022) 27-48-66\"},\"openingHoursSpecification\":[{\"@type\":\"OpeningHoursSpecification\",\"dayOfWeek\":[\"Monday\",\"Tuesday\",\"Wednesday\",\"Thursday\",\"Friday\"],\"opens\":\"10:00\",\"closes\":\"17:00\"},{\"@type\":\"OpeningHoursSpecification\",\"dayOfWeek\":[\"Saturday\",\"Sunday\"],\"opens\":\"00:00\",\"closes\":\"00:00\"}],\"vatID\":\"0203112\",\"taxID\":\"1003600083647\",\"currenciesAccepted\":\"MDL\",\"paymentAccepted\":\"Cash, Card\"},{\"@type\":\"PostalAddress\",\"@id\":\"https:\/\/sonetica.md\/ro\/produs\/allenheath-qu-5d\/#local-main-place-address\",\"streetAddress\":\"V. Alecsandri 30\",\"addressLocality\":\"Chisinau\",\"postalCode\":\"MD-2009\",\"addressCountry\":\"MD\"},{\"@type\":\"ImageObject\",\"inLanguage\":\"ro-RO\",\"@id\":\"https:\/\/sonetica.md\/ro\/produs\/allenheath-qu-5d\/#local-main-organization-logo\",\"url\":\"https:\/\/sonetica.md\/wp-content\/uploads\/2025\/11\/sonetica_logo.png\",\"contentUrl\":\"https:\/\/sonetica.md\/wp-content\/uploads\/2025\/11\/sonetica_logo.png\",\"width\":453,\"height\":453,\"caption\":\"Sonetica\"}]}<\/script>\n<meta property=\"product:brand\" content=\"Allen &amp; Heath\" \/>\n<meta property=\"product:price:amount\" content=\"50100.00\" \/>\n<meta property=\"product:price:currency\" content=\"MDL\" \/>\n<meta property=\"og:availability\" content=\"out of stock\" \/>\n<meta property=\"product:availability\" content=\"out of stock\" \/>\n<meta property=\"product:retailer_item_id\" content=\"ALLEN-HEATH-QU-5D\" \/>\n<meta property=\"product:condition\" content=\"new\" \/>\n<meta name=\"geo.placename\" content=\"Chisinau\" \/>\n<meta name=\"geo.region\" content=\"Republica Moldova\" \/>\n<!-- \/ Yoast SEO Premium plugin. -->","yoast_head_json":{"title":"Allen&Heath QU-5D cump\u0103r\u0103 \u00een Moldova | Sonetica","description":"Cump\u0103ra\u021bi Allen&Heath QU-5D \u00een magazinul Sonetica. Livrare \u00een Moldova. Garan\u021bie oficial\u0103.","robots":{"index":"index","follow":"follow","max-snippet":"max-snippet:-1","max-image-preview":"max-image-preview:large","max-video-preview":"max-video-preview:-1"},"canonical":"https:\/\/sonetica.md\/ro\/produs\/allenheath-qu-5d\/","og_locale":"ro_RO","og_type":"article","og_title":"Allen&Heath QU-5D cump\u0103r\u0103 \u00een Moldova | Sonetica","og_description":"Cump\u0103r\u0103 Allen&Heath QU-5D din magazinul Sonetica. Livrare \u00een Moldova. Garan\u021bie oficial\u0103.","og_url":"https:\/\/sonetica.md\/ro\/produs\/allenheath-qu-5d\/","og_site_name":"Sonetica","article_publisher":"https:\/\/www.facebook.com\/sonetica.md","article_modified_time":"2026-01-29T16:50:19+00:00","og_image":[{"width":1500,"height":1500,"url":"https:\/\/sonetica.md\/wp-content\/uploads\/2026\/01\/allen-heath-Qu-5D-Left.webp","type":"image\/webp"}],"twitter_card":"summary_large_image","twitter_misc":{"Pre\u021b":"50.100,00&nbsp;MDL","Disponibilitate":"Stoc epuizat"},"schema":{"@context":"https:\/\/schema.org","@graph":[{"@type":"WebPage","@id":"https:\/\/sonetica.md\/ro\/produs\/allenheath-qu-5d\/","url":"https:\/\/sonetica.md\/ro\/produs\/allenheath-qu-5d\/","name":"Allen&Heath QU-5D cump\u0103r\u0103 \u00een Moldova | Sonetica","isPartOf":{"@id":"https:\/\/sonetica.md\/ro\/#website"},"primaryImageOfPage":{"@id":"https:\/\/sonetica.md\/ro\/produs\/allenheath-qu-5d\/#primaryimage"},"image":{"@id":"https:\/\/sonetica.md\/ro\/produs\/allenheath-qu-5d\/#primaryimage"},"thumbnailUrl":"https:\/\/sonetica.md\/wp-content\/uploads\/2026\/01\/allen-heath-Qu-5D-Left.webp","datePublished":"2026-01-28T15:14:31+00:00","dateModified":"2026-01-29T16:50:19+00:00","description":"Cump\u0103ra\u021bi Allen&Heath QU-5D \u00een magazinul Sonetica. Livrare \u00een Moldova. Garan\u021bie oficial\u0103.","breadcrumb":{"@id":"https:\/\/sonetica.md\/ro\/produs\/allenheath-qu-5d\/#breadcrumb"},"inLanguage":"ro-RO","potentialAction":[{"@type":"ReadAction","target":["https:\/\/sonetica.md\/ro\/produs\/allenheath-qu-5d\/"]}]},{"@type":"ImageObject","inLanguage":"ro-RO","@id":"https:\/\/sonetica.md\/ro\/produs\/allenheath-qu-5d\/#primaryimage","url":"https:\/\/sonetica.md\/wp-content\/uploads\/2026\/01\/allen-heath-Qu-5D-Left.webp","contentUrl":"https:\/\/sonetica.md\/wp-content\/uploads\/2026\/01\/allen-heath-Qu-5D-Left.webp","width":1500,"height":1500},{"@type":"BreadcrumbList","@id":"https:\/\/sonetica.md\/ro\/produs\/allenheath-qu-5d\/#breadcrumb","itemListElement":[{"@type":"ListItem","position":1,"name":"Acas\u0103","item":"https:\/\/sonetica.md\/ro\/"},{"@type":"ListItem","position":2,"name":"Produse","item":"https:\/\/sonetica.md\/ro\/shop\/"},{"@type":"ListItem","position":3,"name":"Mixere","item":"https:\/\/sonetica.md\/ro\/product-category\/mixers\/"},{"@type":"ListItem","position":4,"name":"Mixere Digitale","item":"https:\/\/sonetica.md\/ro\/product-category\/mixers\/digital-mixers\/"},{"@type":"ListItem","position":5,"name":"Allen&#038;Heath QU-5D"}]},{"@type":"WebSite","@id":"https:\/\/sonetica.md\/ro\/#website","url":"https:\/\/sonetica.md\/ro\/","name":"Sonetica","description":"Audio Equipment and Accessories","publisher":{"@id":"https:\/\/sonetica.md\/ro\/#organization"},"potentialAction":[{"@type":"SearchAction","target":{"@type":"EntryPoint","urlTemplate":"https:\/\/sonetica.md\/ro\/?s={search_term_string}"},"query-input":{"@type":"PropertyValueSpecification","valueRequired":true,"valueName":"search_term_string"}}],"inLanguage":"ro-RO"},{"@type":["Organization","Place","ElectronicsStore"],"@id":"https:\/\/sonetica.md\/ro\/#organization","name":"Sonetica","url":"https:\/\/sonetica.md\/ro\/","logo":{"@id":"https:\/\/sonetica.md\/ro\/produs\/allenheath-qu-5d\/#local-main-organization-logo"},"image":{"@id":"https:\/\/sonetica.md\/ro\/produs\/allenheath-qu-5d\/#local-main-organization-logo"},"sameAs":["https:\/\/www.facebook.com\/sonetica.md"],"legalName":"Sonetica SRL","address":{"@id":"https:\/\/sonetica.md\/ro\/produs\/allenheath-qu-5d\/#local-main-place-address"},"telephone":["+373 22 274866"],"contactPoint":{"@type":"ContactPoint","telephone":"(022) 27-48-66"},"openingHoursSpecification":[{"@type":"OpeningHoursSpecification","dayOfWeek":["Monday","Tuesday","Wednesday","Thursday","Friday"],"opens":"10:00","closes":"17:00"},{"@type":"OpeningHoursSpecification","dayOfWeek":["Saturday","Sunday"],"opens":"00:00","closes":"00:00"}],"vatID":"0203112","taxID":"1003600083647","currenciesAccepted":"MDL","paymentAccepted":"Cash, Card"},{"@type":"PostalAddress","@id":"https:\/\/sonetica.md\/ro\/produs\/allenheath-qu-5d\/#local-main-place-address","streetAddress":"V. Alecsandri 30","addressLocality":"Chisinau","postalCode":"MD-2009","addressCountry":"MD"},{"@type":"ImageObject","inLanguage":"ro-RO","@id":"https:\/\/sonetica.md\/ro\/produs\/allenheath-qu-5d\/#local-main-organization-logo","url":"https:\/\/sonetica.md\/wp-content\/uploads\/2025\/11\/sonetica_logo.png","contentUrl":"https:\/\/sonetica.md\/wp-content\/uploads\/2025\/11\/sonetica_logo.png","width":453,"height":453,"caption":"Sonetica"}]},"product_brand":"Allen &amp; Heath","product_price_amount":"50100.00","product_price_currency":"MDL","og_availability":"out of stock","product_availability":"out of stock","product_retailer_item_id":"ALLEN-HEATH-QU-5D","product_condition":"new","geo.placename":"Chisinau","geo.region":"Republica Moldova"},"_links":{"self":[{"href":"https:\/\/sonetica.md\/ro\/wp-json\/wp\/v2\/product\/4830","targetHints":{"allow":["GET"]}}],"collection":[{"href":"https:\/\/sonetica.md\/ro\/wp-json\/wp\/v2\/product"}],"about":[{"href":"https:\/\/sonetica.md\/ro\/wp-json\/wp\/v2\/types\/product"}],"wp:featuredmedia":[{"embeddable":true,"href":"https:\/\/sonetica.md\/ro\/wp-json\/wp\/v2\/media\/4826"}],"wp:attachment":[{"href":"https:\/\/sonetica.md\/ro\/wp-json\/wp\/v2\/media?parent=4830"}],"wp:term":[{"taxonomy":"product_brand","embeddable":true,"href":"https:\/\/sonetica.md\/ro\/wp-json\/wp\/v2\/product_brand?post=4830"},{"taxonomy":"product_cat","embeddable":true,"href":"https:\/\/sonetica.md\/ro\/wp-json\/wp\/v2\/product_cat?post=4830"},{"taxonomy":"product_tag","embeddable":true,"href":"https:\/\/sonetica.md\/ro\/wp-json\/wp\/v2\/product_tag?post=4830"}],"curies":[{"name":"wp","href":"https:\/\/api.w.org\/{rel}","templated":true}]}}