{"id":5100,"date":"2026-03-17T21:23:35","date_gmt":"2026-03-17T19:23:35","guid":{"rendered":"https:\/\/sonetica.md\/?post_type=product&#038;p=5100"},"modified":"2026-03-17T21:27:20","modified_gmt":"2026-03-17T19:27:20","slug":"hercules-ks210b","status":"publish","type":"product","link":"https:\/\/sonetica.md\/ro\/produs\/hercules-ks210b\/","title":{"rendered":"Hercules KS210B"},"content":{"rendered":"<p>Stativul pentru claviatur\u0103 HERCULES Double X KS210B include un al doilea nivel \u0219i dispune de sistemul patentat EZ-LOK, are 4 set\u0103ri de \u00een\u0103l\u021bime \u0219i o construc\u021bie robust\u0103 din o\u021bel.<\/p>\n<h3>Caracteristici<\/h3>\n<ul>\n<li>Sistemul EZ-LOK blocheaz\u0103 automat stativul \u00een pozi\u021bie.<\/li>\n<li>Al doilea nivel se regleaz\u0103 simultan cu \u00een\u0103l\u021bimea bazei \u0219i este u\u0219or \u00eenclinat; \u00een\u0103l\u021bimea este reglabil\u0103 de la 198 mm la 300 mm \u00een pa\u0219i de 25,4 mm (1&#8243;).<\/li>\n<li>Piciorul de cauciuc reglabil ofer\u0103 stabilitate pe podele denivelate.<\/li>\n<li>Se monteaz\u0103 \u0219i se demonteaz\u0103 u\u0219or, designul compact este ideal pentru transport.<\/li>\n<\/ul>\n<h3>Specifica\u021bii<\/h3>\n<ul>\n<li>\u00cen\u0103l\u021bime x L\u0103\u021bime baz\u0103 \u2014 Setarea 1: 610 mm x 810 mm<\/li>\n<li>\u00cen\u0103l\u021bime x L\u0103\u021bime baz\u0103 \u2014 Setarea 2: 750 mm x 690 mm<\/li>\n<li>\u00cen\u0103l\u021bime x L\u0103\u021bime baz\u0103 \u2014 Setarea 3: 865 mm x 550 mm<\/li>\n<li>\u00cen\u0103l\u021bime x L\u0103\u021bime baz\u0103 \u2014 Setarea 4: 950 mm x 390 mm<\/li>\n<li>\u00cen\u0103l\u021bime al doilea nivel \u2014 Setarea 1: 200 mm<\/li>\n<li>\u00cen\u0103l\u021bime al doilea nivel \u2014 Setarea 2: 225 mm<\/li>\n<li>\u00cen\u0103l\u021bime al doilea nivel \u2014 Setarea 3: 250 mm<\/li>\n<li>\u00cen\u0103l\u021bime al doilea nivel \u2014 Setarea 4: 275 mm<\/li>\n<li>\u00cen\u0103l\u021bime al doilea nivel \u2014 Setarea 5: 300 mm<\/li>\n<li>Nivel inferior \u2014 Capacitate de \u00eenc\u0103rcare: 80 kg<\/li>\n<li>Nivel inferior \u2014 Ad\u00e2ncime: 400 mm<\/li>\n<li>Nivel superior \u2014 Capacitate de \u00eenc\u0103rcare: 40 kg<\/li>\n<li>Nivel superior \u2014 Ad\u00e2ncime: 340 mm<\/li>\n<li>Dimensiune pliat: 1115 mm x 505 mm x 115 mm<\/li>\n<\/ul>\n","protected":false},"excerpt":{"rendered":"<p>Stativ claviatur\u0103 dublu X cu sistem EZ-LOK<\/p>\n","protected":false},"featured_media":5097,"template":"","meta":{"_acf_changed":false,"_gspb_post_css":""},"product_brand":[463],"product_cat":[335],"product_tag":[],"class_list":{"0":"post-5100","1":"product","2":"type-product","3":"status-publish","4":"has-post-thumbnail","6":"product_brand-hercules","7":"product_cat-keyboard-stands","9":"first","10":"instock","11":"sale","12":"taxable","13":"shipping-taxable","14":"purchasable","15":"product-type-simple"},"acf":[],"yoast_head":"<!-- This site is optimized with the Yoast SEO Premium plugin v27.2 (Yoast SEO v27.2) - https:\/\/yoast.com\/product\/yoast-seo-premium-wordpress\/ -->\n<title>Hercules KS210B cump\u0103r\u0103 \u00een Moldova | Sonetica<\/title>\n<meta name=\"description\" content=\"Cump\u0103ra\u021bi Hercules KS210B \u00een magazinul Sonetica. Livrare \u00een Moldova. Garan\u021bie oficial\u0103.\" \/>\n<meta name=\"robots\" content=\"index, follow, max-snippet:-1, max-image-preview:large, max-video-preview:-1\" \/>\n<link rel=\"canonical\" href=\"https:\/\/sonetica.md\/ro\/produs\/hercules-ks210b\/\" \/>\n<meta property=\"og:locale\" content=\"ro_RO\" \/>\n<meta property=\"og:type\" content=\"article\" \/>\n<meta property=\"og:title\" content=\"Hercules KS210B cump\u0103r\u0103 \u00een Moldova | Sonetica\" \/>\n<meta property=\"og:description\" content=\"Cump\u0103r\u0103 Hercules KS210B din magazinul Sonetica. Livrare \u00een Moldova. Garan\u021bie oficial\u0103.\" \/>\n<meta property=\"og:url\" content=\"https:\/\/sonetica.md\/ro\/produs\/hercules-ks210b\/\" \/>\n<meta property=\"og:site_name\" content=\"Sonetica\" \/>\n<meta property=\"article:publisher\" content=\"https:\/\/www.facebook.com\/sonetica.md\" \/>\n<meta property=\"article:modified_time\" content=\"2026-03-17T19:27:20+00:00\" \/>\n<meta property=\"og:image\" content=\"https:\/\/sonetica.md\/wp-content\/uploads\/2026\/03\/hercules-ks210b_2.webp\" \/>\n\t<meta property=\"og:image:width\" content=\"1000\" \/>\n\t<meta property=\"og:image:height\" content=\"1000\" \/>\n\t<meta property=\"og:image:type\" content=\"image\/webp\" \/>\n<meta name=\"twitter:card\" content=\"summary_large_image\" \/>\n<meta name=\"twitter:label1\" content=\"Pre\u021b\" \/>\n\t<meta name=\"twitter:data1\" content=\"1.900,00&nbsp;MDL\" \/>\n\t<meta name=\"twitter:label2\" content=\"Disponibilitate\" \/>\n\t<meta name=\"twitter:data2\" content=\"\u00cen stoc\" \/>\n<script type=\"application\/ld+json\" class=\"yoast-schema-graph\">{\"@context\":\"https:\/\/schema.org\",\"@graph\":[{\"@type\":\"WebPage\",\"@id\":\"https:\/\/sonetica.md\/ro\/produs\/hercules-ks210b\/\",\"url\":\"https:\/\/sonetica.md\/ro\/produs\/hercules-ks210b\/\",\"name\":\"Hercules KS210B cump\u0103r\u0103 \u00een Moldova | Sonetica\",\"isPartOf\":{\"@id\":\"https:\/\/sonetica.md\/ro\/#website\"},\"primaryImageOfPage\":{\"@id\":\"https:\/\/sonetica.md\/ro\/produs\/hercules-ks210b\/#primaryimage\"},\"image\":{\"@id\":\"https:\/\/sonetica.md\/ro\/produs\/hercules-ks210b\/#primaryimage\"},\"thumbnailUrl\":\"https:\/\/sonetica.md\/wp-content\/uploads\/2026\/03\/hercules-ks210b_2.webp\",\"datePublished\":\"2026-03-17T19:23:35+00:00\",\"dateModified\":\"2026-03-17T19:27:20+00:00\",\"description\":\"Cump\u0103ra\u021bi Hercules KS210B \u00een magazinul Sonetica. Livrare \u00een Moldova. Garan\u021bie oficial\u0103.\",\"breadcrumb\":{\"@id\":\"https:\/\/sonetica.md\/ro\/produs\/hercules-ks210b\/#breadcrumb\"},\"inLanguage\":\"ro-RO\",\"potentialAction\":[{\"@type\":\"ReadAction\",\"target\":[\"https:\/\/sonetica.md\/ro\/produs\/hercules-ks210b\/\"]}]},{\"@type\":\"ImageObject\",\"inLanguage\":\"ro-RO\",\"@id\":\"https:\/\/sonetica.md\/ro\/produs\/hercules-ks210b\/#primaryimage\",\"url\":\"https:\/\/sonetica.md\/wp-content\/uploads\/2026\/03\/hercules-ks210b_2.webp\",\"contentUrl\":\"https:\/\/sonetica.md\/wp-content\/uploads\/2026\/03\/hercules-ks210b_2.webp\",\"width\":1000,\"height\":1000},{\"@type\":\"BreadcrumbList\",\"@id\":\"https:\/\/sonetica.md\/ro\/produs\/hercules-ks210b\/#breadcrumb\",\"itemListElement\":[{\"@type\":\"ListItem\",\"position\":1,\"name\":\"Acas\u0103\",\"item\":\"https:\/\/sonetica.md\/ro\/\"},{\"@type\":\"ListItem\",\"position\":2,\"name\":\"Produse\",\"item\":\"https:\/\/sonetica.md\/ro\/shop\/\"},{\"@type\":\"ListItem\",\"position\":3,\"name\":\"Suporturi\",\"item\":\"https:\/\/sonetica.md\/ro\/product-category\/stands\/\"},{\"@type\":\"ListItem\",\"position\":4,\"name\":\"Suporturi Clape\",\"item\":\"https:\/\/sonetica.md\/ro\/product-category\/stands\/keyboard-stands\/\"},{\"@type\":\"ListItem\",\"position\":5,\"name\":\"Hercules KS210B\"}]},{\"@type\":\"WebSite\",\"@id\":\"https:\/\/sonetica.md\/ro\/#website\",\"url\":\"https:\/\/sonetica.md\/ro\/\",\"name\":\"Sonetica\",\"description\":\"Audio Equipment and Accessories\",\"publisher\":{\"@id\":\"https:\/\/sonetica.md\/ro\/#organization\"},\"potentialAction\":[{\"@type\":\"SearchAction\",\"target\":{\"@type\":\"EntryPoint\",\"urlTemplate\":\"https:\/\/sonetica.md\/ro\/?s={search_term_string}\"},\"query-input\":{\"@type\":\"PropertyValueSpecification\",\"valueRequired\":true,\"valueName\":\"search_term_string\"}}],\"inLanguage\":\"ro-RO\"},{\"@type\":[\"Organization\",\"Place\",\"ElectronicsStore\"],\"@id\":\"https:\/\/sonetica.md\/ro\/#organization\",\"name\":\"Sonetica\",\"url\":\"https:\/\/sonetica.md\/ro\/\",\"logo\":{\"@id\":\"https:\/\/sonetica.md\/ro\/produs\/hercules-ks210b\/#local-main-organization-logo\"},\"image\":{\"@id\":\"https:\/\/sonetica.md\/ro\/produs\/hercules-ks210b\/#local-main-organization-logo\"},\"sameAs\":[\"https:\/\/www.facebook.com\/sonetica.md\"],\"legalName\":\"Sonetica SRL\",\"address\":{\"@id\":\"https:\/\/sonetica.md\/ro\/produs\/hercules-ks210b\/#local-main-place-address\"},\"telephone\":[\"+373 22 274866\"],\"contactPoint\":{\"@type\":\"ContactPoint\",\"telephone\":\"(022) 27-48-66\"},\"openingHoursSpecification\":[{\"@type\":\"OpeningHoursSpecification\",\"dayOfWeek\":[\"Monday\",\"Tuesday\",\"Wednesday\",\"Thursday\",\"Friday\"],\"opens\":\"10:00\",\"closes\":\"17:00\"},{\"@type\":\"OpeningHoursSpecification\",\"dayOfWeek\":[\"Saturday\",\"Sunday\"],\"opens\":\"00:00\",\"closes\":\"00:00\"}],\"vatID\":\"0203112\",\"taxID\":\"1003600083647\",\"currenciesAccepted\":\"MDL\",\"paymentAccepted\":\"Cash, Card\"},{\"@type\":\"PostalAddress\",\"@id\":\"https:\/\/sonetica.md\/ro\/produs\/hercules-ks210b\/#local-main-place-address\",\"streetAddress\":\"V. Alecsandri 30\",\"addressLocality\":\"Chisinau\",\"postalCode\":\"MD-2009\",\"addressCountry\":\"MD\"},{\"@type\":\"ImageObject\",\"inLanguage\":\"ro-RO\",\"@id\":\"https:\/\/sonetica.md\/ro\/produs\/hercules-ks210b\/#local-main-organization-logo\",\"url\":\"https:\/\/sonetica.md\/wp-content\/uploads\/2025\/11\/sonetica_logo.png\",\"contentUrl\":\"https:\/\/sonetica.md\/wp-content\/uploads\/2025\/11\/sonetica_logo.png\",\"width\":453,\"height\":453,\"caption\":\"Sonetica\"}]}<\/script>\n<meta property=\"product:brand\" content=\"Hercules\" \/>\n<meta property=\"product:price:amount\" content=\"1900.00\" \/>\n<meta property=\"product:price:currency\" content=\"MDL\" \/>\n<meta property=\"og:availability\" content=\"instock\" \/>\n<meta property=\"product:availability\" content=\"instock\" \/>\n<meta property=\"product:retailer_item_id\" content=\"HERCULES-KS210B\" \/>\n<meta property=\"product:condition\" content=\"new\" \/>\n<meta name=\"geo.placename\" content=\"Chisinau\" \/>\n<meta name=\"geo.region\" content=\"Republica Moldova\" \/>\n<!-- \/ Yoast SEO Premium plugin. -->","yoast_head_json":{"title":"Hercules KS210B cump\u0103r\u0103 \u00een Moldova | Sonetica","description":"Cump\u0103ra\u021bi Hercules KS210B \u00een magazinul Sonetica. Livrare \u00een Moldova. Garan\u021bie oficial\u0103.","robots":{"index":"index","follow":"follow","max-snippet":"max-snippet:-1","max-image-preview":"max-image-preview:large","max-video-preview":"max-video-preview:-1"},"canonical":"https:\/\/sonetica.md\/ro\/produs\/hercules-ks210b\/","og_locale":"ro_RO","og_type":"article","og_title":"Hercules KS210B cump\u0103r\u0103 \u00een Moldova | Sonetica","og_description":"Cump\u0103r\u0103 Hercules KS210B din magazinul Sonetica. Livrare \u00een Moldova. Garan\u021bie oficial\u0103.","og_url":"https:\/\/sonetica.md\/ro\/produs\/hercules-ks210b\/","og_site_name":"Sonetica","article_publisher":"https:\/\/www.facebook.com\/sonetica.md","article_modified_time":"2026-03-17T19:27:20+00:00","og_image":[{"width":1000,"height":1000,"url":"https:\/\/sonetica.md\/wp-content\/uploads\/2026\/03\/hercules-ks210b_2.webp","type":"image\/webp"}],"twitter_card":"summary_large_image","twitter_misc":{"Pre\u021b":"1.900,00&nbsp;MDL","Disponibilitate":"\u00cen stoc"},"schema":{"@context":"https:\/\/schema.org","@graph":[{"@type":"WebPage","@id":"https:\/\/sonetica.md\/ro\/produs\/hercules-ks210b\/","url":"https:\/\/sonetica.md\/ro\/produs\/hercules-ks210b\/","name":"Hercules KS210B cump\u0103r\u0103 \u00een Moldova | Sonetica","isPartOf":{"@id":"https:\/\/sonetica.md\/ro\/#website"},"primaryImageOfPage":{"@id":"https:\/\/sonetica.md\/ro\/produs\/hercules-ks210b\/#primaryimage"},"image":{"@id":"https:\/\/sonetica.md\/ro\/produs\/hercules-ks210b\/#primaryimage"},"thumbnailUrl":"https:\/\/sonetica.md\/wp-content\/uploads\/2026\/03\/hercules-ks210b_2.webp","datePublished":"2026-03-17T19:23:35+00:00","dateModified":"2026-03-17T19:27:20+00:00","description":"Cump\u0103ra\u021bi Hercules KS210B \u00een magazinul Sonetica. Livrare \u00een Moldova. Garan\u021bie oficial\u0103.","breadcrumb":{"@id":"https:\/\/sonetica.md\/ro\/produs\/hercules-ks210b\/#breadcrumb"},"inLanguage":"ro-RO","potentialAction":[{"@type":"ReadAction","target":["https:\/\/sonetica.md\/ro\/produs\/hercules-ks210b\/"]}]},{"@type":"ImageObject","inLanguage":"ro-RO","@id":"https:\/\/sonetica.md\/ro\/produs\/hercules-ks210b\/#primaryimage","url":"https:\/\/sonetica.md\/wp-content\/uploads\/2026\/03\/hercules-ks210b_2.webp","contentUrl":"https:\/\/sonetica.md\/wp-content\/uploads\/2026\/03\/hercules-ks210b_2.webp","width":1000,"height":1000},{"@type":"BreadcrumbList","@id":"https:\/\/sonetica.md\/ro\/produs\/hercules-ks210b\/#breadcrumb","itemListElement":[{"@type":"ListItem","position":1,"name":"Acas\u0103","item":"https:\/\/sonetica.md\/ro\/"},{"@type":"ListItem","position":2,"name":"Produse","item":"https:\/\/sonetica.md\/ro\/shop\/"},{"@type":"ListItem","position":3,"name":"Suporturi","item":"https:\/\/sonetica.md\/ro\/product-category\/stands\/"},{"@type":"ListItem","position":4,"name":"Suporturi Clape","item":"https:\/\/sonetica.md\/ro\/product-category\/stands\/keyboard-stands\/"},{"@type":"ListItem","position":5,"name":"Hercules KS210B"}]},{"@type":"WebSite","@id":"https:\/\/sonetica.md\/ro\/#website","url":"https:\/\/sonetica.md\/ro\/","name":"Sonetica","description":"Audio Equipment and Accessories","publisher":{"@id":"https:\/\/sonetica.md\/ro\/#organization"},"potentialAction":[{"@type":"SearchAction","target":{"@type":"EntryPoint","urlTemplate":"https:\/\/sonetica.md\/ro\/?s={search_term_string}"},"query-input":{"@type":"PropertyValueSpecification","valueRequired":true,"valueName":"search_term_string"}}],"inLanguage":"ro-RO"},{"@type":["Organization","Place","ElectronicsStore"],"@id":"https:\/\/sonetica.md\/ro\/#organization","name":"Sonetica","url":"https:\/\/sonetica.md\/ro\/","logo":{"@id":"https:\/\/sonetica.md\/ro\/produs\/hercules-ks210b\/#local-main-organization-logo"},"image":{"@id":"https:\/\/sonetica.md\/ro\/produs\/hercules-ks210b\/#local-main-organization-logo"},"sameAs":["https:\/\/www.facebook.com\/sonetica.md"],"legalName":"Sonetica SRL","address":{"@id":"https:\/\/sonetica.md\/ro\/produs\/hercules-ks210b\/#local-main-place-address"},"telephone":["+373 22 274866"],"contactPoint":{"@type":"ContactPoint","telephone":"(022) 27-48-66"},"openingHoursSpecification":[{"@type":"OpeningHoursSpecification","dayOfWeek":["Monday","Tuesday","Wednesday","Thursday","Friday"],"opens":"10:00","closes":"17:00"},{"@type":"OpeningHoursSpecification","dayOfWeek":["Saturday","Sunday"],"opens":"00:00","closes":"00:00"}],"vatID":"0203112","taxID":"1003600083647","currenciesAccepted":"MDL","paymentAccepted":"Cash, Card"},{"@type":"PostalAddress","@id":"https:\/\/sonetica.md\/ro\/produs\/hercules-ks210b\/#local-main-place-address","streetAddress":"V. Alecsandri 30","addressLocality":"Chisinau","postalCode":"MD-2009","addressCountry":"MD"},{"@type":"ImageObject","inLanguage":"ro-RO","@id":"https:\/\/sonetica.md\/ro\/produs\/hercules-ks210b\/#local-main-organization-logo","url":"https:\/\/sonetica.md\/wp-content\/uploads\/2025\/11\/sonetica_logo.png","contentUrl":"https:\/\/sonetica.md\/wp-content\/uploads\/2025\/11\/sonetica_logo.png","width":453,"height":453,"caption":"Sonetica"}]},"product_brand":"Hercules","product_price_amount":"1900.00","product_price_currency":"MDL","og_availability":"instock","product_availability":"instock","product_retailer_item_id":"HERCULES-KS210B","product_condition":"new","geo.placename":"Chisinau","geo.region":"Republica Moldova"},"_links":{"self":[{"href":"https:\/\/sonetica.md\/ro\/wp-json\/wp\/v2\/product\/5100","targetHints":{"allow":["GET"]}}],"collection":[{"href":"https:\/\/sonetica.md\/ro\/wp-json\/wp\/v2\/product"}],"about":[{"href":"https:\/\/sonetica.md\/ro\/wp-json\/wp\/v2\/types\/product"}],"wp:featuredmedia":[{"embeddable":true,"href":"https:\/\/sonetica.md\/ro\/wp-json\/wp\/v2\/media\/5097"}],"wp:attachment":[{"href":"https:\/\/sonetica.md\/ro\/wp-json\/wp\/v2\/media?parent=5100"}],"wp:term":[{"taxonomy":"product_brand","embeddable":true,"href":"https:\/\/sonetica.md\/ro\/wp-json\/wp\/v2\/product_brand?post=5100"},{"taxonomy":"product_cat","embeddable":true,"href":"https:\/\/sonetica.md\/ro\/wp-json\/wp\/v2\/product_cat?post=5100"},{"taxonomy":"product_tag","embeddable":true,"href":"https:\/\/sonetica.md\/ro\/wp-json\/wp\/v2\/product_tag?post=5100"}],"curies":[{"name":"wp","href":"https:\/\/api.w.org\/{rel}","templated":true}]}}