{"id":5186,"date":"2026-04-01T20:29:31","date_gmt":"2026-04-01T17:29:31","guid":{"rendered":"https:\/\/sonetica.md\/?post_type=product&#038;p=5186"},"modified":"2026-04-03T00:09:03","modified_gmt":"2026-04-02T21:09:03","slug":"jts-cs-1cu","status":"publish","type":"product","link":"https:\/\/sonetica.md\/ro\/produs\/jts-cs-1cu\/","title":{"rendered":"JTS CS-1CU"},"content":{"rendered":"<p>Unitatea de control este centrul sistemului de discu\u021bii, care gestioneaz\u0103 microfoanele unit\u0103\u021bilor pentru pre\u0219edinte \u0219i delega\u021bi, asigur\u00e2nd \u00een acela\u0219i timp conexiunea cu alte intr\u0103ri \u0219i ie\u0219iri audio. De asemenea, aceasta alimenteaz\u0103 unitatea central\u0103 \u0219i p\u00e2n\u0103 la 50 de unit\u0103\u021bi de pre\u0219edinte \u0219i delegat.<\/p>\n<p>Ad\u0103ug\u00e2nd o unitate de pre\u0219edinte JTS CS-1CH \u0219i p\u00e2n\u0103 la 49 de unit\u0103\u021bi de delegat CS-1DU, pute\u021bi configura sistemul de conferin\u021b\u0103 \u00eentr-un minut, f\u0103r\u0103 a fi nevoie de boxe externe sau mixer.<\/p>\n<p>Spre deosebire de un sistem tradi\u021bional, unde fiecare microfon necesit\u0103 un cablu separat conectat la consola de mixare, sistemul JTS CS utilizeaz\u0103 conexiunea de tip \u201edaisy chain\u201d: toate microfoanele sunt conectate \u00eentre ele. Ulterior, \u00eentregul grup este conectat la unitatea de control CS-1CU printr-un singur cablu.<\/p>\n<p>De asemenea, nu ave\u021bi nevoie de o persoan\u0103 dedicat\u0103 pentru a controla sistemul. Un delegat care dore\u0219te s\u0103 vorbeasc\u0103 va ap\u0103sa butonul, iar microfonul s\u0103u va fi activat. Unitatea pre\u0219edintelui dispune \u0219i de un \u201ebuton de prioritate\u201d, care permite pre\u0219edintelui s\u0103 controleze discu\u021bia prin suspendarea temporar\u0103 sau permanent\u0103 \u0219i dezactivarea tuturor microfoanelor active ale delega\u021bilor.<\/p>\n<p>Pot fi configurate urm\u0103toarele moduri:<\/p>\n<ul>\n<li>Modul Open: alege\u021bi num\u0103rul de utilizatori simultani (\u00eentre 1 \u0219i 4 delega\u021bi)<\/li>\n<li>Modul Time<\/li>\n<li>Modul Override: sistemul permite activarea unei singure unit\u0103\u021bi de delegat la un moment dat.<\/li>\n<li>Modul Chairman Only: permite activarea exclusiv\u0103 a unit\u0103\u021bilor de pre\u0219edinte.<\/li>\n<\/ul>\n<p>Unitatea ofer\u0103, de asemenea, o intrare XLR cu alimentare phantom de 12V, astfel \u00eenc\u00e2t s\u0103 pute\u021bi conecta un microfon extern, cu fir sau wireless.<\/p>\n<p><img loading=\"lazy\" decoding=\"async\" class=\"alignnone size-medium wp-image-5181\" src=\"https:\/\/sonetica.md\/wp-content\/uploads\/2026\/04\/jts-cs-1cu-external-wireless-300x192.webp\" alt=\"\" width=\"300\" height=\"192\" srcset=\"https:\/\/sonetica.md\/wp-content\/uploads\/2026\/04\/jts-cs-1cu-external-wireless-300x192.webp 300w, https:\/\/sonetica.md\/wp-content\/uploads\/2026\/04\/jts-cs-1cu-external-wireless.webp 647w\" sizes=\"auto, (max-width: 300px) 100vw, 300px\" \/><img loading=\"lazy\" decoding=\"async\" class=\"alignnone size-medium wp-image-5182\" src=\"https:\/\/sonetica.md\/wp-content\/uploads\/2026\/04\/jts-cs-1cu-back-external-mic-300x133.webp\" alt=\"\" width=\"300\" height=\"133\" srcset=\"https:\/\/sonetica.md\/wp-content\/uploads\/2026\/04\/jts-cs-1cu-back-external-mic-300x133.webp 300w, https:\/\/sonetica.md\/wp-content\/uploads\/2026\/04\/jts-cs-1cu-back-external-mic.webp 629w\" sizes=\"auto, (max-width: 300px) 100vw, 300px\" \/><\/p>\n<h3>Specifica\u021bii<\/h3>\n<ul>\n<li>Num\u0103r maxim de unit\u0103\u021bi \u00een total: 50<\/li>\n<li>Num\u0103r maxim pe ie\u0219ire Trunk: 25 (&lt;50M)<\/li>\n<li>Lungimea maxim\u0103 a tronsonului folosind cablarea standard CS-1: 100m (328 ft)<\/li>\n<li>Tensiune: VAC100-240~, 50\/60Hz<\/li>\n<li>Consum de curent: MAX 0.42A (240VAC)<\/li>\n<li>Dimensiuni (HxLxA): 36015090 mm<\/li>\n<li>Greutate: 1745g<\/li>\n<\/ul>\n","protected":false},"excerpt":{"rendered":"<p>Unitatea de control a sistemului de discu\u021bii JTS CS-1<\/p>\n","protected":false},"featured_media":5195,"template":"","meta":{"_acf_changed":false,"_gspb_post_css":""},"product_brand":[417],"product_cat":[253],"product_tag":[],"class_list":{"0":"post-5186","1":"product","2":"type-product","3":"status-publish","4":"has-post-thumbnail","6":"product_brand-jts","7":"product_cat-conf-microfoane","9":"first","10":"instock","11":"taxable","12":"shipping-taxable","13":"purchasable","14":"product-type-simple"},"acf":[],"yoast_head":"<!-- This site is optimized with the Yoast SEO Premium plugin v27.2 (Yoast SEO v27.2) - https:\/\/yoast.com\/product\/yoast-seo-premium-wordpress\/ -->\n<title>JTS CS-1CU cump\u0103r\u0103 \u00een Moldova | Sonetica<\/title>\n<meta name=\"description\" content=\"Cump\u0103ra\u021bi JTS CS-1CU \u00een magazinul Sonetica. Livrare \u00een Moldova. Garan\u021bie oficial\u0103.\" \/>\n<meta name=\"robots\" content=\"index, follow, max-snippet:-1, max-image-preview:large, max-video-preview:-1\" \/>\n<link rel=\"canonical\" href=\"https:\/\/sonetica.md\/ro\/produs\/jts-cs-1cu\/\" \/>\n<meta property=\"og:locale\" content=\"ro_RO\" \/>\n<meta property=\"og:type\" content=\"article\" \/>\n<meta property=\"og:title\" content=\"JTS CS-1CU cump\u0103r\u0103 \u00een Moldova | Sonetica\" \/>\n<meta property=\"og:description\" content=\"Cump\u0103r\u0103 JTS CS-1CU din magazinul Sonetica. Livrare \u00een Moldova. Garan\u021bie oficial\u0103.\" \/>\n<meta property=\"og:url\" content=\"https:\/\/sonetica.md\/ro\/produs\/jts-cs-1cu\/\" \/>\n<meta property=\"og:site_name\" content=\"Sonetica\" \/>\n<meta property=\"article:publisher\" content=\"https:\/\/www.facebook.com\/sonetica.md\" \/>\n<meta property=\"article:modified_time\" content=\"2026-04-02T21:09:03+00:00\" \/>\n<meta property=\"og:image\" content=\"https:\/\/sonetica.md\/wp-content\/uploads\/2026\/04\/jts-cs-1cu.webp\" \/>\n\t<meta property=\"og:image:width\" content=\"1024\" \/>\n\t<meta property=\"og:image:height\" content=\"1024\" \/>\n\t<meta property=\"og:image:type\" content=\"image\/webp\" \/>\n<meta name=\"twitter:card\" content=\"summary_large_image\" \/>\n<meta name=\"twitter:label1\" content=\"Pre\u021b\" \/>\n\t<meta name=\"twitter:data1\" content=\"5.300,00&nbsp;MDL\" \/>\n\t<meta name=\"twitter:label2\" content=\"Disponibilitate\" \/>\n\t<meta name=\"twitter:data2\" content=\"\u00cen stoc\" \/>\n<script type=\"application\/ld+json\" class=\"yoast-schema-graph\">{\"@context\":\"https:\/\/schema.org\",\"@graph\":[{\"@type\":\"WebPage\",\"@id\":\"https:\/\/sonetica.md\/ro\/produs\/jts-cs-1cu\/\",\"url\":\"https:\/\/sonetica.md\/ro\/produs\/jts-cs-1cu\/\",\"name\":\"JTS CS-1CU cump\u0103r\u0103 \u00een Moldova | Sonetica\",\"isPartOf\":{\"@id\":\"https:\/\/sonetica.md\/ro\/#website\"},\"primaryImageOfPage\":{\"@id\":\"https:\/\/sonetica.md\/ro\/produs\/jts-cs-1cu\/#primaryimage\"},\"image\":{\"@id\":\"https:\/\/sonetica.md\/ro\/produs\/jts-cs-1cu\/#primaryimage\"},\"thumbnailUrl\":\"https:\/\/sonetica.md\/wp-content\/uploads\/2026\/04\/jts-cs-1cu.webp\",\"datePublished\":\"2026-04-01T17:29:31+00:00\",\"dateModified\":\"2026-04-02T21:09:03+00:00\",\"description\":\"Cump\u0103ra\u021bi JTS CS-1CU \u00een magazinul Sonetica. Livrare \u00een Moldova. Garan\u021bie oficial\u0103.\",\"breadcrumb\":{\"@id\":\"https:\/\/sonetica.md\/ro\/produs\/jts-cs-1cu\/#breadcrumb\"},\"inLanguage\":\"ro-RO\",\"potentialAction\":[{\"@type\":\"ReadAction\",\"target\":[\"https:\/\/sonetica.md\/ro\/produs\/jts-cs-1cu\/\"]}]},{\"@type\":\"ImageObject\",\"inLanguage\":\"ro-RO\",\"@id\":\"https:\/\/sonetica.md\/ro\/produs\/jts-cs-1cu\/#primaryimage\",\"url\":\"https:\/\/sonetica.md\/wp-content\/uploads\/2026\/04\/jts-cs-1cu.webp\",\"contentUrl\":\"https:\/\/sonetica.md\/wp-content\/uploads\/2026\/04\/jts-cs-1cu.webp\",\"width\":1024,\"height\":1024},{\"@type\":\"BreadcrumbList\",\"@id\":\"https:\/\/sonetica.md\/ro\/produs\/jts-cs-1cu\/#breadcrumb\",\"itemListElement\":[{\"@type\":\"ListItem\",\"position\":1,\"name\":\"Acas\u0103\",\"item\":\"https:\/\/sonetica.md\/ro\/\"},{\"@type\":\"ListItem\",\"position\":2,\"name\":\"Produse\",\"item\":\"https:\/\/sonetica.md\/ro\/shop\/\"},{\"@type\":\"ListItem\",\"position\":3,\"name\":\"Sisteme de conferin\u021b\u0103\",\"item\":\"https:\/\/sonetica.md\/ro\/product-category\/conference-systems\/\"},{\"@type\":\"ListItem\",\"position\":4,\"name\":\"Microfoane de conferin\u021b\u0103\",\"item\":\"https:\/\/sonetica.md\/ro\/product-category\/conference-systems\/conf-microfoane\/\"},{\"@type\":\"ListItem\",\"position\":5,\"name\":\"JTS CS-1CU\"}]},{\"@type\":\"WebSite\",\"@id\":\"https:\/\/sonetica.md\/ro\/#website\",\"url\":\"https:\/\/sonetica.md\/ro\/\",\"name\":\"Sonetica\",\"description\":\"Audio Equipment and Accessories\",\"publisher\":{\"@id\":\"https:\/\/sonetica.md\/ro\/#organization\"},\"potentialAction\":[{\"@type\":\"SearchAction\",\"target\":{\"@type\":\"EntryPoint\",\"urlTemplate\":\"https:\/\/sonetica.md\/ro\/?s={search_term_string}\"},\"query-input\":{\"@type\":\"PropertyValueSpecification\",\"valueRequired\":true,\"valueName\":\"search_term_string\"}}],\"inLanguage\":\"ro-RO\"},{\"@type\":[\"Organization\",\"Place\",\"ElectronicsStore\"],\"@id\":\"https:\/\/sonetica.md\/ro\/#organization\",\"name\":\"Sonetica\",\"url\":\"https:\/\/sonetica.md\/ro\/\",\"logo\":{\"@id\":\"https:\/\/sonetica.md\/ro\/produs\/jts-cs-1cu\/#local-main-organization-logo\"},\"image\":{\"@id\":\"https:\/\/sonetica.md\/ro\/produs\/jts-cs-1cu\/#local-main-organization-logo\"},\"sameAs\":[\"https:\/\/www.facebook.com\/sonetica.md\"],\"legalName\":\"Sonetica SRL\",\"address\":{\"@id\":\"https:\/\/sonetica.md\/ro\/produs\/jts-cs-1cu\/#local-main-place-address\"},\"telephone\":[\"+373 22 274866\"],\"contactPoint\":{\"@type\":\"ContactPoint\",\"telephone\":\"(022) 27-48-66\"},\"openingHoursSpecification\":[{\"@type\":\"OpeningHoursSpecification\",\"dayOfWeek\":[\"Monday\",\"Tuesday\",\"Wednesday\",\"Thursday\",\"Friday\"],\"opens\":\"10:00\",\"closes\":\"17:00\"},{\"@type\":\"OpeningHoursSpecification\",\"dayOfWeek\":[\"Saturday\",\"Sunday\"],\"opens\":\"00:00\",\"closes\":\"00:00\"}],\"vatID\":\"0203112\",\"taxID\":\"1003600083647\",\"currenciesAccepted\":\"MDL\",\"paymentAccepted\":\"Cash, Card\"},{\"@type\":\"PostalAddress\",\"@id\":\"https:\/\/sonetica.md\/ro\/produs\/jts-cs-1cu\/#local-main-place-address\",\"streetAddress\":\"V. Alecsandri 30\",\"addressLocality\":\"Chisinau\",\"postalCode\":\"MD-2009\",\"addressCountry\":\"MD\"},{\"@type\":\"ImageObject\",\"inLanguage\":\"ro-RO\",\"@id\":\"https:\/\/sonetica.md\/ro\/produs\/jts-cs-1cu\/#local-main-organization-logo\",\"url\":\"https:\/\/sonetica.md\/wp-content\/uploads\/2025\/11\/sonetica_logo.png\",\"contentUrl\":\"https:\/\/sonetica.md\/wp-content\/uploads\/2025\/11\/sonetica_logo.png\",\"width\":453,\"height\":453,\"caption\":\"Sonetica\"}]}<\/script>\n<meta property=\"product:brand\" content=\"JTS\" \/>\n<meta property=\"product:price:amount\" content=\"5300.00\" \/>\n<meta property=\"product:price:currency\" content=\"MDL\" \/>\n<meta property=\"og:availability\" content=\"instock\" \/>\n<meta property=\"product:availability\" content=\"instock\" \/>\n<meta property=\"product:retailer_item_id\" content=\"JTS-CS-1CU\" \/>\n<meta property=\"product:condition\" content=\"new\" \/>\n<meta name=\"geo.placename\" content=\"Chisinau\" \/>\n<meta name=\"geo.region\" content=\"Republica Moldova\" \/>\n<!-- \/ Yoast SEO Premium plugin. -->","yoast_head_json":{"title":"JTS CS-1CU cump\u0103r\u0103 \u00een Moldova | Sonetica","description":"Cump\u0103ra\u021bi JTS CS-1CU \u00een magazinul Sonetica. Livrare \u00een Moldova. Garan\u021bie oficial\u0103.","robots":{"index":"index","follow":"follow","max-snippet":"max-snippet:-1","max-image-preview":"max-image-preview:large","max-video-preview":"max-video-preview:-1"},"canonical":"https:\/\/sonetica.md\/ro\/produs\/jts-cs-1cu\/","og_locale":"ro_RO","og_type":"article","og_title":"JTS CS-1CU cump\u0103r\u0103 \u00een Moldova | Sonetica","og_description":"Cump\u0103r\u0103 JTS CS-1CU din magazinul Sonetica. Livrare \u00een Moldova. Garan\u021bie oficial\u0103.","og_url":"https:\/\/sonetica.md\/ro\/produs\/jts-cs-1cu\/","og_site_name":"Sonetica","article_publisher":"https:\/\/www.facebook.com\/sonetica.md","article_modified_time":"2026-04-02T21:09:03+00:00","og_image":[{"width":1024,"height":1024,"url":"https:\/\/sonetica.md\/wp-content\/uploads\/2026\/04\/jts-cs-1cu.webp","type":"image\/webp"}],"twitter_card":"summary_large_image","twitter_misc":{"Pre\u021b":"5.300,00&nbsp;MDL","Disponibilitate":"\u00cen stoc"},"schema":{"@context":"https:\/\/schema.org","@graph":[{"@type":"WebPage","@id":"https:\/\/sonetica.md\/ro\/produs\/jts-cs-1cu\/","url":"https:\/\/sonetica.md\/ro\/produs\/jts-cs-1cu\/","name":"JTS CS-1CU cump\u0103r\u0103 \u00een Moldova | Sonetica","isPartOf":{"@id":"https:\/\/sonetica.md\/ro\/#website"},"primaryImageOfPage":{"@id":"https:\/\/sonetica.md\/ro\/produs\/jts-cs-1cu\/#primaryimage"},"image":{"@id":"https:\/\/sonetica.md\/ro\/produs\/jts-cs-1cu\/#primaryimage"},"thumbnailUrl":"https:\/\/sonetica.md\/wp-content\/uploads\/2026\/04\/jts-cs-1cu.webp","datePublished":"2026-04-01T17:29:31+00:00","dateModified":"2026-04-02T21:09:03+00:00","description":"Cump\u0103ra\u021bi JTS CS-1CU \u00een magazinul Sonetica. Livrare \u00een Moldova. Garan\u021bie oficial\u0103.","breadcrumb":{"@id":"https:\/\/sonetica.md\/ro\/produs\/jts-cs-1cu\/#breadcrumb"},"inLanguage":"ro-RO","potentialAction":[{"@type":"ReadAction","target":["https:\/\/sonetica.md\/ro\/produs\/jts-cs-1cu\/"]}]},{"@type":"ImageObject","inLanguage":"ro-RO","@id":"https:\/\/sonetica.md\/ro\/produs\/jts-cs-1cu\/#primaryimage","url":"https:\/\/sonetica.md\/wp-content\/uploads\/2026\/04\/jts-cs-1cu.webp","contentUrl":"https:\/\/sonetica.md\/wp-content\/uploads\/2026\/04\/jts-cs-1cu.webp","width":1024,"height":1024},{"@type":"BreadcrumbList","@id":"https:\/\/sonetica.md\/ro\/produs\/jts-cs-1cu\/#breadcrumb","itemListElement":[{"@type":"ListItem","position":1,"name":"Acas\u0103","item":"https:\/\/sonetica.md\/ro\/"},{"@type":"ListItem","position":2,"name":"Produse","item":"https:\/\/sonetica.md\/ro\/shop\/"},{"@type":"ListItem","position":3,"name":"Sisteme de conferin\u021b\u0103","item":"https:\/\/sonetica.md\/ro\/product-category\/conference-systems\/"},{"@type":"ListItem","position":4,"name":"Microfoane de conferin\u021b\u0103","item":"https:\/\/sonetica.md\/ro\/product-category\/conference-systems\/conf-microfoane\/"},{"@type":"ListItem","position":5,"name":"JTS CS-1CU"}]},{"@type":"WebSite","@id":"https:\/\/sonetica.md\/ro\/#website","url":"https:\/\/sonetica.md\/ro\/","name":"Sonetica","description":"Audio Equipment and Accessories","publisher":{"@id":"https:\/\/sonetica.md\/ro\/#organization"},"potentialAction":[{"@type":"SearchAction","target":{"@type":"EntryPoint","urlTemplate":"https:\/\/sonetica.md\/ro\/?s={search_term_string}"},"query-input":{"@type":"PropertyValueSpecification","valueRequired":true,"valueName":"search_term_string"}}],"inLanguage":"ro-RO"},{"@type":["Organization","Place","ElectronicsStore"],"@id":"https:\/\/sonetica.md\/ro\/#organization","name":"Sonetica","url":"https:\/\/sonetica.md\/ro\/","logo":{"@id":"https:\/\/sonetica.md\/ro\/produs\/jts-cs-1cu\/#local-main-organization-logo"},"image":{"@id":"https:\/\/sonetica.md\/ro\/produs\/jts-cs-1cu\/#local-main-organization-logo"},"sameAs":["https:\/\/www.facebook.com\/sonetica.md"],"legalName":"Sonetica SRL","address":{"@id":"https:\/\/sonetica.md\/ro\/produs\/jts-cs-1cu\/#local-main-place-address"},"telephone":["+373 22 274866"],"contactPoint":{"@type":"ContactPoint","telephone":"(022) 27-48-66"},"openingHoursSpecification":[{"@type":"OpeningHoursSpecification","dayOfWeek":["Monday","Tuesday","Wednesday","Thursday","Friday"],"opens":"10:00","closes":"17:00"},{"@type":"OpeningHoursSpecification","dayOfWeek":["Saturday","Sunday"],"opens":"00:00","closes":"00:00"}],"vatID":"0203112","taxID":"1003600083647","currenciesAccepted":"MDL","paymentAccepted":"Cash, Card"},{"@type":"PostalAddress","@id":"https:\/\/sonetica.md\/ro\/produs\/jts-cs-1cu\/#local-main-place-address","streetAddress":"V. Alecsandri 30","addressLocality":"Chisinau","postalCode":"MD-2009","addressCountry":"MD"},{"@type":"ImageObject","inLanguage":"ro-RO","@id":"https:\/\/sonetica.md\/ro\/produs\/jts-cs-1cu\/#local-main-organization-logo","url":"https:\/\/sonetica.md\/wp-content\/uploads\/2025\/11\/sonetica_logo.png","contentUrl":"https:\/\/sonetica.md\/wp-content\/uploads\/2025\/11\/sonetica_logo.png","width":453,"height":453,"caption":"Sonetica"}]},"product_brand":"JTS","product_price_amount":"5300.00","product_price_currency":"MDL","og_availability":"instock","product_availability":"instock","product_retailer_item_id":"JTS-CS-1CU","product_condition":"new","geo.placename":"Chisinau","geo.region":"Republica Moldova"},"_links":{"self":[{"href":"https:\/\/sonetica.md\/ro\/wp-json\/wp\/v2\/product\/5186","targetHints":{"allow":["GET"]}}],"collection":[{"href":"https:\/\/sonetica.md\/ro\/wp-json\/wp\/v2\/product"}],"about":[{"href":"https:\/\/sonetica.md\/ro\/wp-json\/wp\/v2\/types\/product"}],"wp:featuredmedia":[{"embeddable":true,"href":"https:\/\/sonetica.md\/ro\/wp-json\/wp\/v2\/media\/5195"}],"wp:attachment":[{"href":"https:\/\/sonetica.md\/ro\/wp-json\/wp\/v2\/media?parent=5186"}],"wp:term":[{"taxonomy":"product_brand","embeddable":true,"href":"https:\/\/sonetica.md\/ro\/wp-json\/wp\/v2\/product_brand?post=5186"},{"taxonomy":"product_cat","embeddable":true,"href":"https:\/\/sonetica.md\/ro\/wp-json\/wp\/v2\/product_cat?post=5186"},{"taxonomy":"product_tag","embeddable":true,"href":"https:\/\/sonetica.md\/ro\/wp-json\/wp\/v2\/product_tag?post=5186"}],"curies":[{"name":"wp","href":"https:\/\/api.w.org\/{rel}","templated":true}]}}