{"id":5210,"date":"2026-04-02T23:24:58","date_gmt":"2026-04-02T20:24:58","guid":{"rendered":"https:\/\/sonetica.md\/?post_type=product&#038;p=5210"},"modified":"2026-04-03T00:34:20","modified_gmt":"2026-04-02T21:34:20","slug":"jts-cs-1ch","status":"publish","type":"product","link":"https:\/\/sonetica.md\/ro\/produs\/jts-cs-1ch\/","title":{"rendered":"JTS CS-1CH"},"content":{"rendered":"<p>Romanian Translation<\/p>\n<h3>Caracteristici principale<\/h3>\n<p>JTS CS-1CH este o unitate de pre\u0219edinte care combin\u0103 un microfon de mas\u0103 tip \u201egooseneck\u201d cu indicator inelar \u201eOn\u201d, difuzor \u0219i butoane pentru \u201eTalk\u201d (Vorbire) \u0219i \u201ePriority\u201d (Prioritate). Aceasta face parte din sistemul de conferin\u021b\u0103 JTS CS-1.<\/p>\n<p>Un sistem de discu\u021bii i-Conference CS-1 este format din:<\/p>\n<ul>\n<li>O unitate de control \u0219i alimentare <a href=\"https:\/\/sonetica.md\/ro\/produs\/jts-cs-1cu\/\">JTS CS-1CU<\/a><\/li>\n<li>Maximum 50 de unit\u0103\u021bi de delegat sau pre\u0219edinte <a href=\"https:\/\/sonetica.md\/ro\/produs\/jts-cs-1du\/\">JTS CS-1DU<\/a><\/li>\n<li>Op\u021bional: Echipamente audio periferice \u0219i\/sau de telecomunica\u021bii<\/li>\n<\/ul>\n<p>Sistemul nu necesit\u0103 un mixer audio sau un sistem de difuzoare extern, deoarece fiecare unitate de delegat \u0219i pre\u0219edinte con\u021bine un difuzor integrat.<\/p>\n<p>Odat\u0103 ce sistemul este instalat \u0219i conectat, participan\u021bii la o \u00eent\u00e2lnire pot lua parte la discu\u021bie prin ap\u0103sarea butonului \u0219i vorbind prin microfon. Ceilal\u021bi participan\u021bi la \u0219edin\u021b\u0103 vor auzi persoana care vorbe\u0219te prin difuzoarele integrate \u00een unit\u0103\u021bile lor de microfon.<\/p>\n<p>Unitatea de pre\u0219edinte ofer\u0103 acelea\u0219i func\u021bii ca \u0219i unitatea de delegat, dar dispune \u00een plus de un buton de \u201ePrioritate\u201d, care \u00eei permite pre\u0219edintelui s\u0103 controleze discu\u021bia prin dezactivarea temporar\u0103 sau permanent\u0103 a tuturor microfoanelor active ale unit\u0103\u021bilor de delegat.<\/p>\n<p>Pot fi configurate urm\u0103toarele moduri:<\/p>\n<ul>\n<li>Modul Deschis (Open Mode): alege\u021bi num\u0103rul de utilizatori simultani (\u00eentre 1 \u0219i 4 delega\u021bi)<\/li>\n<li>Modul Temporizat (Time Mode)<\/li>\n<li>Modul Suprascriere (Override Mode): sistemul permite activarea unei singure unit\u0103\u021bi de delegat.<\/li>\n<li>Modul \u201eDoar Pre\u0219edinte\u201d (Chairman only): permite activarea doar a unit\u0103\u021bilor de pre\u0219edinte.<\/li>\n<\/ul>\n<p>&nbsp;<\/p>\n<h3>Specifica\u021bii tehnice<\/h3>\n<ul>\n<li>Tip microfon: Condensator Back Electret<\/li>\n<li>R\u0103spuns \u00een frecven\u021b\u0103: 50 &#8211; 18.000 Hz<\/li>\n<li>Caracteristic\u0103 polar\u0103: Cardioit<\/li>\n<li>SPL maxim pentru 1% THD: 125 dB<\/li>\n<li>Lungime bra\u021b gooseneck: 15\u201d (400 mm)<\/li>\n<li>Dimensiuni (\u00cexLxA) f\u0103r\u0103 microfon: 17011565 mm<\/li>\n<li>Lungime microfon: 400 mm<\/li>\n<li>Greutate: 1100 g<\/li>\n<\/ul>\n","protected":false},"excerpt":{"rendered":"<p>Unitate de pre\u0219edinte pentru sistemul de conferin\u021b\u0103 JTS CS-1, cu microfon \u0219i difuzor \u00eencorporate.<\/p>\n","protected":false},"featured_media":5209,"template":"","meta":{"_acf_changed":false,"_gspb_post_css":""},"product_brand":[417],"product_cat":[253],"product_tag":[],"class_list":{"0":"post-5210","1":"product","2":"type-product","3":"status-publish","4":"has-post-thumbnail","6":"product_brand-jts","7":"product_cat-conf-microfoane","9":"first","10":"instock","11":"taxable","12":"shipping-taxable","13":"purchasable","14":"product-type-simple"},"acf":[],"yoast_head":"<!-- This site is optimized with the Yoast SEO Premium plugin v27.2 (Yoast SEO v27.2) - https:\/\/yoast.com\/product\/yoast-seo-premium-wordpress\/ -->\n<title>JTS CS-1CH cump\u0103r\u0103 \u00een Moldova | Sonetica<\/title>\n<meta name=\"description\" content=\"Cump\u0103ra\u021bi JTS CS-1CH \u00een magazinul Sonetica. Livrare \u00een Moldova. Garan\u021bie oficial\u0103.\" \/>\n<meta name=\"robots\" content=\"index, follow, max-snippet:-1, max-image-preview:large, max-video-preview:-1\" \/>\n<link rel=\"canonical\" href=\"https:\/\/sonetica.md\/ro\/produs\/jts-cs-1ch\/\" \/>\n<meta property=\"og:locale\" content=\"ro_RO\" \/>\n<meta property=\"og:type\" content=\"article\" \/>\n<meta property=\"og:title\" content=\"JTS CS-1CH cump\u0103r\u0103 \u00een Moldova | Sonetica\" \/>\n<meta property=\"og:description\" content=\"Cump\u0103r\u0103 JTS CS-1CH din magazinul Sonetica. Livrare \u00een Moldova. Garan\u021bie oficial\u0103.\" \/>\n<meta property=\"og:url\" content=\"https:\/\/sonetica.md\/ro\/produs\/jts-cs-1ch\/\" \/>\n<meta property=\"og:site_name\" content=\"Sonetica\" \/>\n<meta property=\"article:publisher\" content=\"https:\/\/www.facebook.com\/sonetica.md\" \/>\n<meta property=\"article:modified_time\" content=\"2026-04-02T21:34:20+00:00\" \/>\n<meta property=\"og:image\" content=\"https:\/\/sonetica.md\/wp-content\/uploads\/2026\/04\/jts-cs-1ch.webp\" \/>\n\t<meta property=\"og:image:width\" content=\"1024\" \/>\n\t<meta property=\"og:image:height\" content=\"1024\" \/>\n\t<meta property=\"og:image:type\" content=\"image\/webp\" \/>\n<meta name=\"twitter:card\" content=\"summary_large_image\" \/>\n<meta name=\"twitter:label1\" content=\"Pre\u021b\" \/>\n\t<meta name=\"twitter:data1\" content=\"2.950,00&nbsp;MDL\" \/>\n\t<meta name=\"twitter:label2\" content=\"Disponibilitate\" \/>\n\t<meta name=\"twitter:data2\" content=\"\u00cen stoc\" \/>\n<script type=\"application\/ld+json\" class=\"yoast-schema-graph\">{\"@context\":\"https:\/\/schema.org\",\"@graph\":[{\"@type\":\"WebPage\",\"@id\":\"https:\/\/sonetica.md\/ro\/produs\/jts-cs-1ch\/\",\"url\":\"https:\/\/sonetica.md\/ro\/produs\/jts-cs-1ch\/\",\"name\":\"JTS CS-1CH cump\u0103r\u0103 \u00een Moldova | Sonetica\",\"isPartOf\":{\"@id\":\"https:\/\/sonetica.md\/ro\/#website\"},\"primaryImageOfPage\":{\"@id\":\"https:\/\/sonetica.md\/ro\/produs\/jts-cs-1ch\/#primaryimage\"},\"image\":{\"@id\":\"https:\/\/sonetica.md\/ro\/produs\/jts-cs-1ch\/#primaryimage\"},\"thumbnailUrl\":\"https:\/\/sonetica.md\/wp-content\/uploads\/2026\/04\/jts-cs-1ch.webp\",\"datePublished\":\"2026-04-02T20:24:58+00:00\",\"dateModified\":\"2026-04-02T21:34:20+00:00\",\"description\":\"Cump\u0103ra\u021bi JTS CS-1CH \u00een magazinul Sonetica. Livrare \u00een Moldova. Garan\u021bie oficial\u0103.\",\"breadcrumb\":{\"@id\":\"https:\/\/sonetica.md\/ro\/produs\/jts-cs-1ch\/#breadcrumb\"},\"inLanguage\":\"ro-RO\",\"potentialAction\":[{\"@type\":\"ReadAction\",\"target\":[\"https:\/\/sonetica.md\/ro\/produs\/jts-cs-1ch\/\"]}]},{\"@type\":\"ImageObject\",\"inLanguage\":\"ro-RO\",\"@id\":\"https:\/\/sonetica.md\/ro\/produs\/jts-cs-1ch\/#primaryimage\",\"url\":\"https:\/\/sonetica.md\/wp-content\/uploads\/2026\/04\/jts-cs-1ch.webp\",\"contentUrl\":\"https:\/\/sonetica.md\/wp-content\/uploads\/2026\/04\/jts-cs-1ch.webp\",\"width\":1024,\"height\":1024},{\"@type\":\"BreadcrumbList\",\"@id\":\"https:\/\/sonetica.md\/ro\/produs\/jts-cs-1ch\/#breadcrumb\",\"itemListElement\":[{\"@type\":\"ListItem\",\"position\":1,\"name\":\"Acas\u0103\",\"item\":\"https:\/\/sonetica.md\/ro\/\"},{\"@type\":\"ListItem\",\"position\":2,\"name\":\"Produse\",\"item\":\"https:\/\/sonetica.md\/ro\/shop\/\"},{\"@type\":\"ListItem\",\"position\":3,\"name\":\"Sisteme de conferin\u021b\u0103\",\"item\":\"https:\/\/sonetica.md\/ro\/product-category\/conference-systems\/\"},{\"@type\":\"ListItem\",\"position\":4,\"name\":\"Microfoane de conferin\u021b\u0103\",\"item\":\"https:\/\/sonetica.md\/ro\/product-category\/conference-systems\/conf-microfoane\/\"},{\"@type\":\"ListItem\",\"position\":5,\"name\":\"JTS CS-1CH\"}]},{\"@type\":\"WebSite\",\"@id\":\"https:\/\/sonetica.md\/ro\/#website\",\"url\":\"https:\/\/sonetica.md\/ro\/\",\"name\":\"Sonetica\",\"description\":\"Audio Equipment and Accessories\",\"publisher\":{\"@id\":\"https:\/\/sonetica.md\/ro\/#organization\"},\"potentialAction\":[{\"@type\":\"SearchAction\",\"target\":{\"@type\":\"EntryPoint\",\"urlTemplate\":\"https:\/\/sonetica.md\/ro\/?s={search_term_string}\"},\"query-input\":{\"@type\":\"PropertyValueSpecification\",\"valueRequired\":true,\"valueName\":\"search_term_string\"}}],\"inLanguage\":\"ro-RO\"},{\"@type\":[\"Organization\",\"Place\",\"ElectronicsStore\"],\"@id\":\"https:\/\/sonetica.md\/ro\/#organization\",\"name\":\"Sonetica\",\"url\":\"https:\/\/sonetica.md\/ro\/\",\"logo\":{\"@id\":\"https:\/\/sonetica.md\/ro\/produs\/jts-cs-1ch\/#local-main-organization-logo\"},\"image\":{\"@id\":\"https:\/\/sonetica.md\/ro\/produs\/jts-cs-1ch\/#local-main-organization-logo\"},\"sameAs\":[\"https:\/\/www.facebook.com\/sonetica.md\"],\"legalName\":\"Sonetica SRL\",\"address\":{\"@id\":\"https:\/\/sonetica.md\/ro\/produs\/jts-cs-1ch\/#local-main-place-address\"},\"telephone\":[\"+373 22 274866\"],\"contactPoint\":{\"@type\":\"ContactPoint\",\"telephone\":\"(022) 27-48-66\"},\"openingHoursSpecification\":[{\"@type\":\"OpeningHoursSpecification\",\"dayOfWeek\":[\"Monday\",\"Tuesday\",\"Wednesday\",\"Thursday\",\"Friday\"],\"opens\":\"10:00\",\"closes\":\"17:00\"},{\"@type\":\"OpeningHoursSpecification\",\"dayOfWeek\":[\"Saturday\",\"Sunday\"],\"opens\":\"00:00\",\"closes\":\"00:00\"}],\"vatID\":\"0203112\",\"taxID\":\"1003600083647\",\"currenciesAccepted\":\"MDL\",\"paymentAccepted\":\"Cash, Card\"},{\"@type\":\"PostalAddress\",\"@id\":\"https:\/\/sonetica.md\/ro\/produs\/jts-cs-1ch\/#local-main-place-address\",\"streetAddress\":\"V. Alecsandri 30\",\"addressLocality\":\"Chisinau\",\"postalCode\":\"MD-2009\",\"addressCountry\":\"MD\"},{\"@type\":\"ImageObject\",\"inLanguage\":\"ro-RO\",\"@id\":\"https:\/\/sonetica.md\/ro\/produs\/jts-cs-1ch\/#local-main-organization-logo\",\"url\":\"https:\/\/sonetica.md\/wp-content\/uploads\/2025\/11\/sonetica_logo.png\",\"contentUrl\":\"https:\/\/sonetica.md\/wp-content\/uploads\/2025\/11\/sonetica_logo.png\",\"width\":453,\"height\":453,\"caption\":\"Sonetica\"}]}<\/script>\n<meta property=\"product:brand\" content=\"JTS\" \/>\n<meta property=\"product:price:amount\" content=\"2950.00\" \/>\n<meta property=\"product:price:currency\" content=\"MDL\" \/>\n<meta property=\"og:availability\" content=\"instock\" \/>\n<meta property=\"product:availability\" content=\"instock\" \/>\n<meta property=\"product:retailer_item_id\" content=\"JTS-CS-1CH\" \/>\n<meta property=\"product:condition\" content=\"new\" \/>\n<meta name=\"geo.placename\" content=\"Chisinau\" \/>\n<meta name=\"geo.region\" content=\"Republica Moldova\" \/>\n<!-- \/ Yoast SEO Premium plugin. -->","yoast_head_json":{"title":"JTS CS-1CH cump\u0103r\u0103 \u00een Moldova | Sonetica","description":"Cump\u0103ra\u021bi JTS CS-1CH \u00een magazinul Sonetica. Livrare \u00een Moldova. Garan\u021bie oficial\u0103.","robots":{"index":"index","follow":"follow","max-snippet":"max-snippet:-1","max-image-preview":"max-image-preview:large","max-video-preview":"max-video-preview:-1"},"canonical":"https:\/\/sonetica.md\/ro\/produs\/jts-cs-1ch\/","og_locale":"ro_RO","og_type":"article","og_title":"JTS CS-1CH cump\u0103r\u0103 \u00een Moldova | Sonetica","og_description":"Cump\u0103r\u0103 JTS CS-1CH din magazinul Sonetica. Livrare \u00een Moldova. Garan\u021bie oficial\u0103.","og_url":"https:\/\/sonetica.md\/ro\/produs\/jts-cs-1ch\/","og_site_name":"Sonetica","article_publisher":"https:\/\/www.facebook.com\/sonetica.md","article_modified_time":"2026-04-02T21:34:20+00:00","og_image":[{"width":1024,"height":1024,"url":"https:\/\/sonetica.md\/wp-content\/uploads\/2026\/04\/jts-cs-1ch.webp","type":"image\/webp"}],"twitter_card":"summary_large_image","twitter_misc":{"Pre\u021b":"2.950,00&nbsp;MDL","Disponibilitate":"\u00cen stoc"},"schema":{"@context":"https:\/\/schema.org","@graph":[{"@type":"WebPage","@id":"https:\/\/sonetica.md\/ro\/produs\/jts-cs-1ch\/","url":"https:\/\/sonetica.md\/ro\/produs\/jts-cs-1ch\/","name":"JTS CS-1CH cump\u0103r\u0103 \u00een Moldova | Sonetica","isPartOf":{"@id":"https:\/\/sonetica.md\/ro\/#website"},"primaryImageOfPage":{"@id":"https:\/\/sonetica.md\/ro\/produs\/jts-cs-1ch\/#primaryimage"},"image":{"@id":"https:\/\/sonetica.md\/ro\/produs\/jts-cs-1ch\/#primaryimage"},"thumbnailUrl":"https:\/\/sonetica.md\/wp-content\/uploads\/2026\/04\/jts-cs-1ch.webp","datePublished":"2026-04-02T20:24:58+00:00","dateModified":"2026-04-02T21:34:20+00:00","description":"Cump\u0103ra\u021bi JTS CS-1CH \u00een magazinul Sonetica. Livrare \u00een Moldova. Garan\u021bie oficial\u0103.","breadcrumb":{"@id":"https:\/\/sonetica.md\/ro\/produs\/jts-cs-1ch\/#breadcrumb"},"inLanguage":"ro-RO","potentialAction":[{"@type":"ReadAction","target":["https:\/\/sonetica.md\/ro\/produs\/jts-cs-1ch\/"]}]},{"@type":"ImageObject","inLanguage":"ro-RO","@id":"https:\/\/sonetica.md\/ro\/produs\/jts-cs-1ch\/#primaryimage","url":"https:\/\/sonetica.md\/wp-content\/uploads\/2026\/04\/jts-cs-1ch.webp","contentUrl":"https:\/\/sonetica.md\/wp-content\/uploads\/2026\/04\/jts-cs-1ch.webp","width":1024,"height":1024},{"@type":"BreadcrumbList","@id":"https:\/\/sonetica.md\/ro\/produs\/jts-cs-1ch\/#breadcrumb","itemListElement":[{"@type":"ListItem","position":1,"name":"Acas\u0103","item":"https:\/\/sonetica.md\/ro\/"},{"@type":"ListItem","position":2,"name":"Produse","item":"https:\/\/sonetica.md\/ro\/shop\/"},{"@type":"ListItem","position":3,"name":"Sisteme de conferin\u021b\u0103","item":"https:\/\/sonetica.md\/ro\/product-category\/conference-systems\/"},{"@type":"ListItem","position":4,"name":"Microfoane de conferin\u021b\u0103","item":"https:\/\/sonetica.md\/ro\/product-category\/conference-systems\/conf-microfoane\/"},{"@type":"ListItem","position":5,"name":"JTS CS-1CH"}]},{"@type":"WebSite","@id":"https:\/\/sonetica.md\/ro\/#website","url":"https:\/\/sonetica.md\/ro\/","name":"Sonetica","description":"Audio Equipment and Accessories","publisher":{"@id":"https:\/\/sonetica.md\/ro\/#organization"},"potentialAction":[{"@type":"SearchAction","target":{"@type":"EntryPoint","urlTemplate":"https:\/\/sonetica.md\/ro\/?s={search_term_string}"},"query-input":{"@type":"PropertyValueSpecification","valueRequired":true,"valueName":"search_term_string"}}],"inLanguage":"ro-RO"},{"@type":["Organization","Place","ElectronicsStore"],"@id":"https:\/\/sonetica.md\/ro\/#organization","name":"Sonetica","url":"https:\/\/sonetica.md\/ro\/","logo":{"@id":"https:\/\/sonetica.md\/ro\/produs\/jts-cs-1ch\/#local-main-organization-logo"},"image":{"@id":"https:\/\/sonetica.md\/ro\/produs\/jts-cs-1ch\/#local-main-organization-logo"},"sameAs":["https:\/\/www.facebook.com\/sonetica.md"],"legalName":"Sonetica SRL","address":{"@id":"https:\/\/sonetica.md\/ro\/produs\/jts-cs-1ch\/#local-main-place-address"},"telephone":["+373 22 274866"],"contactPoint":{"@type":"ContactPoint","telephone":"(022) 27-48-66"},"openingHoursSpecification":[{"@type":"OpeningHoursSpecification","dayOfWeek":["Monday","Tuesday","Wednesday","Thursday","Friday"],"opens":"10:00","closes":"17:00"},{"@type":"OpeningHoursSpecification","dayOfWeek":["Saturday","Sunday"],"opens":"00:00","closes":"00:00"}],"vatID":"0203112","taxID":"1003600083647","currenciesAccepted":"MDL","paymentAccepted":"Cash, Card"},{"@type":"PostalAddress","@id":"https:\/\/sonetica.md\/ro\/produs\/jts-cs-1ch\/#local-main-place-address","streetAddress":"V. Alecsandri 30","addressLocality":"Chisinau","postalCode":"MD-2009","addressCountry":"MD"},{"@type":"ImageObject","inLanguage":"ro-RO","@id":"https:\/\/sonetica.md\/ro\/produs\/jts-cs-1ch\/#local-main-organization-logo","url":"https:\/\/sonetica.md\/wp-content\/uploads\/2025\/11\/sonetica_logo.png","contentUrl":"https:\/\/sonetica.md\/wp-content\/uploads\/2025\/11\/sonetica_logo.png","width":453,"height":453,"caption":"Sonetica"}]},"product_brand":"JTS","product_price_amount":"2950.00","product_price_currency":"MDL","og_availability":"instock","product_availability":"instock","product_retailer_item_id":"JTS-CS-1CH","product_condition":"new","geo.placename":"Chisinau","geo.region":"Republica Moldova"},"_links":{"self":[{"href":"https:\/\/sonetica.md\/ro\/wp-json\/wp\/v2\/product\/5210","targetHints":{"allow":["GET"]}}],"collection":[{"href":"https:\/\/sonetica.md\/ro\/wp-json\/wp\/v2\/product"}],"about":[{"href":"https:\/\/sonetica.md\/ro\/wp-json\/wp\/v2\/types\/product"}],"wp:featuredmedia":[{"embeddable":true,"href":"https:\/\/sonetica.md\/ro\/wp-json\/wp\/v2\/media\/5209"}],"wp:attachment":[{"href":"https:\/\/sonetica.md\/ro\/wp-json\/wp\/v2\/media?parent=5210"}],"wp:term":[{"taxonomy":"product_brand","embeddable":true,"href":"https:\/\/sonetica.md\/ro\/wp-json\/wp\/v2\/product_brand?post=5210"},{"taxonomy":"product_cat","embeddable":true,"href":"https:\/\/sonetica.md\/ro\/wp-json\/wp\/v2\/product_cat?post=5210"},{"taxonomy":"product_tag","embeddable":true,"href":"https:\/\/sonetica.md\/ro\/wp-json\/wp\/v2\/product_tag?post=5210"}],"curies":[{"name":"wp","href":"https:\/\/api.w.org\/{rel}","templated":true}]}}