{"id":5226,"date":"2026-04-07T23:13:21","date_gmt":"2026-04-07T20:13:21","guid":{"rendered":"https:\/\/sonetica.md\/?post_type=product&#038;p=5226"},"modified":"2026-04-07T23:24:51","modified_gmt":"2026-04-07T20:24:51","slug":"show-ds-150r","status":"publish","type":"product","link":"https:\/\/sonetica.md\/ro\/produs\/show-ds-150r\/","title":{"rendered":"Show DS-150R"},"content":{"rendered":"<p>DS-150R este un sistem profesional de pupitru tip coloan\u0103, cu un aspect estetic deosebit, instalare simpl\u0103, func\u021bii diverse, putere suficient\u0103 \u0219i sunet clar.<\/p>\n<p>Poate fi utilizat pe scar\u0103 larg\u0103 \u00een:<\/p>\n<ul>\n<li>L\u0103ca\u0219uri de cult mici<\/li>\n<li>S\u0103li de conferin\u021be corporative<\/li>\n<li>S\u0103li multimedia din hoteluri<\/li>\n<li>\u0218coli<\/li>\n<li>Centre de conven\u021bii<\/li>\n<li>Prezent\u0103ri multimedia<\/li>\n<li>Organiza\u021bii guvernamentale<\/li>\n<\/ul>\n<p>Este echipat cu un sistem de difuzoare, amplificatoare \u0219i microfon gooseneck &#8211; totul este combinat \u0219i gata de utilizare \u00een orice moment.<\/p>\n<p>Lampa de podium ofer\u0103 lumin\u0103 suplimentar\u0103 \u00een condi\u021bii de \u00eentuneric.<\/p>\n<p>Microfonul wireless ofer\u0103 flexibilitate sporit\u0103, de exemplu, pentru \u00eentreb\u0103rile invita\u021bilor din sal\u0103.<\/p>\n<p>MP3 \u0219i Bluetooth pentru redare sau \u00eenregistr\u0103ri, \u0219i baterie re\u00eenc\u0103rcabil\u0103 pentru loca\u021biile f\u0103r\u0103 alimentare de la re\u021bea.<\/p>\n<div id=\"model-response-message-contentr_8b4dd27397dd3e75\" class=\"markdown markdown-main-panel tutor-markdown-rendering enable-updated-hr-color\" dir=\"ltr\" aria-live=\"polite\" aria-busy=\"false\">\n<h3 data-path-to-node=\"0\">Specifica\u021bii<\/h3>\n<\/div>\n<div class=\"left\">\n<ul>\n<li>Putere 100W RMS clasa D Bi-AMP<\/li>\n<li>Intr\u0103ri: 1x Combo-XLR (comutator Mic\/Line), 1 x 1\/8&#8221; Stereo Jack AUX Input<\/li>\n<li>Mix Out: 6.3 mm<\/li>\n<li>EQ pe 2 benzi pentru intr\u0103ri, comutator on\/off pentru prioritate voce<\/li>\n<li>Modul Wireless UHF (470-900) cu control pentru frecven\u021b\u0103 \u0219i volum<\/li>\n<li>Microfon portabil de birou, lamp\u0103 portabil\u0103<\/li>\n<li>3 x difuzoare Full Range de 6.5&#8243;<\/li>\n<li>Bateria re\u00eenc\u0103rcabil\u0103 poate reda continuu timp de 4 ore<\/li>\n<li>MP3 digital + \u00eenregistrare + bluetooth cu telecomand\u0103<\/li>\n<li>Dou\u0103 surse de alimentare: 110V-240V ~50-60Hz, DC25.9V (BATERIE LITIU)<\/li>\n<li>Corp din aluminiu extrudat, vopsea rezistent\u0103, gril\u0103 metalic\u0103 cu spum\u0103<\/li>\n<li>Dimensiuni (Lx\u00cexA): 420 x 580 x 1135mm<\/li>\n<li>Greutate net\u0103: 15.2Kg<\/li>\n<\/ul>\n<\/div>\n","protected":false},"excerpt":{"rendered":"<div class=\"container\">\n<div id=\"model-response-message-contentr_2ab57c4eb21e7e9d\" class=\"markdown markdown-main-panel tutor-markdown-rendering enable-updated-hr-color\" dir=\"ltr\" aria-live=\"polite\" aria-busy=\"false\">\n<p data-path-to-node=\"1\">Sistem profesional de pupitru tip coloan\u0103 cu difuzor \u00eencorporat, MP3\/Bluetooth, baterie, microfon gooseneck \u0219i microfon wireless.<\/p>\n<\/div>\n<\/div>\n","protected":false},"featured_media":5221,"template":"","meta":{"_acf_changed":false,"_gspb_post_css":""},"product_brand":[421],"product_cat":[329],"product_tag":[],"class_list":{"0":"post-5226","1":"product","2":"type-product","3":"status-publish","4":"has-post-thumbnail","6":"product_brand-show","7":"product_cat-portable-audio-systems","9":"first","10":"instock","11":"taxable","12":"shipping-taxable","13":"purchasable","14":"product-type-simple"},"acf":[],"yoast_head":"<!-- This site is optimized with the Yoast SEO Premium plugin v27.2 (Yoast SEO v27.2) - https:\/\/yoast.com\/product\/yoast-seo-premium-wordpress\/ -->\n<title>Show DS-150R cump\u0103r\u0103 \u00een Moldova | Sonetica<\/title>\n<meta name=\"description\" content=\"Cump\u0103ra\u021bi Show DS-150R \u00een magazinul Sonetica. Livrare \u00een Moldova. Garan\u021bie oficial\u0103.\" \/>\n<meta name=\"robots\" content=\"index, follow, max-snippet:-1, max-image-preview:large, max-video-preview:-1\" \/>\n<link rel=\"canonical\" href=\"https:\/\/sonetica.md\/ro\/produs\/show-ds-150r\/\" \/>\n<meta property=\"og:locale\" content=\"ro_RO\" \/>\n<meta property=\"og:type\" content=\"article\" \/>\n<meta property=\"og:title\" content=\"Show DS-150R cump\u0103r\u0103 \u00een Moldova | Sonetica\" \/>\n<meta property=\"og:description\" content=\"Cump\u0103r\u0103 Show DS-150R din magazinul Sonetica. Livrare \u00een Moldova. Garan\u021bie oficial\u0103.\" \/>\n<meta property=\"og:url\" content=\"https:\/\/sonetica.md\/ro\/produs\/show-ds-150r\/\" \/>\n<meta property=\"og:site_name\" content=\"Sonetica\" \/>\n<meta property=\"article:publisher\" content=\"https:\/\/www.facebook.com\/sonetica.md\" \/>\n<meta property=\"article:modified_time\" content=\"2026-04-07T20:24:51+00:00\" \/>\n<meta property=\"og:image\" content=\"https:\/\/sonetica.md\/wp-content\/uploads\/2026\/04\/show-ds150r-front-1.webp\" \/>\n\t<meta property=\"og:image:width\" content=\"1500\" \/>\n\t<meta property=\"og:image:height\" content=\"1500\" \/>\n\t<meta property=\"og:image:type\" content=\"image\/webp\" \/>\n<meta name=\"twitter:card\" content=\"summary_large_image\" \/>\n<meta name=\"twitter:label1\" content=\"Pre\u021b\" \/>\n\t<meta name=\"twitter:data1\" content=\"14.800,00&nbsp;MDL\" \/>\n\t<meta name=\"twitter:label2\" content=\"Disponibilitate\" \/>\n\t<meta name=\"twitter:data2\" content=\"\u00cen stoc\" \/>\n<script type=\"application\/ld+json\" class=\"yoast-schema-graph\">{\"@context\":\"https:\/\/schema.org\",\"@graph\":[{\"@type\":\"WebPage\",\"@id\":\"https:\/\/sonetica.md\/ro\/produs\/show-ds-150r\/\",\"url\":\"https:\/\/sonetica.md\/ro\/produs\/show-ds-150r\/\",\"name\":\"Show DS-150R cump\u0103r\u0103 \u00een Moldova | Sonetica\",\"isPartOf\":{\"@id\":\"https:\/\/sonetica.md\/ro\/#website\"},\"primaryImageOfPage\":{\"@id\":\"https:\/\/sonetica.md\/ro\/produs\/show-ds-150r\/#primaryimage\"},\"image\":{\"@id\":\"https:\/\/sonetica.md\/ro\/produs\/show-ds-150r\/#primaryimage\"},\"thumbnailUrl\":\"https:\/\/sonetica.md\/wp-content\/uploads\/2026\/04\/show-ds150r-front-1.webp\",\"datePublished\":\"2026-04-07T20:13:21+00:00\",\"dateModified\":\"2026-04-07T20:24:51+00:00\",\"description\":\"Cump\u0103ra\u021bi Show DS-150R \u00een magazinul Sonetica. Livrare \u00een Moldova. Garan\u021bie oficial\u0103.\",\"breadcrumb\":{\"@id\":\"https:\/\/sonetica.md\/ro\/produs\/show-ds-150r\/#breadcrumb\"},\"inLanguage\":\"ro-RO\",\"potentialAction\":[{\"@type\":\"ReadAction\",\"target\":[\"https:\/\/sonetica.md\/ro\/produs\/show-ds-150r\/\"]}]},{\"@type\":\"ImageObject\",\"inLanguage\":\"ro-RO\",\"@id\":\"https:\/\/sonetica.md\/ro\/produs\/show-ds-150r\/#primaryimage\",\"url\":\"https:\/\/sonetica.md\/wp-content\/uploads\/2026\/04\/show-ds150r-front-1.webp\",\"contentUrl\":\"https:\/\/sonetica.md\/wp-content\/uploads\/2026\/04\/show-ds150r-front-1.webp\",\"width\":1500,\"height\":1500},{\"@type\":\"BreadcrumbList\",\"@id\":\"https:\/\/sonetica.md\/ro\/produs\/show-ds-150r\/#breadcrumb\",\"itemListElement\":[{\"@type\":\"ListItem\",\"position\":1,\"name\":\"Acas\u0103\",\"item\":\"https:\/\/sonetica.md\/ro\/\"},{\"@type\":\"ListItem\",\"position\":2,\"name\":\"Produse\",\"item\":\"https:\/\/sonetica.md\/ro\/shop\/\"},{\"@type\":\"ListItem\",\"position\":3,\"name\":\"Boxe\",\"item\":\"https:\/\/sonetica.md\/ro\/product-category\/pa-loudspeakers\/\"},{\"@type\":\"ListItem\",\"position\":4,\"name\":\"Sisteme Audio portabile\",\"item\":\"https:\/\/sonetica.md\/ro\/product-category\/pa-loudspeakers\/portable-audio-systems\/\"},{\"@type\":\"ListItem\",\"position\":5,\"name\":\"Show DS-150R\"}]},{\"@type\":\"WebSite\",\"@id\":\"https:\/\/sonetica.md\/ro\/#website\",\"url\":\"https:\/\/sonetica.md\/ro\/\",\"name\":\"Sonetica\",\"description\":\"Audio Equipment and Accessories\",\"publisher\":{\"@id\":\"https:\/\/sonetica.md\/ro\/#organization\"},\"potentialAction\":[{\"@type\":\"SearchAction\",\"target\":{\"@type\":\"EntryPoint\",\"urlTemplate\":\"https:\/\/sonetica.md\/ro\/?s={search_term_string}\"},\"query-input\":{\"@type\":\"PropertyValueSpecification\",\"valueRequired\":true,\"valueName\":\"search_term_string\"}}],\"inLanguage\":\"ro-RO\"},{\"@type\":[\"Organization\",\"Place\",\"ElectronicsStore\"],\"@id\":\"https:\/\/sonetica.md\/ro\/#organization\",\"name\":\"Sonetica\",\"url\":\"https:\/\/sonetica.md\/ro\/\",\"logo\":{\"@id\":\"https:\/\/sonetica.md\/ro\/produs\/show-ds-150r\/#local-main-organization-logo\"},\"image\":{\"@id\":\"https:\/\/sonetica.md\/ro\/produs\/show-ds-150r\/#local-main-organization-logo\"},\"sameAs\":[\"https:\/\/www.facebook.com\/sonetica.md\"],\"legalName\":\"Sonetica SRL\",\"address\":{\"@id\":\"https:\/\/sonetica.md\/ro\/produs\/show-ds-150r\/#local-main-place-address\"},\"telephone\":[\"+373 22 274866\"],\"contactPoint\":{\"@type\":\"ContactPoint\",\"telephone\":\"(022) 27-48-66\"},\"openingHoursSpecification\":[{\"@type\":\"OpeningHoursSpecification\",\"dayOfWeek\":[\"Monday\",\"Tuesday\",\"Wednesday\",\"Thursday\",\"Friday\"],\"opens\":\"10:00\",\"closes\":\"17:00\"},{\"@type\":\"OpeningHoursSpecification\",\"dayOfWeek\":[\"Saturday\",\"Sunday\"],\"opens\":\"00:00\",\"closes\":\"00:00\"}],\"vatID\":\"0203112\",\"taxID\":\"1003600083647\",\"currenciesAccepted\":\"MDL\",\"paymentAccepted\":\"Cash, Card\"},{\"@type\":\"PostalAddress\",\"@id\":\"https:\/\/sonetica.md\/ro\/produs\/show-ds-150r\/#local-main-place-address\",\"streetAddress\":\"V. Alecsandri 30\",\"addressLocality\":\"Chisinau\",\"postalCode\":\"MD-2009\",\"addressCountry\":\"MD\"},{\"@type\":\"ImageObject\",\"inLanguage\":\"ro-RO\",\"@id\":\"https:\/\/sonetica.md\/ro\/produs\/show-ds-150r\/#local-main-organization-logo\",\"url\":\"https:\/\/sonetica.md\/wp-content\/uploads\/2025\/11\/sonetica_logo.png\",\"contentUrl\":\"https:\/\/sonetica.md\/wp-content\/uploads\/2025\/11\/sonetica_logo.png\",\"width\":453,\"height\":453,\"caption\":\"Sonetica\"}]}<\/script>\n<meta property=\"product:brand\" content=\"Show\" \/>\n<meta property=\"product:price:amount\" content=\"14800.00\" \/>\n<meta property=\"product:price:currency\" content=\"MDL\" \/>\n<meta property=\"og:availability\" content=\"instock\" \/>\n<meta property=\"product:availability\" content=\"instock\" \/>\n<meta property=\"product:condition\" content=\"new\" \/>\n<meta name=\"geo.placename\" content=\"Chisinau\" \/>\n<meta name=\"geo.region\" content=\"Republica Moldova\" \/>\n<!-- \/ Yoast SEO Premium plugin. -->","yoast_head_json":{"title":"Show DS-150R cump\u0103r\u0103 \u00een Moldova | Sonetica","description":"Cump\u0103ra\u021bi Show DS-150R \u00een magazinul Sonetica. Livrare \u00een Moldova. Garan\u021bie oficial\u0103.","robots":{"index":"index","follow":"follow","max-snippet":"max-snippet:-1","max-image-preview":"max-image-preview:large","max-video-preview":"max-video-preview:-1"},"canonical":"https:\/\/sonetica.md\/ro\/produs\/show-ds-150r\/","og_locale":"ro_RO","og_type":"article","og_title":"Show DS-150R cump\u0103r\u0103 \u00een Moldova | Sonetica","og_description":"Cump\u0103r\u0103 Show DS-150R din magazinul Sonetica. Livrare \u00een Moldova. Garan\u021bie oficial\u0103.","og_url":"https:\/\/sonetica.md\/ro\/produs\/show-ds-150r\/","og_site_name":"Sonetica","article_publisher":"https:\/\/www.facebook.com\/sonetica.md","article_modified_time":"2026-04-07T20:24:51+00:00","og_image":[{"width":1500,"height":1500,"url":"https:\/\/sonetica.md\/wp-content\/uploads\/2026\/04\/show-ds150r-front-1.webp","type":"image\/webp"}],"twitter_card":"summary_large_image","twitter_misc":{"Pre\u021b":"14.800,00&nbsp;MDL","Disponibilitate":"\u00cen stoc"},"schema":{"@context":"https:\/\/schema.org","@graph":[{"@type":"WebPage","@id":"https:\/\/sonetica.md\/ro\/produs\/show-ds-150r\/","url":"https:\/\/sonetica.md\/ro\/produs\/show-ds-150r\/","name":"Show DS-150R cump\u0103r\u0103 \u00een Moldova | Sonetica","isPartOf":{"@id":"https:\/\/sonetica.md\/ro\/#website"},"primaryImageOfPage":{"@id":"https:\/\/sonetica.md\/ro\/produs\/show-ds-150r\/#primaryimage"},"image":{"@id":"https:\/\/sonetica.md\/ro\/produs\/show-ds-150r\/#primaryimage"},"thumbnailUrl":"https:\/\/sonetica.md\/wp-content\/uploads\/2026\/04\/show-ds150r-front-1.webp","datePublished":"2026-04-07T20:13:21+00:00","dateModified":"2026-04-07T20:24:51+00:00","description":"Cump\u0103ra\u021bi Show DS-150R \u00een magazinul Sonetica. Livrare \u00een Moldova. Garan\u021bie oficial\u0103.","breadcrumb":{"@id":"https:\/\/sonetica.md\/ro\/produs\/show-ds-150r\/#breadcrumb"},"inLanguage":"ro-RO","potentialAction":[{"@type":"ReadAction","target":["https:\/\/sonetica.md\/ro\/produs\/show-ds-150r\/"]}]},{"@type":"ImageObject","inLanguage":"ro-RO","@id":"https:\/\/sonetica.md\/ro\/produs\/show-ds-150r\/#primaryimage","url":"https:\/\/sonetica.md\/wp-content\/uploads\/2026\/04\/show-ds150r-front-1.webp","contentUrl":"https:\/\/sonetica.md\/wp-content\/uploads\/2026\/04\/show-ds150r-front-1.webp","width":1500,"height":1500},{"@type":"BreadcrumbList","@id":"https:\/\/sonetica.md\/ro\/produs\/show-ds-150r\/#breadcrumb","itemListElement":[{"@type":"ListItem","position":1,"name":"Acas\u0103","item":"https:\/\/sonetica.md\/ro\/"},{"@type":"ListItem","position":2,"name":"Produse","item":"https:\/\/sonetica.md\/ro\/shop\/"},{"@type":"ListItem","position":3,"name":"Boxe","item":"https:\/\/sonetica.md\/ro\/product-category\/pa-loudspeakers\/"},{"@type":"ListItem","position":4,"name":"Sisteme Audio portabile","item":"https:\/\/sonetica.md\/ro\/product-category\/pa-loudspeakers\/portable-audio-systems\/"},{"@type":"ListItem","position":5,"name":"Show DS-150R"}]},{"@type":"WebSite","@id":"https:\/\/sonetica.md\/ro\/#website","url":"https:\/\/sonetica.md\/ro\/","name":"Sonetica","description":"Audio Equipment and Accessories","publisher":{"@id":"https:\/\/sonetica.md\/ro\/#organization"},"potentialAction":[{"@type":"SearchAction","target":{"@type":"EntryPoint","urlTemplate":"https:\/\/sonetica.md\/ro\/?s={search_term_string}"},"query-input":{"@type":"PropertyValueSpecification","valueRequired":true,"valueName":"search_term_string"}}],"inLanguage":"ro-RO"},{"@type":["Organization","Place","ElectronicsStore"],"@id":"https:\/\/sonetica.md\/ro\/#organization","name":"Sonetica","url":"https:\/\/sonetica.md\/ro\/","logo":{"@id":"https:\/\/sonetica.md\/ro\/produs\/show-ds-150r\/#local-main-organization-logo"},"image":{"@id":"https:\/\/sonetica.md\/ro\/produs\/show-ds-150r\/#local-main-organization-logo"},"sameAs":["https:\/\/www.facebook.com\/sonetica.md"],"legalName":"Sonetica SRL","address":{"@id":"https:\/\/sonetica.md\/ro\/produs\/show-ds-150r\/#local-main-place-address"},"telephone":["+373 22 274866"],"contactPoint":{"@type":"ContactPoint","telephone":"(022) 27-48-66"},"openingHoursSpecification":[{"@type":"OpeningHoursSpecification","dayOfWeek":["Monday","Tuesday","Wednesday","Thursday","Friday"],"opens":"10:00","closes":"17:00"},{"@type":"OpeningHoursSpecification","dayOfWeek":["Saturday","Sunday"],"opens":"00:00","closes":"00:00"}],"vatID":"0203112","taxID":"1003600083647","currenciesAccepted":"MDL","paymentAccepted":"Cash, Card"},{"@type":"PostalAddress","@id":"https:\/\/sonetica.md\/ro\/produs\/show-ds-150r\/#local-main-place-address","streetAddress":"V. Alecsandri 30","addressLocality":"Chisinau","postalCode":"MD-2009","addressCountry":"MD"},{"@type":"ImageObject","inLanguage":"ro-RO","@id":"https:\/\/sonetica.md\/ro\/produs\/show-ds-150r\/#local-main-organization-logo","url":"https:\/\/sonetica.md\/wp-content\/uploads\/2025\/11\/sonetica_logo.png","contentUrl":"https:\/\/sonetica.md\/wp-content\/uploads\/2025\/11\/sonetica_logo.png","width":453,"height":453,"caption":"Sonetica"}]},"product_brand":"Show","product_price_amount":"14800.00","product_price_currency":"MDL","og_availability":"instock","product_availability":"instock","product_condition":"new","geo.placename":"Chisinau","geo.region":"Republica Moldova"},"_links":{"self":[{"href":"https:\/\/sonetica.md\/ro\/wp-json\/wp\/v2\/product\/5226","targetHints":{"allow":["GET"]}}],"collection":[{"href":"https:\/\/sonetica.md\/ro\/wp-json\/wp\/v2\/product"}],"about":[{"href":"https:\/\/sonetica.md\/ro\/wp-json\/wp\/v2\/types\/product"}],"wp:featuredmedia":[{"embeddable":true,"href":"https:\/\/sonetica.md\/ro\/wp-json\/wp\/v2\/media\/5221"}],"wp:attachment":[{"href":"https:\/\/sonetica.md\/ro\/wp-json\/wp\/v2\/media?parent=5226"}],"wp:term":[{"taxonomy":"product_brand","embeddable":true,"href":"https:\/\/sonetica.md\/ro\/wp-json\/wp\/v2\/product_brand?post=5226"},{"taxonomy":"product_cat","embeddable":true,"href":"https:\/\/sonetica.md\/ro\/wp-json\/wp\/v2\/product_cat?post=5226"},{"taxonomy":"product_tag","embeddable":true,"href":"https:\/\/sonetica.md\/ro\/wp-json\/wp\/v2\/product_tag?post=5226"}],"curies":[{"name":"wp","href":"https:\/\/api.w.org\/{rel}","templated":true}]}}