{"id":5252,"date":"2026-04-16T03:21:26","date_gmt":"2026-04-16T00:21:26","guid":{"rendered":"https:\/\/sonetica.md\/?post_type=product&#038;p=5252"},"modified":"2026-04-16T03:30:26","modified_gmt":"2026-04-16T00:30:26","slug":"allen-heath-zed-6fx","status":"publish","type":"product","link":"https:\/\/sonetica.md\/ro\/produs\/allen-heath-zed-6fx\/","title":{"rendered":"Allen-Heath ZED-6FX"},"content":{"rendered":"<h3>Caracteristici<\/h3>\n<ul>\n<li>2 intr\u0103ri Mic\/Line cu mufe XLR \u0219i TRS jack<\/li>\n<li>2 intr\u0103ri Stereo cu mufe TRS jack<\/li>\n<li>Procesor de efecte (FX) intern cu tap tempo \u0219i 61 de preset\u0103ri<\/li>\n<li>2 intr\u0103ri de instrument Hi-Z<\/li>\n<li>EQ pe 2 benzi \u0219i filtru Low-Cut<\/li>\n<li>Ie\u0219iri principale XLR \u0219i Phantom Power 48V pentru microfoane condensator<\/li>\n<\/ul>\n<header class=\"content-header\">\n<h3><\/h3>\n<h3 class=\"content-title no-margin\">Calitate audio excep\u021bional\u0103<\/h3>\n<p class=\"gamma charcoal content-standfirst half-margin\"><strong>Mixer mic. Sunet mare.<\/strong><\/p>\n<\/header>\n<div class=\"content-main grey--dark\">\n<p class=\"no-margin\">ZED Compact dispune de un design de preamplificator meticulos lucrat, dezvoltat de aceea\u0219i echip\u0103 de R&amp;D care lucreaz\u0103 la mixerele noastre emblematice pentru turnee. Preamplificatoarele ofer\u0103 un zgomot excep\u021bional de sc\u0103zut \u0219i un headroom masiv, cu o c\u0103ldur\u0103 \u0219i profunzime analogic\u0103 specific\u0103.<\/p>\n<p><img loading=\"lazy\" decoding=\"async\" class=\"wp-image-5240 alignnone\" src=\"https:\/\/sonetica.md\/wp-content\/uploads\/2026\/04\/allen-heath-ZED6-Close-Up-300x216.webp\" alt=\"\" width=\"412\" height=\"297\" srcset=\"https:\/\/sonetica.md\/wp-content\/uploads\/2026\/04\/allen-heath-ZED6-Close-Up-300x216.webp 300w, https:\/\/sonetica.md\/wp-content\/uploads\/2026\/04\/allen-heath-ZED6-Close-Up.webp 555w\" sizes=\"auto, (max-width: 412px) 100vw, 412px\" \/><\/p>\n<\/div>\n<p>&nbsp;<\/p>\n<header class=\"content-header\">\n<h3 class=\"content-title no-margin\">Intr\u0103ri Hi-Z<\/h3>\n<p class=\"gamma charcoal content-standfirst half-margin\"><strong>Creat pentru chitare<\/strong><\/p>\n<\/header>\n<div class=\"content-main grey--dark\">\n<p class=\"no-margin\">ZED Compact vine cu dou\u0103 intr\u0103ri jack de \u00eenalt\u0103 impedan\u021b\u0103 pentru chitar\u0103 (DI), permi\u021b\u00e2nd conectarea chitarelor direct \u00een mixer f\u0103r\u0103 a fi nevoie de cutii DI. Acesta este un echipament \u00een minus de cump\u0103rat, transportat \u0219i instalat.<\/p>\n<p><img loading=\"lazy\" decoding=\"async\" class=\"alignnone wp-image-5241\" src=\"https:\/\/sonetica.md\/wp-content\/uploads\/2026\/04\/allen-heath-ZED-Compact-guitar-300x200.webp\" alt=\"\" width=\"401\" height=\"267\" srcset=\"https:\/\/sonetica.md\/wp-content\/uploads\/2026\/04\/allen-heath-ZED-Compact-guitar-300x200.webp 300w, https:\/\/sonetica.md\/wp-content\/uploads\/2026\/04\/allen-heath-ZED-Compact-guitar.webp 555w\" sizes=\"auto, (max-width: 401px) 100vw, 401px\" \/><\/p>\n<p>&nbsp;<\/p>\n<header class=\"content-header\">\n<h3 class=\"content-title no-margin\">MusiQ<\/h3>\n<p class=\"gamma charcoal content-standfirst half-margin\"><strong>EQ pentru muzicieni<\/strong><\/p>\n<\/header>\n<div class=\"content-main grey--dark\">\n<p class=\"no-margin\">Inginerii no\u0219tri analogici au proiectat EQ-ul MusiQ special pentru mixerele ZED, optimiz\u00e2nd cu aten\u021bie curbele \u0219i frecven\u021bele \u021bint\u0103 pentru a oferi un EQ muzical, simplu de utilizat, care func\u021bioneaz\u0103 la fel de bine pe scen\u0103 sau \u00een studio. Fiecare mixer ZED Compact are un design EQ pe 2 benzi receptiv, cu pant\u0103 optimizat\u0103 (sau factor Q) pentru egalizarea instrumentelor individuale.<\/p>\n<p><img loading=\"lazy\" decoding=\"async\" class=\"alignnone wp-image-5242\" src=\"https:\/\/sonetica.md\/wp-content\/uploads\/2026\/04\/allen-heath-ZEDi-2-300x200.webp\" alt=\"\" width=\"404\" height=\"269\" srcset=\"https:\/\/sonetica.md\/wp-content\/uploads\/2026\/04\/allen-heath-ZEDi-2-300x200.webp 300w, https:\/\/sonetica.md\/wp-content\/uploads\/2026\/04\/allen-heath-ZEDi-2-768x512.webp 768w, https:\/\/sonetica.md\/wp-content\/uploads\/2026\/04\/allen-heath-ZEDi-2-800x534.webp 800w, https:\/\/sonetica.md\/wp-content\/uploads\/2026\/04\/allen-heath-ZEDi-2.webp 1024w\" sizes=\"auto, (max-width: 404px) 100vw, 404px\" \/><\/p>\n<\/div>\n<\/div>\n<p>&nbsp;<\/p>\n<header class=\"content-header\">\n<h3 class=\"content-title no-margin\">Calitatea construc\u021biei<\/h3>\n<p class=\"gamma charcoal content-standfirst half-margin\">Compact \u0219i gata de concert<\/p>\n<\/header>\n<div class=\"content-main grey--dark\">\n<p class=\"no-margin\">Mixerele noastre ZED Compact sunt u\u0219oare \u0219i portabile, f\u0103r\u0103 a sacrifica rezisten\u021ba \u0219i durabilitatea. Construite la standardele noastre riguroase pentru a face<\/p>\n<\/div>\n","protected":false},"excerpt":{"rendered":"<p data-path-to-node=\"0\">Mixer analogic compact cu 6 intr\u0103ri \u0219i efecte (FX)<\/p>\n","protected":false},"featured_media":5251,"template":"","meta":{"_acf_changed":false,"_gspb_post_css":""},"product_brand":[455],"product_cat":[315],"product_tag":[],"class_list":{"0":"post-5252","1":"product","2":"type-product","3":"status-publish","4":"has-post-thumbnail","6":"product_brand-allen-heath","7":"product_cat-analog-mixers","9":"first","10":"instock","11":"taxable","12":"shipping-taxable","13":"purchasable","14":"product-type-simple"},"acf":[],"yoast_head":"<!-- This site is optimized with the Yoast SEO Premium plugin v27.4 (Yoast SEO v27.4) - https:\/\/yoast.com\/product\/yoast-seo-premium-wordpress\/ -->\n<title>Allen-Heath ZED-6FX cump\u0103r\u0103 \u00een Moldova | Sonetica<\/title>\n<meta name=\"description\" content=\"Cump\u0103ra\u021bi Allen-Heath ZED-6FX \u00een magazinul Sonetica. Livrare \u00een Moldova. Garan\u021bie oficial\u0103.\" \/>\n<meta name=\"robots\" content=\"index, follow, max-snippet:-1, max-image-preview:large, max-video-preview:-1\" \/>\n<link rel=\"canonical\" href=\"https:\/\/sonetica.md\/ro\/produs\/allen-heath-zed-6fx\/\" \/>\n<meta property=\"og:locale\" content=\"ro_RO\" \/>\n<meta property=\"og:type\" content=\"article\" \/>\n<meta property=\"og:title\" content=\"Allen-Heath ZED-6FX cump\u0103r\u0103 \u00een Moldova | Sonetica\" \/>\n<meta property=\"og:description\" content=\"Cump\u0103r\u0103 Allen-Heath ZED-6FX din magazinul Sonetica. Livrare \u00een Moldova. Garan\u021bie oficial\u0103.\" \/>\n<meta property=\"og:url\" content=\"https:\/\/sonetica.md\/ro\/produs\/allen-heath-zed-6fx\/\" \/>\n<meta property=\"og:site_name\" content=\"Sonetica\" \/>\n<meta property=\"article:publisher\" content=\"https:\/\/www.facebook.com\/sonetica.md\" \/>\n<meta property=\"article:modified_time\" content=\"2026-04-16T00:30:26+00:00\" \/>\n<meta property=\"og:image\" content=\"https:\/\/sonetica.md\/wp-content\/uploads\/2026\/04\/allen-heath-ZED-6FX-top.webp\" \/>\n\t<meta property=\"og:image:width\" content=\"800\" \/>\n\t<meta property=\"og:image:height\" content=\"660\" \/>\n\t<meta property=\"og:image:type\" content=\"image\/webp\" \/>\n<meta name=\"twitter:card\" content=\"summary_large_image\" \/>\n<meta name=\"twitter:label1\" content=\"Pre\u021b\" \/>\n\t<meta name=\"twitter:data1\" content=\"4.300,00&nbsp;MDL\" \/>\n\t<meta name=\"twitter:label2\" content=\"Disponibilitate\" \/>\n\t<meta name=\"twitter:data2\" content=\"\u00cen stoc\" \/>\n<script type=\"application\/ld+json\" class=\"yoast-schema-graph\">{\"@context\":\"https:\\\/\\\/schema.org\",\"@graph\":[{\"@type\":\"WebPage\",\"@id\":\"https:\\\/\\\/sonetica.md\\\/ro\\\/produs\\\/allen-heath-zed-6fx\\\/\",\"url\":\"https:\\\/\\\/sonetica.md\\\/ro\\\/produs\\\/allen-heath-zed-6fx\\\/\",\"name\":\"Allen-Heath ZED-6FX cump\u0103r\u0103 \u00een Moldova | Sonetica\",\"isPartOf\":{\"@id\":\"https:\\\/\\\/sonetica.md\\\/ro\\\/#website\"},\"primaryImageOfPage\":{\"@id\":\"https:\\\/\\\/sonetica.md\\\/ro\\\/produs\\\/allen-heath-zed-6fx\\\/#primaryimage\"},\"image\":{\"@id\":\"https:\\\/\\\/sonetica.md\\\/ro\\\/produs\\\/allen-heath-zed-6fx\\\/#primaryimage\"},\"thumbnailUrl\":\"https:\\\/\\\/sonetica.md\\\/wp-content\\\/uploads\\\/2026\\\/04\\\/allen-heath-ZED-6FX-top.webp\",\"datePublished\":\"2026-04-16T00:21:26+00:00\",\"dateModified\":\"2026-04-16T00:30:26+00:00\",\"description\":\"Cump\u0103ra\u021bi Allen-Heath ZED-6FX \u00een magazinul Sonetica. Livrare \u00een Moldova. Garan\u021bie oficial\u0103.\",\"breadcrumb\":{\"@id\":\"https:\\\/\\\/sonetica.md\\\/ro\\\/produs\\\/allen-heath-zed-6fx\\\/#breadcrumb\"},\"inLanguage\":\"ro-RO\",\"potentialAction\":[{\"@type\":\"ReadAction\",\"target\":[\"https:\\\/\\\/sonetica.md\\\/ro\\\/produs\\\/allen-heath-zed-6fx\\\/\"]}]},{\"@type\":\"ImageObject\",\"inLanguage\":\"ro-RO\",\"@id\":\"https:\\\/\\\/sonetica.md\\\/ro\\\/produs\\\/allen-heath-zed-6fx\\\/#primaryimage\",\"url\":\"https:\\\/\\\/sonetica.md\\\/wp-content\\\/uploads\\\/2026\\\/04\\\/allen-heath-ZED-6FX-top.webp\",\"contentUrl\":\"https:\\\/\\\/sonetica.md\\\/wp-content\\\/uploads\\\/2026\\\/04\\\/allen-heath-ZED-6FX-top.webp\",\"width\":800,\"height\":660},{\"@type\":\"BreadcrumbList\",\"@id\":\"https:\\\/\\\/sonetica.md\\\/ro\\\/produs\\\/allen-heath-zed-6fx\\\/#breadcrumb\",\"itemListElement\":[{\"@type\":\"ListItem\",\"position\":1,\"name\":\"Acas\u0103\",\"item\":\"https:\\\/\\\/sonetica.md\\\/ro\\\/\"},{\"@type\":\"ListItem\",\"position\":2,\"name\":\"Produse\",\"item\":\"https:\\\/\\\/sonetica.md\\\/ro\\\/shop\\\/\"},{\"@type\":\"ListItem\",\"position\":3,\"name\":\"Mixere\",\"item\":\"https:\\\/\\\/sonetica.md\\\/ro\\\/product-category\\\/mixers\\\/\"},{\"@type\":\"ListItem\",\"position\":4,\"name\":\"Mixere Analogice\",\"item\":\"https:\\\/\\\/sonetica.md\\\/ro\\\/product-category\\\/mixers\\\/analog-mixers\\\/\"},{\"@type\":\"ListItem\",\"position\":5,\"name\":\"Allen-Heath ZED-6FX\"}]},{\"@type\":\"WebSite\",\"@id\":\"https:\\\/\\\/sonetica.md\\\/ro\\\/#website\",\"url\":\"https:\\\/\\\/sonetica.md\\\/ro\\\/\",\"name\":\"Sonetica\",\"description\":\"Audio Equipment and Accessories\",\"publisher\":{\"@id\":\"https:\\\/\\\/sonetica.md\\\/ro\\\/#organization\"},\"potentialAction\":[{\"@type\":\"SearchAction\",\"target\":{\"@type\":\"EntryPoint\",\"urlTemplate\":\"https:\\\/\\\/sonetica.md\\\/ro\\\/?s={search_term_string}\"},\"query-input\":{\"@type\":\"PropertyValueSpecification\",\"valueRequired\":true,\"valueName\":\"search_term_string\"}}],\"inLanguage\":\"ro-RO\"},{\"@type\":[\"Organization\",\"Place\",\"ElectronicsStore\"],\"@id\":\"https:\\\/\\\/sonetica.md\\\/ro\\\/#organization\",\"name\":\"Sonetica\",\"url\":\"https:\\\/\\\/sonetica.md\\\/ro\\\/\",\"logo\":{\"@id\":\"https:\\\/\\\/sonetica.md\\\/ro\\\/produs\\\/allen-heath-zed-6fx\\\/#local-main-organization-logo\"},\"image\":{\"@id\":\"https:\\\/\\\/sonetica.md\\\/ro\\\/produs\\\/allen-heath-zed-6fx\\\/#local-main-organization-logo\"},\"sameAs\":[\"https:\\\/\\\/www.facebook.com\\\/sonetica.md\"],\"legalName\":\"Sonetica SRL\",\"address\":{\"@id\":\"https:\\\/\\\/sonetica.md\\\/ro\\\/produs\\\/allen-heath-zed-6fx\\\/#local-main-place-address\"},\"telephone\":[\"+373 22 274866\"],\"contactPoint\":{\"@type\":\"ContactPoint\",\"telephone\":\"(022) 27-48-66\"},\"openingHoursSpecification\":[{\"@type\":\"OpeningHoursSpecification\",\"dayOfWeek\":[\"Monday\",\"Tuesday\",\"Wednesday\",\"Thursday\",\"Friday\"],\"opens\":\"10:00\",\"closes\":\"17:00\"},{\"@type\":\"OpeningHoursSpecification\",\"dayOfWeek\":[\"Saturday\",\"Sunday\"],\"opens\":\"00:00\",\"closes\":\"00:00\"}],\"vatID\":\"0203112\",\"taxID\":\"1003600083647\",\"currenciesAccepted\":\"MDL\",\"paymentAccepted\":\"Cash, Card\"},{\"@type\":\"PostalAddress\",\"@id\":\"https:\\\/\\\/sonetica.md\\\/ro\\\/produs\\\/allen-heath-zed-6fx\\\/#local-main-place-address\",\"streetAddress\":\"V. Alecsandri 30\",\"addressLocality\":\"Chisinau\",\"postalCode\":\"MD-2009\",\"addressCountry\":\"MD\"},{\"@type\":\"ImageObject\",\"inLanguage\":\"ro-RO\",\"@id\":\"https:\\\/\\\/sonetica.md\\\/ro\\\/produs\\\/allen-heath-zed-6fx\\\/#local-main-organization-logo\",\"url\":\"https:\\\/\\\/sonetica.md\\\/wp-content\\\/uploads\\\/2025\\\/11\\\/sonetica_logo.png\",\"contentUrl\":\"https:\\\/\\\/sonetica.md\\\/wp-content\\\/uploads\\\/2025\\\/11\\\/sonetica_logo.png\",\"width\":453,\"height\":453,\"caption\":\"Sonetica\"}]}<\/script>\n<meta property=\"product:brand\" content=\"Allen &amp; Heath\" \/>\n<meta property=\"product:price:amount\" content=\"4300.00\" \/>\n<meta property=\"product:price:currency\" content=\"MDL\" \/>\n<meta property=\"og:availability\" content=\"instock\" \/>\n<meta property=\"product:availability\" content=\"instock\" \/>\n<meta property=\"product:retailer_item_id\" content=\"ALLEN-HEATH-ZED-6FX\" \/>\n<meta property=\"product:condition\" content=\"new\" \/>\n<meta name=\"geo.placename\" content=\"Chisinau\" \/>\n<meta name=\"geo.region\" content=\"Republica Moldova\" \/>\n<!-- \/ Yoast SEO Premium plugin. -->","yoast_head_json":{"title":"Allen-Heath ZED-6FX cump\u0103r\u0103 \u00een Moldova | Sonetica","description":"Cump\u0103ra\u021bi Allen-Heath ZED-6FX \u00een magazinul Sonetica. Livrare \u00een Moldova. Garan\u021bie oficial\u0103.","robots":{"index":"index","follow":"follow","max-snippet":"max-snippet:-1","max-image-preview":"max-image-preview:large","max-video-preview":"max-video-preview:-1"},"canonical":"https:\/\/sonetica.md\/ro\/produs\/allen-heath-zed-6fx\/","og_locale":"ro_RO","og_type":"article","og_title":"Allen-Heath ZED-6FX cump\u0103r\u0103 \u00een Moldova | Sonetica","og_description":"Cump\u0103r\u0103 Allen-Heath ZED-6FX din magazinul Sonetica. Livrare \u00een Moldova. Garan\u021bie oficial\u0103.","og_url":"https:\/\/sonetica.md\/ro\/produs\/allen-heath-zed-6fx\/","og_site_name":"Sonetica","article_publisher":"https:\/\/www.facebook.com\/sonetica.md","article_modified_time":"2026-04-16T00:30:26+00:00","og_image":[{"width":800,"height":660,"url":"https:\/\/sonetica.md\/wp-content\/uploads\/2026\/04\/allen-heath-ZED-6FX-top.webp","type":"image\/webp"}],"twitter_card":"summary_large_image","twitter_misc":{"Pre\u021b":"4.300,00&nbsp;MDL","Disponibilitate":"\u00cen stoc"},"schema":{"@context":"https:\/\/schema.org","@graph":[{"@type":"WebPage","@id":"https:\/\/sonetica.md\/ro\/produs\/allen-heath-zed-6fx\/","url":"https:\/\/sonetica.md\/ro\/produs\/allen-heath-zed-6fx\/","name":"Allen-Heath ZED-6FX cump\u0103r\u0103 \u00een Moldova | Sonetica","isPartOf":{"@id":"https:\/\/sonetica.md\/ro\/#website"},"primaryImageOfPage":{"@id":"https:\/\/sonetica.md\/ro\/produs\/allen-heath-zed-6fx\/#primaryimage"},"image":{"@id":"https:\/\/sonetica.md\/ro\/produs\/allen-heath-zed-6fx\/#primaryimage"},"thumbnailUrl":"https:\/\/sonetica.md\/wp-content\/uploads\/2026\/04\/allen-heath-ZED-6FX-top.webp","datePublished":"2026-04-16T00:21:26+00:00","dateModified":"2026-04-16T00:30:26+00:00","description":"Cump\u0103ra\u021bi Allen-Heath ZED-6FX \u00een magazinul Sonetica. Livrare \u00een Moldova. Garan\u021bie oficial\u0103.","breadcrumb":{"@id":"https:\/\/sonetica.md\/ro\/produs\/allen-heath-zed-6fx\/#breadcrumb"},"inLanguage":"ro-RO","potentialAction":[{"@type":"ReadAction","target":["https:\/\/sonetica.md\/ro\/produs\/allen-heath-zed-6fx\/"]}]},{"@type":"ImageObject","inLanguage":"ro-RO","@id":"https:\/\/sonetica.md\/ro\/produs\/allen-heath-zed-6fx\/#primaryimage","url":"https:\/\/sonetica.md\/wp-content\/uploads\/2026\/04\/allen-heath-ZED-6FX-top.webp","contentUrl":"https:\/\/sonetica.md\/wp-content\/uploads\/2026\/04\/allen-heath-ZED-6FX-top.webp","width":800,"height":660},{"@type":"BreadcrumbList","@id":"https:\/\/sonetica.md\/ro\/produs\/allen-heath-zed-6fx\/#breadcrumb","itemListElement":[{"@type":"ListItem","position":1,"name":"Acas\u0103","item":"https:\/\/sonetica.md\/ro\/"},{"@type":"ListItem","position":2,"name":"Produse","item":"https:\/\/sonetica.md\/ro\/shop\/"},{"@type":"ListItem","position":3,"name":"Mixere","item":"https:\/\/sonetica.md\/ro\/product-category\/mixers\/"},{"@type":"ListItem","position":4,"name":"Mixere Analogice","item":"https:\/\/sonetica.md\/ro\/product-category\/mixers\/analog-mixers\/"},{"@type":"ListItem","position":5,"name":"Allen-Heath ZED-6FX"}]},{"@type":"WebSite","@id":"https:\/\/sonetica.md\/ro\/#website","url":"https:\/\/sonetica.md\/ro\/","name":"Sonetica","description":"Audio Equipment and Accessories","publisher":{"@id":"https:\/\/sonetica.md\/ro\/#organization"},"potentialAction":[{"@type":"SearchAction","target":{"@type":"EntryPoint","urlTemplate":"https:\/\/sonetica.md\/ro\/?s={search_term_string}"},"query-input":{"@type":"PropertyValueSpecification","valueRequired":true,"valueName":"search_term_string"}}],"inLanguage":"ro-RO"},{"@type":["Organization","Place","ElectronicsStore"],"@id":"https:\/\/sonetica.md\/ro\/#organization","name":"Sonetica","url":"https:\/\/sonetica.md\/ro\/","logo":{"@id":"https:\/\/sonetica.md\/ro\/produs\/allen-heath-zed-6fx\/#local-main-organization-logo"},"image":{"@id":"https:\/\/sonetica.md\/ro\/produs\/allen-heath-zed-6fx\/#local-main-organization-logo"},"sameAs":["https:\/\/www.facebook.com\/sonetica.md"],"legalName":"Sonetica SRL","address":{"@id":"https:\/\/sonetica.md\/ro\/produs\/allen-heath-zed-6fx\/#local-main-place-address"},"telephone":["+373 22 274866"],"contactPoint":{"@type":"ContactPoint","telephone":"(022) 27-48-66"},"openingHoursSpecification":[{"@type":"OpeningHoursSpecification","dayOfWeek":["Monday","Tuesday","Wednesday","Thursday","Friday"],"opens":"10:00","closes":"17:00"},{"@type":"OpeningHoursSpecification","dayOfWeek":["Saturday","Sunday"],"opens":"00:00","closes":"00:00"}],"vatID":"0203112","taxID":"1003600083647","currenciesAccepted":"MDL","paymentAccepted":"Cash, Card"},{"@type":"PostalAddress","@id":"https:\/\/sonetica.md\/ro\/produs\/allen-heath-zed-6fx\/#local-main-place-address","streetAddress":"V. Alecsandri 30","addressLocality":"Chisinau","postalCode":"MD-2009","addressCountry":"MD"},{"@type":"ImageObject","inLanguage":"ro-RO","@id":"https:\/\/sonetica.md\/ro\/produs\/allen-heath-zed-6fx\/#local-main-organization-logo","url":"https:\/\/sonetica.md\/wp-content\/uploads\/2025\/11\/sonetica_logo.png","contentUrl":"https:\/\/sonetica.md\/wp-content\/uploads\/2025\/11\/sonetica_logo.png","width":453,"height":453,"caption":"Sonetica"}]},"product_brand":"Allen &amp; Heath","product_price_amount":"4300.00","product_price_currency":"MDL","og_availability":"instock","product_availability":"instock","product_retailer_item_id":"ALLEN-HEATH-ZED-6FX","product_condition":"new","geo.placename":"Chisinau","geo.region":"Republica Moldova"},"_links":{"self":[{"href":"https:\/\/sonetica.md\/ro\/wp-json\/wp\/v2\/product\/5252","targetHints":{"allow":["GET"]}}],"collection":[{"href":"https:\/\/sonetica.md\/ro\/wp-json\/wp\/v2\/product"}],"about":[{"href":"https:\/\/sonetica.md\/ro\/wp-json\/wp\/v2\/types\/product"}],"wp:featuredmedia":[{"embeddable":true,"href":"https:\/\/sonetica.md\/ro\/wp-json\/wp\/v2\/media\/5251"}],"wp:attachment":[{"href":"https:\/\/sonetica.md\/ro\/wp-json\/wp\/v2\/media?parent=5252"}],"wp:term":[{"taxonomy":"product_brand","embeddable":true,"href":"https:\/\/sonetica.md\/ro\/wp-json\/wp\/v2\/product_brand?post=5252"},{"taxonomy":"product_cat","embeddable":true,"href":"https:\/\/sonetica.md\/ro\/wp-json\/wp\/v2\/product_cat?post=5252"},{"taxonomy":"product_tag","embeddable":true,"href":"https:\/\/sonetica.md\/ro\/wp-json\/wp\/v2\/product_tag?post=5252"}],"curies":[{"name":"wp","href":"https:\/\/api.w.org\/{rel}","templated":true}]}}