{"id":5293,"date":"2026-05-01T22:35:56","date_gmt":"2026-05-01T19:35:56","guid":{"rendered":"https:\/\/sonetica.md\/?post_type=product&#038;p=5293"},"modified":"2026-05-01T23:18:45","modified_gmt":"2026-05-01T20:18:45","slug":"allen-heath-zedi-10fx","status":"publish","type":"product","link":"https:\/\/sonetica.md\/ro\/produs\/allen-heath-zedi-10fx\/","title":{"rendered":"Allen &#038; Heath ZEDi-10FX"},"content":{"rendered":"<p>Fie c\u0103 e\u0219ti podcaster, streamer sau muzician, ZEDi \u00ee\u021bi ofer\u0103 simplitate \u00een crea\u021bie, combin\u00e2nd controlul tactil al unui mixer analogic cu comoditatea unui interfa\u021bei USB.<\/p>\n<ul>\n<li>4 intr\u0103ri Mic\/Line cu conectori XLR \u0219i TRS<\/li>\n<li>Interfa\u021b\u0103 audio USB 4 In \/ 4 Out<\/li>\n<li>FX digitale integrate<\/li>\n<li>2 intr\u0103ri stereo cu conectori TRS<\/li>\n<li>2 intr\u0103ri Hi\u2011Z pentru instrumente<\/li>\n<li>EQ pe 3 benzi \u0219i filtru Low Cut<\/li>\n<li>Ie\u015firi principale XLR<\/li>\n<li>Alimentare fantom\u0103 48V pentru microfoane cu condensator<\/li>\n<\/ul>\n<header>\n<h3><\/h3>\n<h3 class=\"content-title no-margin\">Mixer &amp; Interfa\u021b\u0103 USB<\/h3>\n<p class=\"gamma charcoal content-standfirst half-margin\"><strong>Ce e mai bun din ambele lumi<\/strong><\/p>\n<\/header>\n<div>\n<p class=\"no-margin\">ZEDi ofer\u0103 ce e mai bun din ambele lumi, integr\u00e2nd o interfa\u021b\u0103 audio USB de calitate de studio 24\u2011bit\/96kHz pentru \u00eenregistrare, redare \u0219i streaming f\u0103r\u0103 complica\u021bii atunci c\u00e2nd este conectat\u0103 la un Mac sau PC, sau la un dispozitiv iOS prin camera kit. Sursa de ie\u0219ire USB poate fi configurat\u0103 \u00een mai multe moduri pentru a se potrivi fluxului t\u0103u de lucru.<\/p>\n<p>&nbsp;<\/p>\n<\/div>\n<header>\n<h3>Software Inclus<\/h3>\n<p class=\"gamma charcoal content-standfirst half-margin\"><strong>\u00cencepe s\u0103 \u00eenregistrezi imediat<\/strong><\/p>\n<\/header>\n<div>\n<p class=\"no-margin\">ZEDi vine cu apreciatul software Cubase LE. De la c\u00e2nt\u0103re\u021bi \u0219i compozitori care \u00eenregistreaz\u0103 linii vocale p\u00e2n\u0103 la trupe rock care repet\u0103 \u00een sala lor, Cubase LE este extrem de u\u0219or de folosit, oferind calitate audio excelent\u0103 \u0219i func\u021bii eficiente de \u00eenregistrare \u0219i editare. Aplica\u021bia Cubasis pentru iOS este de asemenea inclus\u0103 gratuit, permi\u021b\u00e2ndu\u2011\u021bi s\u0103 interpretezi, \u00eenregistrezi, mixezi \u0219i s\u0103 \u00ee\u021bi distribui muzica rapid, oriunde te-ai afla, direct pe iPhone sau iPad.<\/p>\n<\/div>\n","protected":false},"excerpt":{"rendered":"<div class=\"container\">\n<div id=\"model-response-message-contentr_1837ffc9bbe4b563\" class=\"markdown markdown-main-panel tutor-markdown-rendering enable-updated-hr-color\" dir=\"ltr\" aria-live=\"polite\" aria-busy=\"false\">\n<p data-path-to-node=\"2\">Mixer hibrid compact \/ Interfa\u021b\u0103 USB cu efecte (FX)<\/p>\n<\/div>\n<\/div>\n","protected":false},"featured_media":5289,"template":"","meta":{"_acf_changed":false,"_gspb_post_css":""},"product_brand":[455],"product_cat":[315],"product_tag":[],"class_list":{"0":"post-5293","1":"product","2":"type-product","3":"status-publish","4":"has-post-thumbnail","6":"product_brand-allen-heath","7":"product_cat-analog-mixers","9":"first","10":"instock","11":"taxable","12":"shipping-taxable","13":"purchasable","14":"product-type-simple"},"acf":[],"yoast_head":"<!-- This site is optimized with the Yoast SEO Premium plugin v27.4 (Yoast SEO v27.4) - https:\/\/yoast.com\/product\/yoast-seo-premium-wordpress\/ -->\n<title>Allen &amp; Heath ZEDi-10FX cump\u0103r\u0103 \u00een Moldova | Sonetica<\/title>\n<meta name=\"description\" content=\"Cump\u0103ra\u021bi Allen &amp; Heath ZEDi-10FX \u00een magazinul Sonetica. Livrare \u00een Moldova. Garan\u021bie oficial\u0103.\" \/>\n<meta name=\"robots\" content=\"index, follow, max-snippet:-1, max-image-preview:large, max-video-preview:-1\" \/>\n<link rel=\"canonical\" href=\"https:\/\/sonetica.md\/ro\/produs\/allen-heath-zedi-10fx\/\" \/>\n<meta property=\"og:locale\" content=\"ro_RO\" \/>\n<meta property=\"og:type\" content=\"article\" \/>\n<meta property=\"og:title\" content=\"Allen &amp; Heath ZEDi-10FX cump\u0103r\u0103 \u00een Moldova | Sonetica\" \/>\n<meta property=\"og:description\" content=\"Cump\u0103r\u0103 Allen &amp; Heath ZEDi-10FX din magazinul Sonetica. Livrare \u00een Moldova. Garan\u021bie oficial\u0103.\" \/>\n<meta property=\"og:url\" content=\"https:\/\/sonetica.md\/ro\/produs\/allen-heath-zedi-10fx\/\" \/>\n<meta property=\"og:site_name\" content=\"Sonetica\" \/>\n<meta property=\"article:publisher\" content=\"https:\/\/www.facebook.com\/sonetica.md\" \/>\n<meta property=\"article:modified_time\" content=\"2026-05-01T20:18:45+00:00\" \/>\n<meta property=\"og:image\" content=\"https:\/\/sonetica.md\/wp-content\/uploads\/2026\/05\/allen-heath-ZEDi-10FX_Top1-800x660-1.webp\" \/>\n\t<meta property=\"og:image:width\" content=\"800\" \/>\n\t<meta property=\"og:image:height\" content=\"660\" \/>\n\t<meta property=\"og:image:type\" content=\"image\/webp\" \/>\n<meta name=\"twitter:card\" content=\"summary_large_image\" \/>\n<meta name=\"twitter:label1\" content=\"Pre\u021b\" \/>\n\t<meta name=\"twitter:data1\" content=\"7.300,00&nbsp;MDL\" \/>\n\t<meta name=\"twitter:label2\" content=\"Disponibilitate\" \/>\n\t<meta name=\"twitter:data2\" content=\"\u00cen stoc\" \/>\n<script type=\"application\/ld+json\" class=\"yoast-schema-graph\">{\"@context\":\"https:\\\/\\\/schema.org\",\"@graph\":[{\"@type\":\"WebPage\",\"@id\":\"https:\\\/\\\/sonetica.md\\\/ro\\\/produs\\\/allen-heath-zedi-10fx\\\/\",\"url\":\"https:\\\/\\\/sonetica.md\\\/ro\\\/produs\\\/allen-heath-zedi-10fx\\\/\",\"name\":\"Allen & Heath ZEDi-10FX cump\u0103r\u0103 \u00een Moldova | Sonetica\",\"isPartOf\":{\"@id\":\"https:\\\/\\\/sonetica.md\\\/ro\\\/#website\"},\"primaryImageOfPage\":{\"@id\":\"https:\\\/\\\/sonetica.md\\\/ro\\\/produs\\\/allen-heath-zedi-10fx\\\/#primaryimage\"},\"image\":{\"@id\":\"https:\\\/\\\/sonetica.md\\\/ro\\\/produs\\\/allen-heath-zedi-10fx\\\/#primaryimage\"},\"thumbnailUrl\":\"https:\\\/\\\/sonetica.md\\\/wp-content\\\/uploads\\\/2026\\\/05\\\/allen-heath-ZEDi-10FX_Top1-800x660-1.webp\",\"datePublished\":\"2026-05-01T19:35:56+00:00\",\"dateModified\":\"2026-05-01T20:18:45+00:00\",\"description\":\"Cump\u0103ra\u021bi Allen & Heath ZEDi-10FX \u00een magazinul Sonetica. Livrare \u00een Moldova. Garan\u021bie oficial\u0103.\",\"breadcrumb\":{\"@id\":\"https:\\\/\\\/sonetica.md\\\/ro\\\/produs\\\/allen-heath-zedi-10fx\\\/#breadcrumb\"},\"inLanguage\":\"ro-RO\",\"potentialAction\":[{\"@type\":\"ReadAction\",\"target\":[\"https:\\\/\\\/sonetica.md\\\/ro\\\/produs\\\/allen-heath-zedi-10fx\\\/\"]}]},{\"@type\":\"ImageObject\",\"inLanguage\":\"ro-RO\",\"@id\":\"https:\\\/\\\/sonetica.md\\\/ro\\\/produs\\\/allen-heath-zedi-10fx\\\/#primaryimage\",\"url\":\"https:\\\/\\\/sonetica.md\\\/wp-content\\\/uploads\\\/2026\\\/05\\\/allen-heath-ZEDi-10FX_Top1-800x660-1.webp\",\"contentUrl\":\"https:\\\/\\\/sonetica.md\\\/wp-content\\\/uploads\\\/2026\\\/05\\\/allen-heath-ZEDi-10FX_Top1-800x660-1.webp\",\"width\":800,\"height\":660},{\"@type\":\"BreadcrumbList\",\"@id\":\"https:\\\/\\\/sonetica.md\\\/ro\\\/produs\\\/allen-heath-zedi-10fx\\\/#breadcrumb\",\"itemListElement\":[{\"@type\":\"ListItem\",\"position\":1,\"name\":\"Acas\u0103\",\"item\":\"https:\\\/\\\/sonetica.md\\\/ro\\\/\"},{\"@type\":\"ListItem\",\"position\":2,\"name\":\"Produse\",\"item\":\"https:\\\/\\\/sonetica.md\\\/ro\\\/shop\\\/\"},{\"@type\":\"ListItem\",\"position\":3,\"name\":\"Mixere\",\"item\":\"https:\\\/\\\/sonetica.md\\\/ro\\\/product-category\\\/mixers\\\/\"},{\"@type\":\"ListItem\",\"position\":4,\"name\":\"Mixere Analogice\",\"item\":\"https:\\\/\\\/sonetica.md\\\/ro\\\/product-category\\\/mixers\\\/analog-mixers\\\/\"},{\"@type\":\"ListItem\",\"position\":5,\"name\":\"Allen &#038; Heath ZEDi-10FX\"}]},{\"@type\":\"WebSite\",\"@id\":\"https:\\\/\\\/sonetica.md\\\/ro\\\/#website\",\"url\":\"https:\\\/\\\/sonetica.md\\\/ro\\\/\",\"name\":\"Sonetica\",\"description\":\"Audio Equipment and Accessories\",\"publisher\":{\"@id\":\"https:\\\/\\\/sonetica.md\\\/ro\\\/#organization\"},\"potentialAction\":[{\"@type\":\"SearchAction\",\"target\":{\"@type\":\"EntryPoint\",\"urlTemplate\":\"https:\\\/\\\/sonetica.md\\\/ro\\\/?s={search_term_string}\"},\"query-input\":{\"@type\":\"PropertyValueSpecification\",\"valueRequired\":true,\"valueName\":\"search_term_string\"}}],\"inLanguage\":\"ro-RO\"},{\"@type\":[\"Organization\",\"Place\",\"ElectronicsStore\"],\"@id\":\"https:\\\/\\\/sonetica.md\\\/ro\\\/#organization\",\"name\":\"Sonetica\",\"url\":\"https:\\\/\\\/sonetica.md\\\/ro\\\/\",\"logo\":{\"@id\":\"https:\\\/\\\/sonetica.md\\\/ro\\\/produs\\\/allen-heath-zedi-10fx\\\/#local-main-organization-logo\"},\"image\":{\"@id\":\"https:\\\/\\\/sonetica.md\\\/ro\\\/produs\\\/allen-heath-zedi-10fx\\\/#local-main-organization-logo\"},\"sameAs\":[\"https:\\\/\\\/www.facebook.com\\\/sonetica.md\"],\"legalName\":\"Sonetica SRL\",\"address\":{\"@id\":\"https:\\\/\\\/sonetica.md\\\/ro\\\/produs\\\/allen-heath-zedi-10fx\\\/#local-main-place-address\"},\"telephone\":[\"+373 22 274866\"],\"contactPoint\":{\"@type\":\"ContactPoint\",\"telephone\":\"(022) 27-48-66\"},\"openingHoursSpecification\":[{\"@type\":\"OpeningHoursSpecification\",\"dayOfWeek\":[\"Monday\",\"Tuesday\",\"Wednesday\",\"Thursday\",\"Friday\"],\"opens\":\"10:00\",\"closes\":\"17:00\"},{\"@type\":\"OpeningHoursSpecification\",\"dayOfWeek\":[\"Saturday\",\"Sunday\"],\"opens\":\"00:00\",\"closes\":\"00:00\"}],\"vatID\":\"0203112\",\"taxID\":\"1003600083647\",\"currenciesAccepted\":\"MDL\",\"paymentAccepted\":\"Cash, Card\"},{\"@type\":\"PostalAddress\",\"@id\":\"https:\\\/\\\/sonetica.md\\\/ro\\\/produs\\\/allen-heath-zedi-10fx\\\/#local-main-place-address\",\"streetAddress\":\"V. Alecsandri 30\",\"addressLocality\":\"Chisinau\",\"postalCode\":\"MD-2009\",\"addressCountry\":\"MD\"},{\"@type\":\"ImageObject\",\"inLanguage\":\"ro-RO\",\"@id\":\"https:\\\/\\\/sonetica.md\\\/ro\\\/produs\\\/allen-heath-zedi-10fx\\\/#local-main-organization-logo\",\"url\":\"https:\\\/\\\/sonetica.md\\\/wp-content\\\/uploads\\\/2025\\\/11\\\/sonetica_logo.png\",\"contentUrl\":\"https:\\\/\\\/sonetica.md\\\/wp-content\\\/uploads\\\/2025\\\/11\\\/sonetica_logo.png\",\"width\":453,\"height\":453,\"caption\":\"Sonetica\"}]}<\/script>\n<meta property=\"product:brand\" content=\"Allen &amp; Heath\" \/>\n<meta property=\"product:price:amount\" content=\"7300.00\" \/>\n<meta property=\"product:price:currency\" content=\"MDL\" \/>\n<meta property=\"og:availability\" content=\"instock\" \/>\n<meta property=\"product:availability\" content=\"instock\" \/>\n<meta property=\"product:retailer_item_id\" content=\"ALLEN-HEATH-ZEDI-10FX\" \/>\n<meta property=\"product:condition\" content=\"new\" \/>\n<meta name=\"geo.placename\" content=\"Chisinau\" \/>\n<meta name=\"geo.region\" content=\"Republica Moldova\" \/>\n<!-- \/ Yoast SEO Premium plugin. -->","yoast_head_json":{"title":"Allen & Heath ZEDi-10FX cump\u0103r\u0103 \u00een Moldova | Sonetica","description":"Cump\u0103ra\u021bi Allen & Heath ZEDi-10FX \u00een magazinul Sonetica. Livrare \u00een Moldova. Garan\u021bie oficial\u0103.","robots":{"index":"index","follow":"follow","max-snippet":"max-snippet:-1","max-image-preview":"max-image-preview:large","max-video-preview":"max-video-preview:-1"},"canonical":"https:\/\/sonetica.md\/ro\/produs\/allen-heath-zedi-10fx\/","og_locale":"ro_RO","og_type":"article","og_title":"Allen & Heath ZEDi-10FX cump\u0103r\u0103 \u00een Moldova | Sonetica","og_description":"Cump\u0103r\u0103 Allen & Heath ZEDi-10FX din magazinul Sonetica. Livrare \u00een Moldova. Garan\u021bie oficial\u0103.","og_url":"https:\/\/sonetica.md\/ro\/produs\/allen-heath-zedi-10fx\/","og_site_name":"Sonetica","article_publisher":"https:\/\/www.facebook.com\/sonetica.md","article_modified_time":"2026-05-01T20:18:45+00:00","og_image":[{"width":800,"height":660,"url":"https:\/\/sonetica.md\/wp-content\/uploads\/2026\/05\/allen-heath-ZEDi-10FX_Top1-800x660-1.webp","type":"image\/webp"}],"twitter_card":"summary_large_image","twitter_misc":{"Pre\u021b":"7.300,00&nbsp;MDL","Disponibilitate":"\u00cen stoc"},"schema":{"@context":"https:\/\/schema.org","@graph":[{"@type":"WebPage","@id":"https:\/\/sonetica.md\/ro\/produs\/allen-heath-zedi-10fx\/","url":"https:\/\/sonetica.md\/ro\/produs\/allen-heath-zedi-10fx\/","name":"Allen & Heath ZEDi-10FX cump\u0103r\u0103 \u00een Moldova | Sonetica","isPartOf":{"@id":"https:\/\/sonetica.md\/ro\/#website"},"primaryImageOfPage":{"@id":"https:\/\/sonetica.md\/ro\/produs\/allen-heath-zedi-10fx\/#primaryimage"},"image":{"@id":"https:\/\/sonetica.md\/ro\/produs\/allen-heath-zedi-10fx\/#primaryimage"},"thumbnailUrl":"https:\/\/sonetica.md\/wp-content\/uploads\/2026\/05\/allen-heath-ZEDi-10FX_Top1-800x660-1.webp","datePublished":"2026-05-01T19:35:56+00:00","dateModified":"2026-05-01T20:18:45+00:00","description":"Cump\u0103ra\u021bi Allen & Heath ZEDi-10FX \u00een magazinul Sonetica. Livrare \u00een Moldova. Garan\u021bie oficial\u0103.","breadcrumb":{"@id":"https:\/\/sonetica.md\/ro\/produs\/allen-heath-zedi-10fx\/#breadcrumb"},"inLanguage":"ro-RO","potentialAction":[{"@type":"ReadAction","target":["https:\/\/sonetica.md\/ro\/produs\/allen-heath-zedi-10fx\/"]}]},{"@type":"ImageObject","inLanguage":"ro-RO","@id":"https:\/\/sonetica.md\/ro\/produs\/allen-heath-zedi-10fx\/#primaryimage","url":"https:\/\/sonetica.md\/wp-content\/uploads\/2026\/05\/allen-heath-ZEDi-10FX_Top1-800x660-1.webp","contentUrl":"https:\/\/sonetica.md\/wp-content\/uploads\/2026\/05\/allen-heath-ZEDi-10FX_Top1-800x660-1.webp","width":800,"height":660},{"@type":"BreadcrumbList","@id":"https:\/\/sonetica.md\/ro\/produs\/allen-heath-zedi-10fx\/#breadcrumb","itemListElement":[{"@type":"ListItem","position":1,"name":"Acas\u0103","item":"https:\/\/sonetica.md\/ro\/"},{"@type":"ListItem","position":2,"name":"Produse","item":"https:\/\/sonetica.md\/ro\/shop\/"},{"@type":"ListItem","position":3,"name":"Mixere","item":"https:\/\/sonetica.md\/ro\/product-category\/mixers\/"},{"@type":"ListItem","position":4,"name":"Mixere Analogice","item":"https:\/\/sonetica.md\/ro\/product-category\/mixers\/analog-mixers\/"},{"@type":"ListItem","position":5,"name":"Allen &#038; Heath ZEDi-10FX"}]},{"@type":"WebSite","@id":"https:\/\/sonetica.md\/ro\/#website","url":"https:\/\/sonetica.md\/ro\/","name":"Sonetica","description":"Audio Equipment and Accessories","publisher":{"@id":"https:\/\/sonetica.md\/ro\/#organization"},"potentialAction":[{"@type":"SearchAction","target":{"@type":"EntryPoint","urlTemplate":"https:\/\/sonetica.md\/ro\/?s={search_term_string}"},"query-input":{"@type":"PropertyValueSpecification","valueRequired":true,"valueName":"search_term_string"}}],"inLanguage":"ro-RO"},{"@type":["Organization","Place","ElectronicsStore"],"@id":"https:\/\/sonetica.md\/ro\/#organization","name":"Sonetica","url":"https:\/\/sonetica.md\/ro\/","logo":{"@id":"https:\/\/sonetica.md\/ro\/produs\/allen-heath-zedi-10fx\/#local-main-organization-logo"},"image":{"@id":"https:\/\/sonetica.md\/ro\/produs\/allen-heath-zedi-10fx\/#local-main-organization-logo"},"sameAs":["https:\/\/www.facebook.com\/sonetica.md"],"legalName":"Sonetica SRL","address":{"@id":"https:\/\/sonetica.md\/ro\/produs\/allen-heath-zedi-10fx\/#local-main-place-address"},"telephone":["+373 22 274866"],"contactPoint":{"@type":"ContactPoint","telephone":"(022) 27-48-66"},"openingHoursSpecification":[{"@type":"OpeningHoursSpecification","dayOfWeek":["Monday","Tuesday","Wednesday","Thursday","Friday"],"opens":"10:00","closes":"17:00"},{"@type":"OpeningHoursSpecification","dayOfWeek":["Saturday","Sunday"],"opens":"00:00","closes":"00:00"}],"vatID":"0203112","taxID":"1003600083647","currenciesAccepted":"MDL","paymentAccepted":"Cash, Card"},{"@type":"PostalAddress","@id":"https:\/\/sonetica.md\/ro\/produs\/allen-heath-zedi-10fx\/#local-main-place-address","streetAddress":"V. Alecsandri 30","addressLocality":"Chisinau","postalCode":"MD-2009","addressCountry":"MD"},{"@type":"ImageObject","inLanguage":"ro-RO","@id":"https:\/\/sonetica.md\/ro\/produs\/allen-heath-zedi-10fx\/#local-main-organization-logo","url":"https:\/\/sonetica.md\/wp-content\/uploads\/2025\/11\/sonetica_logo.png","contentUrl":"https:\/\/sonetica.md\/wp-content\/uploads\/2025\/11\/sonetica_logo.png","width":453,"height":453,"caption":"Sonetica"}]},"product_brand":"Allen &amp; Heath","product_price_amount":"7300.00","product_price_currency":"MDL","og_availability":"instock","product_availability":"instock","product_retailer_item_id":"ALLEN-HEATH-ZEDI-10FX","product_condition":"new","geo.placename":"Chisinau","geo.region":"Republica Moldova"},"_links":{"self":[{"href":"https:\/\/sonetica.md\/ro\/wp-json\/wp\/v2\/product\/5293","targetHints":{"allow":["GET"]}}],"collection":[{"href":"https:\/\/sonetica.md\/ro\/wp-json\/wp\/v2\/product"}],"about":[{"href":"https:\/\/sonetica.md\/ro\/wp-json\/wp\/v2\/types\/product"}],"wp:featuredmedia":[{"embeddable":true,"href":"https:\/\/sonetica.md\/ro\/wp-json\/wp\/v2\/media\/5289"}],"wp:attachment":[{"href":"https:\/\/sonetica.md\/ro\/wp-json\/wp\/v2\/media?parent=5293"}],"wp:term":[{"taxonomy":"product_brand","embeddable":true,"href":"https:\/\/sonetica.md\/ro\/wp-json\/wp\/v2\/product_brand?post=5293"},{"taxonomy":"product_cat","embeddable":true,"href":"https:\/\/sonetica.md\/ro\/wp-json\/wp\/v2\/product_cat?post=5293"},{"taxonomy":"product_tag","embeddable":true,"href":"https:\/\/sonetica.md\/ro\/wp-json\/wp\/v2\/product_tag?post=5293"}],"curies":[{"name":"wp","href":"https:\/\/api.w.org\/{rel}","templated":true}]}}